{"id":329274,"date":"2024-04-11T22:36:23","date_gmt":"2024-04-11T21:37:58","guid":{"rendered":"https:\/\/www.moskito.cz\/produkt\/zatvaraci-noz-crkt-darriel-caston-forebear-4810\/"},"modified":"2025-05-07T11:09:49","modified_gmt":"2025-05-07T10:09:49","slug":"zatvaraci-noz-crkt-darriel-caston-forebear-4810","status":"publish","type":"product","link":"https:\/\/www.moskito.cz\/sk\/produkt\/zatvaraci-noz-crkt-darriel-caston-forebear-4810\/","title":{"rendered":"Zatv\u00e1rac\u00ed N\u00f4\u017e CRKT Darriel Caston Forebear 4810"},"content":{"rendered":"<p>Zatv\u00e1rac\u00ed N\u00f4\u017e <strong>CRKT<\/strong> Darriel Caston Forebear 4810<\/p>\n<p>Forebear je ka\u017edodenn\u00e9 nosenie s klasick\u00fdm posuvn\u00fdm k\u013abov\u00fdm mechanizmom zalo\u017een\u00fdm na k\u013e\u00fa\u010dovom, st\u00e1ro\u010d\u00ed starom dizajne, ktor\u00fd je dodnes popul\u00e1rny. Je navrhnut\u00fd tak, aby zvl\u00e1dol rezacie \u00falohy v\u0161etk\u00fdch ve\u013ekost\u00ed, m\u00e1 dvoj\u010depe\u013eov\u00fd dizajn s v\u00e4\u010d\u0161\u00edmi a men\u0161\u00edmi Wharncliffe \u010depe\u013eami, ktor\u00e9 sa otv\u00e1raj\u00fa na opa\u010dn\u00fdch koncoch rukov\u00e4te. \u010cepele s\u00fa vyroben\u00e9 z kvalitn\u00fdch materi\u00e1lov, pou\u017e\u00edvaj\u00fa oce\u013e 12C27 so z\u00e1rezom na klinec pre \u013eahk\u00e9 otv\u00e1ranie a rukov\u00e4\u0165 je vyroben\u00e1 z G10 pre vynikaj\u00facu pri\u013enavos\u0165 za ka\u017ed\u00e9ho po\u010dasia. Celkovo je to siln\u00fd a \u013eahk\u00fd zatv\u00e1rac\u00ed n\u00f4\u017e s osved\u010den\u00fdm dizajnom.<br \/>\nVynikaj\u00faci v\u00fdkon: Oce\u013e \u010depele 12C27 pre vynikaj\u00face udr\u017eanie ostria<br \/>\nTradi\u010dn\u00e9 otv\u00e1ranie : Z\u00e1rez na klinec pre \u013eahk\u00e9 otv\u00e1ranie<br \/>\nV\u00fdnimo\u010dn\u00e1 pri\u013enavos\u0165 : Rukov\u00e4\u0165 G10 poskytuje v\u00fdnimo\u010dn\u00fd \u00fachop za v\u0161etk\u00fdch podmienok<br \/>\nTradi\u010dn\u00e9 funkcie: Mechanizmus posuvn\u00e9ho k\u013abu sa otv\u00e1ra a zatv\u00e1ra dvoma rukami<\/p>\n<p>\u0160pecifik\u00e1cia<br \/>\nD\u013a\u017eka hlavnej \u010depele: 5.81 cm<br \/>\nD\u013a\u017eka sekund\u00e1rnej \u010depele: 2.70 cm<br \/>\nD\u013a\u017eka rukov\u00e4te: 8.70 cm<br \/>\nCelkov\u00e1 d\u013a\u017eka: 17.14 cm<br \/>\nMateri\u00e1l \u010depele: Sandvik 12C27 Nerezov\u00e1 oce\u013e<br \/>\n\u0160t\u00fdl \u010depele: Wharncliffe<br \/>\nPovrchov\u00e1 \u00faprava \u010depele: sat\u00e9n<br \/>\nMateri\u00e1l rukov\u00e4te: G10<br \/>\nUzamykac\u00ed mechanizmus: Klzn\u00fd k\u013ab<br \/>\nVreckov\u00fd klip: \u017diadny<br \/>\nHmotnos\u0165: 1,30 oz. (36,85 g)<br \/>\nDizajn\u00e9r: Darriel Caston z D Rocket Design<\/p>\n<p><iframe title=\"CRKT Forebear Slip Joint | Darriel Caston Design\" width=\"800\" height=\"450\" src=\"https:\/\/www.youtube.com\/embed\/rJ8qqDl69G8?feature=oembed\" frameborder=\"0\" allow=\"accelerometer; autoplay; clipboard-write; encrypted-media; gyroscope; picture-in-picture; web-share\" referrerpolicy=\"strict-origin-when-cross-origin\" allowfullscreen><\/iframe><\/p>\n<p>&nbsp;<\/p>\n<p>&nbsp;<\/p>\n","protected":false},"excerpt":{"rendered":"<p><strong>N\u00c1VRH\u00c1R<\/strong><br \/>\nDarriela Castona<br \/>\nFolsom, Kalifornia<br \/>\nDarriel Caston, p\u00f4vodn\u00fdm povolan\u00edm elektroin\u017einier, pou\u017e\u00edva design no\u017ea ako cestu na vyjadrenie svojej umeleckej str\u00e1nky. Vyr\u00e1ba \u0161pi\u010dkov\u00e9 zlo\u017eky po cel\u00e9 desa\u0165ro\u010dia a za svoje detailn\u00e9 a zlo\u017eit\u00e9 n\u00e1vrhy si vysl\u00fa\u017eil \u0161irok\u00e9 uznanie. Viac ako n\u00e1stroje stoja jeho no\u017ee samy o sebe ako umeleck\u00e9 diela a za\u010diatky konverz\u00e1cie a nach\u00e1dzaj\u00fa si cestu do vitr\u00edn zberate\u013eov a vreciek nad\u0161encov, ktor\u00ed oce\u0148uj\u00fa \u0161t\u00fdl a remeslo pr\u00e9miov\u00e9ho EDC.<\/p>\n","protected":false},"featured_media":329211,"comment_status":"open","ping_status":"closed","template":"","meta":[],"pwb-brand":[3249],"product_brand":[],"product_cat":[3233,3186],"product_tag":[3668],"class_list":{"0":"post-329274","1":"product","2":"type-product","3":"status-publish","4":"has-post-thumbnail","6":"pwb-brand-zatvaraci-noz-crkt-delilahs-p-e-c-k-5520","7":"product_cat-zatvaracie-noze","8":"product_cat-noze-sk","9":"product_tag-b2b-sk","11":"first","12":"outofstock","13":"sale","14":"taxable","15":"shipping-taxable","16":"purchasable","17":"product-type-simple"},"brands":[{"id":3249,"name":"Zatv\u00e1rac\u00ed N\u00f4\u017e CRKT DELILAH'S P.E.C.K. 5520","slug":"zatvaraci-noz-crkt-delilahs-p-e-c-k-5520"}],"_links":{"self":[{"href":"https:\/\/www.moskito.cz\/sk\/wp-json\/wp\/v2\/product\/329274","targetHints":{"allow":["GET"]}}],"collection":[{"href":"https:\/\/www.moskito.cz\/sk\/wp-json\/wp\/v2\/product"}],"about":[{"href":"https:\/\/www.moskito.cz\/sk\/wp-json\/wp\/v2\/types\/product"}],"replies":[{"embeddable":true,"href":"https:\/\/www.moskito.cz\/sk\/wp-json\/wp\/v2\/comments?post=329274"}],"wp:featuredmedia":[{"embeddable":true,"href":"https:\/\/www.moskito.cz\/sk\/wp-json\/wp\/v2\/media\/329211"}],"wp:attachment":[{"href":"https:\/\/www.moskito.cz\/sk\/wp-json\/wp\/v2\/media?parent=329274"}],"wp:term":[{"taxonomy":"pwb-brand","embeddable":true,"href":"https:\/\/www.moskito.cz\/sk\/wp-json\/wp\/v2\/pwb-brand?post=329274"},{"taxonomy":"product_brand","embeddable":true,"href":"https:\/\/www.moskito.cz\/sk\/wp-json\/wp\/v2\/product_brand?post=329274"},{"taxonomy":"product_cat","embeddable":true,"href":"https:\/\/www.moskito.cz\/sk\/wp-json\/wp\/v2\/product_cat?post=329274"},{"taxonomy":"product_tag","embeddable":true,"href":"https:\/\/www.moskito.cz\/sk\/wp-json\/wp\/v2\/product_tag?post=329274"}],"curies":[{"name":"wp","href":"https:\/\/api.w.org\/{rel}","templated":true}]}}