{"id":329438,"date":"2022-09-07T22:43:25","date_gmt":"2024-04-12T07:22:31","guid":{"rendered":"https:\/\/www.moskito.cz\/produkt\/zatvaraci-noz-crkt-hissatsu-2903\/"},"modified":"2025-05-07T11:09:52","modified_gmt":"2025-05-07T10:09:52","slug":"zatvaraci-noz-crkt-hissatsu-2903","status":"publish","type":"product","link":"https:\/\/www.moskito.cz\/sk\/produkt\/zatvaraci-noz-crkt-hissatsu-2903\/","title":{"rendered":"Zatv\u00e1rac\u00ed N\u00f4\u017e CRKT HISSATSU 2903"},"content":{"rendered":"<p>Zatv\u00e1rac\u00ed N\u00f4\u017e <strong>CRKT<\/strong> HISSATSU 2903.<\/p>\n<p>Hissatsu\u2122 Folder navrhol James Williams z Encinitas, CA pre chv\u00edle, kedy s\u00fa vojensk\u00e9 \u0161peci\u00e1lne oper\u00e1cie alebo bezpe\u010dnostn\u00e9 profesion\u00e1li v prostred\u00ed, kde musia by\u0165 diskr\u00e9tne, aby zaistili svoju vlastn\u00fa bezpe\u010dnos\u0165. Sp\u00fa\u0161\u0165anie hlasn\u00fdch streln\u00fdch zbran\u00ed alebo nosenie ve\u013ek\u00fdch \u010depel\u00ed pri plnen\u00ed vysoko rizikov\u00fdch \u00faloh nie je v\u017edy rie\u0161en\u00edm. Teraz je tu alternat\u00edva: Hissatsu\u2122 Folder. Tento taktick\u00fd zatv\u00e1rac\u00ed n\u00f4\u017e je mo\u017en\u00e9 schova\u0165 do vrecka alebo pohodlne pripn\u00fa\u0165 pod bundu a nesk\u00f4r ho pou\u017ei\u0165 na mno\u017estvo obrannej sily.<\/p>\n<p>Tvar \u010depele je klasick\u00fd samurajsk\u00fd design hrotu, ktor\u00fd poskytuje vynikaj\u00facu penetra\u010dn\u00fa silu a v\u00fdnimo\u010dn\u00fd rezn\u00fd v\u00fdkon. Vyzna\u010duje sa pr\u00e9miovou \u010depe\u013eou z nerezovej ocele AUS 8 pre optim\u00e1lnu pevnos\u0165 a schopnos\u0165 dr\u017eania ostria s dobrou odolnos\u0165ou proti kor\u00f3zii. Medzit\u00fdm nereflexn\u00fd \u010dierny povlak pom\u00e1ha udr\u017ea\u0165 n\u00edzky profil po\u010das tmav\u00fdch podmienok. S d\u013a\u017ekou \u010depele 3,875\u201d je to bezpe\u010dne pod z\u00e1konom stanoven\u00fdm limitom vo v\u00e4\u010d\u0161ine jurisdikci\u00ed, ale v\u00fdkon je ove\u013ea vy\u0161\u0161\u00ed.<\/p>\n<p>Rovnako ako vy je n\u00f4\u017e pripraven\u00fd prejs\u0165 do re\u017eimu misie v\u010faka n\u00e1\u0161mu patentovan\u00e9mu mechanizmu otv\u00e1rania pomocou pru\u017einy Outburst\u00ae. Potom sa automaticky uzamkne v otvorenej polohe v\u010faka na\u0161ej automatickej bezpe\u010dnosti vlo\u017eky. Toto je bezpe\u010dnostn\u00e1 inov\u00e1cia uzamykacej vlo\u017eky posunut\u00e1 na \u010fal\u0161iu \u00farove\u0148. Automatizovan\u00e1 poistka vlo\u017eky nastavuje kol\u00edk medzi zais\u0165ovaciu vlo\u017eku a r\u00e1m. Tento kol\u00edk funguje ako \u010fal\u0161ia bezpe\u010dnostn\u00e1 vrstva, tak\u017ee je menej pravdepodobn\u00e9, \u017ee sa uzamykacia vlo\u017eka po\u010das pou\u017e\u00edvania uvo\u013en\u00ed.<\/p>\n<p>Ak chcete n\u00f4\u017e zavrie\u0165, zatiahnite za bezpe\u010dnostn\u00fa p\u00e1\u010dku s \u010derven\u00fdm gomb\u00edkom sp\u00e4\u0165, presu\u0148te poistn\u00fa vlo\u017eku a sklopte \u010depe\u013e do zatvorenej polohy. Chcete jeden z najbezpe\u010dnej\u0161\u00edch bezpe\u010dnostn\u00fdch syst\u00e9mov na trhu? Vo\u013eba je automatick\u00e1. Nie\u010do dobr\u00e9, \u010do by ste mali ma\u0165 na pam\u00e4ti, ke\u010f v\u00e1m zloduchovia d\u00fdchaj\u00fa na krk, tv\u00e1r alebo kdeko\u013evek, kde s\u00fa pr\u00edli\u0161 bl\u00edzko. Aby boli splnen\u00e9 pr\u00e1vne predpisy, pru\u017einov\u00fd mechanizmus Outburst\u00ae je mo\u017en\u00e9 \u013eahko deaktivova\u0165 pomocou jedinej nastavovacej skrutky.<\/p>\n<p>Rukov\u00e4\u0165 m\u00e1 tie\u017e nieko\u013eko trikov na svojom odolnom puzdre s robustnou kon\u0161trukciou InterFrame s vlo\u017ekami z nerezovej ocele, ktor\u00e9 sa zamykaj\u00fa na jednej strane, a \u010diernymi nylonov\u00fdmi \u0161upinami vystu\u017een\u00fdmi sklom, ktor\u00e9 s\u00fa text\u00farovan\u00e9, aby poskytovali bezpe\u010dn\u00e9 uchopenie. Palcov\u00fd kot\u00fa\u010d umo\u017e\u0148uje r\u00fdchle otvorenie ktorouko\u013evek rukou a vlastn\u00fa \u010diernu nerezov\u00fa sponu je mo\u017en\u00e9 r\u00fdchlo a \u013eahko namontova\u0165 pravou alebo \u013eavou rukou pomocou jedinej skrutky, \u010d\u00edm vznikne n\u00f4\u017e, ktor\u00fd je skuto\u010dne obojstrann\u00fd.<\/p>\n<p>Toto je taktick\u00e1 zlo\u017eka pre profesion\u00e1lov, ktor\u00e1 je prestavan\u00e1, aby vydr\u017eala cel\u00fd \u017eivot. Keby sa to ist\u00e9 dalo poveda\u0165 o nepriate\u013eoch slobody.<\/p>\n<p>\u0160PECIFIK\u00c1CIA<br \/>\nD\u013a\u017eka \u010depele 3,88&#8243; (98,43 mm)<br \/>\nOstrie \u010depele Prost\u00fd<br \/>\n\u010cepe\u013e oce\u013e AUS 8<br \/>\nPovrchov\u00e1 \u00faprava \u010depele N\u00e1ter odoln\u00fd proti kor\u00f3zii<br \/>\nHr\u00fabka \u010depele 0,16&#8243; (4,06 mm)<br \/>\nCelkov\u00e1 d\u013a\u017eka 8,75&#8243; (222,25 mm)<br \/>\nUzavret\u00e1 d\u013a\u017eka 5,00&#8243; (127,00 mm)<br \/>\nHmotnos\u0165 5,80 oz (164,43 g)<br \/>\nRukov\u00e4\u0165 Nylon vystu\u017een\u00fd sklom<br \/>\n\u0160t\u00fdl Asistovan\u00fd skladac\u00ed n\u00f4\u017e s Liner Lock<\/p>\n<p><iframe title=\"Hissatsu Folder Tactical Knife | by James Williams\" width=\"800\" height=\"450\" src=\"https:\/\/www.youtube.com\/embed\/JOUc0xG2FXQ?feature=oembed\" frameborder=\"0\" allow=\"accelerometer; autoplay; clipboard-write; encrypted-media; gyroscope; picture-in-picture; web-share\" referrerpolicy=\"strict-origin-when-cross-origin\" allowfullscreen><\/iframe><\/p>\n<p>&nbsp;<\/p>\n","protected":false},"excerpt":{"rendered":"<p>Navrhol James Williams vo Vass v Severnej Karol\u00edne.<\/p>\n","protected":false},"featured_media":223975,"comment_status":"open","ping_status":"closed","template":"","meta":[],"pwb-brand":[3249],"product_brand":[],"product_cat":[3186,3233],"product_tag":[3668],"class_list":{"0":"post-329438","1":"product","2":"type-product","3":"status-publish","4":"has-post-thumbnail","6":"pwb-brand-zatvaraci-noz-crkt-delilahs-p-e-c-k-5520","7":"product_cat-noze-sk","8":"product_cat-zatvaracie-noze","9":"product_tag-b2b-sk","11":"first","12":"outofstock","13":"taxable","14":"shipping-taxable","15":"purchasable","16":"product-type-simple"},"brands":[{"id":3249,"name":"Zatv\u00e1rac\u00ed N\u00f4\u017e CRKT DELILAH'S P.E.C.K. 5520","slug":"zatvaraci-noz-crkt-delilahs-p-e-c-k-5520"}],"_links":{"self":[{"href":"https:\/\/www.moskito.cz\/sk\/wp-json\/wp\/v2\/product\/329438","targetHints":{"allow":["GET"]}}],"collection":[{"href":"https:\/\/www.moskito.cz\/sk\/wp-json\/wp\/v2\/product"}],"about":[{"href":"https:\/\/www.moskito.cz\/sk\/wp-json\/wp\/v2\/types\/product"}],"replies":[{"embeddable":true,"href":"https:\/\/www.moskito.cz\/sk\/wp-json\/wp\/v2\/comments?post=329438"}],"wp:featuredmedia":[{"embeddable":true,"href":"https:\/\/www.moskito.cz\/sk\/wp-json\/wp\/v2\/media\/223975"}],"wp:attachment":[{"href":"https:\/\/www.moskito.cz\/sk\/wp-json\/wp\/v2\/media?parent=329438"}],"wp:term":[{"taxonomy":"pwb-brand","embeddable":true,"href":"https:\/\/www.moskito.cz\/sk\/wp-json\/wp\/v2\/pwb-brand?post=329438"},{"taxonomy":"product_brand","embeddable":true,"href":"https:\/\/www.moskito.cz\/sk\/wp-json\/wp\/v2\/product_brand?post=329438"},{"taxonomy":"product_cat","embeddable":true,"href":"https:\/\/www.moskito.cz\/sk\/wp-json\/wp\/v2\/product_cat?post=329438"},{"taxonomy":"product_tag","embeddable":true,"href":"https:\/\/www.moskito.cz\/sk\/wp-json\/wp\/v2\/product_tag?post=329438"}],"curies":[{"name":"wp","href":"https:\/\/api.w.org\/{rel}","templated":true}]}}