{"id":329559,"date":"2021-07-29T20:03:41","date_gmt":"2024-04-12T07:43:17","guid":{"rendered":"https:\/\/www.moskito.cz\/produkt\/zatvaraci-noz-crkt-m16-03bk\/"},"modified":"2025-05-07T11:09:59","modified_gmt":"2025-05-07T10:09:59","slug":"zatvaraci-noz-crkt-m16-03bk","status":"publish","type":"product","link":"https:\/\/www.moskito.cz\/sk\/produkt\/zatvaraci-noz-crkt-m16-03bk\/","title":{"rendered":"Zatv\u00e1rac\u00ed N\u00f4\u017e CRKT M16-03BK"},"content":{"rendered":"<p>Zatv\u00e1rac\u00ed N\u00f4\u017e <strong>CRKT<\/strong> M16-03BK.<\/p>\n<p>Navrhol Kit Carson vo Vine Grove v Kentucky<br \/>\nM16\u00ae je najpopul\u00e1rnej\u0161\u00ed rad, ak\u00fd kedy CRKT\u00ae vyrobilo. V priebehu rokov sme vzdali poctu zosnul\u00e9mu a uctievan\u00e9mu Kit Carsonovi t\u00fdm, \u017ee udr\u017eujeme jeho odkaz na\u017eive nov\u00fdmi iter\u00e1ciami. Predstavujeme M16 \u00ae zdoben\u00fd nitridom bronzu a tit\u00e1nu a tla\u010d\u00edme taktick\u00fd zatv\u00e1rac\u00ed n\u00f4\u017e do r\u00ed\u0161e ka\u017edodenn\u00e9ho nosenia.<br \/>\nR\u00fdchle otv\u00e1ranie: plutva r\u00fdchlo nasadzuje \u010depe\u013e<br \/>\nVynikaj\u00faci v\u00fdkon: \u010cepe\u013e z ocele Sandvik 12C27\u2122 pre vynikaj\u00face zachovanie hr\u00e1n<br \/>\nMaxim\u00e1lna trvanlivos\u0165: Nerezov\u00e1 rukov\u00e4\u0165 odol\u00e1va n\u00e1ro\u010dn\u00e9mu pou\u017e\u00edvaniu<br \/>\nBrute Strength: R\u00e1mov\u00fd z\u00e1mok vyu\u017e\u00edva siln\u00fa zais\u0165ovaciu ty\u010d na zaistenie \u010depele<br \/>\nN\u00edzky profil: Mo\u017enos\u0165 reverzibiln\u00e9ho klipu zais\u0165uje bezpe\u010dn\u00e9 pren\u00e1\u0161anie<\/p>\n<p>\u0160PECIFIK\u00c1CIA<br \/>\nD\u013a\u017eka \u010depele 3,55&#8243; (90,22 mm)<br \/>\nBlade Edge Oby\u010dajn\u00fd<br \/>\n\u010cepe\u013e oce\u013e 12C27 Sandvik<br \/>\nDokon\u010denie \u010depele Kysli\u010dn\u00edk<br \/>\nHr\u00fabka \u010depele 3,00 mm<br \/>\nCelkov\u00e1 d\u013a\u017eka 8,25 &#8222;(209,55 mm)<br \/>\nZatvoren\u00e1 d\u013a\u017eka 4,66 palca (118,31 mm)<br \/>\nHmotnos\u0165 3,80 oz. (107,73 g)<br \/>\nRukov\u00e4\u0165 2Cr13 SS<br \/>\n\u0160t\u00fdl Skladac\u00ed n\u00f4\u017e s r\u00e1mov\u00fdm z\u00e1mkom<\/p>\n<p><strong>CRKT\u00ae<\/strong> (Columbia River Knife and Tool\u00ae) bol zalo\u017een\u00fd v roku 1994. Od prv\u00e9ho d\u0148a kladie na prv\u00e9 miesto inov\u00e1ciu a integritu. Zaviazal sa vyr\u00e1ba\u0165 no\u017ee a n\u00e1stroje, ktor\u00e9 by in\u0161pirovali a vydr\u017eali. Spolupracuje s najlep\u0161\u00edmi dizajn\u00e9rmi na svete a pracuje na jednoduchom princ\u00edpe: \u017ee najv\u00e4\u010d\u0161ia vec, ktor\u00fa m\u00f4\u017ee z\u00e1kazn\u00edkom da\u0165, je d\u00f4vera v ruk\u00e1ch.<\/p>\n","protected":false},"excerpt":{"rendered":"<p>Navrhol Kit Carson vo Vine Grove, Kentucky.<\/p>\n","protected":false},"featured_media":201325,"comment_status":"open","ping_status":"closed","template":"","meta":[],"pwb-brand":[3249],"product_brand":[],"product_cat":[3186,3233],"product_tag":[3668],"class_list":{"0":"post-329559","1":"product","2":"type-product","3":"status-publish","4":"has-post-thumbnail","6":"pwb-brand-zatvaraci-noz-crkt-delilahs-p-e-c-k-5520","7":"product_cat-noze-sk","8":"product_cat-zatvaracie-noze","9":"product_tag-b2b-sk","11":"first","12":"outofstock","13":"taxable","14":"shipping-taxable","15":"purchasable","16":"product-type-simple"},"brands":[{"id":3249,"name":"Zatv\u00e1rac\u00ed N\u00f4\u017e CRKT DELILAH'S P.E.C.K. 5520","slug":"zatvaraci-noz-crkt-delilahs-p-e-c-k-5520"}],"_links":{"self":[{"href":"https:\/\/www.moskito.cz\/sk\/wp-json\/wp\/v2\/product\/329559","targetHints":{"allow":["GET"]}}],"collection":[{"href":"https:\/\/www.moskito.cz\/sk\/wp-json\/wp\/v2\/product"}],"about":[{"href":"https:\/\/www.moskito.cz\/sk\/wp-json\/wp\/v2\/types\/product"}],"replies":[{"embeddable":true,"href":"https:\/\/www.moskito.cz\/sk\/wp-json\/wp\/v2\/comments?post=329559"}],"wp:featuredmedia":[{"embeddable":true,"href":"https:\/\/www.moskito.cz\/sk\/wp-json\/wp\/v2\/media\/201325"}],"wp:attachment":[{"href":"https:\/\/www.moskito.cz\/sk\/wp-json\/wp\/v2\/media?parent=329559"}],"wp:term":[{"taxonomy":"pwb-brand","embeddable":true,"href":"https:\/\/www.moskito.cz\/sk\/wp-json\/wp\/v2\/pwb-brand?post=329559"},{"taxonomy":"product_brand","embeddable":true,"href":"https:\/\/www.moskito.cz\/sk\/wp-json\/wp\/v2\/product_brand?post=329559"},{"taxonomy":"product_cat","embeddable":true,"href":"https:\/\/www.moskito.cz\/sk\/wp-json\/wp\/v2\/product_cat?post=329559"},{"taxonomy":"product_tag","embeddable":true,"href":"https:\/\/www.moskito.cz\/sk\/wp-json\/wp\/v2\/product_tag?post=329559"}],"curies":[{"name":"wp","href":"https:\/\/api.w.org\/{rel}","templated":true}]}}