{"id":330135,"date":"2022-08-21T09:28:08","date_gmt":"2024-04-12T09:14:34","guid":{"rendered":"https:\/\/www.moskito.cz\/produkt\/pevny-noz-crkt-blackout-minimalist-cleaver-2383k\/"},"modified":"2025-05-07T11:10:10","modified_gmt":"2025-05-07T10:10:10","slug":"pevny-noz-crkt-blackout-minimalist-cleaver-2383k","status":"publish","type":"product","link":"https:\/\/www.moskito.cz\/sk\/produkt\/pevny-noz-crkt-blackout-minimalist-cleaver-2383k\/","title":{"rendered":"Pevn\u00fd N\u00f4\u017e CRKT BLACKOUT MINIMALIST CLEAVER 2383K"},"content":{"rendered":"<p>Pevn\u00fd N\u00f4\u017e <strong>CRKT<\/strong> BLACKOUT MINIMALIST CLEAVER 2383K.<\/p>\n<p>\u0160peci\u00e1lne stavan\u00fd pre v\u0161etko, \u010do treba reza\u0165.<\/p>\n<p>Tieto kompaktn\u00e9 no\u017ee s pevnou \u010depe\u013eou a pevn\u00fdmi rukov\u00e4\u0165ami sa dod\u00e1vaj\u00fa v r\u00f4znych \u0161t\u00fdloch \u010depele. V lese alebo okolo domu sa c\u00edtia rovnako ako doma.<br \/>\nJednoduch\u00e9 ostrenie: \u010cepe\u013e z vysoko uhl\u00edkovej nerezovej ocele dobre zaber\u00e1 ostrie<br \/>\nU\u017eito\u010dn\u00e9 funkcie: V\u0161estrann\u00fd sek\u00e1\u010dik pre vynikaj\u00face rezanie<br \/>\nZv\u00fd\u0161en\u00e1 ochrana: Black stonewash je odoln\u00fd a dobre starne<br \/>\nV\u00fdnimo\u010dn\u00e1 pri\u013enavos\u0165: Rukov\u00e4\u0165 G10 poskytuje v\u00fdnimo\u010dn\u00fa pri\u013enavos\u0165 za v\u0161etk\u00fdch podmienok<br \/>\nKompatibiln\u00fd s prevodovkou: Odoln\u00fd termoplastick\u00fd pl\u00e1\u0161\u0165 s mo\u017enos\u0165ou mont\u00e1\u017ee<br \/>\nKompaktn\u00fd n\u00e1stroj: \u013dahk\u00fd a \u013eahko prenosn\u00fd.<\/p>\n<p>\u0160PECIFIK\u00c1CIA<br \/>\nD\u013a\u017eka \u010depele 2,13&#8243; (54,13 mm)<br \/>\nOstrie \u010depele Prost\u00fd<br \/>\n\u010cepe\u013e oce\u013e 5Cr15MoV<br \/>\nPovrchov\u00e1 \u00faprava \u010depele Stonewash<br \/>\nHr\u00fabka \u010depele 0,10&#8243; (2,59 mm)<br \/>\nCelkov\u00e1 d\u013a\u017eka 5,06&#8243; (128,52 mm)<br \/>\nHmotnos\u0165 1,70 oz (48,19 g)<br \/>\nRukov\u00e4\u0165 G10<br \/>\n\u0160t\u00fdl N\u00f4\u017e s pevnou \u010depe\u013eou s puzdrom<br \/>\nMateri\u00e1l pl\u00e1\u0161\u0165a Termoplast<br \/>\nHmotnos\u0165 pl\u00e1\u0161\u0165a 0,60 oz. (17,01 g)<\/p>\n","protected":false},"excerpt":{"rendered":"<p>Navrhol Alan Folts v Melbourne na Floride.<\/p>\n","protected":false},"featured_media":222061,"comment_status":"open","ping_status":"closed","template":"","meta":[],"pwb-brand":[3249],"product_brand":[],"product_cat":[3187,3186],"product_tag":[3668],"class_list":{"0":"post-330135","1":"product","2":"type-product","3":"status-publish","4":"has-post-thumbnail","6":"pwb-brand-zatvaraci-noz-crkt-delilahs-p-e-c-k-5520","7":"product_cat-pevne-noze-sk","8":"product_cat-noze-sk","9":"product_tag-b2b-sk","11":"first","12":"instock","13":"sale","14":"taxable","15":"shipping-taxable","16":"purchasable","17":"product-type-simple"},"brands":[{"id":3249,"name":"Zatv\u00e1rac\u00ed N\u00f4\u017e CRKT DELILAH'S P.E.C.K. 5520","slug":"zatvaraci-noz-crkt-delilahs-p-e-c-k-5520"}],"_links":{"self":[{"href":"https:\/\/www.moskito.cz\/sk\/wp-json\/wp\/v2\/product\/330135","targetHints":{"allow":["GET"]}}],"collection":[{"href":"https:\/\/www.moskito.cz\/sk\/wp-json\/wp\/v2\/product"}],"about":[{"href":"https:\/\/www.moskito.cz\/sk\/wp-json\/wp\/v2\/types\/product"}],"replies":[{"embeddable":true,"href":"https:\/\/www.moskito.cz\/sk\/wp-json\/wp\/v2\/comments?post=330135"}],"wp:featuredmedia":[{"embeddable":true,"href":"https:\/\/www.moskito.cz\/sk\/wp-json\/wp\/v2\/media\/222061"}],"wp:attachment":[{"href":"https:\/\/www.moskito.cz\/sk\/wp-json\/wp\/v2\/media?parent=330135"}],"wp:term":[{"taxonomy":"pwb-brand","embeddable":true,"href":"https:\/\/www.moskito.cz\/sk\/wp-json\/wp\/v2\/pwb-brand?post=330135"},{"taxonomy":"product_brand","embeddable":true,"href":"https:\/\/www.moskito.cz\/sk\/wp-json\/wp\/v2\/product_brand?post=330135"},{"taxonomy":"product_cat","embeddable":true,"href":"https:\/\/www.moskito.cz\/sk\/wp-json\/wp\/v2\/product_cat?post=330135"},{"taxonomy":"product_tag","embeddable":true,"href":"https:\/\/www.moskito.cz\/sk\/wp-json\/wp\/v2\/product_tag?post=330135"}],"curies":[{"name":"wp","href":"https:\/\/api.w.org\/{rel}","templated":true}]}}