{"id":330399,"date":"2022-09-03T22:29:28","date_gmt":"2024-04-12T09:34:12","guid":{"rendered":"https:\/\/www.moskito.cz\/produkt\/zatvaraci-noz-crkt-psd-particle-separation-device-black-7920k\/"},"modified":"2025-05-07T11:10:17","modified_gmt":"2025-05-07T10:10:17","slug":"zatvaraci-noz-crkt-psd-particle-separation-device-black-7920k","status":"publish","type":"product","link":"https:\/\/www.moskito.cz\/sk\/produkt\/zatvaraci-noz-crkt-psd-particle-separation-device-black-7920k\/","title":{"rendered":"Zatv\u00e1rac\u00ed N\u00f4\u017e CRKT PSD (PARTICLE. SEPARATION. DEVICE.) BLACK 7920K"},"content":{"rendered":"<p>Zatv\u00e1rac\u00ed N\u00f4\u017e <strong>CRKT<\/strong> PSD (PARTICLE. SEPARATION. DEVICE.) BLACK 7920K.<\/p>\n<p>\u010castice. Oddelenie. Pr\u00edstroj. Rozde\u013ete to na mosadzn\u00e9 cvo\u010dky: PSD\u2122 je vyroben\u00fd na pl\u00e1tky. \u010cepe\u013e tohto zatv\u00e1racieho no\u017ea na ka\u017edodenn\u00e9 nosenie je navrhnut\u00e1 s pln\u00fdm zakriven\u00edm a vysoko \u00fa\u010dinn\u00fdm dvojit\u00fdm br\u00fasen\u00edm. A v\u010faka asistovan\u00e9mu otv\u00e1raniu sa uk\u00e1\u017ee, \u017ee funguje \u017emurknut\u00edm oka.<\/p>\n<p>Ke\u010f dizajn\u00e9r Jim Hammond z Birminghamu v Alabame dal pero na papier, urobil to so z\u00e1merom vytvori\u0165 n\u00f4\u017e, ktor\u00fd by bol rovnako v\u00fdkonn\u00fd, kompaktn\u00fd a vysoko estetick\u00fd. PSD\u2122 nar\u00e1\u017ea na zna\u010dku. Neprehliadnute\u013en\u00e9 prekrivenie \u010depele funguje pri hlbok\u00fdch rezoch a kr\u00e1jan\u00ed, Veff Serrations\u2122 prenik\u00e1 povrazom a \u0161n\u00farou, zatia\u013e \u010do dvojit\u00e9 br\u00fasenie zefekt\u00edv\u0148uje tla\u010denie. Prekvapivo kompaktn\u00e1 rukov\u00e4\u0165 G10 a uhl\u00edkov\u00fdch vl\u00e1kien pojme pevn\u00fd \u0161tvorprst\u00fd \u00fachop a je zakon\u010den\u00e1 elektrick\u00fdm modr\u00fdm \u010dapom a vreckovou sponou.<\/p>\n<p>Je postaven\u00fd na asistovanom otv\u00e1ran\u00ed a otv\u00e1ra sa neuverite\u013ene vysokou r\u00fdchlos\u0165ou, ke\u010f na n\u00edzkoprofilov\u00fa plutvu vyviniete minim\u00e1lny tlak. Syst\u00e9m \u010dapov s guli\u010dkov\u00fdmi lo\u017eiskami IKBS\u2122 zais\u0165uje hladk\u00e9 ot\u00e1\u010danie a z\u00e1mok vlo\u017eky ho dr\u017e\u00ed pevne na mieste.<\/p>\n<p>PSD\u2122 je vytvoren\u00fd na rezanie.<\/p>\n<p>Ako funguje asistovan\u00e9 otv\u00e1ranie<br \/>\nJe dr\u017ean\u00e9 bezpe\u010dne zatvoren\u00e9 vo vrecku, ale iniciujte rozmiestnenie a po\u010das rot\u00e1cie sa \u010depe\u013e otv\u00e1ra p\u00f4sobivou r\u00fdchlos\u0165ou pre jednoduch\u00e9, v\u00fdkonn\u00e9 otv\u00e1ranie jednou rukou.<\/p>\n<p>\u0160PECIFIK\u00c1CIA<br \/>\nD\u013a\u017eka \u010depele 3,63&#8243; (92,20 mm)<br \/>\nOstrie \u010depele Veff Serrations\u2122<br \/>\n\u010cepe\u013e oce\u013e 1,4116<br \/>\nPovrchov\u00e1 \u00faprava \u010depele EDP<br \/>\nHr\u00fabka \u010depele 0,13&#8243; (3,25 mm)<br \/>\nCelkov\u00e1 d\u013a\u017eka 8,19&#8243; (207,98 mm)<br \/>\nUzavret\u00e1 d\u013a\u017eka 4,59&#8243; (116,61 mm)<br \/>\nHmotnos\u0165 4,60 oz. (130,41 g)<br \/>\nRukov\u00e4\u0165 Karb\u00f3nov\u00e9 vl\u00e1kno so z\u00e1klad\u0148ou G10<br \/>\n\u0160t\u00fdl Asistovan\u00fd skladac\u00ed n\u00f4\u017e s Liner Lock<\/p>\n<p><iframe title=\"CRKT P.S.D.\u2122 (PARTICLE. SEPARATION. DEVICE.) BLACKOUT | Jim Hammond Design\" width=\"800\" height=\"450\" src=\"https:\/\/www.youtube.com\/embed\/zoK6dCUWr8A?feature=oembed\" frameborder=\"0\" allow=\"accelerometer; autoplay; clipboard-write; encrypted-media; gyroscope; picture-in-picture; web-share\" referrerpolicy=\"strict-origin-when-cross-origin\" allowfullscreen><\/iframe><\/p>\n<p>&nbsp;<\/p>\n","protected":false},"excerpt":{"rendered":"<p>Navrhol Jim Hammond v Birminghame v Alabame.<\/p>\n","protected":false},"featured_media":223273,"comment_status":"open","ping_status":"closed","template":"","meta":[],"pwb-brand":[3249],"product_brand":[],"product_cat":[3233,3186],"product_tag":[3668],"class_list":{"0":"post-330399","1":"product","2":"type-product","3":"status-publish","4":"has-post-thumbnail","6":"pwb-brand-zatvaraci-noz-crkt-delilahs-p-e-c-k-5520","7":"product_cat-zatvaracie-noze","8":"product_cat-noze-sk","9":"product_tag-b2b-sk","11":"first","12":"outofstock","13":"taxable","14":"shipping-taxable","15":"purchasable","16":"product-type-simple"},"brands":[{"id":3249,"name":"Zatv\u00e1rac\u00ed N\u00f4\u017e CRKT DELILAH'S P.E.C.K. 5520","slug":"zatvaraci-noz-crkt-delilahs-p-e-c-k-5520"}],"_links":{"self":[{"href":"https:\/\/www.moskito.cz\/sk\/wp-json\/wp\/v2\/product\/330399","targetHints":{"allow":["GET"]}}],"collection":[{"href":"https:\/\/www.moskito.cz\/sk\/wp-json\/wp\/v2\/product"}],"about":[{"href":"https:\/\/www.moskito.cz\/sk\/wp-json\/wp\/v2\/types\/product"}],"replies":[{"embeddable":true,"href":"https:\/\/www.moskito.cz\/sk\/wp-json\/wp\/v2\/comments?post=330399"}],"wp:featuredmedia":[{"embeddable":true,"href":"https:\/\/www.moskito.cz\/sk\/wp-json\/wp\/v2\/media\/223273"}],"wp:attachment":[{"href":"https:\/\/www.moskito.cz\/sk\/wp-json\/wp\/v2\/media?parent=330399"}],"wp:term":[{"taxonomy":"pwb-brand","embeddable":true,"href":"https:\/\/www.moskito.cz\/sk\/wp-json\/wp\/v2\/pwb-brand?post=330399"},{"taxonomy":"product_brand","embeddable":true,"href":"https:\/\/www.moskito.cz\/sk\/wp-json\/wp\/v2\/product_brand?post=330399"},{"taxonomy":"product_cat","embeddable":true,"href":"https:\/\/www.moskito.cz\/sk\/wp-json\/wp\/v2\/product_cat?post=330399"},{"taxonomy":"product_tag","embeddable":true,"href":"https:\/\/www.moskito.cz\/sk\/wp-json\/wp\/v2\/product_tag?post=330399"}],"curies":[{"name":"wp","href":"https:\/\/api.w.org\/{rel}","templated":true}]}}