{"id":330715,"date":"2021-08-16T20:38:11","date_gmt":"2024-04-12T12:11:07","guid":{"rendered":"https:\/\/www.moskito.cz\/produkt\/zatvaraci-noz-civivi-dogma\/"},"modified":"2025-05-07T11:10:23","modified_gmt":"2025-05-07T10:10:23","slug":"zatvaraci-noz-civivi-dogma","status":"publish","type":"product","link":"https:\/\/www.moskito.cz\/sk\/produkt\/zatvaraci-noz-civivi-dogma\/","title":{"rendered":"Zatv\u00e1rac\u00ed N\u00f4\u017e Civivi Dogma"},"content":{"rendered":"<p>Zatv\u00e1rac\u00ed N\u00f4\u017e <strong>Civivi<\/strong> Dogma.<\/p>\n<p>Celkov\u00e1 d\u013a\u017eka: 7,7&#8243; \/ 195,7 mm<br \/>\nD\u013a\u017eka \u010depele: 3,46&#8243; \/ 88 mm<br \/>\nD\u013a\u017eka v zatvorenom stave: 107,7 mm<br \/>\nHr\u00fabka \u010depele: 0,12 palca \/ 3 mm<br \/>\nHr\u00fabka rukov\u00e4te: 0,47 palca \/ 12 mm<br \/>\nHmotnos\u0165: 5,01 oz \/ 144 g<\/p>\n<p>Materi\u00e1l \u010depele: D2<br \/>\nTvrdos\u0165 \u010depele: 59-61HRC<br \/>\nBlade Grind: dut\u00fd<br \/>\nPovrchov\u00e1 \u00faprava \u010depele: sat\u00e9n<\/p>\n<p>Materi\u00e1l rukov\u00e4te: mosadz<br \/>\nFarba rukov\u00e4te\/povrchov\u00e1 \u00faprava: \u010dierna le\u0161ten\u00e1<br \/>\nZadn\u00fd di\u0161tan\u010dn\u00fd materi\u00e1l: G10<br \/>\nZadn\u00fd medzern\u00edk Farba\/povrchov\u00e1 \u00faprava: \u010cierna<br \/>\nMateri\u00e1l vlo\u017eky: nerezov\u00e1 oce\u013e<br \/>\nFarba\/povrch pod\u0161\u00edvky: Siv\u00e1<\/p>\n<p>Vreckov\u00fd klip: Tip-Up, \u013d\/R<br \/>\nMateri\u00e1l klipu: nerezov\u00e1 oce\u013e<br \/>\nSkrutky Materi\u00e1l: nerezov\u00e1 oce\u013e<br \/>\nZostava \u010dapu: Keramick\u00e9 guli\u010dkov\u00e9 lo\u017eisko s klietkou<br \/>\nUzamykac\u00ed mechanizmus: Liner Lock<\/p>\n<p>Dizajn\u00e9r: CIVIVI<\/p>\n<p>Spolo\u010dnos\u0165 <strong>WE Knife<\/strong> Co. Ltd. (WE) si v\u010faka hist\u00f3rii neust\u00e1leho poskytovania \u00faspe\u0161n\u00fdch produktov z\u00edskala poves\u0165 neust\u00e1le dod\u00e1vaj\u00faci inovat\u00edvne designy vyr\u00e1ban\u00e9 s trvale vysokou kvalitou. V\u010faka tomu sa WE etablovala ako najv\u00e4\u010d\u0161\u00ed \u010d\u00ednsky v\u00fdrobca kvalitn\u00fdch no\u017eov.<\/p>\n<p>V reakcii na potreby trhu sme v roku 2018 predstavili zna\u010dku CIVIVI, ktor\u00e1 sa konkr\u00e9tne zameriava na ponuku funk\u010dn\u00e9ho, \u200b\u200b\u00fa\u017eitkov\u00e9ho, produktov\u00e9ho radu EDC za dostupnej\u0161ie ceny.<\/p>\n<p>Zl\u00fa\u010den\u00edm z\u00e1kladn\u00fdch hodn\u00f4t WE pre inovat\u00edvny dizajn a kvalitn\u00fa v\u00fdrobu s materi\u00e1lmi, ako je G10, pelami ply carbon carbon a D2, nerezovej a dama\u0161kovej ocele, produkty CIVIVI poskytn\u00fa svojim u\u017e\u00edvate\u013eom hodnotu a v\u00fdkon bez kompromisov.<\/p>\n<p>No\u017ee CIVIVI vyzeraj\u00fa dobre, c\u00edtia sa dobre, dobre funguj\u00fa a pr\u00e1cu zvl\u00e1dnu. Rovnako ako ich bratia WE Knife, aj oni s\u00fa <strong>\u201eMADE BETTER\u201d<\/strong><\/p>\n","protected":false},"excerpt":{"rendered":"<p>Zna\u010dka <strong>CIVIVI<\/strong> p\u00f4sob\u00ed na trhu u\u017e viac ako 20 rokov a po cel\u00fa dobu vyr\u00e1ba najkvalitnej\u0161ie a najrozmanitej\u0161ie no\u017ee za dostupnej\u0161ie ceny.<\/p>\n","protected":false},"featured_media":203375,"comment_status":"open","ping_status":"closed","template":"","meta":[],"pwb-brand":[3857],"product_brand":[],"product_cat":[3186,3233],"product_tag":[],"class_list":{"0":"post-330715","1":"product","2":"type-product","3":"status-publish","4":"has-post-thumbnail","6":"pwb-brand-civivi-knife-sk","7":"product_cat-noze-sk","8":"product_cat-zatvaracie-noze","10":"first","11":"outofstock","12":"taxable","13":"shipping-taxable","14":"purchasable","15":"product-type-simple"},"brands":[{"id":3857,"name":"CIVIVI Knife","slug":"civivi-knife-sk"}],"_links":{"self":[{"href":"https:\/\/www.moskito.cz\/sk\/wp-json\/wp\/v2\/product\/330715","targetHints":{"allow":["GET"]}}],"collection":[{"href":"https:\/\/www.moskito.cz\/sk\/wp-json\/wp\/v2\/product"}],"about":[{"href":"https:\/\/www.moskito.cz\/sk\/wp-json\/wp\/v2\/types\/product"}],"replies":[{"embeddable":true,"href":"https:\/\/www.moskito.cz\/sk\/wp-json\/wp\/v2\/comments?post=330715"}],"wp:featuredmedia":[{"embeddable":true,"href":"https:\/\/www.moskito.cz\/sk\/wp-json\/wp\/v2\/media\/203375"}],"wp:attachment":[{"href":"https:\/\/www.moskito.cz\/sk\/wp-json\/wp\/v2\/media?parent=330715"}],"wp:term":[{"taxonomy":"pwb-brand","embeddable":true,"href":"https:\/\/www.moskito.cz\/sk\/wp-json\/wp\/v2\/pwb-brand?post=330715"},{"taxonomy":"product_brand","embeddable":true,"href":"https:\/\/www.moskito.cz\/sk\/wp-json\/wp\/v2\/product_brand?post=330715"},{"taxonomy":"product_cat","embeddable":true,"href":"https:\/\/www.moskito.cz\/sk\/wp-json\/wp\/v2\/product_cat?post=330715"},{"taxonomy":"product_tag","embeddable":true,"href":"https:\/\/www.moskito.cz\/sk\/wp-json\/wp\/v2\/product_tag?post=330715"}],"curies":[{"name":"wp","href":"https:\/\/api.w.org\/{rel}","templated":true}]}}