{"id":330796,"date":"2023-07-03T12:46:32","date_gmt":"2024-04-12T12:15:10","guid":{"rendered":"https:\/\/www.moskito.cz\/produkt\/zatvaraci-noz-spyderco-chaparral-lightweight-c152pgy\/"},"modified":"2025-05-07T11:10:25","modified_gmt":"2025-05-07T10:10:25","slug":"zatvaraci-noz-spyderco-chaparral-lightweight-c152pgy","status":"publish","type":"product","link":"https:\/\/www.moskito.cz\/sk\/produkt\/zatvaraci-noz-spyderco-chaparral-lightweight-c152pgy\/","title":{"rendered":"Zatv\u00e1rac\u00ed N\u00f4\u017e Spyderco Chaparral Lightweight C152PGY"},"content":{"rendered":"<p>Zatv\u00e1rac\u00ed N\u00f4\u017e <strong>Spyderco<\/strong> Chaparral Lightweight C152PGY<\/p>\n<p>Projekt Chaparral spolo\u010dnosti Spyderco je unik\u00e1tnym pr\u00edstupom k \u017e\u00e1nru p\u00e1nskych zatv\u00e1rac\u00edch no\u017eov. S\u00e9ria Chaparral, pomenovan\u00e1 po rastline p\u00f4vodom zo z\u00e1padn\u00fdch USA, ktor\u00e1 je zn\u00e1ma svojou extr\u00e9mnou odolnos\u0165ou, pou\u017e\u00edva jedin\u00fd dizajnov\u00fd form\u00e1t na predvedenie r\u00f4znych charakteristick\u00fdch materi\u00e1lov rukov\u00e4t\u00ed a vzorov text\u00far.<\/p>\n<p>V\u0161etky modely Chaparral zdie\u013eaj\u00fa rovnak\u00e9 z\u00e1kladn\u00e9 vlastnosti. S\u00fa v\u00fdnimo\u010dne tenk\u00e9, aby sa minimalizovala ich hmotnos\u0165 a boli ve\u013emi pohodln\u00e9 na nosenie \u2013 dokonca aj v obleku. Ich listy PlainEdge v tvare listu s\u00fa \u00faplne ploch\u00e9 br\u00fasen\u00e9 z nerezovej ocele CTS-XHP vyroben\u00e9 v USA a maj\u00fa pekn\u00fa sat\u00e9nov\u00fa povrchov\u00fa \u00fapravu na v\u00fdkon rezania takmer bez n\u00e1mahy. \u010cepele tie\u017e obsahuj\u00fa plne pr\u00edstupn\u00fd okr\u00fahly otvor pre \u013eahk\u00e9 otv\u00e1ranie jednou alebo oboma rukami, v\u010faka ktor\u00e9mu s\u00fa v\u0161etky Chaparraly \u00faplne symetrick\u00e9 a ich ovl\u00e1danie je plne obojstrann\u00e9.<\/p>\n<p>Kde modely Chaparral ukazuj\u00fa svoju individualitu, je v ich rukov\u00e4tiach. Prv\u00fd \u010dlen rodiny, uveden\u00fd na trh v roku 2011, sa vyzna\u010doval skeletonizovan\u00fdmi celonerezov\u00fdmi vlo\u017ekami a jemne text\u00farovan\u00fdmi \u0161upinami z uhl\u00edkov\u00fdch vl\u00e1kien. Po \u0148om v roku 2012 nasledoval Chaparral Titanium, ktor\u00fd sa mohol pochv\u00e1li\u0165 pevn\u00fdmi tit\u00e1nov\u00fdmi \u0161upinami prec\u00edzne opracovan\u00fdmi so zlo\u017eit\u00fdm geometrick\u00fdm vzorom. V t\u00e9me tit\u00e1nu pokra\u010dovali modely Stepped Titanium a Blue Stepped Titanium, ktor\u00e9 boli vydan\u00e9 v roku 2013 a 2014. Obaja sa vyzna\u010duj\u00fa neuverite\u013ene detailn\u00fdm \u201estup\u0148ovit\u00fdm\u201c vzorom opracovan\u00fdm do oboch mierok. Tento \u00fa\u017easn\u00fd dizajn, zlo\u017een\u00fd v\u00fdhradne z priamych l\u00edni\u00ed, vytv\u00e1ra il\u00faziu kriviek a detailn\u00fdch geometrick\u00fdch tvarov. Vo verzii Blue Stepped s\u00fa stupnice po\u010das procesu obr\u00e1bania eloxovan\u00e9 brilantn\u00fdm odtie\u0148om modrej, aby sa vytvoril ve\u013ekolep\u00fd kontrast striedaj\u00facich sa modr\u00fdch a strieborn\u00fdch povrchov. Za\u010diatkom tohto roku spolo\u010dnos\u0165 Spyderco doplnila rodinu Chaparral o verziu so \u0161upinami vyroben\u00fdmi z Raffir \u2013 kompozitn\u00e9ho materi\u00e1lu vyroben\u00e9ho z jemn\u00fdch vrstiev zvlnenej kovovej sie\u0165oviny zapuzdrenej v priesvitnej epoxidovej \u017eivici.<\/p>\n<p>Napriek tomu, \u017ee Spyderco je nepochybne hrd\u00fd na rodinu Chaparral a rozmanitos\u0165 a hrdos\u0165 na vlastn\u00edctvo, ktor\u00e9 pon\u00faka, st\u00e1le mali pocit, \u017ee jej nie\u010do ch\u00fdba \u2013 \u013eahk\u00fd, cenovo dostupn\u00fd, u\u017e\u00edvate\u013esky orientovan\u00fd v\u00fdraz ducha Chaparral optimalizovan\u00fd na ka\u017edodenn\u00e9 nosenie. Aby zaplnili t\u00fato pr\u00e1zdnotu, vytvorili Chaparral Lightweight.<\/p>\n<p>Chaparral Lightweight pon\u00faka rovnak\u00fa vycibren\u00fa t\u00e9mu dizajnu, funk\u010dnos\u0165 a rezn\u00fd v\u00fdkon ako jeho bratia, ale s jednoduchou, spo\u013eahlivou a cenovo dostupnou vstrekovanou rukov\u00e4\u0165ou. Jeho pevn\u00e1 \u0161ed\u00e1 rukov\u00e4\u0165 z nylonu vystu\u017een\u00e9ho sklenen\u00fdmi vl\u00e1knami (FRN) zni\u017euje jej hmotnos\u0165 na iba 2,1 unca \u2013 o 22 % \u013eah\u0161ia ako jej n\u00e1protivky s tit\u00e1novou rukov\u00e4\u0165ou. Jeho tvarovan\u00e1 kon\u0161trukcia z\u00e1rove\u0148 umo\u017e\u0148uje za\u010dleni\u0165 \u0161t\u00fdl vysoko trak\u010dn\u00e9ho obojsmern\u00e9ho text\u00farovacieho vzoru Spyderco. Napriek svojmu \u0161t\u00edhlemu profilu a n\u00edzkej hmotnosti pon\u00faka t\u00e1to verzia Chaparral st\u00e1le silu vnoren\u00fdch, skeletovan\u00fdch vlo\u017eiek z nerezovej ocele a backspaceru z nerezovej ocele. Zais\u0165uj\u00fa vynikaj\u00facu \u0161truktur\u00e1lnu pevnos\u0165 a presn\u00e9 zladenie v\u0161etk\u00fdch k\u013e\u00fa\u010dov\u00fdch s\u00fa\u010dast\u00ed.<\/p>\n<p>Rovnako ako ostatn\u00e1 verzia Chaparral m\u00e1 Lightweight stredovo umiestnen\u00fd lockback mechanizmus, ktor\u00fd zamyk\u00e1 \u010depe\u013e bezpe\u010dne otvoren\u00fa a umo\u017e\u0148uje bezpe\u010dn\u00e9 a \u013eahk\u00e9 zatv\u00e1ranie jednou rukou. Jeho 50\/50 ukazov\u00e1k choil obkro\u010dmo spojenie \u010depele a rukov\u00e4te poskytuje sol\u00eddny n\u00e1kup pre dopredn\u00fd, &#8222;pri\u0161krten\u00fd&#8220; \u00fachop. Napriek kompaktnej ve\u013ekosti no\u017ea umo\u017e\u0148uje t\u00e1to funkcia aj v\u00e4\u010d\u0161\u00edm ruk\u00e1m pln\u00e9 uchopenie \u0161tyrmi prstami. Zodpovedaj\u00face &#8222;jimping&#8220; (dr\u00e1\u017eky) na choil a palcovej rampe pon\u00faka \u010fal\u0161iu text\u00faru pre e\u0161te v\u00e4\u010d\u0161iu kontrolu pri presn\u00fdch rezac\u00edch \u00faloh\u00e1ch. Obojstrann\u00e1 dr\u00f4ten\u00e1 spona s hlbok\u00fdm vreckom pripevnen\u00e1 k zadn\u00e9mu koncu rukov\u00e4te podporuje nosenie sklopen\u00edm na \u013eavej alebo pravej strane a udr\u017euje tento pozoruhodn\u00fd n\u00f4\u017e diskr\u00e9tne pripraven\u00fd pre okam\u017eit\u00fd pr\u00edstup.<\/p>\n<p>Chaparral Lightweight hrdo zast\u00e1va tradi\u010dn\u00e9 hodnoty rodiny Chaparral a pon\u00faka rovnak\u00e9 pohodlie, spo\u013eahlivos\u0165 a vysok\u00fd v\u00fdkon ako jeho bratia, ale za zlomok ceny.<br \/>\n\u0160pecifik\u00e1cia<\/p>\n<p>D\u013a\u017eka \u010depele: 7 cm<br \/>\nD\u013a\u017eka v zatvorenom stave: 9 cm<br \/>\nCelkov\u00e1 d\u013a\u017eka: 16 cm<br \/>\nMateri\u00e1l \u010depele: CTS-XHP<br \/>\n\u0160t\u00fdl \u010depele: Drop Point<br \/>\nBr\u00fasenie \u010depele: Plne ploch\u00e9<br \/>\nPovrchov\u00e1 \u00faprava \u010depele: sat\u00e9n<br \/>\nOstrie \u010depele: Hladk\u00e9<br \/>\nMateri\u00e1l rukov\u00e4te: \u0161ed\u00e1 FRN<br \/>\nUzamykac\u00ed mechanizmus: Lockback<br \/>\nVreckov\u00fd klip: Vykl\u00e1panie, \u013eav\u00e9\/prav\u00e9 nosenie<br \/>\n\u010c\u00edslo modelu: C152PGY<br \/>\nN\u00e1zov modelu: Chaparral Lightweight<br \/>\nHmotnos\u0165: 2,0 oz.<\/p>\n<p>&nbsp;<\/p>\n","protected":false},"excerpt":{"rendered":"<p><strong>Chaparral Lightweight hrdo zast\u00e1va tradi\u010dn\u00e9 hodnoty rodiny Chaparral a pon\u00faka rovnak\u00e9 pohodlie, spo\u013eahlivos\u0165 a vysok\u00fd v\u00fdkon ako jeho bratia, ale za zlomok ceny.<\/strong><\/p>\n","protected":false},"featured_media":252095,"comment_status":"open","ping_status":"closed","template":"","meta":[],"pwb-brand":[3261],"product_brand":[],"product_cat":[3233,3186],"product_tag":[3668],"class_list":{"0":"post-330796","1":"product","2":"type-product","3":"status-publish","4":"has-post-thumbnail","6":"pwb-brand-zatvaraci-noz-spyderco-endura-flat-ground-gray-frn-c10fpgy","7":"product_cat-zatvaracie-noze","8":"product_cat-noze-sk","9":"product_tag-b2b-sk","11":"first","12":"instock","13":"sale","14":"taxable","15":"shipping-taxable","16":"purchasable","17":"product-type-simple"},"brands":[{"id":3261,"name":"Zatv\u00e1rac\u00ed N\u00f4\u017e Spyderco Endura Flat Ground Gray FRN C10FPGY","slug":"zatvaraci-noz-spyderco-endura-flat-ground-gray-frn-c10fpgy"}],"_links":{"self":[{"href":"https:\/\/www.moskito.cz\/sk\/wp-json\/wp\/v2\/product\/330796","targetHints":{"allow":["GET"]}}],"collection":[{"href":"https:\/\/www.moskito.cz\/sk\/wp-json\/wp\/v2\/product"}],"about":[{"href":"https:\/\/www.moskito.cz\/sk\/wp-json\/wp\/v2\/types\/product"}],"replies":[{"embeddable":true,"href":"https:\/\/www.moskito.cz\/sk\/wp-json\/wp\/v2\/comments?post=330796"}],"wp:featuredmedia":[{"embeddable":true,"href":"https:\/\/www.moskito.cz\/sk\/wp-json\/wp\/v2\/media\/252095"}],"wp:attachment":[{"href":"https:\/\/www.moskito.cz\/sk\/wp-json\/wp\/v2\/media?parent=330796"}],"wp:term":[{"taxonomy":"pwb-brand","embeddable":true,"href":"https:\/\/www.moskito.cz\/sk\/wp-json\/wp\/v2\/pwb-brand?post=330796"},{"taxonomy":"product_brand","embeddable":true,"href":"https:\/\/www.moskito.cz\/sk\/wp-json\/wp\/v2\/product_brand?post=330796"},{"taxonomy":"product_cat","embeddable":true,"href":"https:\/\/www.moskito.cz\/sk\/wp-json\/wp\/v2\/product_cat?post=330796"},{"taxonomy":"product_tag","embeddable":true,"href":"https:\/\/www.moskito.cz\/sk\/wp-json\/wp\/v2\/product_tag?post=330796"}],"curies":[{"name":"wp","href":"https:\/\/api.w.org\/{rel}","templated":true}]}}