{"id":331068,"date":"2022-08-21T20:54:07","date_gmt":"2024-04-12T12:27:40","guid":{"rendered":"https:\/\/www.moskito.cz\/produkt\/pevny-noz-crkt-minimalist-bowie-gears-2387g\/"},"modified":"2025-05-07T11:10:32","modified_gmt":"2025-05-07T10:10:32","slug":"pevny-noz-crkt-minimalist-bowie-gears-2387g","status":"publish","type":"product","link":"https:\/\/www.moskito.cz\/sk\/produkt\/pevny-noz-crkt-minimalist-bowie-gears-2387g\/","title":{"rendered":"Pevn\u00fd N\u00f4\u017e CRKT MINIMALIST BOWIE GEARS 2387G"},"content":{"rendered":"<p>Pevn\u00fd N\u00f4\u017e <strong>CRKT<\/strong> MINIMALIST BOWIE GEARS 2387G.<\/p>\n<p>\u0160peci\u00e1lne stavan\u00fd pre v\u0161etko, \u010do treba reza\u0165.<\/p>\n<p>Tento kompaktn\u00fd n\u00f4\u017e s pevnou \u010depe\u013eou a pevn\u00fdmi rukov\u00e4\u0165ami je novo vybaven\u00fd 3D tla\u010den\u00fdmi ozuben\u00fdmi kolesami, ktor\u00e9 v\u017edy zap\u00e1lia konverz\u00e1ciu pri t\u00e1bor\u00e1ku. V lese alebo v gar\u00e1\u017ei sa c\u00edtia rovnako ako doma.<br \/>\n\u017diara v tme Rukov\u00e4\u0165 a puzdro<br \/>\nKompaktn\u00fd dizajn pre \u013eahk\u00e9 pren\u00e1\u0161anie<br \/>\nPo\u0161va funguje ako kr\u010dn\u00fd n\u00f4\u017e alebo na opasok.<\/p>\n<p>\u0160PECIFIK\u00c1CIA<br \/>\nD\u013a\u017eka \u010depele 2,13&#8243; (53,98 mm)<br \/>\nOstrie \u010depele Prost\u00fd<br \/>\n\u010cepe\u013e oce\u013e 8Cr13MoV<br \/>\nPovrchov\u00e1 \u00faprava \u010depele Sat\u00e9n<br \/>\nHr\u00fabka \u010depele 0,11&#8243; (2,74 mm)<br \/>\nCelkov\u00e1 d\u013a\u017eka 5,13&#8243; (130,18 mm)<br \/>\nHmotnos\u0165 1,60 oz (45,36 g)<br \/>\nRukov\u00e4\u0165 Nylon vystu\u017een\u00fd sklom<br \/>\n\u0160t\u00fdl N\u00f4\u017e s pevnou \u010depe\u013eou s puzdrom<br \/>\nMateri\u00e1l pl\u00e1\u0161\u0165a<\/p>\n","protected":false},"excerpt":{"rendered":"<p>Navrhol Alan Folts v Melbourne na Floride.<\/p>\n","protected":false},"featured_media":222431,"comment_status":"open","ping_status":"closed","template":"","meta":[],"pwb-brand":[3249],"product_brand":[],"product_cat":[3186,3187],"product_tag":[3668],"class_list":{"0":"post-331068","1":"product","2":"type-product","3":"status-publish","4":"has-post-thumbnail","6":"pwb-brand-zatvaraci-noz-crkt-delilahs-p-e-c-k-5520","7":"product_cat-noze-sk","8":"product_cat-pevne-noze-sk","9":"product_tag-b2b-sk","11":"first","12":"outofstock","13":"taxable","14":"shipping-taxable","15":"purchasable","16":"product-type-simple"},"brands":[{"id":3249,"name":"Zatv\u00e1rac\u00ed N\u00f4\u017e CRKT DELILAH'S P.E.C.K. 5520","slug":"zatvaraci-noz-crkt-delilahs-p-e-c-k-5520"}],"_links":{"self":[{"href":"https:\/\/www.moskito.cz\/sk\/wp-json\/wp\/v2\/product\/331068","targetHints":{"allow":["GET"]}}],"collection":[{"href":"https:\/\/www.moskito.cz\/sk\/wp-json\/wp\/v2\/product"}],"about":[{"href":"https:\/\/www.moskito.cz\/sk\/wp-json\/wp\/v2\/types\/product"}],"replies":[{"embeddable":true,"href":"https:\/\/www.moskito.cz\/sk\/wp-json\/wp\/v2\/comments?post=331068"}],"wp:featuredmedia":[{"embeddable":true,"href":"https:\/\/www.moskito.cz\/sk\/wp-json\/wp\/v2\/media\/222431"}],"wp:attachment":[{"href":"https:\/\/www.moskito.cz\/sk\/wp-json\/wp\/v2\/media?parent=331068"}],"wp:term":[{"taxonomy":"pwb-brand","embeddable":true,"href":"https:\/\/www.moskito.cz\/sk\/wp-json\/wp\/v2\/pwb-brand?post=331068"},{"taxonomy":"product_brand","embeddable":true,"href":"https:\/\/www.moskito.cz\/sk\/wp-json\/wp\/v2\/product_brand?post=331068"},{"taxonomy":"product_cat","embeddable":true,"href":"https:\/\/www.moskito.cz\/sk\/wp-json\/wp\/v2\/product_cat?post=331068"},{"taxonomy":"product_tag","embeddable":true,"href":"https:\/\/www.moskito.cz\/sk\/wp-json\/wp\/v2\/product_tag?post=331068"}],"curies":[{"name":"wp","href":"https:\/\/api.w.org\/{rel}","templated":true}]}}