{"id":331168,"date":"2021-07-29T22:11:44","date_gmt":"2024-04-12T13:09:00","guid":{"rendered":"https:\/\/www.moskito.cz\/produkt\/sekera-crkt-berserker\/"},"modified":"2025-05-07T11:10:34","modified_gmt":"2025-05-07T10:10:34","slug":"sekera-crkt-berserker","status":"publish","type":"product","link":"https:\/\/www.moskito.cz\/sk\/produkt\/sekera-crkt-berserker\/","title":{"rendered":"Sekera CRKT BERSERKER"},"content":{"rendered":"<p>Sekera <strong>CRKT<\/strong> BERSERKER.<\/p>\n<p>Navrhol Ryan Johnson z RMJ Tactical v Chattanooga, Tennessee<br \/>\nBojov\u00fd pokrik vo forme sekery.<\/p>\n<p>Pozrite sa na sekeru v \u0161t\u00fdle Berserker \u2122 \/ bur-zur-kr \/ Viking a viete, \u017ee nastan\u00fa probl\u00e9my. Dlh\u00e1 rezn\u00e1 hrana f\u00fazat\u00e9ho sekerov\u00e9ho no\u017ea je mocn\u00fdm spolo\u010dn\u00edkom.<br \/>\nForged Tough: 1055 uhl\u00edkov\u00e1 oce\u013e zais\u0165uje odolnos\u0165 a zachovanie hr\u00e1n<br \/>\nVylep\u0161en\u00e1 ochrana: \u010cierny povlak zlep\u0161uje odolnos\u0165 proti kor\u00f3zii<br \/>\nOdoln\u00fd: Tennessee Hickory je hust\u00fd materi\u00e1l, ktor\u00fd odol\u00e1va tvrd\u00e9mu pou\u017e\u00edvaniu<br \/>\nMore Than Chop: F\u00fazy na hlave sekery rie\u0161ia mnoho u\u017eito\u010dn\u00fdch rezn\u00fdch \u00faloh<\/p>\n<p>\u0160PECIFIK\u00c1CIA<br \/>\nD\u013a\u017eka \u010depele 4,65 palca (118,06 mm)<br \/>\nBlade Edge Sekera s kladivom<br \/>\n\u010cepe\u013e oce\u013e Uhl\u00edkov\u00e1 oce\u013e 1055<br \/>\nDokon\u010denie \u010depele Fosf\u00e1tov\u00fd n\u00e1ter mang\u00e1nu<br \/>\nHr\u00fabka \u010depele 1,57&#8243; (39,95 mm)<br \/>\nHmotnos\u0165 0,94 kg<br \/>\nRukov\u00e4\u0165 Tennessee Hickory<br \/>\n\u0160t\u00fdl Sekera<\/p>\n<p>CRKT\u00ae (Columbia River Knife and Tool\u00ae) bol zalo\u017een\u00fd v roku 1994. Od prv\u00e9ho d\u0148a kladie na prv\u00e9 miesto inov\u00e1ciu a integritu. Zaviazal sa vyr\u00e1ba\u0165 no\u017ee a n\u00e1stroje, ktor\u00e9 by in\u0161pirovali a vydr\u017eali. Spolupracuje s najlep\u0161\u00edmi dizajn\u00e9rmi na svete a pracuje na jednoduchom princ\u00edpe: \u017ee najv\u00e4\u010d\u0161ia vec, ktor\u00fa m\u00f4\u017ee z\u00e1kazn\u00edkom da\u0165, je d\u00f4vera v ruk\u00e1ch.<\/p>\n","protected":false},"excerpt":{"rendered":"<p>Sekera <strong>CRKT<\/strong> Berserker Axe.<\/p>\n","protected":false},"featured_media":201428,"comment_status":"open","ping_status":"closed","template":"","meta":[],"pwb-brand":[3249],"product_brand":[],"product_cat":[3190],"product_tag":[3668],"class_list":{"0":"post-331168","1":"product","2":"type-product","3":"status-publish","4":"has-post-thumbnail","6":"pwb-brand-zatvaraci-noz-crkt-delilahs-p-e-c-k-5520","7":"product_cat-sekery-sk","8":"product_tag-b2b-sk","10":"first","11":"instock","12":"taxable","13":"shipping-taxable","14":"purchasable","15":"product-type-simple"},"brands":[{"id":3249,"name":"Zatv\u00e1rac\u00ed N\u00f4\u017e CRKT DELILAH'S P.E.C.K. 5520","slug":"zatvaraci-noz-crkt-delilahs-p-e-c-k-5520"}],"_links":{"self":[{"href":"https:\/\/www.moskito.cz\/sk\/wp-json\/wp\/v2\/product\/331168","targetHints":{"allow":["GET"]}}],"collection":[{"href":"https:\/\/www.moskito.cz\/sk\/wp-json\/wp\/v2\/product"}],"about":[{"href":"https:\/\/www.moskito.cz\/sk\/wp-json\/wp\/v2\/types\/product"}],"replies":[{"embeddable":true,"href":"https:\/\/www.moskito.cz\/sk\/wp-json\/wp\/v2\/comments?post=331168"}],"wp:featuredmedia":[{"embeddable":true,"href":"https:\/\/www.moskito.cz\/sk\/wp-json\/wp\/v2\/media\/201428"}],"wp:attachment":[{"href":"https:\/\/www.moskito.cz\/sk\/wp-json\/wp\/v2\/media?parent=331168"}],"wp:term":[{"taxonomy":"pwb-brand","embeddable":true,"href":"https:\/\/www.moskito.cz\/sk\/wp-json\/wp\/v2\/pwb-brand?post=331168"},{"taxonomy":"product_brand","embeddable":true,"href":"https:\/\/www.moskito.cz\/sk\/wp-json\/wp\/v2\/product_brand?post=331168"},{"taxonomy":"product_cat","embeddable":true,"href":"https:\/\/www.moskito.cz\/sk\/wp-json\/wp\/v2\/product_cat?post=331168"},{"taxonomy":"product_tag","embeddable":true,"href":"https:\/\/www.moskito.cz\/sk\/wp-json\/wp\/v2\/product_tag?post=331168"}],"curies":[{"name":"wp","href":"https:\/\/api.w.org\/{rel}","templated":true}]}}