{"id":331219,"date":"2023-09-28T09:05:04","date_gmt":"2024-04-12T13:11:48","guid":{"rendered":"https:\/\/www.moskito.cz\/produkt\/sekera-crkt-odr-2753\/"},"modified":"2025-05-07T11:10:36","modified_gmt":"2025-05-07T10:10:36","slug":"sekera-crkt-odr-2753","status":"publish","type":"product","link":"https:\/\/www.moskito.cz\/sk\/produkt\/sekera-crkt-odr-2753\/","title":{"rendered":"Sekera CRKT Odr 2753"},"content":{"rendered":"<p>Sekera <strong>CRKT<\/strong> Odr 2753<\/p>\n<p>Multitool v sekere, zoslan\u00fd od bohov.<\/p>\n<p>V\u010faka svojej viac\u00fa\u010delovej hlave, ktor\u00e1 m\u00e1 na jednej strane \u0161tandardn\u00e9 ostrie sekery a na druhej hrot, kos\u00ed Odr\u2122 ako sekera a l\u00e1me p\u00f4du ako trs\u00e1tko. Je to v\u0161estrann\u00fd n\u00e1stroj, ktor\u00fd m\u00f4\u017eete ma\u0165 po ruke v t\u00e1bore alebo doma, ide\u00e1lny na \u0161tiepanie dreva alebo prer\u00e1\u017eanie kamenistej p\u00f4dy.<\/p>\n<p>Kovan\u00e1 h\u00fa\u017eevnatos\u0165: uhl\u00edkov\u00e1 oce\u013e 1055 poskytuje odolnos\u0165 a zachovanie hr\u00e1n<br \/>\nVylep\u0161en\u00e1 ochrana: \u010cierny povlak zlep\u0161uje odolnos\u0165 proti kor\u00f3zii<br \/>\nViac\u00fa\u010delov\u00e1 pom\u00f4cka: \u013dahko \u0161tiepajte drevo alebo pou\u017eite hrot pre penetra\u010dn\u00e9 \u00falohy<br \/>\nOdoln\u00fd: Tennessee hickory je hust\u00fd materi\u00e1l, ktor\u00fd vydr\u017e\u00ed tvrd\u00e9 pou\u017e\u00edvanie<br \/>\nFire Treated: Rukov\u00e4\u0165 z Tennessee hickory je vyp\u00e1len\u00e1, aby sa pridali tmav\u00e9 text\u00fary<\/p>\n<p>Druh ocele: Uhl\u00edkov\u00e1 oce\u013e<br \/>\nMateri\u00e1l \u010depele: 1055<br \/>\nMateri\u00e1l rukov\u00e4te: Drevo<br \/>\nPuzdro: bez puzdra<br \/>\nCelkov\u00e1 d\u013a\u017eka: 53,3 cm<br \/>\nHmotnos\u0165: 710 g<br \/>\nPovrchov\u00e1 \u00faprava \u010depele: \u010dierna<\/p>\n<p>&nbsp;<\/p>\n<p>&nbsp;<\/p>\n","protected":false},"excerpt":{"rendered":"<p><strong>DesignerElmer RoushBrasstown, North Carolina.<\/strong><\/p>\n<p><strong>Elmer str\u00e1vil svoj \u010das na bojisku. Ale to, \u010do ho v t\u00fdchto d\u0148och skuto\u010dne vzru\u0161uje, je boj s hor\u00facou oce\u013eou s kladivom ako kov\u00e1\u010d. Bav\u00ed ho ru\u010dn\u00e9 kovanie funk\u010dn\u00fdch n\u00e1strojov s ostr\u00edm a do programu Forged By War\u2122 prin\u00e1\u0161a viac ako 40 rokov sk\u00fasenost\u00ed. Jeho \u0161pecialitou s\u00fa sekery a historick\u00e9 repliky, ako s\u00fa vikingsk\u00e9 sekery. Hoci jeho n\u00e1vrhy vyzeraj\u00fa moderne, v skuto\u010dnosti s\u00fa zalo\u017een\u00e9 na n\u00e1strojoch a n\u00e1strojoch, ktor\u00e9 siahaj\u00fa tis\u00edce rokov sp\u00e4\u0165.<\/strong><\/p>\n<p>&nbsp;<\/p>\n","protected":false},"featured_media":257005,"comment_status":"open","ping_status":"closed","template":"","meta":[],"pwb-brand":[3249],"product_brand":[],"product_cat":[3190],"product_tag":[3668],"class_list":{"0":"post-331219","1":"product","2":"type-product","3":"status-publish","4":"has-post-thumbnail","6":"pwb-brand-zatvaraci-noz-crkt-delilahs-p-e-c-k-5520","7":"product_cat-sekery-sk","8":"product_tag-b2b-sk","10":"first","11":"instock","12":"taxable","13":"shipping-taxable","14":"purchasable","15":"product-type-simple"},"brands":[{"id":3249,"name":"Zatv\u00e1rac\u00ed N\u00f4\u017e CRKT DELILAH'S P.E.C.K. 5520","slug":"zatvaraci-noz-crkt-delilahs-p-e-c-k-5520"}],"_links":{"self":[{"href":"https:\/\/www.moskito.cz\/sk\/wp-json\/wp\/v2\/product\/331219","targetHints":{"allow":["GET"]}}],"collection":[{"href":"https:\/\/www.moskito.cz\/sk\/wp-json\/wp\/v2\/product"}],"about":[{"href":"https:\/\/www.moskito.cz\/sk\/wp-json\/wp\/v2\/types\/product"}],"replies":[{"embeddable":true,"href":"https:\/\/www.moskito.cz\/sk\/wp-json\/wp\/v2\/comments?post=331219"}],"wp:featuredmedia":[{"embeddable":true,"href":"https:\/\/www.moskito.cz\/sk\/wp-json\/wp\/v2\/media\/257005"}],"wp:attachment":[{"href":"https:\/\/www.moskito.cz\/sk\/wp-json\/wp\/v2\/media?parent=331219"}],"wp:term":[{"taxonomy":"pwb-brand","embeddable":true,"href":"https:\/\/www.moskito.cz\/sk\/wp-json\/wp\/v2\/pwb-brand?post=331219"},{"taxonomy":"product_brand","embeddable":true,"href":"https:\/\/www.moskito.cz\/sk\/wp-json\/wp\/v2\/product_brand?post=331219"},{"taxonomy":"product_cat","embeddable":true,"href":"https:\/\/www.moskito.cz\/sk\/wp-json\/wp\/v2\/product_cat?post=331219"},{"taxonomy":"product_tag","embeddable":true,"href":"https:\/\/www.moskito.cz\/sk\/wp-json\/wp\/v2\/product_tag?post=331219"}],"curies":[{"name":"wp","href":"https:\/\/api.w.org\/{rel}","templated":true}]}}