{"id":331240,"date":"2022-09-17T13:30:02","date_gmt":"2024-04-12T13:28:22","guid":{"rendered":"https:\/\/www.moskito.cz\/produkt\/pevny-noz-crkt-sting-2020\/"},"modified":"2025-11-15T21:11:35","modified_gmt":"2025-11-15T20:11:35","slug":"pevny-noz-crkt-sting-2020","status":"publish","type":"product","link":"https:\/\/www.moskito.cz\/sk\/produkt\/pevny-noz-crkt-sting-2020\/","title":{"rendered":"Pevn\u00fd N\u00f4\u017e CRKT STING 2020"},"content":{"rendered":"<p>Pevn\u00fd N\u00f4\u017e <strong>CRKT<\/strong> STING 2020.<\/p>\n<p>T\u00e1to \u010depe\u013e bola ur\u010den\u00e1 na ch\u00f4dzu.<\/p>\n<p>Taktick\u00fd n\u00f4\u017e s pevnou \u010depe\u013eou s dvoma ostriami a jedn\u00fdm pevn\u00fdm kusom za tepla kovanej ocele pozn\u00e1 svoje miesto &#8211; pripnut\u00fd k top\u00e1nke.<\/p>\n<p>Sting\u2122, vytvoren\u00fd AG Russellom z Rogers, AR, ukazuje pozornos\u0165 jedn\u00e9ho z vyn\u00e1lezcov modern\u00e9ho no\u017eiarskeho priemyslu na detail. Ostatne aj napriek v\u0161etk\u00fdm svojim oceneniam a \u00faspechom je to predov\u0161etk\u00fdm z\u00e1kazkov\u00fd no\u017eiar.<\/p>\n<p>Prakticky nezni\u010dite\u013en\u00e1 \u010depe\u013e s hrotom kopije za\u010d\u00edna \u017eivot ako oby\u010dajn\u00fd polotovar z uhl\u00edkovej ocele 1055, podobnej zliatine pou\u017e\u00edvanej v tradi\u010dn\u00fdch samurajsk\u00fdch me\u010doch. Potom je za tepla kovan\u00fd a presne br\u00fasen\u00fd do kone\u010dn\u00e9ho tvaru. Dvojit\u00e9 brity v\u00e1m poskytuj\u00fa dvojn\u00e1sobn\u00fa ochranu a dvojn\u00e1sobn\u00fa polohu. Potom aplikujeme \u010diernu nereflexn\u00fa pr\u00e1\u0161kov\u00fa povrchov\u00fa \u00fapravu, aby sme odolali kor\u00f3zii v taktick\u00fdch prostrediach, ktor\u00e9 s\u00fa rovnako n\u00e1ro\u010dn\u00e9 ako vy.<\/p>\n<p>Uchopte rukov\u00e4\u0165 a vn\u00edmajte, ako je dokonale tvarovan\u00e1, aby sedela na hol\u00fa ruku alebo ruka v rukavici. V\u0161imnite si jeho v\u00fd\u0161ku, vyv\u00e1\u017eenie a zar\u00e1\u017eok pre palec pre uchopenie. K dispoz\u00edcii je dokonca ve\u013ek\u00fd otvor pre \u0161n\u00farku, tak\u017ee ju m\u00f4\u017eete pou\u017ei\u0165 so \u0161n\u00farkou na z\u00e1p\u00e4stie alebo ju nosi\u0165 ako n\u00f4\u017e na krk. Pokia\u013e ide o obranu, t\u00e1to \u010depe\u013e znamen\u00e1 obchod.<\/p>\n<p>CRKT\u00ae Sting\u2122 je dod\u00e1van\u00fd s vlastn\u00fdm nylonov\u00fdm pre\u0161\u00edvan\u00fdm puzdrom s nylonovou vlo\u017ekou vystu\u017eenou sklom a mo\u017enos\u0165ou p\u00e1skovania pre v\u0161estrann\u00e9 pripevnenie vybavenia alebo sponou na pripevnenie k opasku, batohu alebo top\u00e1nke. Kdeko\u013evek na va\u0161om zariaden\u00ed sed\u00ed, nebude tam dlho sedie\u0165.<\/p>\n<p>Prip\u00fatajte ho a vezmite ho do ka\u017edej situ\u00e1cie. Je pripraven\u00fd bojova\u0165 s ak\u00fdmko\u013evek prostred\u00edm.<\/p>\n<p>\u0160PECIFIK\u00c1CIA<br \/>\nD\u013a\u017eka \u010depele 3,32&#8243; (84,40 mm)<br \/>\nOstrie \u010depele Prost\u00fd<br \/>\n\u010cepe\u013e oce\u013e 1055 uhl\u00edkov\u00e1 oce\u013e<br \/>\nPovrchov\u00e1 \u00faprava \u010depele Farba v spreji<br \/>\nHr\u00fabka \u010depele 0,16&#8243; (4,01 mm)<br \/>\nCelkov\u00e1 d\u013a\u017eka 6,94&#8243; (176,23 mm)<br \/>\nHmotnos\u0165 4,80 oz. (136,08 g)<br \/>\nRukov\u00e4\u0165 1055 uhl\u00edkov\u00e1 oce\u013e<br \/>\n\u0160t\u00fdl N\u00f4\u017e s pevnou \u010depe\u013eou s puzdrom<br \/>\nMateri\u00e1l pl\u00e1\u0161\u0165a Nylon vystu\u017een\u00fd sklom<br \/>\nHmotnos\u0165 pl\u00e1\u0161\u0165a 2,60 oz. (73,71 g)<\/p>\n<p><iframe title=\"Sting Knife | by A.G. Russell\" width=\"800\" height=\"450\" src=\"https:\/\/www.youtube.com\/embed\/D5Ih6atIPBo?feature=oembed\" frameborder=\"0\" allow=\"accelerometer; autoplay; clipboard-write; encrypted-media; gyroscope; picture-in-picture; web-share\" referrerpolicy=\"strict-origin-when-cross-origin\" allowfullscreen><\/iframe><\/p>\n<p>&nbsp;<\/p>\n","protected":false},"excerpt":{"rendered":"<p>Navrhol AG Russell v Rogers, Arkansas.<\/p>\n","protected":false},"featured_media":224893,"comment_status":"open","ping_status":"closed","template":"","meta":[],"pwb-brand":[3249],"product_brand":[],"product_cat":[3187,3186],"product_tag":[3668],"class_list":{"0":"post-331240","1":"product","2":"type-product","3":"status-publish","4":"has-post-thumbnail","6":"pwb-brand-zatvaraci-noz-crkt-delilahs-p-e-c-k-5520","7":"product_cat-pevne-noze-sk","8":"product_cat-noze-sk","9":"product_tag-b2b-sk","11":"first","12":"outofstock","13":"taxable","14":"shipping-taxable","15":"purchasable","16":"product-type-simple"},"brands":[{"id":3249,"name":"Zatv\u00e1rac\u00ed N\u00f4\u017e CRKT DELILAH'S P.E.C.K. 5520","slug":"zatvaraci-noz-crkt-delilahs-p-e-c-k-5520"}],"_links":{"self":[{"href":"https:\/\/www.moskito.cz\/sk\/wp-json\/wp\/v2\/product\/331240","targetHints":{"allow":["GET"]}}],"collection":[{"href":"https:\/\/www.moskito.cz\/sk\/wp-json\/wp\/v2\/product"}],"about":[{"href":"https:\/\/www.moskito.cz\/sk\/wp-json\/wp\/v2\/types\/product"}],"replies":[{"embeddable":true,"href":"https:\/\/www.moskito.cz\/sk\/wp-json\/wp\/v2\/comments?post=331240"}],"wp:featuredmedia":[{"embeddable":true,"href":"https:\/\/www.moskito.cz\/sk\/wp-json\/wp\/v2\/media\/224893"}],"wp:attachment":[{"href":"https:\/\/www.moskito.cz\/sk\/wp-json\/wp\/v2\/media?parent=331240"}],"wp:term":[{"taxonomy":"pwb-brand","embeddable":true,"href":"https:\/\/www.moskito.cz\/sk\/wp-json\/wp\/v2\/pwb-brand?post=331240"},{"taxonomy":"product_brand","embeddable":true,"href":"https:\/\/www.moskito.cz\/sk\/wp-json\/wp\/v2\/product_brand?post=331240"},{"taxonomy":"product_cat","embeddable":true,"href":"https:\/\/www.moskito.cz\/sk\/wp-json\/wp\/v2\/product_cat?post=331240"},{"taxonomy":"product_tag","embeddable":true,"href":"https:\/\/www.moskito.cz\/sk\/wp-json\/wp\/v2\/product_tag?post=331240"}],"curies":[{"name":"wp","href":"https:\/\/api.w.org\/{rel}","templated":true}]}}