{"id":331339,"date":"2022-09-17T14:10:35","date_gmt":"2024-04-12T13:38:20","guid":{"rendered":"https:\/\/www.moskito.cz\/produkt\/pevny-noz-crkt-clever-girl-2709\/"},"modified":"2026-04-02T17:45:31","modified_gmt":"2026-04-02T16:45:31","slug":"pevny-noz-crkt-clever-girl-2709","status":"publish","type":"product","link":"https:\/\/www.moskito.cz\/sk\/produkt\/pevny-noz-crkt-clever-girl-2709\/","title":{"rendered":"Pevn\u00fd N\u00f4\u017e CRKT CLEVER GIRL 2709"},"content":{"rendered":"<p>Pevn\u00fd N\u00f4\u017e <strong>CRKT<\/strong> CLEVER GIRL 2709.<\/p>\n<p>Kovan\u00e9, aby vyzerali \u010do najlep\u0161ie, ke\u010f s\u00fa veci \u0161kared\u00e9. Ke\u010f ste v bojovej situ\u00e1cii v tme, prostredie CQB nechcete nie\u010do pekn\u00e9. Chcete nie\u010do, \u010do m\u00f4\u017eete kresli\u0165 r\u00fdchlo a pou\u017e\u00edva\u0165 in\u0161tinkt\u00edvne. Vst\u00fapte do taktick\u00e9ho no\u017ea s pevnou \u010depe\u013eou Clever Girl\u2122 so zdvihnutou \u010depe\u013eou.<\/p>\n<p>V r\u00e1mci programu Forged By War\u00ae navrhol Austin McGlaun z Columbusu v \u0161t\u00e1te Georgia Clever Girl\u2122. Je v s\u00falade s jeho filozofiou, \u017ee n\u00f4\u017e je viac ako n\u00e1stroj. Je to psychologick\u00fd odstra\u0161uj\u00faci prostriedok, ktor\u00fd sa ve\u013emi l\u00ed\u0161i od zbrane. \u00dato\u010dn\u00edkovi to ve\u013emi r\u00fdchlo povie, \u017ee to mysl\u00edte v\u00e1\u017ene. Clever Girl\u2122 bola vytvoren\u00e1, aby ste ju mohli uchopi\u0165, v pr\u00edpade potreby pou\u017ei\u0165 a potom \u00eds\u0165 domov k svojej rodine.<\/p>\n<p>S \u010diernou, pr\u00e1\u0161kovo lakovanou \u010depe\u013eou, je to n\u00f4\u017e, ktor\u00fd je predov\u0161etk\u00fdm o funkcii. Je tu, aby v\u00e1s chr\u00e1nil a priviedol vojaka domov na konci jeho hliadky \u2013 \u010di u\u017e v poli, na misii alebo vo vysoko stresov\u00fdch prostrediach. Sta\u010d\u00ed uchopi\u0165 pevn\u00fa rukov\u00e4\u0165 G10, ktor\u00e1 poskytuje v\u00fdnimo\u010dn\u00fd \u00fachop, a vytiahnu\u0165 ju z puzdra. Potom nechajte svoje telo be\u017ea\u0165 na autopilota.<\/p>\n<p>V boji o \u017eivot nechce\u0161, aby ti pekn\u00e9 diev\u010da str\u00e1\u017eilo chrb\u00e1t. Chcete Clever Girl\u2122.<\/p>\n<p>O programe Forged By War\u00ae<\/p>\n<p>V roku 2013 sa Ryan Johnson z RMJ Tactical, kon\u0161trukt\u00e9r elitn\u00fdch, vojensk\u00fdch, taktick\u00fdch tomahawkov, obr\u00e1til na CRKT\u00ae so spr\u00e1vou, \u017ee pracoval s nieko\u013ek\u00fdmi vojnov\u00fdmi veter\u00e1nmi, ktor\u00ed sa vr\u00e1tili z vojny s r\u00f4znym stup\u0148om posttraumatick\u00fd stres (PTS).<\/p>\n<p>Aby im pomohli prekona\u0165 ich v\u00fdzvy, navrhli a kovali oce\u013e do vlastn\u00fdch n\u00e1strojov. Na z\u00e1klade svojich sk\u00fasenost\u00ed z\u00edskan\u00fdch v bojov\u00fdch situ\u00e1ci\u00e1ch vytv\u00e1rali n\u00e1stroje, ktor\u00e9 si priali ma\u0165 na bojisku k dispoz\u00edcii.<\/p>\n<p>CRKT\u00ae sa hlboko star\u00e1 o na\u0161ich vracaj\u00facich sa veter\u00e1nov a my sme videli sp\u00f4sob, ako to vr\u00e1ti\u0165 komunite, ktor\u00e1 ich vytvorila. V roku 2016 sme spustili program Forged By War\u00ae.<\/p>\n<p>Ide o n\u00e1stroje pripraven\u00e9 na misiu, navrhnut\u00e9 veter\u00e1nmi, pri\u010dom \u010das\u0165 v\u00fd\u0165a\u017eku je venovan\u00e1 na charitu veter\u00e1nov pod\u013ea v\u00fdberu.<\/p>\n<p>\u0160PECIFIK\u00c1CIA<br \/>\nD\u013a\u017eka \u010depele 4,60&#8243; (116,84 mm)<br \/>\nOstrie \u010depele Prost\u00fd<br \/>\n\u010cepe\u013e oce\u013e SK-5<br \/>\nPovrchov\u00e1 \u00faprava \u010depele Pudr Coat<br \/>\nHr\u00fabka \u010depele 0,16&#8243; (4,01 mm)<br \/>\nCelkov\u00e1 d\u013a\u017eka 10,13&#8243; (257,18 mm)<br \/>\nHmotnos\u0165 6,30 oz (178,60 g)<br \/>\nRukov\u00e4\u0165 G10<br \/>\n\u0160t\u00fdl N\u00f4\u017e s pevnou \u010depe\u013eou s puzdrom<br \/>\nMateri\u00e1l pl\u00e1\u0161\u0165a Termoplast<br \/>\nHmotnos\u0165 pl\u00e1\u0161\u0165a 1,60 oz (45,36 g)<\/p>\n<p><iframe title=\"Forged By War:  Clever Girl Knife by Austin McGlaun\" width=\"800\" height=\"450\" src=\"https:\/\/www.youtube.com\/embed\/mquAgNleDpc?feature=oembed\" frameborder=\"0\" allow=\"accelerometer; autoplay; clipboard-write; encrypted-media; gyroscope; picture-in-picture; web-share\" referrerpolicy=\"strict-origin-when-cross-origin\" allowfullscreen><\/iframe><\/p>\n<p>&nbsp;<\/p>\n","protected":false},"excerpt":{"rendered":"<p>Navrhol Austin McGlaun v Columbuse v \u0161t\u00e1te Georgia.<\/p>\n","protected":false},"featured_media":224921,"comment_status":"open","ping_status":"closed","template":"","meta":[],"pwb-brand":[3249],"product_brand":[],"product_cat":[3187,3186],"product_tag":[3668],"class_list":{"0":"post-331339","1":"product","2":"type-product","3":"status-publish","4":"has-post-thumbnail","6":"pwb-brand-zatvaraci-noz-crkt-delilahs-p-e-c-k-5520","7":"product_cat-pevne-noze-sk","8":"product_cat-noze-sk","9":"product_tag-b2b-sk","11":"first","12":"instock","13":"taxable","14":"shipping-taxable","15":"purchasable","16":"product-type-simple"},"brands":[{"id":3249,"name":"Zatv\u00e1rac\u00ed N\u00f4\u017e CRKT DELILAH'S P.E.C.K. 5520","slug":"zatvaraci-noz-crkt-delilahs-p-e-c-k-5520"}],"_links":{"self":[{"href":"https:\/\/www.moskito.cz\/sk\/wp-json\/wp\/v2\/product\/331339","targetHints":{"allow":["GET"]}}],"collection":[{"href":"https:\/\/www.moskito.cz\/sk\/wp-json\/wp\/v2\/product"}],"about":[{"href":"https:\/\/www.moskito.cz\/sk\/wp-json\/wp\/v2\/types\/product"}],"replies":[{"embeddable":true,"href":"https:\/\/www.moskito.cz\/sk\/wp-json\/wp\/v2\/comments?post=331339"}],"wp:featuredmedia":[{"embeddable":true,"href":"https:\/\/www.moskito.cz\/sk\/wp-json\/wp\/v2\/media\/224921"}],"wp:attachment":[{"href":"https:\/\/www.moskito.cz\/sk\/wp-json\/wp\/v2\/media?parent=331339"}],"wp:term":[{"taxonomy":"pwb-brand","embeddable":true,"href":"https:\/\/www.moskito.cz\/sk\/wp-json\/wp\/v2\/pwb-brand?post=331339"},{"taxonomy":"product_brand","embeddable":true,"href":"https:\/\/www.moskito.cz\/sk\/wp-json\/wp\/v2\/product_brand?post=331339"},{"taxonomy":"product_cat","embeddable":true,"href":"https:\/\/www.moskito.cz\/sk\/wp-json\/wp\/v2\/product_cat?post=331339"},{"taxonomy":"product_tag","embeddable":true,"href":"https:\/\/www.moskito.cz\/sk\/wp-json\/wp\/v2\/product_tag?post=331339"}],"curies":[{"name":"wp","href":"https:\/\/api.w.org\/{rel}","templated":true}]}}