{"id":331403,"date":"2022-09-17T12:48:20","date_gmt":"2024-04-12T13:41:56","guid":{"rendered":"https:\/\/www.moskito.cz\/produkt\/pevny-noz-crkt-catchall-2866\/"},"modified":"2025-05-07T11:10:40","modified_gmt":"2025-05-07T10:10:40","slug":"pevny-noz-crkt-catchall-2866","status":"publish","type":"product","link":"https:\/\/www.moskito.cz\/sk\/produkt\/pevny-noz-crkt-catchall-2866\/","title":{"rendered":"Pevn\u00fd N\u00f4\u017e CRKT CATCHALL 2866"},"content":{"rendered":"<p>Pevn\u00fd N\u00f4\u017e <strong>CRKT<\/strong> CATCHALL 2866.<\/p>\n<p>Rie\u0161i najhor\u0161\u00ed mo\u017en\u00fd scen\u00e1r.<\/p>\n<p>Catchall\u2122, navrhnut\u00fd no\u017eiarom Russom Kommerom, z\u00edskal svoje meno v\u010faka svojej schopnosti fungova\u0165 v rade situ\u00e1ci\u00ed. Tento multifunk\u010dn\u00fd n\u00e1stroj s pevnou \u010depe\u013eou a tvarom \u010depele v tvare ov\u010dej nohy nie je len praktick\u00fdm kuchynsk\u00fdm no\u017eom, je to v\u0161estrann\u00e9 outdoorov\u00e9, \u010do mus\u00edte ma\u0165.<br \/>\nJednoduch\u00e9 ostrenie: \u010depe\u013e z vysoko uhl\u00edkovej nerezovej ocele sa dobre ostrie<br \/>\nU\u017eito\u010dn\u00e1 \u00fa\u017eitkov\u00e1 hodnota: Tvar \u010depele ov\u010dej nohy umo\u017e\u0148uje rezanie<br \/>\nElegantn\u00fd vzh\u013ead: sat\u00e9nov\u00e1 \u010depe\u013e m\u00e1 modern\u00fd vzh\u013ead<br \/>\nPevn\u00e1 a \u013eahk\u00e1: nylonov\u00e1 rukov\u00e4\u0165 vystu\u017een\u00e1 sklom je odoln\u00e1 a \u013eahk\u00e1<br \/>\nSecure Grip: tvarovan\u00e1 rukov\u00e4\u0165 pre v\u00fdnimo\u010dn\u00e9 ovl\u00e1danie<br \/>\nKompatibiln\u00fd s prevodovkou: odoln\u00fd termoplastick\u00fd pl\u00e1\u0161\u0165 s mo\u017enos\u0165ou mont\u00e1\u017ee.<\/p>\n<p>\u0160PECIFIK\u00c1CIA<br \/>\nD\u013a\u017eka \u010depele 5,51&#8243; (140,03 mm)<br \/>\nOstrie \u010depele Prost\u00fd<br \/>\n\u010cepe\u013e oce\u013e 8Cr13MoV<br \/>\nPovrchov\u00e1 \u00faprava \u010depele Sat\u00e9n, \u0161tetec<br \/>\nHr\u00fabka \u010depele 0,13&#8243; (3,35 mm)<br \/>\nCelkov\u00e1 d\u013a\u017eka 10,25&#8243; (260,35 mm)<br \/>\nHmotnos\u0165 7,50 oz (212,62 g)<br \/>\nRukov\u00e4\u0165 Nylon vystu\u017een\u00fd sklom s gumovou vrstvou<br \/>\n\u0160t\u00fdl N\u00f4\u017e s pevnou \u010depe\u013eou s puzdrom<br \/>\nMateri\u00e1l pl\u00e1\u0161\u0165a Termoplast<br \/>\nHmotnos\u0165 pl\u00e1\u0161\u0165a 2,40 oz (68,04 g)<\/p>\n<p><iframe title=\"CRKT CATCHALL\u2122 | Russ Kommer Design\" width=\"800\" height=\"450\" src=\"https:\/\/www.youtube.com\/embed\/ZGcwQnY1Quo?feature=oembed\" frameborder=\"0\" allow=\"accelerometer; autoplay; clipboard-write; encrypted-media; gyroscope; picture-in-picture; web-share\" referrerpolicy=\"strict-origin-when-cross-origin\" allowfullscreen><\/iframe><\/p>\n<p>&nbsp;<\/p>\n","protected":false},"excerpt":{"rendered":"<p>Navrhol Russ Kommer vo Fargo, Severn\u00e1 Dakota.<\/p>\n","protected":false},"featured_media":224824,"comment_status":"open","ping_status":"closed","template":"","meta":[],"pwb-brand":[3249],"product_brand":[],"product_cat":[3187,3186],"product_tag":[3668],"class_list":{"0":"post-331403","1":"product","2":"type-product","3":"status-publish","4":"has-post-thumbnail","6":"pwb-brand-zatvaraci-noz-crkt-delilahs-p-e-c-k-5520","7":"product_cat-pevne-noze-sk","8":"product_cat-noze-sk","9":"product_tag-b2b-sk","11":"first","12":"instock","13":"sale","14":"taxable","15":"shipping-taxable","16":"purchasable","17":"product-type-simple"},"brands":[{"id":3249,"name":"Zatv\u00e1rac\u00ed N\u00f4\u017e CRKT DELILAH'S P.E.C.K. 5520","slug":"zatvaraci-noz-crkt-delilahs-p-e-c-k-5520"}],"_links":{"self":[{"href":"https:\/\/www.moskito.cz\/sk\/wp-json\/wp\/v2\/product\/331403","targetHints":{"allow":["GET"]}}],"collection":[{"href":"https:\/\/www.moskito.cz\/sk\/wp-json\/wp\/v2\/product"}],"about":[{"href":"https:\/\/www.moskito.cz\/sk\/wp-json\/wp\/v2\/types\/product"}],"replies":[{"embeddable":true,"href":"https:\/\/www.moskito.cz\/sk\/wp-json\/wp\/v2\/comments?post=331403"}],"wp:featuredmedia":[{"embeddable":true,"href":"https:\/\/www.moskito.cz\/sk\/wp-json\/wp\/v2\/media\/224824"}],"wp:attachment":[{"href":"https:\/\/www.moskito.cz\/sk\/wp-json\/wp\/v2\/media?parent=331403"}],"wp:term":[{"taxonomy":"pwb-brand","embeddable":true,"href":"https:\/\/www.moskito.cz\/sk\/wp-json\/wp\/v2\/pwb-brand?post=331403"},{"taxonomy":"product_brand","embeddable":true,"href":"https:\/\/www.moskito.cz\/sk\/wp-json\/wp\/v2\/product_brand?post=331403"},{"taxonomy":"product_cat","embeddable":true,"href":"https:\/\/www.moskito.cz\/sk\/wp-json\/wp\/v2\/product_cat?post=331403"},{"taxonomy":"product_tag","embeddable":true,"href":"https:\/\/www.moskito.cz\/sk\/wp-json\/wp\/v2\/product_tag?post=331403"}],"curies":[{"name":"wp","href":"https:\/\/api.w.org\/{rel}","templated":true}]}}