{"id":331494,"date":"2022-09-14T20:11:21","date_gmt":"2024-04-12T13:44:43","guid":{"rendered":"https:\/\/www.moskito.cz\/produkt\/pevny-noz-crkt-biwa-2382\/"},"modified":"2024-04-12T14:44:43","modified_gmt":"2024-04-12T13:44:43","slug":"pevny-noz-crkt-biwa-2382","status":"publish","type":"product","link":"https:\/\/www.moskito.cz\/sk\/produkt\/pevny-noz-crkt-biwa-2382\/","title":{"rendered":"Pevn\u00fd N\u00f4\u017e CRKT BIWA 2382"},"content":{"rendered":"<p>Pevn\u00fd N\u00f4\u017e <strong>CRKT<\/strong> BIWA 2382.<\/p>\n<p>Perov\u00e1 stavba pre \u010doko\u013evek, \u010do skon\u010d\u00ed na t\u00e1borovom menu. Ke\u010f z\u00e1le\u017e\u00ed aj na najmen\u0161ej hmotnosti navy\u0161e, Biwa \u2122 \/bee-wah\/ \u013eahk\u00fd po\u013eovn\u00fd a ryb\u00e1rsky n\u00f4\u017e s pevnou \u010depe\u013eou je vo\u013ebou. S hmotnos\u0165ou iba 1,6 unca sa zastr\u010d\u00ed rovnako nen\u00e1padne ako p\u00e1r \u010fal\u0161\u00edch such\u00fdch mu\u0161iek, ale rozm\u00e1chne sa, ke\u010f vysokohorsk\u00fd pstruh zasiahne va\u0161u \u0161n\u00faru.<\/p>\n<p>Dizajn\u00e9r Alan Folts z Melbourne na Floride vytvoril vlastn\u00fd n\u00f4\u017e, ktor\u00fd sa mal sta\u0165 Biwa po tom, \u010do prekonal tlak svojich minimalistick\u00fdch loveck\u00fdch priate\u013eov, aby vytvoril po\u013eovn\u00fd n\u00f4\u017e, ktor\u00fd bude ma\u0165 \u010do najmen\u0161iu hmotnos\u0165. Biwa\u2122, pomenovan\u00fd po druhu japonsk\u00e9ho pstruha, trafil zna\u010dku.<\/p>\n<p>Dlh\u00e9 dist\u00e1lne z\u00fa\u017eenie na sat\u00e9novo povrchovej \u010depeli je v\u00fdkonn\u00fdm n\u00e1strojom na kr\u00e1janie, uzatv\u00e1ranie a \u010fal\u0161ie. Ke\u010f sa stretnete s dr\u00e1\u017ekovan\u00edm na rukov\u00e4ti G10, je vyroben\u00e1 tak, \u017ee budete vedie\u0165, kde je \u010depe\u013e, aj ke\u010f sa cel\u00fd n\u00f4\u017e potop\u00ed z doh\u013eadu. Siln\u00e9, vstrekovan\u00edm tvarovan\u00e9 puzdro sa \u013eahko pripevn\u00ed k baleniu alebo sa r\u00fdchlo stane no\u017eom na krk.<\/p>\n<p>Stvorenie divo\u010diny, majte sa na pozore.<\/p>\n<p>\u0160PECIFIK\u00c1CIA<br \/>\nD\u013a\u017eka \u010depele 3,02&#8243; (76,66 mm)<br \/>\nOstrie \u010depele Prost\u00fd<br \/>\n\u010cepe\u013e oce\u013e 8Cr13MoV<br \/>\nPovrchov\u00e1 \u00faprava \u010depele Sat\u00e9n<br \/>\nHr\u00fabka \u010depele 0,11&#8243; (2,82 mm)<br \/>\nCelkov\u00e1 d\u013a\u017eka 6,63&#8243; (168,28 mm)<br \/>\nHmotnos\u0165 1,60 oz (45,36 g)<br \/>\nRukov\u00e4\u0165 Vl\u00e1kno napusten\u00e9 \u017eivicou<br \/>\n\u0160t\u00fdl N\u00f4\u017e s pevnou \u010depe\u013eou s puzdrom<br \/>\nMateri\u00e1l pl\u00e1\u0161\u0165a Termoplast<br \/>\nHmotnos\u0165 pl\u00e1\u0161\u0165a 1,10 unca (31,18 g)<\/p>\n<p><iframe title=\"CRKT BIWA\u2122 | Alan Folts Design\" width=\"800\" height=\"450\" src=\"https:\/\/www.youtube.com\/embed\/svqloJHdQ4E?feature=oembed\" frameborder=\"0\" allow=\"accelerometer; autoplay; clipboard-write; encrypted-media; gyroscope; picture-in-picture; web-share\" referrerpolicy=\"strict-origin-when-cross-origin\" allowfullscreen><\/iframe><\/p>\n<p>&nbsp;<\/p>\n","protected":false},"excerpt":{"rendered":"<p>Navrhol Alan Folts v Melbourne na Floride.<\/p>\n","protected":false},"featured_media":224555,"comment_status":"open","ping_status":"closed","template":"","meta":[],"pwb-brand":[3249],"product_brand":[],"product_cat":[3187,3186],"product_tag":[3668],"class_list":{"0":"post-331494","1":"product","2":"type-product","3":"status-publish","4":"has-post-thumbnail","6":"pwb-brand-zatvaraci-noz-crkt-delilahs-p-e-c-k-5520","7":"product_cat-pevne-noze-sk","8":"product_cat-noze-sk","9":"product_tag-b2b-sk","11":"first","12":"instock","13":"sale","14":"taxable","15":"shipping-taxable","16":"purchasable","17":"product-type-simple"},"brands":[{"id":3249,"name":"Zatv\u00e1rac\u00ed N\u00f4\u017e CRKT DELILAH'S P.E.C.K. 5520","slug":"zatvaraci-noz-crkt-delilahs-p-e-c-k-5520"}],"_links":{"self":[{"href":"https:\/\/www.moskito.cz\/sk\/wp-json\/wp\/v2\/product\/331494","targetHints":{"allow":["GET"]}}],"collection":[{"href":"https:\/\/www.moskito.cz\/sk\/wp-json\/wp\/v2\/product"}],"about":[{"href":"https:\/\/www.moskito.cz\/sk\/wp-json\/wp\/v2\/types\/product"}],"replies":[{"embeddable":true,"href":"https:\/\/www.moskito.cz\/sk\/wp-json\/wp\/v2\/comments?post=331494"}],"wp:featuredmedia":[{"embeddable":true,"href":"https:\/\/www.moskito.cz\/sk\/wp-json\/wp\/v2\/media\/224555"}],"wp:attachment":[{"href":"https:\/\/www.moskito.cz\/sk\/wp-json\/wp\/v2\/media?parent=331494"}],"wp:term":[{"taxonomy":"pwb-brand","embeddable":true,"href":"https:\/\/www.moskito.cz\/sk\/wp-json\/wp\/v2\/pwb-brand?post=331494"},{"taxonomy":"product_brand","embeddable":true,"href":"https:\/\/www.moskito.cz\/sk\/wp-json\/wp\/v2\/product_brand?post=331494"},{"taxonomy":"product_cat","embeddable":true,"href":"https:\/\/www.moskito.cz\/sk\/wp-json\/wp\/v2\/product_cat?post=331494"},{"taxonomy":"product_tag","embeddable":true,"href":"https:\/\/www.moskito.cz\/sk\/wp-json\/wp\/v2\/product_tag?post=331494"}],"curies":[{"name":"wp","href":"https:\/\/api.w.org\/{rel}","templated":true}]}}