{"id":331572,"date":"2022-09-14T17:27:14","date_gmt":"2024-04-12T13:50:14","guid":{"rendered":"https:\/\/www.moskito.cz\/produkt\/pevny-noz-crkt-spec-small-pocket-everyday-cleaver-2398\/"},"modified":"2025-05-07T11:10:41","modified_gmt":"2025-05-07T10:10:41","slug":"pevny-noz-crkt-spec-small-pocket-everyday-cleaver-2398","status":"publish","type":"product","link":"https:\/\/www.moskito.cz\/sk\/produkt\/pevny-noz-crkt-spec-small-pocket-everyday-cleaver-2398\/","title":{"rendered":"Pevn\u00fd N\u00f4\u017e CRKT SPEC (SMALL. POCKET. EVERYDAY. CLEAVER.) 2398"},"content":{"rendered":"<p>Pevn\u00fd N\u00f4\u017e <strong>CRKT<\/strong> SPEC (SMALL. POCKET. EVERYDAY. CLEAVER.) 2398.<\/p>\n<p>V\u00fdkonn\u00fd uch\u00e1dza\u010d o rezanie.<\/p>\n<p>Kosenie, kr\u00e1janie alebo kocky, SPEC\u2122 (MAL\u00c1 VRECKO. KA\u017dD\u00dd DE\u0147. CLEAVER.) sa postar\u00e1 o va\u0161e potreby pri rezan\u00ed na cest\u00e1ch. Tento prenosn\u00fd n\u00f4\u017e, navrhnut\u00fd no\u017eiarom Alanom Foltsom, je vyh\u013ead\u00e1van\u00fdm z\u00e1kladom pre t\u00e1borov\u00e9 kuchyne, spracovanie dreva a r\u00f4zne \u00falohy v gar\u00e1\u017ei. Tento prepracovan\u00fd n\u00f4\u017e, in\u0161pirovan\u00fd mocn\u00fdm m\u00e4siarskym sek\u00e1\u010dikom vyroben\u00fdm pre kl\u00e1t na sekanie, nedovol\u00ed, aby ho jeho prenosn\u00e1 ve\u013ekos\u0165 zdr\u017eala.<\/p>\n<p>\u0160PECIFIK\u00c1CIA<br \/>\nD\u013a\u017eka \u010depele 2,44&#8243; (61,87 mm)<br \/>\nOstrie \u010depele Prost\u00fd<br \/>\n\u010cepe\u013e oce\u013e 8Cr13MoV<br \/>\nPovrchov\u00e1 \u00faprava \u010depele Odstrel kor\u00e1likov<br \/>\nHr\u00fabka \u010depele 0,10&#8243; (2,64 mm)<br \/>\nCelkov\u00e1 d\u013a\u017eka 5,63&#8243; (142,88 mm)<br \/>\nHmotnos\u0165 2,10 unca (59,53 g)<br \/>\nRukov\u00e4\u0165 G10<br \/>\n\u0160t\u00fdl N\u00f4\u017e s pevnou \u010depe\u013eou s puzdrom<br \/>\nMateri\u00e1l pl\u00e1\u0161\u0165a Termoplast<br \/>\nHmotnos\u0165 pl\u00e1\u0161\u0165a 1,10 unca (31,18 g)<\/p>\n","protected":false},"excerpt":{"rendered":"<p>Navrhol Alan Folts v Melbourne na Floride.<\/p>\n","protected":false},"featured_media":224489,"comment_status":"open","ping_status":"closed","template":"","meta":[],"pwb-brand":[3249],"product_brand":[],"product_cat":[3186,3187],"product_tag":[3668],"class_list":{"0":"post-331572","1":"product","2":"type-product","3":"status-publish","4":"has-post-thumbnail","6":"pwb-brand-zatvaraci-noz-crkt-delilahs-p-e-c-k-5520","7":"product_cat-noze-sk","8":"product_cat-pevne-noze-sk","9":"product_tag-b2b-sk","11":"first","12":"instock","13":"taxable","14":"shipping-taxable","15":"purchasable","16":"product-type-simple"},"brands":[{"id":3249,"name":"Zatv\u00e1rac\u00ed N\u00f4\u017e CRKT DELILAH'S P.E.C.K. 5520","slug":"zatvaraci-noz-crkt-delilahs-p-e-c-k-5520"}],"_links":{"self":[{"href":"https:\/\/www.moskito.cz\/sk\/wp-json\/wp\/v2\/product\/331572","targetHints":{"allow":["GET"]}}],"collection":[{"href":"https:\/\/www.moskito.cz\/sk\/wp-json\/wp\/v2\/product"}],"about":[{"href":"https:\/\/www.moskito.cz\/sk\/wp-json\/wp\/v2\/types\/product"}],"replies":[{"embeddable":true,"href":"https:\/\/www.moskito.cz\/sk\/wp-json\/wp\/v2\/comments?post=331572"}],"wp:featuredmedia":[{"embeddable":true,"href":"https:\/\/www.moskito.cz\/sk\/wp-json\/wp\/v2\/media\/224489"}],"wp:attachment":[{"href":"https:\/\/www.moskito.cz\/sk\/wp-json\/wp\/v2\/media?parent=331572"}],"wp:term":[{"taxonomy":"pwb-brand","embeddable":true,"href":"https:\/\/www.moskito.cz\/sk\/wp-json\/wp\/v2\/pwb-brand?post=331572"},{"taxonomy":"product_brand","embeddable":true,"href":"https:\/\/www.moskito.cz\/sk\/wp-json\/wp\/v2\/product_brand?post=331572"},{"taxonomy":"product_cat","embeddable":true,"href":"https:\/\/www.moskito.cz\/sk\/wp-json\/wp\/v2\/product_cat?post=331572"},{"taxonomy":"product_tag","embeddable":true,"href":"https:\/\/www.moskito.cz\/sk\/wp-json\/wp\/v2\/product_tag?post=331572"}],"curies":[{"name":"wp","href":"https:\/\/api.w.org\/{rel}","templated":true}]}}