{"id":331679,"date":"2022-09-14T19:42:17","date_gmt":"2024-04-12T13:55:04","guid":{"rendered":"https:\/\/www.moskito.cz\/produkt\/pevny-noz-crkt-tailbone-2415\/"},"modified":"2025-05-07T11:10:43","modified_gmt":"2025-05-07T10:10:43","slug":"pevny-noz-crkt-tailbone-2415","status":"publish","type":"product","link":"https:\/\/www.moskito.cz\/sk\/produkt\/pevny-noz-crkt-tailbone-2415\/","title":{"rendered":"Pevn\u00fd N\u00f4\u017e CRKT TAILBONE 2415"},"content":{"rendered":"<p>Pevn\u00fd N\u00f4\u017e <strong>CRKT<\/strong> TAILBONE 2415.<\/p>\n<p>M\u00f4\u017ee to vyzera\u0165 ako pevn\u00e1 \u010depe\u013e, ale v hre je viac. Outdoorov\u00fd n\u00f4\u017e s pevnou \u010depe\u013eou Tailbone\u2122 na prv\u00fd poh\u013ead vyzer\u00e1 ako oby\u010dajn\u00fd kr\u010dn\u00fd n\u00f4\u017e s rukov\u00e4\u0165ou omotanou paracordom. Ale v ruke to o\u017e\u00edva. Rukov\u00e4\u0165 re\u0165aze stroja sa pohybuje pre vynikaj\u00facu ergon\u00f3miu, ale zost\u00e1va dokonale pevn\u00e1 pri rezan\u00ed alebo kr\u00e1jan\u00ed. Je vysoko pou\u017eite\u013en\u00fd a \u00faplne ne\u010dakan\u00fd.<\/p>\n<p>V na\u0161om svete s\u00fa biomimikry \u2013 n\u00e1vrhy in\u0161pirovan\u00e9 pr\u00edrodn\u00fdm svetom \u2013 v\u0161ade. TJ Schwarz z Boise v Idahu si tento koncept po\u017ei\u010dal, ke\u010f navrhol rukov\u00e4\u0165 no\u017ea s pevnou \u010depe\u013eou pod\u013ea rybej chrbtice. TJ sa nikdy nevyh\u00fdba odv\u00e1\u017enemu nov\u00e9mu n\u00e1padu. TJ vytvoril Tailbone\u2122 s jednoduchou \u010depe\u013eou s hrotom umyt\u00fdm kame\u0148om a rukov\u00e4\u0165ou, ktor\u00e1 vyf\u00fakne konvencie z vody. Flexibiln\u00e1 rukov\u00e4\u0165 sa pohybuje vertik\u00e1lne a prisp\u00f4sobuje sa v\u00e1\u0161mu \u00fachopu alebo hrudn\u00edku, ke\u010f je nosen\u00e1 ako n\u00f4\u017e na krk bez toho, aby umo\u017e\u0148ovala ak\u00fako\u013evek horizont\u00e1lnu hru. Je zabalen\u00e9 do paracordu pre lep\u0161\u00ed \u00fachop s ve\u013ek\u00fdm otvorom pre prsty a lemovan\u00edm na ovl\u00e1danie. Siln\u00e9, vstrekovan\u00edm tvarovan\u00e9 puzdro sa \u013eahko pripevn\u00ed k baleniu alebo sa r\u00fdchlo stane no\u017eom na krk.<\/p>\n<p>Tailbone \u2122 je v\u0161etk\u00fdm, \u010do ste o\u010dak\u00e1vali, a v\u0161etk\u00fdm, \u010do matka pr\u00edroda nie.<\/p>\n<p>\u0160PECIFIK\u00c1CIA<br \/>\nD\u013a\u017eka \u010depele 2,13&#8243; (53,98 mm)<br \/>\nOstrie \u010depele Prost\u00fd<br \/>\n\u010cepe\u013e oce\u013e 8Cr13MoV<br \/>\nPovrchov\u00e1 \u00faprava \u010depele Stonewash<br \/>\nHr\u00fabka \u010depele 0,15&#8243; (3,91 mm)<br \/>\nCelkov\u00e1 d\u013a\u017eka 6,31&#8243; (160,35 mm)<br \/>\nHmotnos\u0165 2,00 oz (56,70 g)<br \/>\nRukov\u00e4\u0165 Uhl\u00edkov\u00e1 oce\u013e omotan\u00e1 \u0161n\u00farou<br \/>\n\u0160t\u00fdl N\u00f4\u017e s pevnou \u010depe\u013eou s puzdrom<br \/>\nMateri\u00e1l pl\u00e1\u0161\u0165a Termoplast<br \/>\nHmotnos\u0165 pl\u00e1\u0161\u0165a 1,00 unca (28,35 g)<\/p>\n<p><iframe title=\"CRKT TAILBONE\u2122 | T.J. Schwarz Design\" width=\"800\" height=\"450\" src=\"https:\/\/www.youtube.com\/embed\/_nRDhu-pd_w?feature=oembed\" frameborder=\"0\" allow=\"accelerometer; autoplay; clipboard-write; encrypted-media; gyroscope; picture-in-picture; web-share\" referrerpolicy=\"strict-origin-when-cross-origin\" allowfullscreen><\/iframe><\/p>\n<p>&nbsp;<\/p>\n","protected":false},"excerpt":{"rendered":"<p>Navrhol TJ Schwarz v Boise, Idaho.<\/p>\n","protected":false},"featured_media":224524,"comment_status":"open","ping_status":"closed","template":"","meta":[],"pwb-brand":[3249],"product_brand":[],"product_cat":[3187,3186],"product_tag":[3668],"class_list":{"0":"post-331679","1":"product","2":"type-product","3":"status-publish","4":"has-post-thumbnail","6":"pwb-brand-zatvaraci-noz-crkt-delilahs-p-e-c-k-5520","7":"product_cat-pevne-noze-sk","8":"product_cat-noze-sk","9":"product_tag-b2b-sk","11":"first","12":"instock","13":"sale","14":"taxable","15":"shipping-taxable","16":"purchasable","17":"product-type-simple"},"brands":[{"id":3249,"name":"Zatv\u00e1rac\u00ed N\u00f4\u017e CRKT DELILAH'S P.E.C.K. 5520","slug":"zatvaraci-noz-crkt-delilahs-p-e-c-k-5520"}],"_links":{"self":[{"href":"https:\/\/www.moskito.cz\/sk\/wp-json\/wp\/v2\/product\/331679","targetHints":{"allow":["GET"]}}],"collection":[{"href":"https:\/\/www.moskito.cz\/sk\/wp-json\/wp\/v2\/product"}],"about":[{"href":"https:\/\/www.moskito.cz\/sk\/wp-json\/wp\/v2\/types\/product"}],"replies":[{"embeddable":true,"href":"https:\/\/www.moskito.cz\/sk\/wp-json\/wp\/v2\/comments?post=331679"}],"wp:featuredmedia":[{"embeddable":true,"href":"https:\/\/www.moskito.cz\/sk\/wp-json\/wp\/v2\/media\/224524"}],"wp:attachment":[{"href":"https:\/\/www.moskito.cz\/sk\/wp-json\/wp\/v2\/media?parent=331679"}],"wp:term":[{"taxonomy":"pwb-brand","embeddable":true,"href":"https:\/\/www.moskito.cz\/sk\/wp-json\/wp\/v2\/pwb-brand?post=331679"},{"taxonomy":"product_brand","embeddable":true,"href":"https:\/\/www.moskito.cz\/sk\/wp-json\/wp\/v2\/product_brand?post=331679"},{"taxonomy":"product_cat","embeddable":true,"href":"https:\/\/www.moskito.cz\/sk\/wp-json\/wp\/v2\/product_cat?post=331679"},{"taxonomy":"product_tag","embeddable":true,"href":"https:\/\/www.moskito.cz\/sk\/wp-json\/wp\/v2\/product_tag?post=331679"}],"curies":[{"name":"wp","href":"https:\/\/api.w.org\/{rel}","templated":true}]}}