{"id":331689,"date":"2022-09-13T20:26:20","date_gmt":"2024-04-12T13:55:13","guid":{"rendered":"https:\/\/www.moskito.cz\/produkt\/pevny-noz-crkt-obake-2367\/"},"modified":"2025-05-07T11:10:44","modified_gmt":"2025-05-07T10:10:44","slug":"pevny-noz-crkt-obake-2367","status":"publish","type":"product","link":"https:\/\/www.moskito.cz\/sk\/produkt\/pevny-noz-crkt-obake-2367\/","title":{"rendered":"Pevn\u00fd N\u00f4\u017e CRKT OBAKE 2367"},"content":{"rendered":"<p>Pevn\u00fd N\u00f4\u017e <strong>CRKT<\/strong> OBAKE 2367.<\/p>\n<p>Nie\u010do to o v\u00e1s vypoved\u00e1. Len od\u00eds\u0165.<\/p>\n<p>Tento takticky in\u0161pirovan\u00fd n\u00f4\u017e na ka\u017edodenn\u00e9 nosenie s jedine\u010dne leptanou \u010depe\u013eou a rukov\u00e4\u0165ou v \u0161t\u00fdle ray-skin omotanej \u0161n\u00farkou je skuto\u010dn\u00fdm stelesnen\u00edm cool.<\/p>\n<p>Obake\u2122, navrhnut\u00fd Lucasom Burnleym z Bend, OR, je rafinovanou kombin\u00e1ciou klasick\u00e9ho \u0161t\u00fdlu no\u017ea postaven\u00e9ho s modern\u00fdmi materi\u00e1lmi a technikami. Je to \u010fal\u0161\u00ed pr\u00edklad Burnleyho presved\u010denia, \u017ee no\u017ee s\u00fa osobn\u00fdm vyjadren\u00edm nez\u00e1vislosti. A tento rob\u00ed vyhl\u00e1senie, ke\u010f ho privediete k akcii.<\/p>\n<p>Je n\u00e1vratom ku klasick\u00e9mu japonsk\u00e9mu dizajnu Kwaiken a vyzna\u010duje sa pevnou \u010depe\u013eou s pevnou \u010depe\u013eou s jedine\u010dn\u00fdm \u0161ed\u00fdm povrchom z nitridu tit\u00e1nu, ktor\u00fd je leptan\u00fd kyselinou, aby ka\u017ed\u00fd n\u00f4\u017e z\u00edskal jedine\u010dn\u00fd vzh\u013ead. Je to, ako by vyrobil \u010depe\u013e v\u00fdhradne pre v\u00e1s, aby ste ju odhodili, ke\u010f sa objav\u00ed potreba u\u017eito\u010dnosti.<\/p>\n<p>Rukov\u00e4\u0165 m\u00e1 nylonov\u00fa \u0161n\u00faru v \u0161t\u00fdle Katana omotan\u00fa \u010diernou umelou ray-ko\u017eou pre v\u00fdnimo\u010dn\u00fd a bezpe\u010dn\u00fd \u00fachop za ka\u017ed\u00e9ho po\u010dasia. Ke\u010f sa chystaj\u00fa b\u00farky alebo probl\u00e9my, budete pripraven\u00ed.<\/p>\n<p>Po\u0161va Obake\u2122 je vyroben\u00e1 z nylonu vystu\u017een\u00e9ho sklen\u00fdmi vl\u00e1knami, ktor\u00fd zais\u0165uje konzistentn\u00e9 zadr\u017eanie aj vo vlhkom prostred\u00ed. Paracord \u0161n\u00farka na puzdre je navrhnut\u00e1 tak, aby sa pripevnila k p\u00fatku na opasok a udr\u017eala puzdro na mieste pri nasaden\u00ed no\u017ea. Kor\u00e1lik z lebky dod\u00e1va lanyardu paracord nie tak jemn\u00fd akcent.<\/p>\n<p>Obake\u2122 neh\u013ead\u00e1 pr\u00e1cu, ale je pripraven\u00fd uk\u00e1za\u0165 sa ako \u0161\u00e9f, ke\u010f je \u010das dokon\u010di\u0165 pr\u00e1cu.<\/p>\n<p>\u0160PECIFIK\u00c1CIA<br \/>\nD\u013a\u017eka \u010depele 3,55&#8243; (90,27 mm)<br \/>\nOstrie \u010depele Prost\u00fd<br \/>\n\u010cepe\u013e oce\u013e 8Cr13MoV<br \/>\nPovrchov\u00e1 \u00faprava \u010depele Nitrid tit\u00e1nu, leptanie kyselinou<br \/>\nHr\u00fabka \u010depele 0,13&#8243; (3,18 mm)<br \/>\nCelkov\u00e1 d\u013a\u017eka 7,56&#8243; (192,10 mm)<br \/>\nHmotnos\u0165 2,40 unca (68,04 g)<br \/>\nRukov\u00e4\u0165 Nerezov\u00e1 oce\u013e omotan\u00e1 k\u00e1blom<br \/>\n\u0160t\u00fdl N\u00f4\u017e s pevnou \u010depe\u013eou s puzdrom<br \/>\nPo\u0161va Lanyard \u010cierna \u0161n\u00fara; kovov\u00e1 kor\u00e1lka lebky &#8211; liata zliatina zinku, galvanick\u00e9 pochr\u00f3movanie<br \/>\nMateri\u00e1l pl\u00e1\u0161\u0165a Termoplast<br \/>\nHmotnos\u0165 pl\u00e1\u0161\u0165a 1,10 unca (31,18 g)<\/p>\n<p><iframe title=\"CRKT Obake Knife Overview | by Lucas Burnley\" width=\"800\" height=\"450\" src=\"https:\/\/www.youtube.com\/embed\/NpIHiL2JFnc?feature=oembed\" frameborder=\"0\" allow=\"accelerometer; autoplay; clipboard-write; encrypted-media; gyroscope; picture-in-picture; web-share\" referrerpolicy=\"strict-origin-when-cross-origin\" allowfullscreen><\/iframe><\/p>\n<p>&nbsp;<\/p>\n","protected":false},"excerpt":{"rendered":"<p>Navrhol Lucas Burnley v Bend, Oregon.<\/p>\n","protected":false},"featured_media":224422,"comment_status":"open","ping_status":"closed","template":"","meta":[],"pwb-brand":[3249],"product_brand":[],"product_cat":[3187,3186],"product_tag":[3668],"class_list":{"0":"post-331689","1":"product","2":"type-product","3":"status-publish","4":"has-post-thumbnail","6":"pwb-brand-zatvaraci-noz-crkt-delilahs-p-e-c-k-5520","7":"product_cat-pevne-noze-sk","8":"product_cat-noze-sk","9":"product_tag-b2b-sk","11":"first","12":"outofstock","13":"taxable","14":"shipping-taxable","15":"purchasable","16":"product-type-simple"},"brands":[{"id":3249,"name":"Zatv\u00e1rac\u00ed N\u00f4\u017e CRKT DELILAH'S P.E.C.K. 5520","slug":"zatvaraci-noz-crkt-delilahs-p-e-c-k-5520"}],"_links":{"self":[{"href":"https:\/\/www.moskito.cz\/sk\/wp-json\/wp\/v2\/product\/331689","targetHints":{"allow":["GET"]}}],"collection":[{"href":"https:\/\/www.moskito.cz\/sk\/wp-json\/wp\/v2\/product"}],"about":[{"href":"https:\/\/www.moskito.cz\/sk\/wp-json\/wp\/v2\/types\/product"}],"replies":[{"embeddable":true,"href":"https:\/\/www.moskito.cz\/sk\/wp-json\/wp\/v2\/comments?post=331689"}],"wp:featuredmedia":[{"embeddable":true,"href":"https:\/\/www.moskito.cz\/sk\/wp-json\/wp\/v2\/media\/224422"}],"wp:attachment":[{"href":"https:\/\/www.moskito.cz\/sk\/wp-json\/wp\/v2\/media?parent=331689"}],"wp:term":[{"taxonomy":"pwb-brand","embeddable":true,"href":"https:\/\/www.moskito.cz\/sk\/wp-json\/wp\/v2\/pwb-brand?post=331689"},{"taxonomy":"product_brand","embeddable":true,"href":"https:\/\/www.moskito.cz\/sk\/wp-json\/wp\/v2\/product_brand?post=331689"},{"taxonomy":"product_cat","embeddable":true,"href":"https:\/\/www.moskito.cz\/sk\/wp-json\/wp\/v2\/product_cat?post=331689"},{"taxonomy":"product_tag","embeddable":true,"href":"https:\/\/www.moskito.cz\/sk\/wp-json\/wp\/v2\/product_tag?post=331689"}],"curies":[{"name":"wp","href":"https:\/\/api.w.org\/{rel}","templated":true}]}}