{"id":331732,"date":"2022-09-14T20:55:19","date_gmt":"2024-04-12T13:56:39","guid":{"rendered":"https:\/\/www.moskito.cz\/produkt\/pevny-noz-crkt-minimalist-katana-2394\/"},"modified":"2025-05-07T11:10:45","modified_gmt":"2025-05-07T10:10:45","slug":"pevny-noz-crkt-minimalist-katana-2394","status":"publish","type":"product","link":"https:\/\/www.moskito.cz\/sk\/produkt\/pevny-noz-crkt-minimalist-katana-2394\/","title":{"rendered":"Pevn\u00fd N\u00f4\u017e CRKT MINIMALIST KATANA 2394"},"content":{"rendered":"<p>Pevn\u00fd N\u00f4\u017e <strong>CRKT<\/strong> MINIMALIST KATANA 2394.<\/p>\n<p>Presnos\u0165 je sila.<\/p>\n<p>V\u00fdrobca no\u017eov Alan Folts predstavuje Minimalist\u00ae Katana, design, ktor\u00fd je rovnako tak o ovl\u00e1dan\u00ed, ako o schopnostiach. Po vzore p\u00f4vodn\u00e9ho Minimalist\u00ae so nie\u010do v\u00e4\u010d\u0161ou \u010depe\u013eou si st\u00e1le m\u00f4\u017eete vy\u017e\u00edva\u0165 v jeho \u013eahkom a prenosnom zlo\u017een\u00ed pre v\u0161estrannos\u0165 na cest\u00e1ch. Ak uchop\u00edte trojprstov\u00fa rukov\u00e4\u0165, spozn\u00e1te to hne\u010f \u2013 toto je Minimalist\u00ae cez naskrz.<br \/>\nJednoduch\u00e9 ostrenie: \u010cepe\u013e z vysoko uhl\u00edkovej nerezovej ocele dobre zaber\u00e1 ostrie<br \/>\nMinimalizuje odrazivos\u0165: Povrchov\u00e1 \u00faprava perli\u010dkov\u00fdm tryskan\u00edm zni\u017euje odraz<br \/>\nPevn\u00e1 a vizu\u00e1lna: Rukov\u00e4\u0165 zo \u017eivice v sebe sp\u00e1ja silu s vizu\u00e1lnou pr\u00ed\u0165a\u017elivos\u0165ou<br \/>\nKompatibiln\u00fd s prevodovkou: Odoln\u00fd termoplastick\u00fd pl\u00e1\u0161\u0165 s mo\u017enos\u0165ou mont\u00e1\u017ee<br \/>\nKompaktn\u00fd n\u00e1stroj: \u013dahk\u00fd a \u013eahko prenosn\u00fd.<\/p>\n<p>\u0160PECIFIK\u00c1CIA<br \/>\nD\u013a\u017eka \u010depele 3,56&#8243; (90,50 mm)<br \/>\nOstrie \u010depele Prost\u00fd<br \/>\n\u010cepe\u013e oce\u013e 8Cr13MoV<br \/>\nPovrchov\u00e1 \u00faprava \u010depele Odstrel kor\u00e1likov<br \/>\nHr\u00fabka \u010depele 0,13&#8243; (3,30 mm)<br \/>\nCelkov\u00e1 d\u013a\u017eka 6,63&#8243; (168,28 mm)<br \/>\nHmotnos\u0165 2,40 unca (68,04 g)<br \/>\nRukov\u00e4\u0165 Vl\u00e1kno napusten\u00e9 \u017eivicou<br \/>\n\u0160t\u00fdl N\u00f4\u017e s pevnou \u010depe\u013eou s puzdrom<br \/>\nMateri\u00e1l pl\u00e1\u0161\u0165a Termoplast<br \/>\nHmotnos\u0165 pl\u00e1\u0161\u0165a 1,30 oz (36,85 g)<\/p>\n<p>&nbsp;<\/p>\n","protected":false},"excerpt":{"rendered":"<p>Navrhol Alan Folts v Melbourne na Floride.<\/p>\n","protected":false},"featured_media":224581,"comment_status":"open","ping_status":"closed","template":"","meta":[],"pwb-brand":[3249],"product_brand":[],"product_cat":[3186,3187],"product_tag":[3668],"class_list":{"0":"post-331732","1":"product","2":"type-product","3":"status-publish","4":"has-post-thumbnail","6":"pwb-brand-zatvaraci-noz-crkt-delilahs-p-e-c-k-5520","7":"product_cat-noze-sk","8":"product_cat-pevne-noze-sk","9":"product_tag-b2b-sk","11":"first","12":"instock","13":"taxable","14":"shipping-taxable","15":"purchasable","16":"product-type-simple"},"brands":[{"id":3249,"name":"Zatv\u00e1rac\u00ed N\u00f4\u017e CRKT DELILAH'S P.E.C.K. 5520","slug":"zatvaraci-noz-crkt-delilahs-p-e-c-k-5520"}],"_links":{"self":[{"href":"https:\/\/www.moskito.cz\/sk\/wp-json\/wp\/v2\/product\/331732","targetHints":{"allow":["GET"]}}],"collection":[{"href":"https:\/\/www.moskito.cz\/sk\/wp-json\/wp\/v2\/product"}],"about":[{"href":"https:\/\/www.moskito.cz\/sk\/wp-json\/wp\/v2\/types\/product"}],"replies":[{"embeddable":true,"href":"https:\/\/www.moskito.cz\/sk\/wp-json\/wp\/v2\/comments?post=331732"}],"wp:featuredmedia":[{"embeddable":true,"href":"https:\/\/www.moskito.cz\/sk\/wp-json\/wp\/v2\/media\/224581"}],"wp:attachment":[{"href":"https:\/\/www.moskito.cz\/sk\/wp-json\/wp\/v2\/media?parent=331732"}],"wp:term":[{"taxonomy":"pwb-brand","embeddable":true,"href":"https:\/\/www.moskito.cz\/sk\/wp-json\/wp\/v2\/pwb-brand?post=331732"},{"taxonomy":"product_brand","embeddable":true,"href":"https:\/\/www.moskito.cz\/sk\/wp-json\/wp\/v2\/product_brand?post=331732"},{"taxonomy":"product_cat","embeddable":true,"href":"https:\/\/www.moskito.cz\/sk\/wp-json\/wp\/v2\/product_cat?post=331732"},{"taxonomy":"product_tag","embeddable":true,"href":"https:\/\/www.moskito.cz\/sk\/wp-json\/wp\/v2\/product_tag?post=331732"}],"curies":[{"name":"wp","href":"https:\/\/api.w.org\/{rel}","templated":true}]}}