{"id":331987,"date":"2024-04-13T19:07:23","date_gmt":"2024-04-13T18:10:40","guid":{"rendered":"https:\/\/www.moskito.cz\/produkt\/zatvaraci-noz-crkt-psd-ii-7910\/"},"modified":"2025-05-07T11:10:51","modified_gmt":"2025-05-07T10:10:51","slug":"zatvaraci-noz-crkt-psd-ii-7910","status":"publish","type":"product","link":"https:\/\/www.moskito.cz\/sk\/produkt\/zatvaraci-noz-crkt-psd-ii-7910\/","title":{"rendered":"Zatv\u00e1rac\u00ed N\u00f4\u017e CRKT PSD II 7910"},"content":{"rendered":"<p>Zatv\u00e1rac\u00ed N\u00f4\u017e <strong>CRKT<\/strong> PSD II 7910.<\/p>\n<p>R\u00fdchly, v\u00fdkonn\u00fd, prenosn\u00fd. P\u00f4vodn\u00fd PSD Jima Hammonda si vysl\u00fa\u017eilo svoje meno (Particle. Separation. Device.) pre svoju schopnos\u0165 prereza\u0165 takmer \u010doko\u013evek a kdeko\u013evek. PSD II prin\u00e1\u0161a rovnak\u00fa schopnos\u0165 men\u0161iemu, prenosnej\u0161iemu zatv\u00e1raciemu no\u017eu, ktor\u00fd ohol\u00ed viac ako jeden palec z celkovej d\u013a\u017eky. St\u00e1le n\u00e1jdete nehrdzavej\u00facu, plne vratn\u00fa \u010depe\u013e a asistovan\u00e9 otv\u00e1ranie s lo\u017eiskami IKBS pre r\u00fdchle a jednoduch\u00e9 ovl\u00e1danie jednou rukou, ale teraz vo vylep\u0161enom preveden\u00ed na ka\u017edodenn\u00e9 nosenie.<\/p>\n<p>Ako funguje asistovan\u00e9 otv\u00e1ranie<\/p>\n<p>Je dr\u017ean\u00fd bezpe\u010dne zatvoren\u00fd vo vrecku, ale zah\u00e1jte rozmiestnenie av \u010dasti ot\u00e1\u010dania sa \u010depe\u013e otvor\u00ed p\u00f4sobivou r\u00fdchlos\u0165ou pre jednoduch\u00e9, v\u00fdkonn\u00e9 otvorenie jednou rukou.<\/p>\n<p>\u010cepe\u013e oce\u013e AUS 10<br \/>\nBlade Edge Plain<br \/>\nPovrchov\u00e1 \u00faprava \u010depele EDP<br \/>\nD\u013a\u017eka \u010depele: 7.69 cm<br \/>\nCelkov\u00e1 d\u013a\u017eka: 17.78 cm<br \/>\nD\u013a\u017eka v zatvorenom stave: 10.15 cm<br \/>\nHmotnos\u0165 3,60 oz. (102,06 g)<br \/>\nMateri\u00e1l rukov\u00e4te G10<br \/>\n\u0160t\u00fdlov\u00fd zatv\u00e1rac\u00ed n\u00f4\u017e s podporou Liner Lock<\/p>\n<p><iframe title=\"CRKT P.S.D.\u2122 II  I Jim Hammond Design\" width=\"800\" height=\"450\" src=\"https:\/\/www.youtube.com\/embed\/WqtSo-oNagU?feature=oembed\" frameborder=\"0\" allow=\"accelerometer; autoplay; clipboard-write; encrypted-media; gyroscope; picture-in-picture; web-share\" referrerpolicy=\"strict-origin-when-cross-origin\" allowfullscreen><\/iframe><\/p>\n<p>&nbsp;<\/p>\n","protected":false},"excerpt":{"rendered":"<p>N\u00c1VRH\u00c1R<br \/>\nJim Hammond<br \/>\nBirmingham, Alabama<br \/>\nIm bol prv\u00fdm no\u017eiarom, ktor\u00fd pracoval s CRKT\u00ae v roku 1994, ale predt\u00fdm mal viac ako 17 rokov sk\u00fasenost\u00ed pod p\u00e1som zdoben\u00fdm \u010depe\u013eou. Potom, \u010do v roku 1977 promoval na Clemsone, r\u00fdchlo st\u00fapal po hodnostiach a \u0161pecializoval sa na vojensk\u00e9 a zberate\u013esk\u00e9 taktick\u00e9 st\u00edha\u010dky, ako je n\u00e1\u0161 rad FE\u2122. \u010clen cechu v\u00fdrobcov no\u017eov od roku 1978 a jeho n\u00e1vrhy \u2013 a golfov\u00e9 \u00fadery \u2013 s\u00fa o dokonalosti, vkuse a funkcii.<\/p>\n","protected":false},"featured_media":331937,"comment_status":"open","ping_status":"closed","template":"","meta":[],"pwb-brand":[3249],"product_brand":[],"product_cat":[3233,3186],"product_tag":[3668],"class_list":{"0":"post-331987","1":"product","2":"type-product","3":"status-publish","4":"has-post-thumbnail","6":"pwb-brand-zatvaraci-noz-crkt-delilahs-p-e-c-k-5520","7":"product_cat-zatvaracie-noze","8":"product_cat-noze-sk","9":"product_tag-b2b-sk","11":"first","12":"instock","13":"sale","14":"taxable","15":"shipping-taxable","16":"purchasable","17":"product-type-simple"},"brands":[{"id":3249,"name":"Zatv\u00e1rac\u00ed N\u00f4\u017e CRKT DELILAH'S P.E.C.K. 5520","slug":"zatvaraci-noz-crkt-delilahs-p-e-c-k-5520"}],"_links":{"self":[{"href":"https:\/\/www.moskito.cz\/sk\/wp-json\/wp\/v2\/product\/331987","targetHints":{"allow":["GET"]}}],"collection":[{"href":"https:\/\/www.moskito.cz\/sk\/wp-json\/wp\/v2\/product"}],"about":[{"href":"https:\/\/www.moskito.cz\/sk\/wp-json\/wp\/v2\/types\/product"}],"replies":[{"embeddable":true,"href":"https:\/\/www.moskito.cz\/sk\/wp-json\/wp\/v2\/comments?post=331987"}],"wp:featuredmedia":[{"embeddable":true,"href":"https:\/\/www.moskito.cz\/sk\/wp-json\/wp\/v2\/media\/331937"}],"wp:attachment":[{"href":"https:\/\/www.moskito.cz\/sk\/wp-json\/wp\/v2\/media?parent=331987"}],"wp:term":[{"taxonomy":"pwb-brand","embeddable":true,"href":"https:\/\/www.moskito.cz\/sk\/wp-json\/wp\/v2\/pwb-brand?post=331987"},{"taxonomy":"product_brand","embeddable":true,"href":"https:\/\/www.moskito.cz\/sk\/wp-json\/wp\/v2\/product_brand?post=331987"},{"taxonomy":"product_cat","embeddable":true,"href":"https:\/\/www.moskito.cz\/sk\/wp-json\/wp\/v2\/product_cat?post=331987"},{"taxonomy":"product_tag","embeddable":true,"href":"https:\/\/www.moskito.cz\/sk\/wp-json\/wp\/v2\/product_tag?post=331987"}],"curies":[{"name":"wp","href":"https:\/\/api.w.org\/{rel}","templated":true}]}}