{"id":332106,"date":"2024-04-13T19:46:01","date_gmt":"2024-04-13T18:49:13","guid":{"rendered":"https:\/\/www.moskito.cz\/produkt\/zatvaraci-noz-crkt-pilar-iv-5321\/"},"modified":"2025-05-07T11:10:53","modified_gmt":"2025-05-07T10:10:53","slug":"zatvaraci-noz-crkt-pilar-iv-5321","status":"publish","type":"product","link":"https:\/\/www.moskito.cz\/sk\/produkt\/zatvaraci-noz-crkt-pilar-iv-5321\/","title":{"rendered":"Zatv\u00e1rac\u00ed N\u00f4\u017e CRKT Pilar IV 5321"},"content":{"rendered":"<p>Zatv\u00e1rac\u00ed N\u00f4\u017e <strong>CRKT<\/strong> Pilar IV 5321.<\/p>\n<p>Kde sa minim\u00e1lny dizajn sn\u00fabi s maxim\u00e1lnym \u00fa\u017eitkom. <strong>Pilar IV<\/strong> premie\u0148a minimalistick\u00fd n\u00e1morn\u00edcky n\u00f4\u017e na v\u00fdrazne mestsk\u00fa zlo\u017eku na ka\u017edodenn\u00e9 nosenie, pri\u010dom zachov\u00e1va ducha klasiky a epick\u00e9ho pr\u00edbehu za svoj\u00edm n\u00e1zvom. Je st\u00e1le n\u00edzkoprofilov\u00fd a nen\u00e1padn\u00fd, ke\u010f je schovan\u00fd, a starostlivo navrhnut\u00fd, aby pri pou\u017e\u00edvan\u00ed prekonal svoju hmotnos\u0165.<\/p>\n<p>Jesper Voxnaes navrhol p\u00f4vodn\u00fd Pilar vo svojom obchode Logstrup v D\u00e1nsku a pomenoval ho po milovanej lodi Ernesta Hemingwaya \u2013 38 st\u00f4p dlhom plavidle, ktor\u00e9 pou\u017e\u00edval na odpadlick\u00e9 sledovanie nemeck\u00fdch ponoriek po\u010das druhej svetovej vojny v karibsk\u00fdch vod\u00e1ch. Svetovo presl\u00e1ven\u00fd autor bol tie\u017e bojov\u00fdm veterin\u00e1rom z prvej svetovej vojny, lovcom ve\u013ek\u00fdch zveri, n\u00e1morn\u00edkom a ryb\u00e1rom a ur\u010dite by si pre svoje ka\u017edodenn\u00e9 \u00fasilie vybral ka\u017edodenn\u00e9ho spolo\u010dn\u00edka s no\u017eom, ako je Pilar III.<\/p>\n<p>Zna\u010dn\u00e1 3,09&#8243; \u010depe\u013e Pilar IV m\u00e1 sat\u00e9nov\u00fa povrchov\u00fa \u00fapravu a jemn\u00e1, ale pevn\u00e1 \u0161pi\u010dka je u\u017eito\u010dn\u00e1 pre detailnej\u0161ie \u00falohy. Vysoko pri\u013enav\u00e1 rukov\u00e4\u0165 G10 prospieva po cel\u00e9 roky pou\u017e\u00edvania a p\u00fatav\u00e1 slu\u010dka na \u0161n\u00farku z nerezovej ocele pozdvihuje vzh\u013ead Mechanizmus otv\u00e1rania \u0161trbiny pre palec rozmiestni \u010depe\u013e a syst\u00e9m \u010dapu s guli\u010dkov\u00fdmi lo\u017eiskami IKBS zais\u0165uje super hladk\u00fa rot\u00e1ciu.<\/p>\n<p>Modern\u00fd Hemingway je vrcholn\u00fd renesan\u010dn\u00fd mu\u017e a Pilar IV je n\u00f4\u017e, ktor\u00fd obstoj\u00ed v tejto v\u00fdzve.<\/p>\n<p>\u0160pecifik\u00e1cia:<br \/>\nD\u013a\u017eka \u010depele: 8,59 cm<br \/>\nD\u013a\u017eka rukov\u00e4te: 10.82 cm<br \/>\nCelkov\u00e1 d\u013a\u017eka: 18.65 cm<br \/>\nMateri\u00e1l \u010depele: N\u00e1strojov\u00e1 oce\u013e D2<br \/>\nHr\u00fabka \u010depele: 0,38 cm<br \/>\n\u0160t\u00fdl \u010depele: Clip Point<br \/>\nPovrchov\u00e1 \u00faprava \u010depele: sat\u00e9n<br \/>\nMateri\u00e1l rukov\u00e4te: \u010cierna G10 so z\u00e1mkom z nerezovej ocele<br \/>\nUzamykac\u00ed mechanizmus: Frame Lock<br \/>\nVreckov\u00fd klip: Vykl\u00e1pacie, prav\u00e9 nosenie<br \/>\nHmotnos\u0165: 3,90 oz. (110,56 g)<br \/>\nDizajn\u00e9r: Jesper Voxnaes<br \/>\nPivot IKBS<\/p>\n<p><iframe title=\"CRKT Pilar\u00ae IV | Jesper Voxnaes Design\" width=\"800\" height=\"450\" src=\"https:\/\/www.youtube.com\/embed\/BDwicXYSVSc?feature=oembed\" frameborder=\"0\" allow=\"accelerometer; autoplay; clipboard-write; encrypted-media; gyroscope; picture-in-picture; web-share\" referrerpolicy=\"strict-origin-when-cross-origin\" allowfullscreen><\/iframe><\/p>\n<p>&nbsp;<\/p>\n","protected":false},"excerpt":{"rendered":"<p>N\u00c1VRH\u00c1R<br \/>\nJesper Voxnaes<br \/>\nLoegstrup, D\u00e1nsko<br \/>\nKe\u010f Jesper potrebuje otestova\u0165 design, sta\u010d\u00ed mu vkro\u010di\u0165 na vlastn\u00fd dvor. O zvy\u0161ok sa postaraj\u00fa drsn\u00e9 \u017eivly a podmienky fjordov a lesov v jeho rodnom D\u00e1nsku. Ke\u010f za\u010d\u00ednal, nikto nevyr\u00e1bal no\u017ee, ktor\u00e9 chcel navrhn\u00fa\u0165, tak\u017ee sa u\u010dil met\u00f3dou pokus-omyl. Jeho \u00fasilie sa zjavne vyplatilo, preto\u017ee v roku 2013 z\u00edskal cenu IF za jeden z najlep\u0161\u00edch eur\u00f3pskych designov. Teraz vytv\u00e1ra a pou\u017e\u00edva no\u017ee ako Amicus\u00ae pri plachten\u00ed, kempovan\u00ed a jazde v ter\u00e9ne.<\/p>\n<p>&nbsp;<\/p>\n","protected":false},"featured_media":332058,"comment_status":"open","ping_status":"closed","template":"","meta":[],"pwb-brand":[3249],"product_brand":[],"product_cat":[3233,3186],"product_tag":[3668],"class_list":{"0":"post-332106","1":"product","2":"type-product","3":"status-publish","4":"has-post-thumbnail","6":"pwb-brand-zatvaraci-noz-crkt-delilahs-p-e-c-k-5520","7":"product_cat-zatvaracie-noze","8":"product_cat-noze-sk","9":"product_tag-b2b-sk","11":"first","12":"instock","13":"taxable","14":"shipping-taxable","15":"purchasable","16":"product-type-simple"},"brands":[{"id":3249,"name":"Zatv\u00e1rac\u00ed N\u00f4\u017e CRKT DELILAH'S P.E.C.K. 5520","slug":"zatvaraci-noz-crkt-delilahs-p-e-c-k-5520"}],"_links":{"self":[{"href":"https:\/\/www.moskito.cz\/sk\/wp-json\/wp\/v2\/product\/332106","targetHints":{"allow":["GET"]}}],"collection":[{"href":"https:\/\/www.moskito.cz\/sk\/wp-json\/wp\/v2\/product"}],"about":[{"href":"https:\/\/www.moskito.cz\/sk\/wp-json\/wp\/v2\/types\/product"}],"replies":[{"embeddable":true,"href":"https:\/\/www.moskito.cz\/sk\/wp-json\/wp\/v2\/comments?post=332106"}],"wp:featuredmedia":[{"embeddable":true,"href":"https:\/\/www.moskito.cz\/sk\/wp-json\/wp\/v2\/media\/332058"}],"wp:attachment":[{"href":"https:\/\/www.moskito.cz\/sk\/wp-json\/wp\/v2\/media?parent=332106"}],"wp:term":[{"taxonomy":"pwb-brand","embeddable":true,"href":"https:\/\/www.moskito.cz\/sk\/wp-json\/wp\/v2\/pwb-brand?post=332106"},{"taxonomy":"product_brand","embeddable":true,"href":"https:\/\/www.moskito.cz\/sk\/wp-json\/wp\/v2\/product_brand?post=332106"},{"taxonomy":"product_cat","embeddable":true,"href":"https:\/\/www.moskito.cz\/sk\/wp-json\/wp\/v2\/product_cat?post=332106"},{"taxonomy":"product_tag","embeddable":true,"href":"https:\/\/www.moskito.cz\/sk\/wp-json\/wp\/v2\/product_tag?post=332106"}],"curies":[{"name":"wp","href":"https:\/\/api.w.org\/{rel}","templated":true}]}}