{"id":332286,"date":"2024-04-13T20:37:45","date_gmt":"2024-04-13T19:41:04","guid":{"rendered":"https:\/\/www.moskito.cz\/produkt\/zatvaraci-noz-crkt-carson-m4-02m\/"},"modified":"2025-05-07T11:10:57","modified_gmt":"2025-05-07T10:10:57","slug":"zatvaraci-noz-crkt-carson-m4-02m","status":"publish","type":"product","link":"https:\/\/www.moskito.cz\/sk\/produkt\/zatvaraci-noz-crkt-carson-m4-02m\/","title":{"rendered":"Zatv\u00e1rac\u00ed N\u00f4\u017e CRKT Carson M4-02M"},"content":{"rendered":"<p>Zatv\u00e1rac\u00ed N\u00f4\u017e <strong>CRKT<\/strong> Carson M4-02M.<\/p>\n<p>Z\u00e1kazkov\u00fd no\u017eiar a \u010dlen cechu no\u017eov Kit Carson je \u0161iroko zn\u00e1my pre svoj design M16\u00ae, ktor\u00fd pon\u00fakame v mnoh\u00fdch produk\u010dn\u00fdch modeloch CRKT. Ale od roku 1990 je Kitov\u00fdm najpred\u00e1vanej\u0161\u00edm z\u00e1kazkov\u00fdm modelom jeho klasick\u00e1 M4. Kit svojim obvykl\u00fdm nen\u00e1ro\u010dn\u00fdm sp\u00f4sobom hovor\u00ed: &#8222;Mysl\u00edm, \u017ee by ste povedali, \u017ee je to m\u00f4j zvyk vlajkovej lode. Je to jednoduch\u00e9, s funkciou sleduj\u00facou formu. \u017diadne triky, ktor\u00e9 vyzeraj\u00fa uhladene, ale nestoja za to, aby ste ich prehodili do ruky. Vytvoril som mnoho jeho vari\u00e1ci\u00ed, od exotick\u00fdch zberate\u013esk\u00fdch predmetov a\u017e po pracovn\u00e9 taktiky, vo mo\u017eno 20 verzi\u00e1ch, ale st\u00e1le \u010dastej\u0161ie vol\u00e1m po v\u00fdrobe M4.&#8220;<\/p>\n<p>Tento rok CRKT pon\u00faka dizajn M4 v men\u0161ej ve\u013ekosti Kit na ka\u017edodenn\u00e9 nosenie (EDC). M4-02M sa dod\u00e1va s vl\u00e1knit\u00fdmi \u0161upinami napusten\u00fdmi bielou \u017eivicou a \u010diernymi podhlavn\u00edkmi G10. Je to ve\u013emi elegantn\u00fd vzh\u013ead.<\/p>\n<p>Zatia\u013e \u010do sme ho kon\u0161truovali, rozhodli sme sa prida\u0165 \u010fal\u0161iu hodnotu t\u00fdm, \u017ee sme pon\u00fakli patentovan\u00e9 otv\u00e1ranie s podporou OutBurst a klasick\u00fd mechanizmus z\u00e1mku vlo\u017eky. Vytv\u00e1ra virtu\u00e1lnu pevn\u00fa \u010depe\u013e, ke\u010f je aktivovan\u00e1 po otvoren\u00ed a uzamknut\u00ed \u010depele.<\/p>\n<p>Mechanizmus OutBurst okam\u017eite \u00faplne otvor\u00ed \u010depe\u013e po tom, \u010do \u010depe\u013e otvor\u00edte pribli\u017ene o 30 stup\u0148ov. Modely M4 maj\u00fa dva palcov\u00e9 kol\u00edky na obojstrann\u00e9 otv\u00e1ranie jednou rukou a bronzov\u00e9 a tefl\u00f3nov\u00e9 lo\u017eisk\u00e1 na nastavite\u013enom \u010dape \u010depele pre hladk\u00fa a r\u00fdchlu akciu. 3,25&#8243; \u010depe\u013e je vysoko dut\u00e1 br\u00fasna \u0161pi\u010dka z prvotriednej nerezovej ocele 8Cr13MoV s povrchom otryskan\u00fdm perli\u010dkami s ostrou hranou ako britva. Robustn\u00e1 kon\u0161trukcia InterFrame je vern\u00e1 dizajnu Kitu, s dvoma vlo\u017ekami z nerezovej ocele, jednou zamykan\u00edm a zadnou di\u0161tan\u010dnou vlo\u017ekou z nerezovej ocele. V\u0161etky modely M4 maj\u00fa vysoko nasaden\u00e9 spony na vreck\u00e1\/prevody.<\/p>\n<p>Tak\u017ee tu m\u00e1te priate\u013esk\u00fd EDC n\u00f4\u017e, ktor\u00fd prirodzene padne do ruky pre v\u0161etky druhy rezania a vyrez\u00e1vania. Rovnako ako Kit je trochu nen\u00e1ro\u010dn\u00fd, ale je to n\u00f4\u017e, ku ktor\u00e9mu sa budete rok \u010do rok vraca\u0165.<\/p>\n<p>\u0160pecifik\u00e1cia:<br \/>\nD\u013a\u017eka \u010depele: 8.25 cm<br \/>\nD\u013a\u017eka rukov\u00e4te: 9.52 cm<br \/>\nCelkov\u00e1 d\u013a\u017eka: 17.78 cm<br \/>\nMateri\u00e1l \u010depele: Nerezov\u00e1 oce\u013e 8Cr13MoV<br \/>\n\u0160t\u00fdl \u010depele: Drop Point<br \/>\nPovrchov\u00e1 \u00faprava \u010depele: sat\u00e9n<br \/>\nMateri\u00e1l rukov\u00e4te: Biele vl\u00e1kno napusten\u00e9 \u017eivicou s \u010diernymi podlo\u017ekami G10<br \/>\nUzamykac\u00ed mechanizmus: Liner Lock<br \/>\nVreckov\u00fd klip: Vykl\u00e1pacie, prav\u00e9 nosenie<br \/>\nHmotnos\u0165: 3,30 oz. (93,55 g)<br \/>\nDizajn\u00e9r: Kit Carson<br \/>\nAsistovan\u00e9 otv\u00e1ranie Outburst<\/p>\n<p><iframe title=\"CRKT M4\u2122-02M | Kit Carson Design\" width=\"800\" height=\"450\" src=\"https:\/\/www.youtube.com\/embed\/Xs4asshwLgY?feature=oembed\" frameborder=\"0\" allow=\"accelerometer; autoplay; clipboard-write; encrypted-media; gyroscope; picture-in-picture; web-share\" referrerpolicy=\"strict-origin-when-cross-origin\" allowfullscreen><\/iframe><\/p>\n<p>&nbsp;<\/p>\n","protected":false},"excerpt":{"rendered":"<p>Tu m\u00e1te priate\u013esk\u00fd EDC n\u00f4\u017e, ktor\u00fd prirodzene padne do ruky pre v\u0161etky druhy rezania a vyrez\u00e1vania. Rovnako ako Kit je trochu nen\u00e1ro\u010dn\u00fd, ale je to n\u00f4\u017e, ku ktor\u00e9mu sa budete rok \u010do rok vraca\u0165.<\/p>\n","protected":false},"featured_media":332237,"comment_status":"open","ping_status":"closed","template":"","meta":[],"pwb-brand":[3249],"product_brand":[],"product_cat":[3186,3233],"product_tag":[3668],"class_list":{"0":"post-332286","1":"product","2":"type-product","3":"status-publish","4":"has-post-thumbnail","6":"pwb-brand-zatvaraci-noz-crkt-delilahs-p-e-c-k-5520","7":"product_cat-noze-sk","8":"product_cat-zatvaracie-noze","9":"product_tag-b2b-sk","11":"first","12":"outofstock","13":"taxable","14":"shipping-taxable","15":"purchasable","16":"product-type-simple"},"brands":[{"id":3249,"name":"Zatv\u00e1rac\u00ed N\u00f4\u017e CRKT DELILAH'S P.E.C.K. 5520","slug":"zatvaraci-noz-crkt-delilahs-p-e-c-k-5520"}],"_links":{"self":[{"href":"https:\/\/www.moskito.cz\/sk\/wp-json\/wp\/v2\/product\/332286","targetHints":{"allow":["GET"]}}],"collection":[{"href":"https:\/\/www.moskito.cz\/sk\/wp-json\/wp\/v2\/product"}],"about":[{"href":"https:\/\/www.moskito.cz\/sk\/wp-json\/wp\/v2\/types\/product"}],"replies":[{"embeddable":true,"href":"https:\/\/www.moskito.cz\/sk\/wp-json\/wp\/v2\/comments?post=332286"}],"wp:featuredmedia":[{"embeddable":true,"href":"https:\/\/www.moskito.cz\/sk\/wp-json\/wp\/v2\/media\/332237"}],"wp:attachment":[{"href":"https:\/\/www.moskito.cz\/sk\/wp-json\/wp\/v2\/media?parent=332286"}],"wp:term":[{"taxonomy":"pwb-brand","embeddable":true,"href":"https:\/\/www.moskito.cz\/sk\/wp-json\/wp\/v2\/pwb-brand?post=332286"},{"taxonomy":"product_brand","embeddable":true,"href":"https:\/\/www.moskito.cz\/sk\/wp-json\/wp\/v2\/product_brand?post=332286"},{"taxonomy":"product_cat","embeddable":true,"href":"https:\/\/www.moskito.cz\/sk\/wp-json\/wp\/v2\/product_cat?post=332286"},{"taxonomy":"product_tag","embeddable":true,"href":"https:\/\/www.moskito.cz\/sk\/wp-json\/wp\/v2\/product_tag?post=332286"}],"curies":[{"name":"wp","href":"https:\/\/api.w.org\/{rel}","templated":true}]}}