{"id":332343,"date":"2024-04-13T20:54:49","date_gmt":"2024-04-13T19:57:34","guid":{"rendered":"https:\/\/www.moskito.cz\/produkt\/zatvaraci-noz-crkt-6450d2\/"},"modified":"2025-05-07T11:10:58","modified_gmt":"2025-05-07T10:10:58","slug":"zatvaraci-noz-crkt-6450d2","status":"publish","type":"product","link":"https:\/\/www.moskito.cz\/sk\/produkt\/zatvaraci-noz-crkt-6450d2\/","title":{"rendered":"Zatv\u00e1rac\u00ed N\u00f4\u017e CRKT 6450D2"},"content":{"rendered":"<p>Zatv\u00e1rac\u00ed N\u00f4\u017e <strong>CRKT<\/strong> 6450D2.<\/p>\n<p>Nikdy nevybo\u010dujte z kurzu.<\/p>\n<p>Rovnako ako p\u00f4vodn\u00fd fan\u00fa\u0161ik ob\u013e\u00faben\u00fd Drifter je tento n\u00f4\u017e ka\u017edodenn\u00fdm nosen\u00edm, ktor\u00e9 d\u00e1 zabra\u0165 a nesklame v\u00e1s. Teraz s oce\u013eou \u010depele D2 sa vyzna\u010duje vylep\u0161en\u00fdm uchyten\u00edm ostrie, ktor\u00e9 vydr\u017eia dlhodob\u00e9 opotrebenie. Pridajte rukov\u00e4\u0165 G10 do ka\u017ed\u00e9ho po\u010dasia, jednoru\u010dn\u00e9 ovl\u00e1danie \u013eahko pou\u017eite\u013en\u00e9ho flippera a siln\u00fd z\u00e1mok vlo\u017eky a m\u00e1te dobre zaoblen\u00fd n\u00f4\u017e pripraven\u00fd na \u0161irok\u00fa \u0161k\u00e1lu \u00faloh.<\/p>\n<p>\u0160pecifik\u00e1cia:<br \/>\nD\u013a\u017eka \u010depele: 7.30 cm<br \/>\nD\u013a\u017eka v zatvorenom stave: 9.29 cm<br \/>\nCelkov\u00e1 d\u013a\u017eka: 16.51 cm<br \/>\nMateri\u00e1l \u010depele: N\u00e1strojov\u00e1 oce\u013e D2<br \/>\n\u0160t\u00fdl \u010depele: Drop Point<br \/>\nBr\u00fasenie \u010depele: Dut\u00e9<br \/>\nPovrchov\u00e1 \u00faprava \u010depele: Stonewash<br \/>\nMateri\u00e1l rukov\u00e4te: \u010dierna G10<br \/>\nUzamykac\u00ed mechanizmus: Liner Lock<br \/>\nVreckov\u00fd klip: Tip dole, prav\u00e9 nosenie<br \/>\nHmotnos\u0165: 2,40 oz. (68,04 g)<\/p>\n<p><iframe title=\"CRKT Drifter Liner Lock\" width=\"800\" height=\"450\" src=\"https:\/\/www.youtube.com\/embed\/AYyOnaCyLQc?feature=oembed\" frameborder=\"0\" allow=\"accelerometer; autoplay; clipboard-write; encrypted-media; gyroscope; picture-in-picture; web-share\" referrerpolicy=\"strict-origin-when-cross-origin\" allowfullscreen><\/iframe><\/p>\n<p>&nbsp;<\/p>\n","protected":false},"excerpt":{"rendered":"<p>Rovnako ako p\u00f4vodn\u00fd fan\u00fa\u0161ik ob\u013e\u00faben\u00fd Drifter je tento n\u00f4\u017e ka\u017edodenn\u00fdm nosen\u00edm, ktor\u00e9 d\u00e1 zabra\u0165 a nesklame v\u00e1s.<\/p>\n","protected":false},"featured_media":332294,"comment_status":"open","ping_status":"closed","template":"","meta":[],"pwb-brand":[3249],"product_brand":[],"product_cat":[3233,3186],"product_tag":[3668],"class_list":{"0":"post-332343","1":"product","2":"type-product","3":"status-publish","4":"has-post-thumbnail","6":"pwb-brand-zatvaraci-noz-crkt-delilahs-p-e-c-k-5520","7":"product_cat-zatvaracie-noze","8":"product_cat-noze-sk","9":"product_tag-b2b-sk","11":"first","12":"instock","13":"taxable","14":"shipping-taxable","15":"purchasable","16":"product-type-simple"},"brands":[{"id":3249,"name":"Zatv\u00e1rac\u00ed N\u00f4\u017e CRKT DELILAH'S P.E.C.K. 5520","slug":"zatvaraci-noz-crkt-delilahs-p-e-c-k-5520"}],"_links":{"self":[{"href":"https:\/\/www.moskito.cz\/sk\/wp-json\/wp\/v2\/product\/332343","targetHints":{"allow":["GET"]}}],"collection":[{"href":"https:\/\/www.moskito.cz\/sk\/wp-json\/wp\/v2\/product"}],"about":[{"href":"https:\/\/www.moskito.cz\/sk\/wp-json\/wp\/v2\/types\/product"}],"replies":[{"embeddable":true,"href":"https:\/\/www.moskito.cz\/sk\/wp-json\/wp\/v2\/comments?post=332343"}],"wp:featuredmedia":[{"embeddable":true,"href":"https:\/\/www.moskito.cz\/sk\/wp-json\/wp\/v2\/media\/332294"}],"wp:attachment":[{"href":"https:\/\/www.moskito.cz\/sk\/wp-json\/wp\/v2\/media?parent=332343"}],"wp:term":[{"taxonomy":"pwb-brand","embeddable":true,"href":"https:\/\/www.moskito.cz\/sk\/wp-json\/wp\/v2\/pwb-brand?post=332343"},{"taxonomy":"product_brand","embeddable":true,"href":"https:\/\/www.moskito.cz\/sk\/wp-json\/wp\/v2\/product_brand?post=332343"},{"taxonomy":"product_cat","embeddable":true,"href":"https:\/\/www.moskito.cz\/sk\/wp-json\/wp\/v2\/product_cat?post=332343"},{"taxonomy":"product_tag","embeddable":true,"href":"https:\/\/www.moskito.cz\/sk\/wp-json\/wp\/v2\/product_tag?post=332343"}],"curies":[{"name":"wp","href":"https:\/\/api.w.org\/{rel}","templated":true}]}}