{"id":332401,"date":"2024-04-13T21:15:15","date_gmt":"2024-04-13T20:17:22","guid":{"rendered":"https:\/\/www.moskito.cz\/produkt\/zatvaraci-noz-crkt-homefront-compact-k245bkp\/"},"modified":"2025-05-07T11:10:59","modified_gmt":"2025-05-07T10:10:59","slug":"zatvaraci-noz-crkt-homefront-compact-k245bkp","status":"publish","type":"product","link":"https:\/\/www.moskito.cz\/sk\/produkt\/zatvaraci-noz-crkt-homefront-compact-k245bkp\/","title":{"rendered":"Zatv\u00e1rac\u00ed N\u00f4\u017e CRKT Homefront Compact K245BKP"},"content":{"rendered":"<p>Zatv\u00e1rac\u00ed N\u00f4\u017e <strong>CRKT<\/strong> Homefront Compact K245BKP.<\/p>\n<p>Vzh\u013ead klasick\u00e9ho no\u017ea z druhej svetovej vojny so strihom a povrchovou \u00fapravou modern\u00e9ho ob\u013e\u00faben\u00e9ho no\u017ea.<\/p>\n<p>\u0160pi\u010dkov\u00e1 verzia p\u00f4sobiv\u00e9ho origin\u00e1lu, Ken Onion&#8217;s Homefront Compact, je v\u00fdzna\u010dn\u00fd zatv\u00e1rac\u00ed n\u00f4\u017e so z\u00e1mkom liner. M\u00e1 krat\u0161iu \u010depe\u013e s padac\u00edm bodom vyroben\u00fa z prvotriednej nerezovej ocele CPM-S35VN a obsahuje detaily, ako je tradi\u010dn\u00e9 otv\u00e1ranie plutvy bez pomoci a otvor pre \u0161n\u00farku pre \u013eahk\u00e9 prisp\u00f4sobenie pr\u00edvesku. \u010cierna \u010depe\u013e s povrchovou \u00fapravou DLC v kontraste s \u013eahkou rukov\u00e4\u0165ou G10 dod\u00e1va tomuto ka\u017edodenn\u00e9mu noseniu vzh\u013ead, ktor\u00fd pri\u0165ahuje pozornos\u0165.<\/p>\n<p>\u0160pecifik\u00e1cia:<br \/>\nD\u013a\u017eka \u010depele: 7.34 cm<br \/>\nD\u013a\u017eka v zatvorenom stave: 9.76 cm<br \/>\nCelkov\u00e1 d\u013a\u017eka: 17.11 cm<br \/>\nMateri\u00e1l \u010depele: CPM-S35VN Nerezov\u00e1 oce\u013e<br \/>\n\u0160t\u00fdl \u010depele: Drop Point<br \/>\nPovrchov\u00e1 \u00faprava \u010depele: Black DLC<br \/>\nMateri\u00e1l rukov\u00e4te: G10 s hlin\u00edkov\u00fdmi podperami<br \/>\nUzamykac\u00ed mechanizmus: Liner Lock<br \/>\nVreckov\u00fd klip: Nerezov\u00e1 oce\u013e (vykl\u00e1pacie, prav\u00e9 nosenie)<br \/>\nDizajn\u00e9r: Ken Onion<br \/>\nHmotnos\u0165: 3,00 oz. (85,05 g)<\/p>\n<p><iframe title=\"CRKT Homefront\u2122 Compact | Ken Onion Design\" width=\"800\" height=\"450\" src=\"https:\/\/www.youtube.com\/embed\/vnoEItMchdk?feature=oembed\" frameborder=\"0\" allow=\"accelerometer; autoplay; clipboard-write; encrypted-media; gyroscope; picture-in-picture; web-share\" referrerpolicy=\"strict-origin-when-cross-origin\" allowfullscreen><\/iframe><\/p>\n<p>&nbsp;<\/p>\n","protected":false},"excerpt":{"rendered":"<p>N\u00c1VRH\u00c1R<br \/>\nKen Onion<br \/>\nKaneohe, Havaj<br \/>\nKen je skuto\u010dn\u00fd obchod. Ken, najmlad\u0161\u00ed \u00fa\u010dastn\u00edk, ktor\u00fd bol v roku 2008 uveden\u00fd do siene sl\u00e1vy \u010dasopisu Blade Magazine, je uzn\u00e1van\u00fd ako jeden z najinovat\u00edvnej\u0161\u00edch a naj\u00faspe\u0161nej\u0161\u00edch n\u00e1vrh\u00e1rov no\u017eov v\u0161etk\u00fdch \u010dias. V roku 1996 vytvoril prv\u00fd komer\u010dne \u00faspe\u0161n\u00fd mechanizmus asistovan\u00e9ho otv\u00e1rania ao 20 rokov nesk\u00f4r odhalil svoju oce\u0148ovan\u00fa technol\u00f3giu Field Strip. Teraz t\u00e1to svetovo meniaca inov\u00e1cia nastavuje nov\u00fd \u0161tandard s technol\u00f3giou Field Strip Gen II, prerodom, ktor\u00fd mus\u00ed splni\u0165 svojmu menu.<\/p>\n<p>Doprava zadarmo.<\/p>\n","protected":false},"featured_media":332352,"comment_status":"open","ping_status":"closed","template":"","meta":[],"pwb-brand":[3249],"product_brand":[],"product_cat":[3233,3186],"product_tag":[3668],"class_list":{"0":"post-332401","1":"product","2":"type-product","3":"status-publish","4":"has-post-thumbnail","6":"pwb-brand-zatvaraci-noz-crkt-delilahs-p-e-c-k-5520","7":"product_cat-zatvaracie-noze","8":"product_cat-noze-sk","9":"product_tag-b2b-sk","11":"first","12":"instock","13":"sale","14":"taxable","15":"shipping-taxable","16":"purchasable","17":"product-type-simple"},"brands":[{"id":3249,"name":"Zatv\u00e1rac\u00ed N\u00f4\u017e CRKT DELILAH'S P.E.C.K. 5520","slug":"zatvaraci-noz-crkt-delilahs-p-e-c-k-5520"}],"_links":{"self":[{"href":"https:\/\/www.moskito.cz\/sk\/wp-json\/wp\/v2\/product\/332401","targetHints":{"allow":["GET"]}}],"collection":[{"href":"https:\/\/www.moskito.cz\/sk\/wp-json\/wp\/v2\/product"}],"about":[{"href":"https:\/\/www.moskito.cz\/sk\/wp-json\/wp\/v2\/types\/product"}],"replies":[{"embeddable":true,"href":"https:\/\/www.moskito.cz\/sk\/wp-json\/wp\/v2\/comments?post=332401"}],"wp:featuredmedia":[{"embeddable":true,"href":"https:\/\/www.moskito.cz\/sk\/wp-json\/wp\/v2\/media\/332352"}],"wp:attachment":[{"href":"https:\/\/www.moskito.cz\/sk\/wp-json\/wp\/v2\/media?parent=332401"}],"wp:term":[{"taxonomy":"pwb-brand","embeddable":true,"href":"https:\/\/www.moskito.cz\/sk\/wp-json\/wp\/v2\/pwb-brand?post=332401"},{"taxonomy":"product_brand","embeddable":true,"href":"https:\/\/www.moskito.cz\/sk\/wp-json\/wp\/v2\/product_brand?post=332401"},{"taxonomy":"product_cat","embeddable":true,"href":"https:\/\/www.moskito.cz\/sk\/wp-json\/wp\/v2\/product_cat?post=332401"},{"taxonomy":"product_tag","embeddable":true,"href":"https:\/\/www.moskito.cz\/sk\/wp-json\/wp\/v2\/product_tag?post=332401"}],"curies":[{"name":"wp","href":"https:\/\/api.w.org\/{rel}","templated":true}]}}