{"id":332610,"date":"2024-04-14T19:57:07","date_gmt":"2024-04-14T18:59:44","guid":{"rendered":"https:\/\/www.moskito.cz\/produkt\/pevny-noz-crkt-razel-compact-4036\/"},"modified":"2025-05-07T11:11:06","modified_gmt":"2025-05-07T10:11:06","slug":"pevny-noz-crkt-razel-compact-4036","status":"publish","type":"product","link":"https:\/\/www.moskito.cz\/sk\/produkt\/pevny-noz-crkt-razel-compact-4036\/","title":{"rendered":"Pevn\u00fd N\u00f4\u017e CRKT Razel Compact 4036"},"content":{"rendered":"<p>Pevn\u00fd N\u00f4\u017e <strong>CRKT<\/strong> Razel Compact 4036.<\/p>\n<p>Aj ke\u010f m\u00f4\u017ee by\u0165 Razel Compact men\u0161\u00ed ako norm\u00e1lne pevn\u00e9 \u010depele Razel, do svojej zavalitej \u010depele skr\u00fdva mno\u017estvo u\u017eito\u010dn\u00fdch funkci\u00ed a funkci\u00ed. \u010cepe\u013e D2 m\u00e1 iba 2,32&#8243; a dvojfarebn\u00fa povrchov\u00fa \u00fapravu Stonewash\/sat\u00e9n, ktor\u00e1 odde\u013euje \u010depe\u013e od pl\u00f4ch. Zadn\u00e1 strana \u010depele je opatren\u00e1 vr\u00fabkovan\u00edm Veff Flat Top, ktor\u00e9 poskytuje vynikaj\u00facu rezn\u00fa silu pre lan\u00e1 a popruhy. Rukov\u00e4\u0165 je vyroben\u00e1 z \u010dierneho G10, tvarovan\u00fd tak, aby sa zmestil na predn\u00fa \u010das\u0165 ruky, a m\u00e1 pred\u013a\u017een\u00fa pr\u00edchytku, ktor\u00e1 pojme splietan\u00e9 lanko Razel Compact je dod\u00e1van\u00e9 s termoplastov\u00fdm puzdrom s nieko\u013ek\u00fdmi otvormi pre p\u00fatacie body a vreckovou sponou pre r\u00f4zne mo\u017enosti nosenia.<\/p>\n<p>\u0160pecifik\u00e1cia:<br \/>\nD\u013a\u017eka \u010depele: 5.90 cm<br \/>\nD\u013a\u017eka rukov\u00e4te: 7.49 cm<br \/>\nCelkov\u00e1 d\u013a\u017eka: 13.39 cm<br \/>\nMateri\u00e1l \u010depele: N\u00e1strojov\u00e1 oce\u013e D2<br \/>\nHr\u00fabka \u010depele: 0,31 cm<br \/>\n\u0160t\u00fdl \u010depele: Dl\u00e1to<br \/>\nPovrchov\u00e1 \u00faprava \u010depele: dvojfarebn\u00e1<br \/>\nMateri\u00e1l rukov\u00e4te: \u010dierna G10<br \/>\nMateri\u00e1l pl\u00e1\u0161\u0165a: Termoplast<br \/>\nVreckov\u00fd klip z nerezovej ocele<br \/>\nHmotnos\u0165: 3,0 oz. (85,05 g)<br \/>\nHmotnos\u0165 s puzdrom: 4,1 oz. (116,23 g)<br \/>\nDizajn\u00e9r: Jon Graham<\/p>\n<p><iframe title=\"CRKT Razel\u00ae Compact | Jon Graham Design\" width=\"800\" height=\"450\" src=\"https:\/\/www.youtube.com\/embed\/-3idTlyqcfE?feature=oembed\" frameborder=\"0\" allow=\"accelerometer; autoplay; clipboard-write; encrypted-media; gyroscope; picture-in-picture; web-share\" referrerpolicy=\"strict-origin-when-cross-origin\" allowfullscreen><\/iframe><\/p>\n<p>&nbsp;<\/p>\n","protected":false},"excerpt":{"rendered":"<p>N\u00c1VRH\u00c1R<br \/>\n<strong>Jon Graham<\/strong><br \/>\nCleveland, Tennessee<br \/>\nJon Graham z Clevelandu v Tennessee sa narodil otcovi, ktor\u00fd si v\u00e1\u017eil no\u017eov, av mladom veku ho u\u010dili d\u00f4le\u017eitosti dobr\u00e9ho no\u017ea. &#8222;V siedmich rokoch som dostal svoj prv\u00fd n\u00f4\u017e a odvtedy som bez neho nebol.&#8220; Na konci 80. rokov, ke\u010f bol Jon umiestnen\u00fd v Aviaono AB Italy, objavil v \u010dasopise ru\u010dne vyr\u00e1ban\u00e9 no\u017ee a vedel, \u017ee to je nie\u010do, \u010do chce robi\u0165. Potom, \u010do sa dostal z letectva a zab\u00fdval sa v pr\u00e1ci, za\u010dal Jon v roku 1994 vyr\u00e1ba\u0165 na stole no\u017ee so z\u00e1kladn\u00fdmi n\u00e1strojmi. Unaven\u00fd vytv\u00e1ran\u00edm n\u00e1vrhov in\u00fdch \u013eud\u00ed, Jon v roku 1999 po\u017eiadal svojho brata Josha, aby si vzal nejak\u00e9 vybavenie a nau\u010dil sa, ako vyr\u00e1ba\u0165 no\u017ee vyskladnen\u00edm. Odvtedy je z\u00e1visl\u00fd a neust\u00e1le sa sna\u017e\u00ed zdokona\u013eova\u0165 svoje n\u00e1vrhy a zru\u010dnosti, pri\u010dom stavia na svojich sk\u00fasenostiach ako technik naftov\u00fdch motorov. Graham Knives sa \u0161pecializuje na \u00fa\u017eitkov\u00e9 taktick\u00e9 designy s d\u00f4razom na EDC vreckov\u00e9 no\u017ee s pevnou \u010depe\u013eou, ale jeho ob\u013e\u00faben\u00fdm radom no\u017eov je z\u00e1kazkov\u00fd Razel s dvojit\u00fdm ostr\u00edm, ktor\u00fd spolo\u010dnos\u0165 vyr\u00e1ba v mnoh\u00fdch ve\u013ekostiach a \u0161t\u00fdloch. Je dizajn\u00e9rom CRKT Razel a Folding Razel.<\/p>\n","protected":false},"featured_media":332566,"comment_status":"open","ping_status":"closed","template":"","meta":[],"pwb-brand":[3249],"product_brand":[],"product_cat":[3186,3187],"product_tag":[3668],"class_list":{"0":"post-332610","1":"product","2":"type-product","3":"status-publish","4":"has-post-thumbnail","6":"pwb-brand-zatvaraci-noz-crkt-delilahs-p-e-c-k-5520","7":"product_cat-noze-sk","8":"product_cat-pevne-noze-sk","9":"product_tag-b2b-sk","11":"first","12":"instock","13":"taxable","14":"shipping-taxable","15":"purchasable","16":"product-type-simple"},"brands":[{"id":3249,"name":"Zatv\u00e1rac\u00ed N\u00f4\u017e CRKT DELILAH'S P.E.C.K. 5520","slug":"zatvaraci-noz-crkt-delilahs-p-e-c-k-5520"}],"_links":{"self":[{"href":"https:\/\/www.moskito.cz\/sk\/wp-json\/wp\/v2\/product\/332610","targetHints":{"allow":["GET"]}}],"collection":[{"href":"https:\/\/www.moskito.cz\/sk\/wp-json\/wp\/v2\/product"}],"about":[{"href":"https:\/\/www.moskito.cz\/sk\/wp-json\/wp\/v2\/types\/product"}],"replies":[{"embeddable":true,"href":"https:\/\/www.moskito.cz\/sk\/wp-json\/wp\/v2\/comments?post=332610"}],"wp:featuredmedia":[{"embeddable":true,"href":"https:\/\/www.moskito.cz\/sk\/wp-json\/wp\/v2\/media\/332566"}],"wp:attachment":[{"href":"https:\/\/www.moskito.cz\/sk\/wp-json\/wp\/v2\/media?parent=332610"}],"wp:term":[{"taxonomy":"pwb-brand","embeddable":true,"href":"https:\/\/www.moskito.cz\/sk\/wp-json\/wp\/v2\/pwb-brand?post=332610"},{"taxonomy":"product_brand","embeddable":true,"href":"https:\/\/www.moskito.cz\/sk\/wp-json\/wp\/v2\/product_brand?post=332610"},{"taxonomy":"product_cat","embeddable":true,"href":"https:\/\/www.moskito.cz\/sk\/wp-json\/wp\/v2\/product_cat?post=332610"},{"taxonomy":"product_tag","embeddable":true,"href":"https:\/\/www.moskito.cz\/sk\/wp-json\/wp\/v2\/product_tag?post=332610"}],"curies":[{"name":"wp","href":"https:\/\/api.w.org\/{rel}","templated":true}]}}