{"id":332759,"date":"2024-04-14T20:35:06","date_gmt":"2024-04-14T19:43:52","guid":{"rendered":"https:\/\/www.moskito.cz\/produkt\/zatvaraci-noz-crkt-orca-7930\/"},"modified":"2025-05-07T11:11:11","modified_gmt":"2025-05-07T10:11:11","slug":"zatvaraci-noz-crkt-orca-7930","status":"publish","type":"product","link":"https:\/\/www.moskito.cz\/sk\/produkt\/zatvaraci-noz-crkt-orca-7930\/","title":{"rendered":"Zatv\u00e1rac\u00ed N\u00f4\u017e CRKT Orca 7930"},"content":{"rendered":"<p>Zatv\u00e1rac\u00ed N\u00f4\u017e <strong>CRKT<\/strong> Orca 7930<\/p>\n<div class=\"flex-1 overflow-hidden @container\/thread\">\n<div class=\"h-full\">\n<div class=\"react-scroll-to-bottom--css-quzxw-79elbk h-full\">\n<div class=\"react-scroll-to-bottom--css-quzxw-1n7m0yu\">\n<div class=\"flex flex-col text-sm md:pb-9\">\n<article class=\"w-full scroll-mb-[var(--thread-trailing-height,150px)] text-token-text-primary focus-visible:outline-2 focus-visible:outline-offset-[-4px]\" dir=\"auto\" data-testid=\"conversation-turn-173\" data-scroll-anchor=\"true\">\n<div class=\"m-auto text-base py-[18px] px-3 md:px-4 w-full md:px-5 lg:px-4 xl:px-5\">\n<div class=\"mx-auto flex flex-1 gap-4 text-base md:gap-5 lg:gap-6 md:max-w-3xl\">\n<div class=\"group\/conversation-turn relative flex w-full min-w-0 flex-col agent-turn\">\n<div class=\"flex-col gap-1 md:gap-3\">\n<div class=\"flex max-w-full flex-col flex-grow\">\n<div class=\"min-h-8 text-message flex w-full flex-col items-end gap-2 whitespace-normal break-words text-start [.text-message+&amp;]:mt-5\" dir=\"auto\" data-message-author-role=\"assistant\" data-message-id=\"4fbf0619-a580-43af-9370-fc51dbba6d4c\" data-message-model-slug=\"gpt-4o-mini\">\n<div class=\"flex w-full flex-col gap-1 empty:hidden first:pt-[3px]\">\n<div class=\"markdown prose w-full break-words dark:prose-invert light\">\n<p><strong>Zatv\u00e1rac\u00ed N\u00f4\u017e CRKT Orca 7930<\/strong> je <strong>kompaktn\u00fd, v\u00fdkonn\u00fd a nen\u00e1padn\u00fd n\u00f4\u017e<\/strong> , ktor\u00fd sp\u00e1ja <strong>skvel\u00e9 dizajnov\u00e9 prvky<\/strong> s praktick\u00fdmi vlastnos\u0165ami. Navrhnut\u00fd Jimom Hammondom, <strong>Orca<\/strong> je in\u0161pirovan\u00e1 jeho ob\u013e\u00faben\u00fdm morsk\u00fdm zviera\u0165om \u2013 <strong>kosatkou<\/strong> \u2013 \u010do je v dizajne no\u017ea dobre vidite\u013en\u00e9. Tento n\u00f4\u017e vynik\u00e1 nielen svojim vzh\u013eadom, ale aj funkcionalitou, ktor\u00e1 zah\u0155\u0148a <strong>asistovan\u00e9 otv\u00e1ranie<\/strong> a <strong>vysok\u00fa odolnos\u0165 materi\u00e1lov<\/strong> .  <\/p>\n<h3>K\u013e\u00fa\u010dov\u00e9 vlastnosti:<\/h3>\n<ul>\n<li><strong>Asistovan\u00e9 otv\u00e1ranie:<\/strong> N\u00f4\u017e je vybaven\u00fd <strong>asistovan\u00fdm otv\u00e1ran\u00edm<\/strong> , \u010do znamen\u00e1, \u017ee \u010depe\u013e sa otvor\u00ed r\u00fdchlo a \u013eahko jednou rukou. <strong>IKBS Pivot<\/strong> (IKBS \u2013 Ikoma Korth Bearing System) zais\u0165uje plynul\u00e9 otv\u00e1ranie aj pri minim\u00e1lnom pohybe.<\/li>\n<li><strong>\u010cepe\u013e z n\u00e1strojovej ocele D2:<\/strong> Oce\u013e <strong>D2<\/strong> je vysoko kvalitn\u00e1 oce\u013e s vynikaj\u00facimi vlastnos\u0165ami na udr\u017eanie ostria, \u010do znamen\u00e1, \u017ee \u010depe\u013e zost\u00e1va dlho ostr\u00e1 aj pri intenz\u00edvnom pou\u017e\u00edvan\u00ed.<\/li>\n<li><strong>Kompaktn\u00fd dizajn:<\/strong> S <strong>d\u013a\u017ekou \u010depele 4,53 cm<\/strong> a <strong>celkovou d\u013a\u017ekou 11,84 cm<\/strong> je tento n\u00f4\u017e ve\u013emi kompaktn\u00fd a \u013eahko prenosn\u00fd, \u010do je ide\u00e1lne na ka\u017edodenn\u00e9 nosenie vo vrecku.<\/li>\n<li><strong>Ergonomick\u00e1 rukov\u00e4\u0165:<\/strong> Rukov\u00e4\u0165 je vyroben\u00e1 z <strong>\u010dierneho nylonu vystu\u017een\u00e9ho sklom<\/strong> , \u010do zais\u0165uje <strong>vysok\u00fa pevnos\u0165 a odolnos\u0165<\/strong> , z\u00e1rove\u0148 je <strong>\u013eahko text\u00farovan\u00e1<\/strong> , \u010do poskytuje dobr\u00fd \u00fachop.<\/li>\n<li><strong>Bezpe\u010dn\u00e9 uzamykanie:<\/strong> Tento model je vybaven\u00fd <strong>Liner Lock<\/strong> , \u010do je uzamykac\u00ed mechanizmus, ktor\u00fd zaist\u00ed, \u017ee \u010depe\u013e zostane pevne na svojom mieste, ke\u010f je otvoren\u00e1, a nedoch\u00e1dza k nechcen\u00e9mu zatvoreniu pri pou\u017e\u00edvan\u00ed.<\/li>\n<li><strong>Praktick\u00fd vreckov\u00fd klip:<\/strong> Vreckov\u00fd klip umo\u017e\u0148uje <strong>pravo-\u010dinn\u00e9 nosenie<\/strong> a \u013eahk\u00e9 pren\u00e1\u0161anie no\u017ea vo vrecku alebo na opasku.<\/li>\n<\/ul>\n<h3>\u0160pecifik\u00e1cia:<\/h3>\n<ul>\n<li><strong>D\u013a\u017eka \u010depele:<\/strong> 4,53 cm<\/li>\n<li><strong>D\u013a\u017eka rukov\u00e4te:<\/strong> 7,55 cm<\/li>\n<li><strong>Celkov\u00e1 d\u013a\u017eka:<\/strong> 11,84 cm<\/li>\n<li><strong>Materi\u00e1l \u010depele:<\/strong> <strong>D2<\/strong> (n\u00e1strojov\u00e1 oce\u013e)<\/li>\n<li>\u0160t\u00fdl <strong>\u010depele:<\/strong> <strong>Drop Point<\/strong><\/li>\n<li><strong>Povrchov\u00e1 \u00faprava \u010depele:<\/strong> Sat\u00e9n<\/li>\n<li><strong>Materi\u00e1l rukov\u00e4te:<\/strong> \u010cierny nylon vystu\u017een\u00fd sklom<\/li>\n<li><strong>Uzamykac\u00ed mechanizmus:<\/strong> <strong>Liner Lock<\/strong><\/li>\n<li><strong>Vreckov\u00fd klip:<\/strong> Vykl\u00e1pacie, prav\u00e9 nosenie<\/li>\n<li><strong>Hmotnos\u0165:<\/strong> 2,60 oz. (73,71 g)<\/li>\n<li><strong>Dizajn\u00e9r:<\/strong> <strong>Jim Hammond<\/strong><\/li>\n<li><strong>Asistencia IKBS Pivot<\/strong> (pre r\u00fdchle a hladk\u00e9 otv\u00e1ranie)<\/li>\n<\/ul>\n<h3>Vhodn\u00e9 pou\u017eitie:<\/h3>\n<ul>\n<li><strong>Ka\u017edodenn\u00e9 nosenie (EDC):<\/strong> V\u010faka malej ve\u013ekosti je ide\u00e1lny na ka\u017edodenn\u00e9 nosenie. M\u00f4\u017ee by\u0165 skvel\u00e9 na <strong>otv\u00e1ranie ob\u00e1lok<\/strong> , <strong>rie\u0161enie mal\u00fdch \u00faloh<\/strong> alebo <strong>drobn\u00e9 rezanie<\/strong> . <\/li>\n<li><strong>Kancel\u00e1rske pou\u017eitie:<\/strong> Jeho nen\u00e1padn\u00fd dizajn pripom\u00ednaj\u00faci pero z neho rob\u00ed v\u00fdborn\u00fa vo\u013ebu pre <strong>kancel\u00e1rske prostredie<\/strong> , kde nechcete, aby bol n\u00f4\u017e pr\u00edli\u0161 n\u00e1padn\u00fd.<\/li>\n<li><strong>Aktivity na vidieku:<\/strong> V\u010faka kompaktnej ve\u013ekosti je vhodn\u00fd pre <strong>\u013eahk\u00fd outdoor<\/strong> , kde je potrebn\u00e9 ma\u0165 po ruke mal\u00fd, ale v\u00fdkonn\u00fd n\u00f4\u017e.<\/li>\n<li><strong>Sebavyjadrenia a zberate\u013esk\u00e9 \u00fa\u010dely:<\/strong> Je to tie\u017e <strong>\u0161t\u00fdlov\u00fd n\u00f4\u017e<\/strong> pre zberate\u013eov, ktor\u00ed ocenia jeho unik\u00e1tny dizajn in\u0161pirovan\u00fd kosatkou.<\/li>\n<\/ul>\n<h3>Dizajn in\u0161pirovan\u00fd pr\u00edrodou:<\/h3>\n<p>Okrem funkcionality je dizajn <strong>Orca<\/strong> in\u0161pirovan\u00fd <strong>kosatkou<\/strong> (Orcinus orca), \u010do je evidentn\u00e9 v zakriven\u00ed rukov\u00e4te a celkovom vzh\u013eade no\u017ea, ktor\u00fd pripom\u00edna chrbtov\u00e9 a prsn\u00e9 plutvy tohto majest\u00e1tneho morsk\u00e9ho cicavca. Tento n\u00f4\u017e nie je iba n\u00e1strojom, ale aj <strong>dizajnov\u00fdm k\u00faskom<\/strong> , ktor\u00fd si m\u00f4\u017eete s hrdos\u0165ou vzia\u0165 so sebou kamko\u013evek. <\/p>\n<p><strong>CRKT Orca 7930<\/strong> je ide\u00e1lnou vo\u013ebou pre ka\u017ed\u00e9ho, kto h\u013ead\u00e1 <strong>kompaktn\u00fd, ale v\u00fdkonn\u00fd n\u00f4\u017e<\/strong> s vynikaj\u00facim dizajnom a <strong>asistovan\u00fdm otv\u00e1ran\u00edm<\/strong> , ktor\u00fd \u013eahko n\u00e1jde svoje miesto v ka\u017edodennej v\u00fdbave.<\/p>\n<\/div>\n<\/div>\n<\/div>\n<\/div>\n<div class=\"mb-2 flex gap-3 empty:hidden -ml-2\">\n<div class=\"items-center justify-start rounded-xl p-1 flex\">\n<div class=\"flex items-center\"><\/div>\n<\/div>\n<\/div>\n<div class=\"pr-2 lg:pr-0\"><\/div>\n<div class=\"mt-3 w-full empty:hidden\">\n<div class=\"text-center\"><\/div>\n<\/div>\n<\/div>\n<div class=\"absolute\">\n<div class=\"flex items-center justify-center\"><\/div>\n<\/div>\n<\/div>\n<\/div>\n<\/div>\n<\/article>\n<\/div>\n<\/div>\n<\/div>\n<\/div>\n<\/div>\n<div class=\"md:pt-0 dark:border-white\/20 md:border-transparent md:dark:border-transparent w-full\">\n<div>\n<div class=\"m-auto text-base px-3 md:px-4 w-full md:px-5 lg:px-4 xl:px-5\">\n<div class=\"mx-auto flex flex-1 gap-4 text-base md:gap-5 lg:gap-6 md:max-w-3xl\">\n<div class=\"flex justify-center\"><\/div>\n<\/div>\n<\/div>\n<\/div>\n<\/div>\n<p>&nbsp;<\/p>\n<p><iframe title=\"CRKT Orca Assisted | Jim Hammond Design\" width=\"800\" height=\"450\" src=\"https:\/\/www.youtube.com\/embed\/WVN8A4kcy_A?feature=oembed\" frameborder=\"0\" allow=\"accelerometer; autoplay; clipboard-write; encrypted-media; gyroscope; picture-in-picture; web-share\" referrerpolicy=\"strict-origin-when-cross-origin\" allowfullscreen><\/iframe><\/p>\n<p>&nbsp;<\/p>\n","protected":false},"excerpt":{"rendered":"<div class=\"flex max-w-full flex-col flex-grow\">\n<div class=\"min-h-8 text-message flex w-full flex-col items-end gap-2 whitespace-normal break-words text-start [.text-message+&amp;]:mt-5\" dir=\"auto\" data-message-author-role=\"assistant\" data-message-id=\"4fbf0619-a580-43af-9370-fc51dbba6d4c\" data-message-model-slug=\"gpt-4o-mini\">\n<div class=\"flex w-full flex-col gap-1 empty:hidden first:pt-[3px]\">\n<div class=\"markdown prose w-full break-words dark:prose-invert light\">\n<p><strong>CRKT Orca 7930 je ide\u00e1lnou vo\u013ebou pre ka\u017ed\u00e9ho, kto h\u013ead\u00e1 kompaktn\u00fd, ale v\u00fdkonn\u00fd n\u00f4\u017e s vynikaj\u00facim dizajnom a asistovan\u00fdm otv\u00e1ran\u00edm, ktor\u00fd \u013eahko n\u00e1jde svoje miesto v ka\u017edodennej v\u00fdbave.<\/strong><\/p>\n<\/div>\n<\/div>\n<\/div>\n<\/div>\n<div class=\"mb-2 flex gap-3 empty:hidden -ml-2\">\n<div class=\"items-center justify-start rounded-xl p-1 flex\">\n<div class=\"flex items-center\"><\/div>\n<\/div>\n<\/div>\n","protected":false},"featured_media":332710,"comment_status":"open","ping_status":"closed","template":"","meta":[],"pwb-brand":[3249],"product_brand":[],"product_cat":[3233,3186],"product_tag":[3668],"class_list":{"0":"post-332759","1":"product","2":"type-product","3":"status-publish","4":"has-post-thumbnail","6":"pwb-brand-zatvaraci-noz-crkt-delilahs-p-e-c-k-5520","7":"product_cat-zatvaracie-noze","8":"product_cat-noze-sk","9":"product_tag-b2b-sk","11":"first","12":"instock","13":"sale","14":"taxable","15":"shipping-taxable","16":"purchasable","17":"product-type-simple"},"brands":[{"id":3249,"name":"Zatv\u00e1rac\u00ed N\u00f4\u017e CRKT DELILAH'S P.E.C.K. 5520","slug":"zatvaraci-noz-crkt-delilahs-p-e-c-k-5520"}],"_links":{"self":[{"href":"https:\/\/www.moskito.cz\/sk\/wp-json\/wp\/v2\/product\/332759","targetHints":{"allow":["GET"]}}],"collection":[{"href":"https:\/\/www.moskito.cz\/sk\/wp-json\/wp\/v2\/product"}],"about":[{"href":"https:\/\/www.moskito.cz\/sk\/wp-json\/wp\/v2\/types\/product"}],"replies":[{"embeddable":true,"href":"https:\/\/www.moskito.cz\/sk\/wp-json\/wp\/v2\/comments?post=332759"}],"wp:featuredmedia":[{"embeddable":true,"href":"https:\/\/www.moskito.cz\/sk\/wp-json\/wp\/v2\/media\/332710"}],"wp:attachment":[{"href":"https:\/\/www.moskito.cz\/sk\/wp-json\/wp\/v2\/media?parent=332759"}],"wp:term":[{"taxonomy":"pwb-brand","embeddable":true,"href":"https:\/\/www.moskito.cz\/sk\/wp-json\/wp\/v2\/pwb-brand?post=332759"},{"taxonomy":"product_brand","embeddable":true,"href":"https:\/\/www.moskito.cz\/sk\/wp-json\/wp\/v2\/product_brand?post=332759"},{"taxonomy":"product_cat","embeddable":true,"href":"https:\/\/www.moskito.cz\/sk\/wp-json\/wp\/v2\/product_cat?post=332759"},{"taxonomy":"product_tag","embeddable":true,"href":"https:\/\/www.moskito.cz\/sk\/wp-json\/wp\/v2\/product_tag?post=332759"}],"curies":[{"name":"wp","href":"https:\/\/api.w.org\/{rel}","templated":true}]}}