{"id":333036,"date":"2022-04-22T21:44:51","date_gmt":"2024-04-15T09:57:56","guid":{"rendered":"https:\/\/www.moskito.cz\/produkt\/zatvaraci-noz-extrema-ratio-bf1-ct-black-ruvido\/"},"modified":"2025-05-07T11:11:18","modified_gmt":"2025-05-07T10:11:18","slug":"zatvaraci-noz-extrema-ratio-bf1-ct-black-ruvido","status":"publish","type":"product","link":"https:\/\/www.moskito.cz\/sk\/produkt\/zatvaraci-noz-extrema-ratio-bf1-ct-black-ruvido\/","title":{"rendered":"Zatv\u00e1rac\u00ed N\u00f4\u017e Extrema Ratio BF1 CT BLACK RUVIDO"},"content":{"rendered":"<p>Zatv\u00e1rac\u00ed N\u00f4\u017e <strong>Extrema Ratio<\/strong> BF1 CT BLACK RUVIDO.<\/p>\n<p>BF1 je uzamykate\u013en\u00fd na ka\u017edodenn\u00e9 pou\u017eitie, jednoduch\u00fd, nevyhnutn\u00fd a funk\u010dn\u00fd. \u010cepe\u013e, v\u00fdhradne le\u0161ten\u00e1, m\u00e1 ploch\u00e9 ostrie a \u0161pi\u010dka je obzvl\u00e1\u0161\u0165 siln\u00e1 a odoln\u00e1. Rukov\u00e4\u0165, tie\u017e le\u0161ten\u00e1, m\u00e1 charakteristick\u00e9 zn\u00ed\u017een\u00e9 plochy pre z\u00e1ber s otv\u00e1rac\u00edmi &#8222;\u010dapmi&#8220; bez toho, aby vy\u010dnievala z profilu zatvoren\u00e9ho no\u017ea. Obojstrann\u00e1 spona je umiestnen\u00e1 za \u010depe\u013eou a obop\u00edna \u010depe\u013e no\u017ea tak, aby ju v pr\u00edpade vlo\u017eenia do vrecka \u00faplne skryla. Blokovac\u00ed mechanizmus \u010depele je osved\u010den\u00fd LINER-LOCK. T\u00e1to verzia sa vyr\u00e1ba s text\u00farovanou rukov\u00e4\u0165ou pre lep\u0161ie uchopenie.<\/p>\n<p>V\u00c1HA G.: 88<br \/>\nHMOTNOS\u0164 OZ.: 3.1<br \/>\nD\u0139\u017dKA \u010cEPELA (MM): 69<br \/>\nD\u0139\u017dKA \u010cEPELA (IN): 2,7<br \/>\nCELKOV\u00c1 D\u0139\u017dKA (MM): 171<br \/>\nCELKOV\u00c1 D\u0139\u017dKA (V): 6,7<br \/>\nH\u013d\u00daBKA \u010cEPELA (MM): 3<br \/>\nH\u013d\u00daBKA \u010cEPELA (IN): 0,12<br \/>\nMATERI\u00c1L \u010cEPELA: B\u00d6HLER N690 STEEL (58HRC)<br \/>\nPOVRCHOV\u00c1 \u00daPRAVA NO\u017dA: MIL-C-13924 BURNISH<br \/>\n\u0160\u00cdPKA \u010cEPELA: PLOCH\u00dd DR\u00d4T<br \/>\nMATERI\u00c1L RUKOV\u00c4TI: ELOXOVAN\u00dd ANTIKOROD\u00c1LNY HLIN\u00cdK<\/p>\n","protected":false},"excerpt":{"rendered":"<p>Spolo\u010dnos\u0165 Extrema Ratio so s\u00eddlom v talianskom Prate navrhuje a vyr\u00e1ba vysoko v\u00fdkonn\u00e9 bojov\u00e9, vojensk\u00e9, kuchynsk\u00e9, loveck\u00e9 a taktick\u00e9 no\u017ee od roku 1997 a m\u00e1 poves\u0165 vynikaj\u00facej kvality, ktor\u00e1 je v odbore vojensk\u00fdch a taktick\u00fdch no\u017eov neprekonate\u013en\u00e1. Doprava zadarmo.<\/p>\n","protected":false},"featured_media":215423,"comment_status":"open","ping_status":"closed","template":"","meta":[],"pwb-brand":[3198],"product_brand":[],"product_cat":[3186,3233],"product_tag":[3668],"class_list":{"0":"post-333036","1":"product","2":"type-product","3":"status-publish","4":"has-post-thumbnail","6":"pwb-brand-extrema-ratio-sk","7":"product_cat-noze-sk","8":"product_cat-zatvaracie-noze","9":"product_tag-b2b-sk","11":"first","12":"instock","13":"taxable","14":"shipping-taxable","15":"purchasable","16":"product-type-simple"},"brands":[{"id":3198,"name":"Extrema Ratio","slug":"extrema-ratio-sk"}],"_links":{"self":[{"href":"https:\/\/www.moskito.cz\/sk\/wp-json\/wp\/v2\/product\/333036","targetHints":{"allow":["GET"]}}],"collection":[{"href":"https:\/\/www.moskito.cz\/sk\/wp-json\/wp\/v2\/product"}],"about":[{"href":"https:\/\/www.moskito.cz\/sk\/wp-json\/wp\/v2\/types\/product"}],"replies":[{"embeddable":true,"href":"https:\/\/www.moskito.cz\/sk\/wp-json\/wp\/v2\/comments?post=333036"}],"wp:featuredmedia":[{"embeddable":true,"href":"https:\/\/www.moskito.cz\/sk\/wp-json\/wp\/v2\/media\/215423"}],"wp:attachment":[{"href":"https:\/\/www.moskito.cz\/sk\/wp-json\/wp\/v2\/media?parent=333036"}],"wp:term":[{"taxonomy":"pwb-brand","embeddable":true,"href":"https:\/\/www.moskito.cz\/sk\/wp-json\/wp\/v2\/pwb-brand?post=333036"},{"taxonomy":"product_brand","embeddable":true,"href":"https:\/\/www.moskito.cz\/sk\/wp-json\/wp\/v2\/product_brand?post=333036"},{"taxonomy":"product_cat","embeddable":true,"href":"https:\/\/www.moskito.cz\/sk\/wp-json\/wp\/v2\/product_cat?post=333036"},{"taxonomy":"product_tag","embeddable":true,"href":"https:\/\/www.moskito.cz\/sk\/wp-json\/wp\/v2\/product_tag?post=333036"}],"curies":[{"name":"wp","href":"https:\/\/api.w.org\/{rel}","templated":true}]}}