{"id":333175,"date":"2024-04-15T18:12:23","date_gmt":"2024-04-15T17:14:34","guid":{"rendered":"https:\/\/www.moskito.cz\/produkt\/zatvaraci-noz-crkt-ceo-flipper-7097rk\/"},"modified":"2025-05-07T11:11:22","modified_gmt":"2025-05-07T10:11:22","slug":"zatvaraci-noz-crkt-ceo-flipper-7097rk","status":"publish","type":"product","link":"https:\/\/www.moskito.cz\/sk\/produkt\/zatvaraci-noz-crkt-ceo-flipper-7097rk\/","title":{"rendered":"Zatv\u00e1rac\u00ed N\u00f4\u017e CRKT CEO Flipper 7097RK"},"content":{"rendered":"<p>Zatv\u00e1rac\u00ed N\u00f4\u017e <strong>CRKT<\/strong> CEO Flipper 7097RK.<\/p>\n<p>Na prv\u00fd poh\u013ead by sa dal pom\u00fdli\u0165 s perom zastr\u010den\u00fdm vo vrecku ko\u0161ele. A presne tak bol navrhnut\u00fd zatv\u00e1rac\u00ed n\u00f4\u017e CEO Flipper. S mimoriadne n\u00edzkym profilom a \u017eiadnymi rohmi na \u00fakor pou\u017eite\u013enosti a ergon\u00f3mie steles\u0148uje pracovn\u00e9ho ducha ka\u017edodenn\u00e9ho nosenia.<br \/>\nJednoduch\u00e9 ostrenie: \u010cepe\u013e z vysoko uhl\u00edkovej nerezovej ocele dobre zaber\u00e1 ostrie<br \/>\nHladk\u00e9 otv\u00e1ranie : \u010cap guli\u010dkov\u00e9ho lo\u017eiska IKBS\u2122 plynulo rozmiestni \u010depe\u013e<br \/>\nR\u00fdchle otv\u00e1ranie: Flipper r\u00fdchlo rozvinie \u010depe\u013e<br \/>\nPevn\u00e1 a \u013eahk\u00e1 : Nylonov\u00e1 rukov\u00e4\u0165 vystu\u017een\u00e1 sklom je odoln\u00e1 a \u013eahk\u00e1<br \/>\nJednoduch\u00e9 zatv\u00e1ranie: Z\u00e1mok vlo\u017eky je mo\u017en\u00e9 \u013eahko zavrie\u0165 jednou rukou<br \/>\nMo\u017enosti nosenia: Nastavite\u013en\u00fd klip pre nosenie v \u013eavej alebo pravej ruke<\/p>\n<p>\u010cepe\u013e oce\u013e: AUS 8<br \/>\nBlade Edge Plain<br \/>\nPovrchov\u00e1 \u00faprava \u010depele EDP<br \/>\nD\u013a\u017eka \u010depele 8.51 cm<br \/>\nCelkov\u00e1 d\u013a\u017eka: 19.52 cm<br \/>\nD\u013a\u017eka v zatvorenom stave: 11.03 cm<br \/>\nHmotnos\u0165 1,90 oz. (53,86 g)<\/p>\n<p>&nbsp;<\/p>\n","protected":false},"excerpt":{"rendered":"<p>N\u00c1VRH\u00c1R<br \/>\nRichard Rogers<br \/>\nMagdalena, Nov\u00e9 Mexiko<br \/>\nJednoduch\u00e9, praktick\u00e9 zlo\u017eky na ka\u017edodenn\u00e9 nosenie s\u00fa mojou v\u00e1\u0161\u0148ou. Pri ka\u017edom n\u00e1vrhu som cie\u013eavedom\u00fd, \u010do m\u00f4\u017ee urobi\u0165, aby \u010dloveku, ktor\u00fd ho dr\u017e\u00ed, u\u013eah\u010dil \u017eivot.<\/p>\n","protected":false},"featured_media":333131,"comment_status":"open","ping_status":"closed","template":"","meta":[],"pwb-brand":[3249],"product_brand":[],"product_cat":[3186,3233],"product_tag":[],"class_list":{"0":"post-333175","1":"product","2":"type-product","3":"status-publish","4":"has-post-thumbnail","6":"pwb-brand-zatvaraci-noz-crkt-delilahs-p-e-c-k-5520","7":"product_cat-noze-sk","8":"product_cat-zatvaracie-noze","10":"first","11":"outofstock","12":"taxable","13":"shipping-taxable","14":"purchasable","15":"product-type-simple"},"brands":[{"id":3249,"name":"Zatv\u00e1rac\u00ed N\u00f4\u017e CRKT DELILAH'S P.E.C.K. 5520","slug":"zatvaraci-noz-crkt-delilahs-p-e-c-k-5520"}],"_links":{"self":[{"href":"https:\/\/www.moskito.cz\/sk\/wp-json\/wp\/v2\/product\/333175","targetHints":{"allow":["GET"]}}],"collection":[{"href":"https:\/\/www.moskito.cz\/sk\/wp-json\/wp\/v2\/product"}],"about":[{"href":"https:\/\/www.moskito.cz\/sk\/wp-json\/wp\/v2\/types\/product"}],"replies":[{"embeddable":true,"href":"https:\/\/www.moskito.cz\/sk\/wp-json\/wp\/v2\/comments?post=333175"}],"wp:featuredmedia":[{"embeddable":true,"href":"https:\/\/www.moskito.cz\/sk\/wp-json\/wp\/v2\/media\/333131"}],"wp:attachment":[{"href":"https:\/\/www.moskito.cz\/sk\/wp-json\/wp\/v2\/media?parent=333175"}],"wp:term":[{"taxonomy":"pwb-brand","embeddable":true,"href":"https:\/\/www.moskito.cz\/sk\/wp-json\/wp\/v2\/pwb-brand?post=333175"},{"taxonomy":"product_brand","embeddable":true,"href":"https:\/\/www.moskito.cz\/sk\/wp-json\/wp\/v2\/product_brand?post=333175"},{"taxonomy":"product_cat","embeddable":true,"href":"https:\/\/www.moskito.cz\/sk\/wp-json\/wp\/v2\/product_cat?post=333175"},{"taxonomy":"product_tag","embeddable":true,"href":"https:\/\/www.moskito.cz\/sk\/wp-json\/wp\/v2\/product_tag?post=333175"}],"curies":[{"name":"wp","href":"https:\/\/api.w.org\/{rel}","templated":true}]}}