{"id":333241,"date":"2024-04-15T18:29:09","date_gmt":"2024-04-15T17:30:47","guid":{"rendered":"https:\/\/www.moskito.cz\/produkt\/obranne-pero-crkt-williams-tactical-pen-2-tpenwp\/"},"modified":"2025-05-07T11:11:23","modified_gmt":"2025-05-07T10:11:23","slug":"obranne-pero-crkt-williams-tactical-pen-2-tpenwp","status":"publish","type":"product","link":"https:\/\/www.moskito.cz\/sk\/produkt\/obranne-pero-crkt-williams-tactical-pen-2-tpenwp\/","title":{"rendered":"Obrann\u00e9 Pero CRKT Williams Tactical Pen 2 TPENWP"},"content":{"rendered":"<p>Obrann\u00e9 Pero <strong>CRKT<\/strong> Williams Tactical Pen 2 TPENWP.<\/p>\n<p>Zdanie klame. Situ\u00e1cia, ktor\u00e1 si vy\u017eaduje sebaobranu, je prirodzene neo\u010dak\u00e1van\u00e1. Najm\u00fadrej\u0161\u00ed s\u00fa t\u00ed, ktor\u00ed myslia dopredu. Tu prich\u00e1dza na sc\u00e9nu Williams Tactical Pen 2. Jeho taktick\u00fd koniec, maskovan\u00fd ako sofistikovan\u00fd p\u00edsac\u00ed n\u00e1stroj, nesie siln\u00fd \u00fader. To je jemnos\u0165 v celej svojej kr\u00e1se.<\/p>\n<p>B\u00fdval\u00fd arm\u00e1dny d\u00f4stojn\u00edk a in\u0161truktor bojov\u00fdch umen\u00ed James Williams je mu\u017e, ktor\u00fd plynule pou\u017e\u00edva n\u00e1stroje sebaobrany, ktor\u00e9 ovl\u00e1daj\u00fa cel\u00fa \u0161k\u00e1lu &#8211; je rovnako schopn\u00fd s me\u010dom ako s ni\u010d\u00edm in\u00fdm ako s taktickou baterkou. Pred rokmi navrhol taktick\u00e9 pero zo svojho obchodu v Encinitas v Kalifornii. Svet no\u017eov to miloval. Teraz to opravil a je to lep\u0161ie ako kedyko\u013evek predt\u00fdm.<\/p>\n<p>Leteck\u00e1 hlin\u00edkov\u00e1 karos\u00e9ria 6061 obsahuje legend\u00e1rny Schmidt MegaLine 4889 M; skuto\u010dne \u0161pi\u010dkov\u00fd, pokia\u013e ide o ka\u017edodenn\u00e9 nosenie. Elegantn\u00fd n\u00e1stroj m\u00e1 \u010dierny, tvrd\u00fd eloxovan\u00fd povrch a tvarovan\u00e9 dr\u00e1\u017eky pre lep\u0161iu pri\u013enavos\u0165. Na jednom konci \u010diapka s odn\u00edmate\u013enou vreckovou sponou bezpe\u010dne zacvakne na miesto, na druhom konci zostane tup\u00fd hrot ne\u0161kodne pripraven\u00fd, pokia\u013e nastan\u00fa probl\u00e9my.<\/p>\n<p>Va\u0161a ka\u017edodenn\u00e1 prepravn\u00e1 s\u00faprava sa stala o nie\u010do \u017eiarivej\u0161ou.<\/p>\n<p>\u0160pecifik\u00e1cia:<br \/>\nCelkov\u00e1 d\u013a\u017eka: 15.08 cm<br \/>\nZatvoren\u00e1 d\u013a\u017eka: 15.,83 cm<br \/>\nHmotnos\u0165 1,40 oz. (39,69 g)<br \/>\nMateri\u00e1l: 6061 Leteck\u00fd hlin\u00edk<br \/>\nHmotnos\u0165: 1,4 oz.<br \/>\nDizajn\u00e9r: James Williams<\/p>\n","protected":false},"excerpt":{"rendered":"<p>James Williams<br \/>\nVass, Severn\u00e1 Karol\u00edna<br \/>\nNechce\u0161 sa zahr\u00e1va\u0165 so senseom Jamesom Williamsom. B\u00fdval\u00fd d\u00f4stojn\u00edk americkej arm\u00e1dy s viac ako 50 rokmi sk\u00fasenost\u00ed v bojov\u00fdch umeniach vyvinul The System of Strategy. Je to jedine\u010dn\u00fd pr\u00edstup k boju bez zbrane, ktor\u00fd u\u010d\u00ed jednotky \u0161peci\u00e1lnych oper\u00e1ci\u00ed a org\u00e1ny presadzovania pr\u00e1va po celom svete. Ke\u010f je v\u0161ak ozbrojen\u00fd, n\u00e1jdete ho oh\u00e1\u0148aj\u00face sa \u010depe\u013eami, ktor\u00e9 vytvoril, ako s\u00fa pevn\u00e9 \u010depele Hisshou\u00ae a Hissatsu\u2122, Shizuka n\u00f4h Ken\u2122 a teraz u\u017e legend\u00e1rny Hissatsu\u2122.<\/p>\n","protected":false},"featured_media":333189,"comment_status":"open","ping_status":"closed","template":"","meta":[],"pwb-brand":[3249],"product_brand":[],"product_cat":[3186,3233],"product_tag":[],"class_list":{"0":"post-333241","1":"product","2":"type-product","3":"status-publish","4":"has-post-thumbnail","6":"pwb-brand-zatvaraci-noz-crkt-delilahs-p-e-c-k-5520","7":"product_cat-noze-sk","8":"product_cat-zatvaracie-noze","10":"first","11":"outofstock","12":"taxable","13":"shipping-taxable","14":"purchasable","15":"product-type-simple"},"brands":[{"id":3249,"name":"Zatv\u00e1rac\u00ed N\u00f4\u017e CRKT DELILAH'S P.E.C.K. 5520","slug":"zatvaraci-noz-crkt-delilahs-p-e-c-k-5520"}],"_links":{"self":[{"href":"https:\/\/www.moskito.cz\/sk\/wp-json\/wp\/v2\/product\/333241","targetHints":{"allow":["GET"]}}],"collection":[{"href":"https:\/\/www.moskito.cz\/sk\/wp-json\/wp\/v2\/product"}],"about":[{"href":"https:\/\/www.moskito.cz\/sk\/wp-json\/wp\/v2\/types\/product"}],"replies":[{"embeddable":true,"href":"https:\/\/www.moskito.cz\/sk\/wp-json\/wp\/v2\/comments?post=333241"}],"wp:featuredmedia":[{"embeddable":true,"href":"https:\/\/www.moskito.cz\/sk\/wp-json\/wp\/v2\/media\/333189"}],"wp:attachment":[{"href":"https:\/\/www.moskito.cz\/sk\/wp-json\/wp\/v2\/media?parent=333241"}],"wp:term":[{"taxonomy":"pwb-brand","embeddable":true,"href":"https:\/\/www.moskito.cz\/sk\/wp-json\/wp\/v2\/pwb-brand?post=333241"},{"taxonomy":"product_brand","embeddable":true,"href":"https:\/\/www.moskito.cz\/sk\/wp-json\/wp\/v2\/product_brand?post=333241"},{"taxonomy":"product_cat","embeddable":true,"href":"https:\/\/www.moskito.cz\/sk\/wp-json\/wp\/v2\/product_cat?post=333241"},{"taxonomy":"product_tag","embeddable":true,"href":"https:\/\/www.moskito.cz\/sk\/wp-json\/wp\/v2\/product_tag?post=333241"}],"curies":[{"name":"wp","href":"https:\/\/api.w.org\/{rel}","templated":true}]}}