{"id":333353,"date":"2024-04-15T19:11:16","date_gmt":"2024-04-15T18:11:16","guid":{"rendered":"https:\/\/www.moskito.cz\/produkt\/obranne-pero-crkt-williams-defense-pen-tpenwrg\/"},"modified":"2025-05-07T11:11:30","modified_gmt":"2025-05-07T10:11:30","slug":"obranne-pero-crkt-williams-defense-pen-tpenwrg","status":"publish","type":"product","link":"https:\/\/www.moskito.cz\/sk\/produkt\/obranne-pero-crkt-williams-defense-pen-tpenwrg\/","title":{"rendered":"Obrann\u00e9 pero CRKT Williams Defense Pen TPENWRG"},"content":{"rendered":"<p>Obrann\u00e9 pero <strong>CRKT<\/strong> Williams Defense Pen TPENWRG.<\/p>\n<p>Pre v\u0161etky ostatn\u00e9 s\u00fa to \u0161t\u00fdlov\u00e9 p\u00edsacie n\u00e1stroje navrhnut\u00e9 so v\u0161etk\u00fdmi jemn\u00fdmi vlastnos\u0165ami, ktor\u00e9 by ste o\u010dak\u00e1vali od pekn\u00e9ho pera, ale pre v\u00e1s s\u00fa viac ako to. James Williams, b\u00fdval\u00fd arm\u00e1dny d\u00f4stojn\u00edk a in\u0161truktor bojov\u00fdch umen\u00ed, uplatnil svoje odborn\u00e9 znalosti v oblasti dizajnu na obrann\u00fa ceruzku Williams. Pre t\u00fdch z v\u00e1s, ktor\u00ed poznaj\u00fa Hissatsu a Hisshou, bude tento nov\u00fd dizajn Jamesa Williamsa ur\u010dite v\u00edtan\u00fdm doplnkom va\u0161ich obrann\u00fdch n\u00e1strojov.<\/p>\n<p>S ur\u010dit\u00fdmi z\u00e1kladn\u00fdmi in\u0161trukciami alebo znalos\u0165ami mo\u017eno \u013eahko pou\u017ei\u0165 per\u00e1 proti \u00fato\u010dn\u00edkovi alebo \u00fato\u010dn\u00edkovi, aby mu sp\u00f4sobil upozornenie, boles\u0165 alebo zranenie \u2013 zmarenie inak potenci\u00e1lne bezbrann\u00e9ho \u010dinu.<\/p>\n<p>A s\u00fa to jednoducho skvel\u00e9 p\u00edsacie n\u00e1stroje.<\/p>\n<p>\u0160pecifik\u00e1cia:<br \/>\nCelkov\u00e1 d\u013a\u017eka: 15.22 cm<br \/>\nN\u00e1pl\u0148: SCHMIDT MegaLine 4889M<br \/>\nMateri\u00e1l tela: Green Grivory<br \/>\nHmotnos\u0165: 0,80 oz. (22,68 g)<\/p>\n<p><iframe title=\"CRKT Williams Defense Pen Grivory\u00ae | James Williams Design\" width=\"800\" height=\"450\" src=\"https:\/\/www.youtube.com\/embed\/F4qAloNI9j4?feature=oembed\" frameborder=\"0\" allow=\"accelerometer; autoplay; clipboard-write; encrypted-media; gyroscope; picture-in-picture; web-share\" referrerpolicy=\"strict-origin-when-cross-origin\" allowfullscreen><\/iframe><\/p>\n<p>&nbsp;<\/p>\n","protected":false},"excerpt":{"rendered":"<p>James Williams<br \/>\nVass, Severn\u00e1 Karol\u00edna<br \/>\nNechce\u0161 sa zahr\u00e1va\u0165 so senseom Jamesom Williamsom. B\u00fdval\u00fd d\u00f4stojn\u00edk americkej arm\u00e1dy s viac ako 50 rokmi sk\u00fasenost\u00ed v bojov\u00fdch umeniach vyvinul The System of Strategy. Je to jedine\u010dn\u00fd pr\u00edstup k boju bez zbrane, ktor\u00fd u\u010d\u00ed jednotky \u0161peci\u00e1lnych oper\u00e1ci\u00ed a org\u00e1ny presadzovania pr\u00e1va po celom svete. Ke\u010f je v\u0161ak ozbrojen\u00fd, n\u00e1jdete ho oh\u00e1\u0148aj\u00face sa \u010depe\u013eami, ktor\u00e9 vytvoril, ako s\u00fa pevn\u00e9 \u010depele Hisshou\u00ae a Hissatsu\u2122, Shizuka n\u00f4h Ken\u2122 a teraz u\u017e legend\u00e1rny Hissatsu\u2122.<\/p>\n","protected":false},"featured_media":333303,"comment_status":"open","ping_status":"closed","template":"","meta":[],"pwb-brand":[3249],"product_brand":[],"product_cat":[3233,3186],"product_tag":[],"class_list":{"0":"post-333353","1":"product","2":"type-product","3":"status-publish","4":"has-post-thumbnail","6":"pwb-brand-zatvaraci-noz-crkt-delilahs-p-e-c-k-5520","7":"product_cat-zatvaracie-noze","8":"product_cat-noze-sk","10":"first","11":"outofstock","12":"taxable","13":"shipping-taxable","14":"purchasable","15":"product-type-simple"},"brands":[{"id":3249,"name":"Zatv\u00e1rac\u00ed N\u00f4\u017e CRKT DELILAH'S P.E.C.K. 5520","slug":"zatvaraci-noz-crkt-delilahs-p-e-c-k-5520"}],"_links":{"self":[{"href":"https:\/\/www.moskito.cz\/sk\/wp-json\/wp\/v2\/product\/333353","targetHints":{"allow":["GET"]}}],"collection":[{"href":"https:\/\/www.moskito.cz\/sk\/wp-json\/wp\/v2\/product"}],"about":[{"href":"https:\/\/www.moskito.cz\/sk\/wp-json\/wp\/v2\/types\/product"}],"replies":[{"embeddable":true,"href":"https:\/\/www.moskito.cz\/sk\/wp-json\/wp\/v2\/comments?post=333353"}],"wp:featuredmedia":[{"embeddable":true,"href":"https:\/\/www.moskito.cz\/sk\/wp-json\/wp\/v2\/media\/333303"}],"wp:attachment":[{"href":"https:\/\/www.moskito.cz\/sk\/wp-json\/wp\/v2\/media?parent=333353"}],"wp:term":[{"taxonomy":"pwb-brand","embeddable":true,"href":"https:\/\/www.moskito.cz\/sk\/wp-json\/wp\/v2\/pwb-brand?post=333353"},{"taxonomy":"product_brand","embeddable":true,"href":"https:\/\/www.moskito.cz\/sk\/wp-json\/wp\/v2\/product_brand?post=333353"},{"taxonomy":"product_cat","embeddable":true,"href":"https:\/\/www.moskito.cz\/sk\/wp-json\/wp\/v2\/product_cat?post=333353"},{"taxonomy":"product_tag","embeddable":true,"href":"https:\/\/www.moskito.cz\/sk\/wp-json\/wp\/v2\/product_tag?post=333353"}],"curies":[{"name":"wp","href":"https:\/\/api.w.org\/{rel}","templated":true}]}}