{"id":333417,"date":"2024-04-15T19:29:47","date_gmt":"2024-04-15T18:33:55","guid":{"rendered":"https:\/\/www.moskito.cz\/produkt\/zatvaraci-noz-crkt-persian-7060\/"},"modified":"2025-05-07T11:11:31","modified_gmt":"2025-05-07T10:11:31","slug":"zatvaraci-noz-crkt-persian-7060","status":"publish","type":"product","link":"https:\/\/www.moskito.cz\/sk\/produkt\/zatvaraci-noz-crkt-persian-7060\/","title":{"rendered":"Zatv\u00e1rac\u00ed N\u00f4\u017e CRKT Persian 7060"},"content":{"rendered":"<p>Zatv\u00e1rac\u00ed N\u00f4\u017e <strong>CRKT<\/strong> Persian 7060.<\/p>\n<p>Per\u017ean je n\u00edzkoprofilov\u00fd zatv\u00e1rac\u00ed n\u00f4\u017e s jemn\u00fdmi krivkami a vyv\u00e1\u017een\u00fdm dizajnom. V\u010faka asistovan\u00e9mu otv\u00e1raniu sa \u010depe\u013e z ocele D2 bleskovo vysunie, zatia\u013e \u010do vyv\u00fd\u0161en\u00fd tvar no\u017ea a v\u00fdrazn\u00e9 brucho mu d\u00e1vaj\u00fa lep\u0161iu schopnos\u0165 kr\u00e1jania. Vyroben\u00e9 z kvalitn\u00fdch materi\u00e1lov, nylonov\u00e1 rukov\u00e4\u0165 vystu\u017een\u00e1 sklom umo\u017e\u0148uje lep\u0161ie uchopenie, v\u010faka \u010domu sa perz\u0161tina \u013eahko otv\u00e1ra a zatv\u00e1ra jednou rukou.<\/p>\n<p>Celkovo ide o elegantn\u00e9 a odoln\u00e9 nosenie na ka\u017edodenn\u00e9 pou\u017eitie, na ktor\u00e9 budete hrd\u00ed, \u017ee ho m\u00e1te vo vrecku.<\/p>\n<p>\u0160pecifik\u00e1cia:<br \/>\nD\u013a\u017eka \u010depele: 8.73 cm<br \/>\nD\u013a\u017eka v zatvorenom stave: 11.34 cm<br \/>\nCelkov\u00e1 d\u013a\u017eka: 20.63 cm<br \/>\nMateri\u00e1l \u010depele: N\u00e1strojov\u00e1 oce\u013e D2<br \/>\nHr\u00fabka \u010depele: 0,33 cm<br \/>\n\u0160t\u00fdl \u010depele: Trailing Point Persian<br \/>\nPovrchov\u00e1 \u00faprava \u010depele: sat\u00e9n<br \/>\nMateri\u00e1l rukov\u00e4te: \u010cierny nylon vystu\u017een\u00fd sklom<br \/>\nUzamykac\u00ed mechanizmus: Liner Lock<br \/>\nVreckov\u00fd klip: Deep Carry Tip-Up, Right Carry<br \/>\nHmotnos\u0165: 3,10 oz. (87,88 g)<br \/>\nDizajn\u00e9r: Richard Rogers<\/p>\n<p><iframe title=\"CRKT Persian Assisted | Richard Rogers Design\" width=\"800\" height=\"450\" src=\"https:\/\/www.youtube.com\/embed\/o_DDdM25oMU?feature=oembed\" frameborder=\"0\" allow=\"accelerometer; autoplay; clipboard-write; encrypted-media; gyroscope; picture-in-picture; web-share\" referrerpolicy=\"strict-origin-when-cross-origin\" allowfullscreen><\/iframe><\/p>\n<p>&nbsp;<\/p>\n","protected":false},"excerpt":{"rendered":"<p>N\u00c1VRH\u00c1R<br \/>\nRichard Rogers<br \/>\nMagdalena, Nov\u00e9 Mexiko<br \/>\nJednoduch\u00e9, praktick\u00e9 zlo\u017eky na ka\u017edodenn\u00e9 nosenie s\u00fa mojou v\u00e1\u0161\u0148ou. Pri ka\u017edom n\u00e1vrhu som cie\u013eavedom\u00fd, \u010do m\u00f4\u017ee urobi\u0165, aby \u010dloveku, ktor\u00fd ho dr\u017e\u00ed, u\u013eah\u010dil \u017eivot.<\/p>\n","protected":false},"featured_media":333360,"comment_status":"open","ping_status":"closed","template":"","meta":[],"pwb-brand":[3249],"product_brand":[],"product_cat":[3186,3233],"product_tag":[],"class_list":{"0":"post-333417","1":"product","2":"type-product","3":"status-publish","4":"has-post-thumbnail","6":"pwb-brand-zatvaraci-noz-crkt-delilahs-p-e-c-k-5520","7":"product_cat-noze-sk","8":"product_cat-zatvaracie-noze","10":"first","11":"instock","12":"taxable","13":"shipping-taxable","14":"purchasable","15":"product-type-simple"},"brands":[{"id":3249,"name":"Zatv\u00e1rac\u00ed N\u00f4\u017e CRKT DELILAH'S P.E.C.K. 5520","slug":"zatvaraci-noz-crkt-delilahs-p-e-c-k-5520"}],"_links":{"self":[{"href":"https:\/\/www.moskito.cz\/sk\/wp-json\/wp\/v2\/product\/333417","targetHints":{"allow":["GET"]}}],"collection":[{"href":"https:\/\/www.moskito.cz\/sk\/wp-json\/wp\/v2\/product"}],"about":[{"href":"https:\/\/www.moskito.cz\/sk\/wp-json\/wp\/v2\/types\/product"}],"replies":[{"embeddable":true,"href":"https:\/\/www.moskito.cz\/sk\/wp-json\/wp\/v2\/comments?post=333417"}],"wp:featuredmedia":[{"embeddable":true,"href":"https:\/\/www.moskito.cz\/sk\/wp-json\/wp\/v2\/media\/333360"}],"wp:attachment":[{"href":"https:\/\/www.moskito.cz\/sk\/wp-json\/wp\/v2\/media?parent=333417"}],"wp:term":[{"taxonomy":"pwb-brand","embeddable":true,"href":"https:\/\/www.moskito.cz\/sk\/wp-json\/wp\/v2\/pwb-brand?post=333417"},{"taxonomy":"product_brand","embeddable":true,"href":"https:\/\/www.moskito.cz\/sk\/wp-json\/wp\/v2\/product_brand?post=333417"},{"taxonomy":"product_cat","embeddable":true,"href":"https:\/\/www.moskito.cz\/sk\/wp-json\/wp\/v2\/product_cat?post=333417"},{"taxonomy":"product_tag","embeddable":true,"href":"https:\/\/www.moskito.cz\/sk\/wp-json\/wp\/v2\/product_tag?post=333417"}],"curies":[{"name":"wp","href":"https:\/\/api.w.org\/{rel}","templated":true}]}}