{"id":333472,"date":"2024-04-15T19:53:20","date_gmt":"2024-04-15T18:58:01","guid":{"rendered":"https:\/\/www.moskito.cz\/produkt\/sesthranny-nastroj-crkt-hex-bit-driver-roller-9911\/"},"modified":"2025-05-07T11:11:32","modified_gmt":"2025-05-07T10:11:32","slug":"sesthranny-nastroj-crkt-hex-bit-driver-roller-9911","status":"publish","type":"product","link":"https:\/\/www.moskito.cz\/sk\/produkt\/sesthranny-nastroj-crkt-hex-bit-driver-roller-9911\/","title":{"rendered":"\u0160es\u0165hrann\u00fd N\u00e1stroj CRKT Hex Bit Driver Roller 9911"},"content":{"rendered":"<p>\u0160es\u0165hrann\u00fd N\u00e1stroj <strong>CRKT<\/strong> Hex Bit Driver Roller 9911.<\/p>\n<p>Zrolujte to a vezmite si to. Ke\u010f ste \u010faleko od svojej lavice a va\u0161e ka\u017edodenn\u00e9 nosenie vy\u017eaduje nejak\u00fa \u00fadr\u017ebu, je valec na n\u00e1radie Hex Bit Driver Tool navrhnut\u00fd tak, aby bol po ruke pre r\u00fdchlu opravu. Tento kompaktn\u00fd, ale mocn\u00fd valec na n\u00e1rad\u00ed je vybaven\u00fd tak, aby po\u0148al a\u017e 13 bitov a dvoch un\u00e1\u0161a\u010dov (dod\u00e1va sa s jedn\u00fdm un\u00e1\u0161a\u010dom), tak\u017ee u\u017e nikdy nebudete pristihnut\u00ed so \u0161pinav\u00fdm EDC.<\/p>\n<p>Dizajn\u00e9r Joe Wu z Mountain View v Kalifornii navrhol valec Hex Bit Driver Tool Roll ako s\u00fa\u010das\u0165 svojej kolekcie \u00fadr\u017eby. Hladko funguj\u00faci mosadzn\u00fd un\u00e1\u0161a\u010d je vybaven\u00fd guli\u010dkov\u00fdm lo\u017eiskom pre r\u00fdchle s\u0148atie alebo mont\u00e1\u017e dielov. Celozrnn\u00fd ko\u017een\u00fd n\u00e1strojov\u00fd valec pojme a\u017e 13 bitov a je plne prisp\u00f4sobite\u013en\u00fd. Odosiela sa z CRKT\u00ae vybaven\u00e9ho T6, T7, T8, T9, T10, T15, T20, PH1, PH2, PH3, 1,0 x 6 mm, 0,8 x 5,5 mm a 0,6 x 4,5 mm .<\/p>\n<p>Kompletn\u00e1 sada na \u00fadr\u017ebu. Jeden jednoduch\u00fd n\u00e1strojov\u00fd valec.<\/p>\n<p>Gu\u013e\u00f4\u010dkov\u00e9 lo\u017eisko v un\u00e1\u0161a\u010di umo\u017e\u0148uje r\u00fdchlu demont\u00e1\u017e alebo mont\u00e1\u017e dielov<br \/>\nMagnet v \u0161pi\u010dke un\u00e1\u0161a\u010da zais\u0165uje bit un\u00e1\u0161a\u010da<br \/>\nOvl\u00e1da\u010d \u013eahko padne do ruky a umo\u017e\u0148uje v\u00e4\u010d\u0161iu kontrolu pre presn\u00fa pr\u00e1cu<br \/>\nText\u00farovan\u00fd mosadzn\u00fd un\u00e1\u0161a\u010d pre pri\u013enavos\u0165<br \/>\nKo\u017een\u00fd valec na n\u00e1rad\u00ed pojme a\u017e dva ovl\u00e1da\u010de<br \/>\nPojme a\u017e 13 bitov &#8211; dod\u00e1va sa s T6, T7, T8, T9, T10, T15, T20, PH1, PH2, PH3, 1,0 x 6 mm, 0,8 x 5,5 mm, 0,6 x 4, 5 mm<\/p>\n<p>\u0160pecifik\u00e1cia:<br \/>\nCelkov\u00e1 d\u013a\u017eka: 9.47 cm<br \/>\nMateri\u00e1l rukov\u00e4te: mosadz<br \/>\nHmotnos\u0165: 2,50 oz. (70,87 g)<br \/>\nHmotnos\u0165 puzdra: 2,60 oz. (73,71 g)<br \/>\nDizajn\u00e9r: Joe Wu<\/p>\n<p>&nbsp;<\/p>\n","protected":false},"excerpt":{"rendered":"<p>N\u00c1VRH\u00c1R<br \/>\nJoe Wu<br \/>\nMountain View, Kalifornia<br \/>\nJoe Wu, ktor\u00fd sa v\u017edy v\u0155tal a h\u013eadal nov\u00e9 sp\u00f4soby, ako vylep\u0161i\u0165 existuj\u00face designy, za\u010dal s produktov\u00fdm dizajnom v spolo\u010dnosti Scout Leather Co. v\u00fdrobou produktov na z\u00e1klade osobn\u00fdch potrieb a sk\u00fasenost\u00ed. V posledn\u00fdch rokoch preber\u00e1 svoje n\u00e1pady a zdokona\u013euje svoje obchodn\u00e9 zru\u010dnosti pomocou tradi\u010dn\u00fdch met\u00f3d s modern\u00fdm pr\u00edstupom. Jeho n\u00e1vrhy a n\u00e1pady s\u00fa poh\u00e1\u0148an\u00e9 jednoduchos\u0165ou a u\u017e\u00edvate\u013eskou sk\u00fasenos\u0165ou; dobr\u00fd dizajn nemus\u00ed by\u0165 zlo\u017eit\u00fd.<\/p>\n","protected":false},"featured_media":333425,"comment_status":"open","ping_status":"closed","template":"","meta":[],"pwb-brand":[3249],"product_brand":[],"product_cat":[3342],"product_tag":[],"class_list":{"0":"post-333472","1":"product","2":"type-product","3":"status-publish","4":"has-post-thumbnail","6":"pwb-brand-zatvaraci-noz-crkt-delilahs-p-e-c-k-5520","7":"product_cat-multi-tool-sk","9":"first","10":"instock","11":"taxable","12":"shipping-taxable","13":"purchasable","14":"product-type-simple"},"brands":[{"id":3249,"name":"Zatv\u00e1rac\u00ed N\u00f4\u017e CRKT DELILAH'S P.E.C.K. 5520","slug":"zatvaraci-noz-crkt-delilahs-p-e-c-k-5520"}],"_links":{"self":[{"href":"https:\/\/www.moskito.cz\/sk\/wp-json\/wp\/v2\/product\/333472","targetHints":{"allow":["GET"]}}],"collection":[{"href":"https:\/\/www.moskito.cz\/sk\/wp-json\/wp\/v2\/product"}],"about":[{"href":"https:\/\/www.moskito.cz\/sk\/wp-json\/wp\/v2\/types\/product"}],"replies":[{"embeddable":true,"href":"https:\/\/www.moskito.cz\/sk\/wp-json\/wp\/v2\/comments?post=333472"}],"wp:featuredmedia":[{"embeddable":true,"href":"https:\/\/www.moskito.cz\/sk\/wp-json\/wp\/v2\/media\/333425"}],"wp:attachment":[{"href":"https:\/\/www.moskito.cz\/sk\/wp-json\/wp\/v2\/media?parent=333472"}],"wp:term":[{"taxonomy":"pwb-brand","embeddable":true,"href":"https:\/\/www.moskito.cz\/sk\/wp-json\/wp\/v2\/pwb-brand?post=333472"},{"taxonomy":"product_brand","embeddable":true,"href":"https:\/\/www.moskito.cz\/sk\/wp-json\/wp\/v2\/product_brand?post=333472"},{"taxonomy":"product_cat","embeddable":true,"href":"https:\/\/www.moskito.cz\/sk\/wp-json\/wp\/v2\/product_cat?post=333472"},{"taxonomy":"product_tag","embeddable":true,"href":"https:\/\/www.moskito.cz\/sk\/wp-json\/wp\/v2\/product_tag?post=333472"}],"curies":[{"name":"wp","href":"https:\/\/api.w.org\/{rel}","templated":true}]}}