{"id":333530,"date":"2024-04-15T20:18:33","date_gmt":"2024-04-15T19:22:01","guid":{"rendered":"https:\/\/www.moskito.cz\/produkt\/zatvaraci-noz-crkt-carson-special-forces-m21-14sf\/"},"modified":"2025-05-07T11:11:33","modified_gmt":"2025-05-07T10:11:33","slug":"zatvaraci-noz-crkt-carson-special-forces-m21-14sf","status":"publish","type":"product","link":"https:\/\/www.moskito.cz\/sk\/produkt\/zatvaraci-noz-crkt-carson-special-forces-m21-14sf\/","title":{"rendered":"Zatv\u00e1rac\u00ed N\u00f4\u017e CRKT Carson Special Forces M21-14SF"},"content":{"rendered":"<div class=\"flex-1 overflow-hidden @container\/thread\">\n<div class=\"h-full\">\n<div class=\"react-scroll-to-bottom--css-quzxw-79elbk h-full\">\n<div class=\"react-scroll-to-bottom--css-quzxw-1n7m0yu\">\n<div class=\"flex flex-col text-sm md:pb-9\">\n<article class=\"w-full scroll-mb-[var(--thread-trailing-height,150px)] text-token-text-primary focus-visible:outline-2 focus-visible:outline-offset-[-4px]\" dir=\"auto\" data-testid=\"conversation-turn-157\" data-scroll-anchor=\"true\">\n<div class=\"m-auto text-base py-[18px] px-3 md:px-4 w-full md:px-5 lg:px-4 xl:px-5\">\n<div class=\"mx-auto flex flex-1 gap-4 text-base md:gap-5 lg:gap-6 md:max-w-3xl\">\n<div class=\"group\/conversation-turn relative flex w-full min-w-0 flex-col agent-turn\">\n<div class=\"flex-col gap-1 md:gap-3\">\n<div class=\"flex max-w-full flex-col flex-grow\">\n<div class=\"min-h-8 text-message flex w-full flex-col items-end gap-2 whitespace-normal break-words text-start [.text-message+&amp;]:mt-5\" dir=\"auto\" data-message-author-role=\"assistant\" data-message-id=\"4b9f661a-7ded-49c3-b0cf-db2672e45050\" data-message-model-slug=\"gpt-4o-mini\">\n<div class=\"flex w-full flex-col gap-1 empty:hidden first:pt-[3px]\">\n<div class=\"markdown prose w-full break-words dark:prose-invert light\">\n<p>Zatv\u00e1rac\u00ed n\u00f4\u017e <strong>CRKT Carson Special Forces M21-14SF<\/strong> je vysoko \u0161pecializovan\u00fd n\u00e1stroj ur\u010den\u00fd pre profesion\u00e1lov, predov\u0161etk\u00fdm pre vojensk\u00fdch \u0161pecialistov a priaznivcov taktickej v\u00fdbavy. Tento n\u00f4\u017e pon\u00faka kombin\u00e1ciu robustn\u00e9ho dizajnu, funk\u010dnosti a bezpe\u010dnosti, ktor\u00e1 je potrebn\u00e1 v n\u00e1ro\u010dn\u00fdch a kr\u00edzov\u00fdch situ\u00e1ci\u00e1ch. Pozrime sa podrobne na to, ak\u00fd potenci\u00e1l tento n\u00f4\u017e pon\u00faka a na ak\u00e9 konkr\u00e9tne \u00fa\u010dely ho mo\u017eno vyu\u017ei\u0165:  <\/p>\n<h3><strong>Hlavn\u00e9 vlastnosti no\u017ea CRKT Carson M21-14SF:<\/strong><\/h3>\n<ul>\n<li><strong>Taktick\u00fd dizajn<\/strong> : N\u00f4\u017e m\u00e1 <strong>hlbok\u00fd o\u0161tepovit\u00fd tvar \u010depele<\/strong> , \u010do zais\u0165uje maxim\u00e1lnu pevnos\u0165 a efektivitu pri pou\u017e\u00edvan\u00ed v n\u00e1ro\u010dn\u00fdch podmienkach.<\/li>\n<li><strong>Kon\u0161trukcia z hlin\u00edka 6061 T6<\/strong> : Rukov\u00e4\u0165 je vyroben\u00e1 z <strong>pevn\u00e9ho, \u200b\u200btvrdo eloxovan\u00e9ho hlin\u00edka<\/strong> , \u010do zais\u0165uje odolnos\u0165 vo\u010di n\u00e1razom a po\u0161kriabaniu, pri\u010dom zost\u00e1va \u013eahk\u00e1 a \u013eahko ovl\u00e1date\u013en\u00e1.<\/li>\n<li><strong>Nerezov\u00e1 oce\u013e AUS 8<\/strong> : \u010cepe\u013e je vyroben\u00e1 z kvalitnej nerezovej ocele AUS 8, ktor\u00e1 je zn\u00e1ma svojou pevnos\u0165ou a odolnos\u0165ou. M\u00e1 <strong>Triple-Point\u2122 ostrie<\/strong> , \u010do znamen\u00e1, \u017ee \u010depe\u013e je extr\u00e9mne ostr\u00e1 a efekt\u00edvna pri rezan\u00ed. <\/li>\n<li><strong>Tit\u00e1nov\u00fd povlak<\/strong> : <strong>Oblie\u010dka z nitridu tit\u00e1nu<\/strong> na \u010depeli zvy\u0161uje odolnos\u0165 vo\u010di kor\u00f3zii a opotrebovaniu, \u010do je z\u00e1sadn\u00e9 pre dlh\u00fa \u017eivotnos\u0165 no\u017ea v \u0165a\u017ek\u00fdch podmienkach.<\/li>\n<li><strong>Automatick\u00e1 poistka AutoLAWKS\u2122<\/strong> : Tento mechanizmus automaticky uzamkne \u010depe\u013e v otvorenej polohe a premen\u00ed n\u00f4\u017e na pevn\u00fa \u010depe\u013e, \u010do poskytuje extra bezpe\u010dnos\u0165 pri pou\u017e\u00edvan\u00ed v kritick\u00fdch situ\u00e1ci\u00e1ch.<\/li>\n<li><strong>Ergonomick\u00e9 otvory a Carson Flippers<\/strong> : V\u010faka dvom <strong>Carson Flippers<\/strong> je mo\u017en\u00e9 n\u00f4\u017e \u013eahko otvori\u0165 jednou rukou a r\u00fdchlo ho pripravi\u0165 na pou\u017eitie.<\/li>\n<li><strong>R\u00fdchle otv\u00e1ranie a zatv\u00e1ranie<\/strong> : Syst\u00e9m <strong>guli\u010dkov\u00fdch lo\u017e\u00edsk<\/strong> IKBS\u2122 umo\u017e\u0148uje plynul\u00e9 a r\u00fdchle otv\u00e1ranie a zatv\u00e1ranie \u010depele.<\/li>\n<\/ul>\n<h3><strong>Na \u010do sa d\u00e1 pou\u017ei\u0165 CRKT Carson M21-14SF:<\/strong><\/h3>\n<ol>\n<li><strong>Vojensk\u00e9 a taktick\u00e1 oper\u00e1cia<\/strong> :\n<ul>\n<li><strong>Osobn\u00e1 obrana<\/strong> : V\u010faka svojej kon\u0161trukcii a <strong>ostrosti \u010depele<\/strong> je ide\u00e1lna pre <strong>sebaobranu<\/strong> a r\u00fdchle rie\u0161enie kr\u00edzov\u00fdch situ\u00e1ci\u00ed.<\/li>\n<li><strong>Krotenie prek\u00e1\u017eok<\/strong> : N\u00f4\u017e je mo\u017en\u00e9 vyu\u017ei\u0165 na <strong>rezanie<\/strong> a <strong>prieniky<\/strong> do objektov alebo na <strong>odstra\u0148ovanie prek\u00e1\u017eok<\/strong> , napr. pri vojensk\u00fdch oper\u00e1ci\u00e1ch alebo pri <strong>evaku\u00e1cii<\/strong> . <\/li>\n<li><strong>Pr\u00edprava vybavenia<\/strong> : Bude ve\u013emi u\u017eito\u010dn\u00fd pri <strong>\u00fadr\u017ebe a pr\u00edprave taktickej v\u00fdbavy<\/strong> , ako je <strong>prerez\u00e1vanie dr\u00f4tov<\/strong> , <strong>rozrez\u00e1vanie popruhov<\/strong> alebo <strong>\u00fapravy stanov a ochrann\u00fdch pr\u00edstre\u0161kov<\/strong> .<\/li>\n<\/ul>\n<\/li>\n<li><strong>Outdoor a pre\u017eitie<\/strong> :\n<ul>\n<li><strong>Kempovanie a t\u00e1borenie<\/strong> : N\u00f4\u017e je ide\u00e1lny pre <strong>ka\u017edodenn\u00e9 \u00falohy v pr\u00edrode<\/strong> , ako je <strong>rezanie dreva<\/strong> , <strong>prerez\u00e1vanie vetiev<\/strong> , <strong>pr\u00edprava jedla<\/strong> alebo <strong>stavba pr\u00edstre\u0161ia<\/strong> .<\/li>\n<li><strong>Prerez\u00e1vanie materi\u00e1lov<\/strong> : M\u00f4\u017eete ho vyu\u017ei\u0165 na <strong>rie\u0161enie povrazov, popruhov alebo in\u00fdch materi\u00e1lov<\/strong> potrebn\u00fdch na pre\u017eitie v divo\u010dine.<\/li>\n<\/ul>\n<\/li>\n<li><strong>Ka\u017edodenn\u00e9 nosenie (EDC)<\/strong> :\n<ul>\n<li><strong>Ka\u017edodenn\u00e9 \u00falohy<\/strong> : Tento n\u00f4\u017e je dostato\u010dne kompaktn\u00fd na to, aby mohol by\u0165 nosen\u00fd ka\u017ed\u00fd de\u0148 ako <strong>n\u00e1stroj na rezanie obalov, otv\u00e1ranie bal\u00ed\u010dkov<\/strong> alebo <strong>pr\u00edpravu jedla<\/strong> .<\/li>\n<li><strong>Pr\u00e1ca na cest\u00e1ch<\/strong> : Skvele sa hod\u00ed na cest\u00e1ch, preto\u017ee je <strong>kompaktn\u00fd<\/strong> a umo\u017e\u0148uje <strong>\u013eahk\u00e9 nosenie<\/strong> na opasku alebo vo vrecku v\u010faka pr\u00edtomn\u00e9mu <strong>vreckov\u00e9mu klipsu<\/strong> .<\/li>\n<\/ul>\n<\/li>\n<li><strong>Taktick\u00e1 a z\u00e1chrann\u00e1 pr\u00e1ca<\/strong> :\n<ul>\n<li><strong>Z\u00e1chrann\u00e9 oper\u00e1cie<\/strong> : V kr\u00edzov\u00fdch situ\u00e1ci\u00e1ch, kedy je nutn\u00e9 r\u00fdchlo <strong>rie\u0161i\u0165 situ\u00e1cie s popruhmi<\/strong> , <strong>rozrez\u00e1va\u0165 bezpe\u010dnostn\u00e9 p\u00e1sy<\/strong> alebo <strong>otv\u00e1ra\u0165 pr\u00edstup k zranen\u00fdm<\/strong> , je tento n\u00f4\u017e ide\u00e1lnou vo\u013ebou.<\/li>\n<li><strong>Z\u00e1chrann\u00e9 misie<\/strong> : Ak potrebujete <strong>r\u00fdchly a efekt\u00edvny n\u00e1stroj pre manipul\u00e1ciu s vybaven\u00edm alebo rie\u0161enie kr\u00edzov\u00fdch situ\u00e1ci\u00ed<\/strong> , tento n\u00f4\u017e v\u00e1m poskytne potrebn\u00fa silu a bezpe\u010dnos\u0165.<\/li>\n<\/ul>\n<\/li>\n<li><strong>Lov a rybolov<\/strong> :\n<ul>\n<li><strong>Lov<\/strong> : Tento n\u00f4\u017e m\u00f4\u017eete vyu\u017ei\u0165 na <strong>kr\u00e1janie m\u00e4sa<\/strong> , <strong>\u010distenie zveri<\/strong> alebo na <strong>\u00fapravu lovn\u00e9ho materi\u00e1lu<\/strong> .<\/li>\n<li><strong>Rybolov<\/strong> : Je tie\u017e ve\u013emi praktick\u00fd pri <strong>strihan\u00ed ryb\u00e1rskych l\u00e1n<\/strong> , <strong>pr\u00edprave n\u00e1strah<\/strong> alebo <strong>\u00fadr\u017ebe ryb\u00e1rskeho vybavenia<\/strong> .<\/li>\n<\/ul>\n<\/li>\n<\/ol>\n<h3><strong>Zhrnutie:<\/strong><\/h3>\n<p>Zatv\u00e1rac\u00ed n\u00f4\u017e  <strong>CRKT Carson Special Forces M21-14SF<\/strong> je navrhnut\u00fd pre <strong>extr\u00e9mne pou\u017eitie<\/strong> a jeho robustn\u00e1 kon\u0161trukcia, bezpe\u010dnostn\u00e9 prvky a vynikaj\u00face \u010depe\u013e z neho rob\u00ed skvel\u00e9ho spolo\u010dn\u00edka pre <strong>taktick\u00e9 oper\u00e1cie<\/strong> , <strong>outdoorov\u00e9 aktivity<\/strong> , <strong>ka\u017edodenn\u00e9 nosenie<\/strong> , a <strong>z\u00e1chrann\u00e9 oper\u00e1cie<\/strong> . Ak h\u013ead\u00e1te spo\u013eahliv\u00fd, r\u00fdchly a bezpe\u010dn\u00fd n\u00f4\u017e, ktor\u00fd zvl\u00e1dne  <\/p>\n<\/div>\n<\/div>\n<\/div>\n<\/div>\n<div class=\"mb-2 flex gap-3 empty:hidden -ml-2\">\n<div class=\"items-center justify-start rounded-xl p-1 flex\">\n<div class=\"flex items-center\"><\/div>\n<\/div>\n<\/div>\n<div class=\"pr-2 lg:pr-0\"><\/div>\n<div class=\"mt-3 w-full empty:hidden\">\n<div class=\"text-center\"><\/div>\n<\/div>\n<\/div>\n<div class=\"absolute\">\n<div class=\"flex items-center justify-center\"><\/div>\n<\/div>\n<\/div>\n<\/div>\n<\/div>\n<\/article>\n<\/div>\n<\/div>\n<\/div>\n<\/div>\n<\/div>\n<div class=\"md:pt-0 dark:border-white\/20 md:border-transparent md:dark:border-transparent w-full\">\n<div>\n<div class=\"m-auto text-base px-3 md:px-4 w-full md:px-5 lg:px-4 xl:px-5\">\n<div class=\"mx-auto flex flex-1 gap-4 text-base md:gap-5 lg:gap-6 md:max-w-3xl\">\n<div class=\"flex justify-center\"><\/div>\n<\/div>\n<\/div>\n<\/div>\n<\/div>\n","protected":false},"excerpt":{"rendered":"<div class=\"flex max-w-full flex-col flex-grow\">\n<div class=\"min-h-8 text-message flex w-full flex-col items-end gap-2 whitespace-normal break-words text-start [.text-message+&amp;]:mt-5\" dir=\"auto\" data-message-author-role=\"assistant\" data-message-id=\"4b9f661a-7ded-49c3-b0cf-db2672e45050\" data-message-model-slug=\"gpt-4o-mini\">\n<div class=\"flex w-full flex-col gap-1 empty:hidden first:pt-[3px]\">\n<div class=\"markdown prose w-full break-words dark:prose-invert light\">\n<p><strong>Zatv\u00e1rac\u00ed n\u00f4\u017e CRKT Carson Special Forces M21-14SF je navrhnut\u00fd pre extr\u00e9mne pou\u017eitie a jeho robustn\u00e1 kon\u0161trukcia, bezpe\u010dnostn\u00e9 prvky a vynikaj\u00faca \u010depe\u013e z neho rob\u00ed skvel\u00e9ho spolo\u010dn\u00edka pre taktick\u00e9 oper\u00e1cie, outdoorov\u00e9 aktivity, ka\u017edodenn\u00e9 nosenie, a z\u00e1chrann\u00e9 oper\u00e1cie. Pokia\u013e h\u013ead\u00e1te spo\u013eahliv\u00fd, r\u00fdchly a bezpe\u010dn\u00fd n\u00f4\u017e, ktor\u00fd zvl\u00e1dne n\u00e1ro\u010dn\u00e9 \u00falohy, je tento model ide\u00e1lnou vo\u013ebou. <\/strong><\/p>\n<\/div>\n<\/div>\n<\/div>\n<\/div>\n<div class=\"mb-2 flex gap-3 empty:hidden -ml-2\">\n<div class=\"items-center justify-start rounded-xl p-1 flex\">\n<div class=\"flex items-center\"><strong>Doprava zadarmo.<\/strong><\/div>\n<\/div>\n<\/div>\n","protected":false},"featured_media":333482,"comment_status":"open","ping_status":"closed","template":"","meta":[],"pwb-brand":[3249],"product_brand":[],"product_cat":[3186,3233],"product_tag":[3668],"class_list":{"0":"post-333530","1":"product","2":"type-product","3":"status-publish","4":"has-post-thumbnail","6":"pwb-brand-zatvaraci-noz-crkt-delilahs-p-e-c-k-5520","7":"product_cat-noze-sk","8":"product_cat-zatvaracie-noze","9":"product_tag-b2b-sk","11":"first","12":"outofstock","13":"taxable","14":"shipping-taxable","15":"purchasable","16":"product-type-simple"},"brands":[{"id":3249,"name":"Zatv\u00e1rac\u00ed N\u00f4\u017e CRKT DELILAH'S P.E.C.K. 5520","slug":"zatvaraci-noz-crkt-delilahs-p-e-c-k-5520"}],"_links":{"self":[{"href":"https:\/\/www.moskito.cz\/sk\/wp-json\/wp\/v2\/product\/333530","targetHints":{"allow":["GET"]}}],"collection":[{"href":"https:\/\/www.moskito.cz\/sk\/wp-json\/wp\/v2\/product"}],"about":[{"href":"https:\/\/www.moskito.cz\/sk\/wp-json\/wp\/v2\/types\/product"}],"replies":[{"embeddable":true,"href":"https:\/\/www.moskito.cz\/sk\/wp-json\/wp\/v2\/comments?post=333530"}],"wp:featuredmedia":[{"embeddable":true,"href":"https:\/\/www.moskito.cz\/sk\/wp-json\/wp\/v2\/media\/333482"}],"wp:attachment":[{"href":"https:\/\/www.moskito.cz\/sk\/wp-json\/wp\/v2\/media?parent=333530"}],"wp:term":[{"taxonomy":"pwb-brand","embeddable":true,"href":"https:\/\/www.moskito.cz\/sk\/wp-json\/wp\/v2\/pwb-brand?post=333530"},{"taxonomy":"product_brand","embeddable":true,"href":"https:\/\/www.moskito.cz\/sk\/wp-json\/wp\/v2\/product_brand?post=333530"},{"taxonomy":"product_cat","embeddable":true,"href":"https:\/\/www.moskito.cz\/sk\/wp-json\/wp\/v2\/product_cat?post=333530"},{"taxonomy":"product_tag","embeddable":true,"href":"https:\/\/www.moskito.cz\/sk\/wp-json\/wp\/v2\/product_tag?post=333530"}],"curies":[{"name":"wp","href":"https:\/\/api.w.org\/{rel}","templated":true}]}}