{"id":333627,"date":"2021-07-29T21:23:32","date_gmt":"2021-07-29T20:23:32","guid":{"rendered":"https:\/\/www.moskito.cz\/produkt\/zatvaraci-noz-crkt-lck-3801\/"},"modified":"2025-05-07T11:11:34","modified_gmt":"2025-05-07T10:11:34","slug":"zatvaraci-noz-crkt-lck-3801","status":"publish","type":"product","link":"https:\/\/www.moskito.cz\/sk\/produkt\/zatvaraci-noz-crkt-lck-3801\/","title":{"rendered":"Zatv\u00e1rac\u00ed N\u00f4\u017e CRKT LCK + 3801"},"content":{"rendered":"<p><strong style=\"font-family: -apple-system, BlinkMacSystemFont, 'Segoe UI', Roboto, 'Helvetica Neue', Arial, 'Noto Sans', sans-serif, 'Apple Color Emoji', 'Segoe UI Emoji', 'Segoe UI Symbol', 'Noto Color Emoji';\">Zatv\u00e1rac\u00ed N\u00f4\u017e CRKT LCK+ 3801<\/strong><\/p>\n<div class=\"flex-1 overflow-hidden @container\/thread\">\n<div class=\"h-full\">\n<div class=\"react-scroll-to-bottom--css-vxybp-79elbk h-full\">\n<div class=\"react-scroll-to-bottom--css-vxybp-1n7m0yu\">\n<div class=\"flex flex-col text-sm md:pb-9\">\n<article class=\"w-full scroll-mb-[var(--thread-trailing-height,150px)] text-token-text-primary focus-visible:outline-2 focus-visible:outline-offset-[-4px]\" dir=\"auto\" data-testid=\"conversation-turn-463\" data-scroll-anchor=\"true\">\n<div class=\"m-auto text-base py-[18px] px-3 md:px-4 w-full md:px-5 lg:px-4 xl:px-5\">\n<div class=\"mx-auto flex flex-1 gap-4 text-base md:gap-5 lg:gap-6 md:max-w-3xl\">\n<div class=\"group\/conversation-turn relative flex w-full min-w-0 flex-col agent-turn\">\n<div class=\"flex-col gap-1 md:gap-3\">\n<div class=\"flex max-w-full flex-col flex-grow\">\n<div class=\"min-h-8 text-message flex w-full flex-col items-end gap-2 whitespace-normal break-words text-start [.text-message+&amp;]:mt-5\" dir=\"auto\" data-message-author-role=\"assistant\" data-message-id=\"aef4849f-584c-45ea-851d-e4d75e9ddba5\" data-message-model-slug=\"gpt-4o-mini\">\n<div class=\"flex w-full flex-col gap-1 empty:hidden first:pt-[3px]\">\n<div class=\"markdown prose w-full break-words dark:prose-invert light\">\n<p><strong>Navrhol:<\/strong> Matthew Lerch, Sussex, Wisconsin<br \/>\n<strong>\u0160t\u00fdl:<\/strong> Asistovan\u00fd skladac\u00ed n\u00f4\u017e s l\u00edniov\u00fdm designom<\/p>\n<p><strong>CRKT LCK+ 3801<\/strong> je kompaktn\u00fd a v\u00fdkonn\u00fd zatv\u00e1rac\u00ed n\u00f4\u017e na ka\u017edodenn\u00e9 nosenie, navrhnut\u00fd s d\u00f4razom na <strong>r\u00fdchlos\u0165 a funk\u010dnos\u0165<\/strong> . Tento model je vybaven\u00fd <strong>asistovan\u00fdm otv\u00e1ran\u00edm<\/strong> , ktor\u00e9 zais\u0165uje <strong>bleskur\u00fdchle nasadenie \u010depele<\/strong> s minim\u00e1lnym \u00fasil\u00edm, \u010do z neho rob\u00ed ide\u00e1lnu vo\u013ebu pre ka\u017edodenn\u00e9 pou\u017eitie, kedy je d\u00f4le\u017eit\u00e1 <strong>r\u00fdchla reakcia<\/strong> . <\/p>\n<h3><strong>Hlavn\u00e9 vlastnosti a v\u00fdhody:<\/strong><\/h3>\n<h4>1. <strong>Asistovan\u00e9 otv\u00e1ranie:<\/strong><\/h4>\n<ul>\n<li><strong>Asistovan\u00e9 otv\u00e1ranie<\/strong> je hlavnou prednos\u0165ou tohto no\u017ea. Akon\u00e1hle <strong>\u010diasto\u010dne vysuniete \u010depe\u013e<\/strong> , automaticky sa <strong>aktivuje mechanizmus<\/strong> , ktor\u00fd \u010depe\u013e otvor\u00ed <strong>s neuverite\u013enou r\u00fdchlos\u0165ou<\/strong> . Tento syst\u00e9m umo\u017e\u0148uje <strong>jednoduch\u00e9 a r\u00fdchle otvorenie<\/strong> jednou rukou, \u010do je ide\u00e1lne na okam\u017eit\u00e9 pou\u017eitie.  <\/li>\n<\/ul>\n<h4>2. <strong>IKBS\u2122 guli\u010dkov\u00e9 lo\u017eisko:<\/strong><\/h4>\n<ul>\n<li><strong>Syst\u00e9m guli\u010dkov\u00fdch lo\u017e\u00edsk IKBS\u2122<\/strong> zais\u0165uje <strong>hladk\u00fd a plynul\u00fd pohyb \u010depele<\/strong> , \u010do minimalizuje odpor pri ot\u00e1\u010dan\u00ed a umo\u017e\u0148uje r\u00fdchle a efekt\u00edvne otvorenie no\u017ea.<\/li>\n<\/ul>\n<h4>3. <strong>Kompaktn\u00fd a \u013eahk\u00fd dizajn:<\/strong><\/h4>\n<ul>\n<li><strong>Celkov\u00e1 d\u013a\u017eka:<\/strong> 7,47&#8243; (189,71 mm)<\/li>\n<li><strong>D\u013a\u017eka \u010depele:<\/strong> 3,31&#8243; (84,18 mm)<\/li>\n<li><strong>Hmotnos\u0165:<\/strong> 2,40 oz. (68,04 g)<\/li>\n<li>Tento n\u00f4\u017e je <strong>\u013eahk\u00fd a kompaktn\u00fd<\/strong> , \u010do znamen\u00e1, \u017ee sa \u013eahko nos\u00ed vo vrecku bez toho, aby zbyto\u010dne zvy\u0161oval v\u00e1hu alebo objem.<\/li>\n<\/ul>\n<h4>4. <strong>Kvalitn\u00e1 \u010depe\u013e z nerezovej ocele 8Cr13MoV:<\/strong><\/h4>\n<ul>\n<li><strong>\u010cepe\u013e ocele 8Cr13MoV<\/strong> je zn\u00e1ma pre svoju <strong>dobr\u00fa rovnov\u00e1hu medzi odolnos\u0165ou a schopnos\u0165ou dr\u017ea\u0165 ostrie<\/strong> . Povrchov\u00e1 \u00faprava <strong>sat\u00e9nov\u00e9ho laku<\/strong> poskytuje \u010depeli atrakt\u00edvny vzh\u013ead a pom\u00e1ha proti kor\u00f3zii a opotrebovaniu. <\/li>\n<\/ul>\n<h4>5. <strong>Ergonomick\u00e1 rukov\u00e4\u0165 z nylonu vystu\u017een\u00e9ho sklom:<\/strong><\/h4>\n<ul>\n<li><strong>Rukov\u00e4\u0165 z nylonu vystu\u017een\u00e9ho sklom<\/strong> poskytuje <strong>vysok\u00fa odolnos\u0165<\/strong> a <strong>\u013eahk\u00fa hmotnos\u0165<\/strong> , \u010do rob\u00ed n\u00f4\u017e pr\u00edjemn\u00fd na nosenie a pou\u017eitie.<\/li>\n<li><strong>Dr\u00e1\u017eky na rukov\u00e4ti<\/strong> zais\u0165uj\u00fa lep\u0161iu <strong>pri\u013enavos\u0165<\/strong> , aj ke\u010f je n\u00f4\u017e mokr\u00fd, zablaten\u00fd alebo mastn\u00fd, \u010do zvy\u0161uje <strong>bezpe\u010dnos\u0165<\/strong> pri pou\u017e\u00edvan\u00ed.<\/li>\n<\/ul>\n<h4>6. <strong>Liner Lock z\u00e1mok:<\/strong><\/h4>\n<ul>\n<li><strong>Liner Lock<\/strong> zais\u0165uje, \u017ee \u010depe\u013e bude po\u010das pou\u017e\u00edvania <strong>bezpe\u010dne zaisten\u00e1<\/strong> . Tento mechanizmus umo\u017e\u0148uje \u013eahk\u00e9 a pohodln\u00e9 <strong>otvorenie aj zatvorenie<\/strong> no\u017ea jednou rukou. <\/li>\n<\/ul>\n<h4>7. <strong>Modern\u00fd a funk\u010dn\u00fd dizajn:<\/strong><\/h4>\n<ul>\n<li>N\u00f4\u017e m\u00e1 <strong>elegantn\u00fd, line\u00e1rny vzh\u013ead<\/strong> , ktor\u00fd kombinuje <strong>vysok\u00fa funk\u010dnos\u0165<\/strong> s <strong>minimalistick\u00fdm \u0161t\u00fdlom<\/strong> . Dizajn sa zameriava na to, aby n\u00f4\u017e vyzeral moderne a z\u00e1rove\u0148 bol maxim\u00e1lne praktick\u00fd. <\/li>\n<\/ul>\n<h3><strong>\u0160pecifik\u00e1cia:<\/strong><\/h3>\n<ul>\n<li><strong>D\u013a\u017eka \u010depele:<\/strong> 3,31&#8243; (84,18 mm)<\/li>\n<li><strong>Edge:<\/strong> Plain<\/li>\n<li><strong>\u010cepe\u013e oce\u013e:<\/strong> 8Cr13MoV<\/li>\n<li><strong>Dokon\u010denie \u010depele:<\/strong> Sat\u00e9n<\/li>\n<li><strong>Hr\u00fabka \u010depele:<\/strong> 0,13&#8243; (3,23 mm)<\/li>\n<li><strong>Celkov\u00e1 d\u013a\u017eka:<\/strong> 7,47&#8243; (189,71 mm)<\/li>\n<li><strong>Zatvoren\u00e1 d\u013a\u017eka:<\/strong> 4,16&#8243; (105,66 mm)<\/li>\n<li><strong>Hmotnos\u0165:<\/strong> 2,40 oz. (68,04 g)<\/li>\n<li><strong>Rukov\u00e4\u0165:<\/strong> Nylon vystu\u017een\u00fd sklom<\/li>\n<li><strong>\u0160t\u00fdl:<\/strong> Asistovan\u00fd skladac\u00ed n\u00f4\u017e so z\u00e1mkom vlo\u017eky (Liner Lock)<\/li>\n<\/ul>\n<h3><strong>Vyu\u017eitie:<\/strong><\/h3>\n<ul>\n<li><strong>Vreckov\u00fd n\u00f4\u017e na ka\u017edodenn\u00e9 nosenie (EDC):<\/strong> Kompaktn\u00e1 ve\u013ekos\u0165 a r\u00fdchle otv\u00e1ranie rob\u00ed tento n\u00f4\u017e ide\u00e1lnym pre ka\u017edodenn\u00e9 pou\u017eitie. \u010ci u\u017e ide o otvorenie ob\u00e1lky, rezanie baliaceho materi\u00e1lu alebo ak\u00e9ko\u013evek in\u00e9 be\u017en\u00e9 \u00falohy, LCK+ v\u00e1m umo\u017en\u00ed r\u00fdchlu a efekt\u00edvnu pr\u00e1cu. <\/li>\n<li><strong>N\u00fadzov\u00e9 situ\u00e1cie:<\/strong> S asistovan\u00fdm otv\u00e1ran\u00edm a hladk\u00fdm mechanizmom je tento n\u00f4\u017e v\u00fdborn\u00fd pre r\u00fdchlu akciu v pr\u00edpade n\u00fadze.<\/li>\n<li><strong>Vonkaj\u0161ie aktivity:<\/strong> V\u010faka svojej odolnej rukov\u00e4ti a praktickej ve\u013ekosti je ide\u00e1lny na pou\u017eitie v pr\u00edrode, pri kempovan\u00ed, ryb\u00e1r\u010den\u00ed alebo na turistike.<\/li>\n<\/ul>\n<h3><strong>Z\u00e1ver:<\/strong><\/h3>\n<p><strong>CRKT LCK+ 3801<\/strong> je ide\u00e1lny zatv\u00e1rac\u00ed n\u00f4\u017e pre t\u00fdch, ktor\u00ed h\u013eadaj\u00fa <strong>r\u00fdchlos\u0165, \u013eahkos\u0165 a spo\u013eahlivos\u0165<\/strong> . S asistovan\u00fdm otv\u00e1ran\u00edm, kvalitnou \u010depe\u013eou a elegantn\u00fdm dizajnom je to perfektn\u00fd n\u00e1stroj pre ka\u017edodenn\u00e9 nosenie, ktor\u00fd nekompromisne sp\u00e1ja <strong>funk\u010dnos\u0165 a \u0161t\u00fdl<\/strong> . Bez oh\u013eadu na to, \u010di ho pou\u017eijete pre be\u017en\u00e9 \u00falohy alebo v situ\u00e1ci\u00e1ch, ke\u010f potrebujete r\u00fdchlu a bezpe\u010dn\u00fa reakciu, LCK+ v\u00e1m ur\u010dite neunikne.  <\/p>\n<\/div>\n<\/div>\n<\/div>\n<\/div>\n<div class=\"mb-2 flex gap-3 empty:hidden -ml-2\">\n<div class=\"items-center justify-start rounded-xl p-1 flex\">\n<div class=\"flex items-center\"><\/div>\n<\/div>\n<\/div>\n<div class=\"pr-2 lg:pr-0\"><\/div>\n<\/div>\n<\/div>\n<\/div>\n<\/div>\n<\/article>\n<\/div>\n<\/div>\n<\/div>\n<\/div>\n<\/div>\n<p><iframe title=\"CRKT LCK+ | Matthew Lerch Design\" width=\"800\" height=\"450\" src=\"https:\/\/www.youtube.com\/embed\/xP_OCzLOsWA?feature=oembed\" frameborder=\"0\" allow=\"accelerometer; autoplay; clipboard-write; encrypted-media; gyroscope; picture-in-picture; web-share\" referrerpolicy=\"strict-origin-when-cross-origin\" allowfullscreen><\/iframe><\/p>\n<p>&nbsp;<\/p>\n","protected":false},"excerpt":{"rendered":"<div class=\"flex max-w-full flex-col flex-grow\">\n<div class=\"min-h-8 text-message flex w-full flex-col items-end gap-2 whitespace-normal break-words text-start [.text-message+&amp;]:mt-5\" dir=\"auto\" data-message-author-role=\"assistant\" data-message-id=\"aef4849f-584c-45ea-851d-e4d75e9ddba5\" data-message-model-slug=\"gpt-4o-mini\">\n<div class=\"flex w-full flex-col gap-1 empty:hidden first:pt-[3px]\">\n<div class=\"markdown prose w-full break-words dark:prose-invert light\">\n<p><strong>CRKT LCK+ 3801 je ide\u00e1lny zatv\u00e1rac\u00ed n\u00f4\u017e pre t\u00fdch, ktor\u00ed h\u013eadaj\u00fa r\u00fdchlos\u0165, \u013eahkos\u0165 a spo\u013eahlivos\u0165. S asistovan\u00fdm otv\u00e1ran\u00edm, kvalitnou \u010depe\u013eou a elegantn\u00fdm dizajnom je to perfektn\u00fd n\u00e1stroj na ka\u017edodenn\u00e9 nosenie, ktor\u00fd nekompromisne sp\u00e1ja funk\u010dnos\u0165 a \u0161t\u00fdl. Bez oh\u013eadu na to, \u010di ho pou\u017eijete pre be\u017en\u00e9 \u00falohy alebo v situ\u00e1ci\u00e1ch, ke\u010f potrebujete r\u00fdchlu a bezpe\u010dn\u00fa reakciu, LCK+ v\u00e1m ur\u010dite neunikne.  <\/strong><\/p>\n<\/div>\n<\/div>\n<\/div>\n<\/div>\n<div class=\"mb-2 flex gap-3 empty:hidden -ml-2\">\n<div class=\"items-center justify-start rounded-xl p-1 flex\">\n<div class=\"flex items-center\"><\/div>\n<\/div>\n<\/div>\n","protected":false},"featured_media":201400,"comment_status":"open","ping_status":"closed","template":"","meta":[],"pwb-brand":[3249],"product_brand":[],"product_cat":[3233,3186],"product_tag":[3668],"class_list":{"0":"post-333627","1":"product","2":"type-product","3":"status-publish","4":"has-post-thumbnail","6":"pwb-brand-zatvaraci-noz-crkt-delilahs-p-e-c-k-5520","7":"product_cat-zatvaracie-noze","8":"product_cat-noze-sk","9":"product_tag-b2b-sk","11":"first","12":"instock","13":"taxable","14":"shipping-taxable","15":"purchasable","16":"product-type-simple"},"brands":[{"id":3249,"name":"Zatv\u00e1rac\u00ed N\u00f4\u017e CRKT DELILAH'S P.E.C.K. 5520","slug":"zatvaraci-noz-crkt-delilahs-p-e-c-k-5520"}],"_links":{"self":[{"href":"https:\/\/www.moskito.cz\/sk\/wp-json\/wp\/v2\/product\/333627","targetHints":{"allow":["GET"]}}],"collection":[{"href":"https:\/\/www.moskito.cz\/sk\/wp-json\/wp\/v2\/product"}],"about":[{"href":"https:\/\/www.moskito.cz\/sk\/wp-json\/wp\/v2\/types\/product"}],"replies":[{"embeddable":true,"href":"https:\/\/www.moskito.cz\/sk\/wp-json\/wp\/v2\/comments?post=333627"}],"wp:featuredmedia":[{"embeddable":true,"href":"https:\/\/www.moskito.cz\/sk\/wp-json\/wp\/v2\/media\/201400"}],"wp:attachment":[{"href":"https:\/\/www.moskito.cz\/sk\/wp-json\/wp\/v2\/media?parent=333627"}],"wp:term":[{"taxonomy":"pwb-brand","embeddable":true,"href":"https:\/\/www.moskito.cz\/sk\/wp-json\/wp\/v2\/pwb-brand?post=333627"},{"taxonomy":"product_brand","embeddable":true,"href":"https:\/\/www.moskito.cz\/sk\/wp-json\/wp\/v2\/product_brand?post=333627"},{"taxonomy":"product_cat","embeddable":true,"href":"https:\/\/www.moskito.cz\/sk\/wp-json\/wp\/v2\/product_cat?post=333627"},{"taxonomy":"product_tag","embeddable":true,"href":"https:\/\/www.moskito.cz\/sk\/wp-json\/wp\/v2\/product_tag?post=333627"}],"curies":[{"name":"wp","href":"https:\/\/api.w.org\/{rel}","templated":true}]}}