{"id":333942,"date":"2021-05-09T20:33:50","date_gmt":"2021-05-09T19:33:50","guid":{"rendered":"https:\/\/www.moskito.cz\/produkt\/zatvaraci-noz-extrema-ratio-resolza-10-stone-washed\/"},"modified":"2026-03-02T13:59:32","modified_gmt":"2026-03-02T12:59:32","slug":"zatvaraci-noz-extrema-ratio-resolza-10-stone-washed","status":"publish","type":"product","link":"https:\/\/www.moskito.cz\/sk\/produkt\/zatvaraci-noz-extrema-ratio-resolza-10-stone-washed\/","title":{"rendered":"Zatv\u00e1rac\u00ed N\u00f4\u017e Extrema Ratio RESOLZA 10 STONE WASHED"},"content":{"rendered":"<p>Zatv\u00e1rac\u00ed N\u00f4\u017e <strong>Extrema Ratio<\/strong> RESOLZA 10 STONE WASHED.<\/p>\n<p><strong>RESOLZA<\/strong> je starod\u00e1vne meno pripom\u00ednaj\u00face talianske slovo pre britvu. Po st\u00e1ro\u010dia star\u00fd sard\u00ednsky \u201eresolza\u201c, jeden z najzn\u00e1mej\u0161\u00edch tradi\u010dn\u00fdch no\u017eov v na\u0161ej krajine \u2013 dodnes je st\u00e1lym spolo\u010dn\u00edkom ostrovn\u00fdch farm\u00e1rov a pastierov pri ich ka\u017edodennej pr\u00e1ci. Nasledoval ich, aj ke\u010f boli povolan\u00ed k vojne: kroniky brig\u00e1dy Sassari po\u010das prvej svetovej vojny spom\u00ednaj\u00fa n\u00f4\u017e ako s\u00fa\u010das\u0165 vybavenia vojakov. N\u00e1\u0161 pokus o prehodnotenie tohto tradi\u010dn\u00e9ho dizajnu pod\u013ea na\u0161ich vlastn\u00fdch \u0161tandardov je zam\u00fd\u0161\u013ean\u00fd ako pocta, nezanedbanie sard\u00ednskych remeseln\u00edkov, ktor\u00ed st\u00e1le praktizuj\u00fa star\u00e9 sp\u00f4soby v\u00fdroby no\u017eov a udr\u017euj\u00fa pri \u017eivote predkov. T\u00e1to RESOLZA si zachov\u00e1va p\u00f4vodn\u00e9 rozmery a proporcie s \u010depe\u013eou 3,9\u201d, ale je vyr\u00e1ban\u00e1 obvykl\u00fdmi \u0161pi\u010dkov\u00fdmi materi\u00e1lmi a technol\u00f3giami Extrema Ratio. Rukov\u00e4\u0165 bola prepracovan\u00e1, zatia\u013e \u010do \u010depe\u013e vernej\u0161ie zodpoved\u00e1 tradi\u010dn\u00e9mu tvaru. Ako vylep\u0161enie trad\u00edcie sme pridali mechanizmus zamykania \u010depele. Dostupn\u00e9 verzie: RESOLZA 10 BLACK, RESOLZA 10 STONE WASHED.<br \/>\nTECHNICK\u00dd LIST<br \/>\nHmotnos\u0165 oz.: 2,29<br \/>\nD\u013a\u017eka \u010depele (mm): 100<br \/>\nD\u013a\u017eka \u010depele (palce): 3,93<br \/>\nCelkov\u00e1 d\u013a\u017eka (mm): 220<br \/>\nCelkov\u00e1 d\u013a\u017eka (palce): 8,66<br \/>\nHr\u00fabka \u010depele (mm):<br \/>\n Hr\u00fabka \u010depele (v palcoch): 0,11<br \/>\nMateri\u00e1l \u010depele: B\u00f6HLER N690 STEEL (58HRC)<br \/>\nPovrchov\u00e1 \u00faprava \u010depele: STONE COATED<br \/>\nHlavn\u00e1 mrie\u017eka: FLAT<br \/>\nMateri\u00e1l rukov\u00e4te: MATERI\u00c1L: ANTIKORODOVAN\u00dd ELOXOVAN\u00dd HLIN\u00cdK<\/p>\n","protected":false},"excerpt":{"rendered":"<p>Spolo\u010dnos\u0165 <strong>Extrema Ratio<\/strong> so s\u00eddlom v talianskom Prate navrhuje a vyr\u00e1ba vysoko v\u00fdkonn\u00e9 bojov\u00e9, vojensk\u00e9, kuchynsk\u00e9, loveck\u00e9 a taktick\u00e9 no\u017ee od roku 1997 a m\u00e1 poves\u0165 vynikaj\u00facej kvality, ktor\u00e1 je v odbore vojensk\u00fdch a taktick\u00fdch no\u017eov neprekonate\u013en\u00e1. <strong>Doprava zadarmo.<\/strong><\/p>\n","protected":false},"featured_media":198023,"comment_status":"open","ping_status":"closed","template":"","meta":[],"pwb-brand":[3198],"product_brand":[],"product_cat":[3233,3186],"product_tag":[3668],"class_list":{"0":"post-333942","1":"product","2":"type-product","3":"status-publish","4":"has-post-thumbnail","6":"pwb-brand-extrema-ratio-sk","7":"product_cat-zatvaracie-noze","8":"product_cat-noze-sk","9":"product_tag-b2b-sk","11":"first","12":"outofstock","13":"taxable","14":"shipping-taxable","15":"purchasable","16":"product-type-simple"},"brands":[{"id":3198,"name":"Extrema Ratio","slug":"extrema-ratio-sk"}],"_links":{"self":[{"href":"https:\/\/www.moskito.cz\/sk\/wp-json\/wp\/v2\/product\/333942","targetHints":{"allow":["GET"]}}],"collection":[{"href":"https:\/\/www.moskito.cz\/sk\/wp-json\/wp\/v2\/product"}],"about":[{"href":"https:\/\/www.moskito.cz\/sk\/wp-json\/wp\/v2\/types\/product"}],"replies":[{"embeddable":true,"href":"https:\/\/www.moskito.cz\/sk\/wp-json\/wp\/v2\/comments?post=333942"}],"wp:featuredmedia":[{"embeddable":true,"href":"https:\/\/www.moskito.cz\/sk\/wp-json\/wp\/v2\/media\/198023"}],"wp:attachment":[{"href":"https:\/\/www.moskito.cz\/sk\/wp-json\/wp\/v2\/media?parent=333942"}],"wp:term":[{"taxonomy":"pwb-brand","embeddable":true,"href":"https:\/\/www.moskito.cz\/sk\/wp-json\/wp\/v2\/pwb-brand?post=333942"},{"taxonomy":"product_brand","embeddable":true,"href":"https:\/\/www.moskito.cz\/sk\/wp-json\/wp\/v2\/product_brand?post=333942"},{"taxonomy":"product_cat","embeddable":true,"href":"https:\/\/www.moskito.cz\/sk\/wp-json\/wp\/v2\/product_cat?post=333942"},{"taxonomy":"product_tag","embeddable":true,"href":"https:\/\/www.moskito.cz\/sk\/wp-json\/wp\/v2\/product_tag?post=333942"}],"curies":[{"name":"wp","href":"https:\/\/api.w.org\/{rel}","templated":true}]}}