{"id":334049,"date":"2021-08-19T21:45:15","date_gmt":"2021-08-19T20:45:15","guid":{"rendered":"https:\/\/www.moskito.cz\/produkt\/zatvaraci-noz-extrema-ratio-bf2-helmsman\/"},"modified":"2025-05-07T11:11:48","modified_gmt":"2025-05-07T10:11:48","slug":"zatvaraci-noz-extrema-ratio-bf2-helmsman","status":"publish","type":"product","link":"https:\/\/www.moskito.cz\/sk\/produkt\/zatvaraci-noz-extrema-ratio-bf2-helmsman\/","title":{"rendered":"Zatv\u00e1rac\u00ed N\u00f4\u017e Extrema Ratio BF2 HELMSMAN"},"content":{"rendered":"<p>Zatv\u00e1rac\u00ed N\u00f4\u017e <strong>Extrema Ratio<\/strong> BF2 HELMSMAN.<\/p>\n<p>Helmsman je n\u00f4\u017e navrhnut\u00fd a zdokonalen\u00fd v ka\u017edom detaile pre svoje prim\u00e1rne pou\u017eitie v n\u00e1mornom prostred\u00ed a predstavuje evol\u00faciu modelu BF2 V predstaven\u00e9ho na cvi\u010dnej lodi Amerigo Vespucci v roku 2013 a venovanom najkraj\u0161ej lodi na svete.<\/p>\n<p>\u010cepe\u013e, pred\u013a\u017een\u00e1 na 87 mm, m\u00e1 na z\u00e1kladni z\u00fabkovanie, zatia\u013e \u010do \u0161pi\u010dka m\u00e1 ploch\u00fd okraj, ktor\u00fd umo\u017e\u0148uje s\u00famern\u00e9 rezanie so \u0161ir\u0161ou oporou, zatia\u013e \u010do proces kone\u010dn\u00e9ho om\u00fdvania kame\u0148om chr\u00e1ni viac pred kor\u00f3ziou v morskom prostred\u00ed.<br \/>\n\u00daDAJE<br \/>\nHmotnos\u0165 g.:143<br \/>\nHmotnos\u0165 oz.:5,04<br \/>\nD\u013a\u017eka \u010depele (mm):87<br \/>\nD\u013a\u017eka \u010depele (palca):3,42<br \/>\nCelkov\u00e1 d\u013a\u017eka (mm):210<br \/>\nCelkov\u00e1 d\u013a\u017eka (palce):8.26<br \/>\nHr\u00fabka \u010depele (mm):3<br \/>\nHr\u00fabka \u010depele (palca):0,12<br \/>\nMateri\u00e1l \u010depele: B\u00f6HLER N690 STEEL (58HRC)<br \/>\nPovrchov\u00e1 \u00faprava \u010depele: KAMENE PRAN\u00c9<br \/>\nZaoblenie \u010depele: PLOCH\u00dd DR\u00d4T<br \/>\n\u010ciasto\u010dn\u00e9 zuby (palce):1,57<br \/>\n\u010ciasto\u010dn\u00e9 zuby (mm):40<br \/>\nMateri\u00e1l rukov\u00e4te: ANODIZOVAN\u00dd ANTIKOROD\u00c1LNY HLIN\u00cdK<\/p>\n","protected":false},"excerpt":{"rendered":"<p>Spolo\u010dnos\u0165 <strong>Extrema Ratio<\/strong> so s\u00eddlom v talianskom Prate navrhuje a vyr\u00e1ba vysoko v\u00fdkonn\u00e9 bojov\u00e9, vojensk\u00e9, kuchynsk\u00e9, loveck\u00e9 a taktick\u00e9 no\u017ee od roku 1997 a m\u00e1 poves\u0165 vynikaj\u00facej kvality, ktor\u00e1 je v odbore vojensk\u00fdch a taktick\u00fdch no\u017eov neprekonate\u013en\u00e1. <strong>Doprava zadarmo.<\/strong><\/p>\n","protected":false},"featured_media":431776,"comment_status":"open","ping_status":"closed","template":"","meta":[],"pwb-brand":[3198],"product_brand":[],"product_cat":[3233,3186],"product_tag":[3668],"class_list":{"0":"post-334049","1":"product","2":"type-product","3":"status-publish","4":"has-post-thumbnail","6":"pwb-brand-extrema-ratio-sk","7":"product_cat-zatvaracie-noze","8":"product_cat-noze-sk","9":"product_tag-b2b-sk","11":"first","12":"instock","13":"taxable","14":"shipping-taxable","15":"purchasable","16":"product-type-simple"},"brands":[{"id":3198,"name":"Extrema Ratio","slug":"extrema-ratio-sk"}],"_links":{"self":[{"href":"https:\/\/www.moskito.cz\/sk\/wp-json\/wp\/v2\/product\/334049","targetHints":{"allow":["GET"]}}],"collection":[{"href":"https:\/\/www.moskito.cz\/sk\/wp-json\/wp\/v2\/product"}],"about":[{"href":"https:\/\/www.moskito.cz\/sk\/wp-json\/wp\/v2\/types\/product"}],"replies":[{"embeddable":true,"href":"https:\/\/www.moskito.cz\/sk\/wp-json\/wp\/v2\/comments?post=334049"}],"wp:featuredmedia":[{"embeddable":true,"href":"https:\/\/www.moskito.cz\/sk\/wp-json\/wp\/v2\/media\/431776"}],"wp:attachment":[{"href":"https:\/\/www.moskito.cz\/sk\/wp-json\/wp\/v2\/media?parent=334049"}],"wp:term":[{"taxonomy":"pwb-brand","embeddable":true,"href":"https:\/\/www.moskito.cz\/sk\/wp-json\/wp\/v2\/pwb-brand?post=334049"},{"taxonomy":"product_brand","embeddable":true,"href":"https:\/\/www.moskito.cz\/sk\/wp-json\/wp\/v2\/product_brand?post=334049"},{"taxonomy":"product_cat","embeddable":true,"href":"https:\/\/www.moskito.cz\/sk\/wp-json\/wp\/v2\/product_cat?post=334049"},{"taxonomy":"product_tag","embeddable":true,"href":"https:\/\/www.moskito.cz\/sk\/wp-json\/wp\/v2\/product_tag?post=334049"}],"curies":[{"name":"wp","href":"https:\/\/api.w.org\/{rel}","templated":true}]}}