{"id":334158,"date":"2024-04-17T19:41:20","date_gmt":"2024-04-17T18:43:06","guid":{"rendered":"https:\/\/www.moskito.cz\/produkt\/zatvaraci-noz-crkt-limited-edition-facet-k253tm390\/"},"modified":"2025-05-07T11:11:50","modified_gmt":"2025-05-07T10:11:50","slug":"zatvaraci-noz-crkt-limited-edition-facet-k253tm390","status":"publish","type":"product","link":"https:\/\/www.moskito.cz\/sk\/produkt\/zatvaraci-noz-crkt-limited-edition-facet-k253tm390\/","title":{"rendered":"Zatv\u00e1rac\u00ed N\u00f4\u017e CRKT Limited Edition Facet K253TM390"},"content":{"rendered":"<p>Zatv\u00e1rac\u00ed N\u00f4\u017e <strong>CRKT<\/strong> Limited Edition Facet K253TM390.<\/p>\n<p>Ken Onion je zn\u00e1my svojim elegantn\u00fdm a praktick\u00fdm dizajnom a K253TM390 nie je v\u00fdnimkou. Uhly a fazety rukov\u00e4te dop\u013a\u0148aj\u00fa tenk\u00fd dizajn a hranat\u00fd tvar \u010depele. Rakety s \u010depe\u013eou, ktor\u00e9 s\u00fa vybaven\u00e9 syst\u00e9mom \u010dapov s guli\u010dkov\u00fdmi lo\u017eiskami IKBS od CRKT, sa otv\u00e1raj\u00fa tak, ako by ste neverili. \u010cepe\u013e je vyroben\u00e1 z pr\u00e9miovej ocele Bohler M390 pre v\u00fdnimo\u010dn\u00e9 zachovanie ostria a m\u00e1 sat\u00e9nov\u00fa povrchov\u00fa \u00fapravu. Vsaden\u00fd r\u00e1mov\u00fd z\u00e1mok vyu\u017e\u00edva siln\u00fa blokovaciu li\u0161tu na pevn\u00e9 zaistenie \u010depele. S pridan\u00edm polohlubok\u00e9ho vreckov\u00e9ho klipu sa Facet \u013eahko pren\u00e1\u0161a bez toho, aby ste na\u0148 upozor\u0148ovali alebo prek\u00e1\u017eali.<\/p>\n<p>T\u00e1to \u0161peci\u00e1lna limitovan\u00e1 ed\u00edcia ob\u013e\u00faben\u00e9ho designu Facet sa vyzna\u010duje podstatn\u00fdm vylep\u0161en\u00edm ocele a tit\u00e1nov\u00fdmi rukov\u00e4\u0165ami s fantastick\u00fdm &#8222;nitov\u00fdm&#8220; dizajnom. Obmedzen\u00e9 na 500 kusov.<\/p>\n<p>O n\u00e1vrh\u00e1ri no\u017eov<\/p>\n<p>Ken Onion \u2013 \u201eHoci som od detstva oddan\u00fdm zberate\u013eom no\u017eov a zbieral som preva\u017ene s\u00e9riov\u00e9 no\u017ee a \u010doko\u013evek in\u00e9, \u010do som na\u0161iel, nevedel som o priemysle z\u00e1kazkov\u00fdch no\u017eov a\u017e do roku 1989, kedy som v miestnej drog\u00e9rii videl vydanie Knives Illustrated. Odtia\u013e som na\u0161iel miestneho v\u00fdrobcu no\u017eov menom Stan Fujisaka a prosil som ho, aby ma to nau\u010dil. Svoj prv\u00fd n\u00f4\u017e som vyrobil v novembri 1991 a odvtedy som sa v tomto remesle zotavoval z oper\u00e1cie chrbta v roku 1996 a rozhodol som sa navrhn\u00fa\u0165 zlo\u017eku s ktor\u00fdm sa manipulovalo \u013eah\u0161ie ako s t\u00fdm, \u010do bolo k dispoz\u00edcii, a nie s vystre\u013eovacou \u010depe\u013eou. V\u00fdsledkom bol prv\u00fd asistovan\u00fd n\u00f4\u017e, ktor\u00fd som nazval \u201eSpeed \u200b\u200bSafe\u201c. \u00faplne nov\u00e1 kateg\u00f3ria no\u017eov medzi manu\u00e1lnymi a automatick\u00fdmi.&#8220;<\/p>\n<p>\u010cepe\u013e z ocele M390<br \/>\nBlade Edge Plain<br \/>\nPovrchov\u00e1 \u00faprava \u010depele sat\u00e9n<\/p>\n<p>D\u013a\u017eka \u010depele: 8.88 cm<br \/>\nHr\u00fabka \u010depele: 0,31 cm<br \/>\nCelkov\u00e1 d\u013a\u017eka: 19.6 cm<br \/>\nD\u013a\u017eka v zatvorenom stave: 10.97 cm<br \/>\nHmotnos\u0165 3,00 oz. (85,05 g)<\/p>\n","protected":false},"excerpt":{"rendered":"<p>Ken Onion<br \/>\nKaneohe, Havaj<br \/>\nKen je skuto\u010dn\u00fd obchod. Ken, najmlad\u0161\u00ed \u00fa\u010dastn\u00edk, ktor\u00fd bol v roku 2008 uveden\u00fd do siene sl\u00e1vy \u010dasopisu Blade Magazine, je uzn\u00e1van\u00fd ako jeden z najinovat\u00edvnej\u0161\u00edch a naj\u00faspe\u0161nej\u0161\u00edch n\u00e1vrh\u00e1rov no\u017eov v\u0161etk\u00fdch \u010dias. V roku 1996 vytvoril prv\u00fd komer\u010dne \u00faspe\u0161n\u00fd mechanizmus asistovan\u00e9ho otv\u00e1rania ao 20 rokov nesk\u00f4r odhalil svoju oce\u0148ovan\u00fa technol\u00f3giu Field Strip. Teraz t\u00e1to svetovo meniaca inov\u00e1cia nastavuje nov\u00fd \u0161tandard s technol\u00f3giou Field Strip Gen II, prerodom, ktor\u00fd mus\u00ed splni\u0165 svojmu menu.<\/p>\n","protected":false},"featured_media":334121,"comment_status":"open","ping_status":"closed","template":"","meta":[],"pwb-brand":[3249],"product_brand":[],"product_cat":[3186,3233],"product_tag":[3668],"class_list":{"0":"post-334158","1":"product","2":"type-product","3":"status-publish","4":"has-post-thumbnail","6":"pwb-brand-zatvaraci-noz-crkt-delilahs-p-e-c-k-5520","7":"product_cat-noze-sk","8":"product_cat-zatvaracie-noze","9":"product_tag-b2b-sk","11":"first","12":"instock","13":"taxable","14":"shipping-taxable","15":"purchasable","16":"product-type-simple"},"brands":[{"id":3249,"name":"Zatv\u00e1rac\u00ed N\u00f4\u017e CRKT DELILAH'S P.E.C.K. 5520","slug":"zatvaraci-noz-crkt-delilahs-p-e-c-k-5520"}],"_links":{"self":[{"href":"https:\/\/www.moskito.cz\/sk\/wp-json\/wp\/v2\/product\/334158","targetHints":{"allow":["GET"]}}],"collection":[{"href":"https:\/\/www.moskito.cz\/sk\/wp-json\/wp\/v2\/product"}],"about":[{"href":"https:\/\/www.moskito.cz\/sk\/wp-json\/wp\/v2\/types\/product"}],"replies":[{"embeddable":true,"href":"https:\/\/www.moskito.cz\/sk\/wp-json\/wp\/v2\/comments?post=334158"}],"wp:featuredmedia":[{"embeddable":true,"href":"https:\/\/www.moskito.cz\/sk\/wp-json\/wp\/v2\/media\/334121"}],"wp:attachment":[{"href":"https:\/\/www.moskito.cz\/sk\/wp-json\/wp\/v2\/media?parent=334158"}],"wp:term":[{"taxonomy":"pwb-brand","embeddable":true,"href":"https:\/\/www.moskito.cz\/sk\/wp-json\/wp\/v2\/pwb-brand?post=334158"},{"taxonomy":"product_brand","embeddable":true,"href":"https:\/\/www.moskito.cz\/sk\/wp-json\/wp\/v2\/product_brand?post=334158"},{"taxonomy":"product_cat","embeddable":true,"href":"https:\/\/www.moskito.cz\/sk\/wp-json\/wp\/v2\/product_cat?post=334158"},{"taxonomy":"product_tag","embeddable":true,"href":"https:\/\/www.moskito.cz\/sk\/wp-json\/wp\/v2\/product_tag?post=334158"}],"curies":[{"name":"wp","href":"https:\/\/api.w.org\/{rel}","templated":true}]}}