{"id":334252,"date":"2022-09-27T20:41:31","date_gmt":"2022-09-27T19:41:31","guid":{"rendered":"https:\/\/www.moskito.cz\/produkt\/pevny-noz-crkt-hz6-2927\/"},"modified":"2025-12-05T00:43:34","modified_gmt":"2025-12-04T23:43:34","slug":"pevny-noz-crkt-hz6-2927","status":"publish","type":"product","link":"https:\/\/www.moskito.cz\/sk\/produkt\/pevny-noz-crkt-hz6-2927\/","title":{"rendered":"Pevn\u00fd N\u00f4\u017e CRKT HZ6 2927"},"content":{"rendered":"<p>Pevn\u00fd N\u00f4\u017e CRKT HZ6 2927.<\/p>\n<p>Vyroben\u00e9 pre modern\u00e9ho bojovn\u00edka. Vzd\u00e1va hold hira-zukuri \u2013 klasick\u00e9mu japonsk\u00e9mu priamemu me\u010du \u2013 no\u017eiar James Williams n\u00e1m prin\u00e1\u0161a HZ6. P\u00f4vodn\u00e1 \u010depe\u013e v \u0161t\u00fdle hira-zukuri, poch\u00e1dzaj\u00faca z 8. storo\u010dia, bola prv\u00fdkr\u00e1t popularizovan\u00e1 v d\u00fdkach a pou\u017e\u00edvan\u00e1 ako siln\u00fd \u201ekr\u00e1tky\u201c me\u010d na pre\u017eitie a ka\u017edodenn\u00e9 pou\u017eitie. A rovnako ako jeho p\u00f4vod, HZ6 je \u00fa\u010delovo vytvoren\u00fd pre skuto\u010dn\u00fdch bojovn\u00edkov, a\u017e teraz je navrhnut\u00fd tak, aby sp\u013a\u0148al po\u017eiadavky modern\u00e9ho sveta.<\/p>\n<p>HZ6 ct\u00ed klasick\u00fd japonsk\u00fd priamy me\u010d a vych\u00e1dza zo starovek\u00e9ho \u0161t\u00fdlu \u010depele hira-zukuri, ktor\u00e1 nem\u00e1 \u017eiadne hrebe\u0148ov\u00e9 l\u00ednie. Ale skuto\u010dn\u00e1 sila za hladk\u00fdm povrchom \u010depele tohto taktick\u00e9ho no\u017ea je schopnos\u0165 dosiahnu\u0165 p\u00f4sobivo \u010dist\u00e9 prenikanie cez ak\u00fdko\u013evek povrch, s ktor\u00fdm sa stretne. A preto\u017ee je \u010depe\u013e opatren\u00e1 ochrann\u00fdm povlakom pre zn\u00ed\u017eenie hrdze a kor\u00f3zie, budete ma\u0165 menej starost\u00ed, ke\u010f sa \u010depe\u013eou oh\u00e1\u0148ate v drsnej\u0161om alebo vlh\u0161om po\u010das\u00ed.<\/p>\n<p>A \u010do m\u00e1 v n\u00e1zve? Prv\u00e9 dve inici\u00e1ly znamenaj\u00fa \u201ehira-zukuri\u201c, zatia\u013e \u010do \u010d\u00edslica \u201e6\u201c odkazuje na mohutn\u00fa 6,5\u201c \u010depe\u013e. Jeho ve\u013ekos\u0165 v\u0161ak nie je jedin\u00e1 vec, ktorej sa treba b\u00e1\u0165 \u2013 je vyroben\u00fd z h\u00fa\u017eevnatej uhl\u00edkovej ocele SK-5, prerezanie a prerazenie je u HZ6 druhou prirodzenos\u0165ou. Dokonca aj rukov\u00e4\u0165 no\u017ea vych\u00e1dza z japonsk\u00e9ho vplyvu, vyrez\u00e1van\u00e1 x na rukov\u00e4ti predstavuje tradi\u010dn\u00e9 balenie me\u010da. Nie je to v\u0161ak iba na estetick\u00e9 \u00fa\u010dely \u2013 navrhnut\u00e9 tak, aby poskytovalo ohromn\u00fd \u00fachop pre studen\u00e9, mokr\u00e9, rukavice alebo ruky bez rukav\u00edc; s ka\u017ed\u00fdm \u00faderom a \u00faderom sa zvy\u0161uje odolnos\u0165. V kombin\u00e1cii s dobre padn\u00facim puzdrom pou\u017eite sponu puzdra, aby ste ho udr\u017eali na opasku extra bl\u00edzko, alebo pretiahnite \u0161n\u00farku otvorom na z\u00e1kladni rukov\u00e4te.<\/p>\n<p>Vynikaj\u00faca vo\u013eba pre boj alebo taktick\u00fa obranu, HZ6 u\u013eah\u010duje sta\u0165 sa modern\u00fdm bojovn\u00edkom.<\/p>\n<p>\u0160PECIFIK\u00c1CIA<br \/>\nD\u013a\u017eka \u010depele 6,50&#8243; (165,10 mm)<br \/>\nOstrie \u010depele Prost\u00fd<br \/>\n\u010cepe\u013e oce\u013e SK-5<br \/>\nPovrchov\u00e1 \u00faprava \u010depele Pudr Coat<br \/>\nHr\u00fabka \u010depele 0,21&#8243; (5,41 mm)<br \/>\nCelkov\u00e1 d\u013a\u017eka 11,31&#8243; (287,35 mm)<br \/>\nHmotnos\u0165 8,40 oz (238,14 g)<br \/>\nRukov\u00e4\u0165 G10<br \/>\n\u0160t\u00fdl N\u00f4\u017e s pevnou \u010depe\u013eou s puzdrom<br \/>\nMateri\u00e1l pl\u00e1\u0161\u0165a Boltaron\u00ae<br \/>\nHmotnos\u0165 pl\u00e1\u0161\u0165a 2,50 oz (70,87 g)<\/p>\n<p><iframe title=\"CRKT HZ6 | James Williams Design\" width=\"800\" height=\"450\" src=\"https:\/\/www.youtube.com\/embed\/QZMI-Y2l75s?feature=oembed\" frameborder=\"0\" allow=\"accelerometer; autoplay; clipboard-write; encrypted-media; gyroscope; picture-in-picture; web-share\" referrerpolicy=\"strict-origin-when-cross-origin\" allowfullscreen><\/iframe><\/p>\n<p>&nbsp;<\/p>\n","protected":false},"excerpt":{"rendered":"<p>Navrhol James Williams vo Vass v Severnej Karol\u00edne.<\/p>\n","protected":false},"featured_media":226139,"comment_status":"open","ping_status":"closed","template":"","meta":[],"pwb-brand":[3249],"product_brand":[],"product_cat":[3187,3186],"product_tag":[3668],"class_list":{"0":"post-334252","1":"product","2":"type-product","3":"status-publish","4":"has-post-thumbnail","6":"pwb-brand-zatvaraci-noz-crkt-delilahs-p-e-c-k-5520","7":"product_cat-pevne-noze-sk","8":"product_cat-noze-sk","9":"product_tag-b2b-sk","11":"first","12":"instock","13":"taxable","14":"shipping-taxable","15":"purchasable","16":"product-type-simple"},"brands":[{"id":3249,"name":"Zatv\u00e1rac\u00ed N\u00f4\u017e CRKT DELILAH'S P.E.C.K. 5520","slug":"zatvaraci-noz-crkt-delilahs-p-e-c-k-5520"}],"_links":{"self":[{"href":"https:\/\/www.moskito.cz\/sk\/wp-json\/wp\/v2\/product\/334252","targetHints":{"allow":["GET"]}}],"collection":[{"href":"https:\/\/www.moskito.cz\/sk\/wp-json\/wp\/v2\/product"}],"about":[{"href":"https:\/\/www.moskito.cz\/sk\/wp-json\/wp\/v2\/types\/product"}],"replies":[{"embeddable":true,"href":"https:\/\/www.moskito.cz\/sk\/wp-json\/wp\/v2\/comments?post=334252"}],"wp:featuredmedia":[{"embeddable":true,"href":"https:\/\/www.moskito.cz\/sk\/wp-json\/wp\/v2\/media\/226139"}],"wp:attachment":[{"href":"https:\/\/www.moskito.cz\/sk\/wp-json\/wp\/v2\/media?parent=334252"}],"wp:term":[{"taxonomy":"pwb-brand","embeddable":true,"href":"https:\/\/www.moskito.cz\/sk\/wp-json\/wp\/v2\/pwb-brand?post=334252"},{"taxonomy":"product_brand","embeddable":true,"href":"https:\/\/www.moskito.cz\/sk\/wp-json\/wp\/v2\/product_brand?post=334252"},{"taxonomy":"product_cat","embeddable":true,"href":"https:\/\/www.moskito.cz\/sk\/wp-json\/wp\/v2\/product_cat?post=334252"},{"taxonomy":"product_tag","embeddable":true,"href":"https:\/\/www.moskito.cz\/sk\/wp-json\/wp\/v2\/product_tag?post=334252"}],"curies":[{"name":"wp","href":"https:\/\/api.w.org\/{rel}","templated":true}]}}