{"id":334325,"date":"2024-04-17T20:26:34","date_gmt":"2024-04-17T19:28:26","guid":{"rendered":"https:\/\/www.moskito.cz\/produkt\/vrhacie-noze-crkt-ken-onion-3pc-throwing-knives-k930rkp\/"},"modified":"2025-05-07T11:11:54","modified_gmt":"2025-05-07T10:11:54","slug":"vrhacie-noze-crkt-ken-onion-3pc-throwing-knives-k930rkp","status":"publish","type":"product","link":"https:\/\/www.moskito.cz\/sk\/produkt\/vrhacie-noze-crkt-ken-onion-3pc-throwing-knives-k930rkp\/","title":{"rendered":"Vrhacie No\u017ee CRKT Ken Onion 3pc Throwing Knives K930RKP"},"content":{"rendered":"<p>Vrhacie No\u017ee <strong>CRKT<\/strong> Ken Onion 3pc Throwing Knives K930RKP<\/p>\n<p>Prv\u00fd vrhac\u00ed n\u00f4\u017e od Kena Oniona.<\/p>\n<p>Po nespo\u010detnom opakovan\u00ed a testovan\u00ed Ken Onion vylep\u0161il svoj dizajn vrhacieho no\u017ea a je pripraven\u00fd sa o\u0148 podeli\u0165 so svetom. Tieto dokonale vyv\u00e1\u017een\u00e9 no\u017ee s\u00fa vyroben\u00e9 tak, aby sp\u013a\u0148ali v\u0161etky po\u017eiadavky modern\u00e9ho vrha\u010da no\u017eov. Vrhacie no\u017ee na cibu\u013eu sa dod\u00e1vaj\u00fa v sade troch, doplnen\u00e9 pevn\u00fdm nylonov\u00fdm puzdrom, ktor\u00e9 ich bezpe\u010dne unesie na opasku.<br \/>\nKovan\u00e1 h\u00fa\u017eevnatos\u0165: uhl\u00edkov\u00e1 oce\u013e 1050 poskytuje odolnos\u0165 a zachovanie hr\u00e1n<br \/>\nPln\u00e1 kontrola : Dr\u00e1\u017eky pre maxim\u00e1lnu kontrolu h\u00e1dzania<br \/>\nVizu\u00e1lna pr\u00ed\u0165a\u017elivos\u0165 : \u010cierny pr\u00e1\u0161kov\u00fd n\u00e1ter s n\u00e1strekom \u010derven\u00e9ho n\u00e1teru<br \/>\nPevn\u00e1 kon\u0161trukcia: Tkan\u00e9 nylonov\u00e9 p\u00fazdro je \u013eahk\u00e9 a odoln\u00e9<br \/>\nObouru\u010dn\u00e9 : Symetrick\u00fd dizajn umo\u017e\u0148uje h\u00e1dzanie \u013eavou alebo pravou rukou<br \/>\nViac no\u017eov: Sada 3 no\u017eov s puzdrom na opasok.<\/p>\n<p><iframe title=\"CRKT Onion Throwing Knives | Ken Onion Design\" width=\"800\" height=\"450\" src=\"https:\/\/www.youtube.com\/embed\/UTpZODJUOv0?feature=oembed\" frameborder=\"0\" allow=\"accelerometer; autoplay; clipboard-write; encrypted-media; gyroscope; picture-in-picture; web-share\" referrerpolicy=\"strict-origin-when-cross-origin\" allowfullscreen><\/iframe><\/p>\n<p>&nbsp;<\/p>\n","protected":false},"excerpt":{"rendered":"<p>Ken Onion<br \/>\nKaneohe, Havaj<br \/>\nKen je skuto\u010dn\u00fd obchod. Ken, najmlad\u0161\u00ed \u00fa\u010dastn\u00edk, ktor\u00fd bol v roku 2008 uveden\u00fd do siene sl\u00e1vy \u010dasopisu Blade Magazine, je uzn\u00e1van\u00fd ako jeden z najinovat\u00edvnej\u0161\u00edch a naj\u00faspe\u0161nej\u0161\u00edch n\u00e1vrh\u00e1rov no\u017eov v\u0161etk\u00fdch \u010dias. V roku 1996 vytvoril prv\u00fd komer\u010dne \u00faspe\u0161n\u00fd mechanizmus asistovan\u00e9ho otv\u00e1rania ao 20 rokov nesk\u00f4r odhalil svoju oce\u0148ovan\u00fa technol\u00f3giu Field Strip. Teraz t\u00e1to svetovo meniaca inov\u00e1cia nastavuje nov\u00fd \u0161tandard s technol\u00f3giou Field Strip Gen II, prerodom, ktor\u00fd mus\u00ed splni\u0165 svojmu menu.<\/p>\n","protected":false},"featured_media":334281,"comment_status":"open","ping_status":"closed","template":"","meta":[],"pwb-brand":[3249],"product_brand":[],"product_cat":[3186,3541],"product_tag":[3668],"class_list":{"0":"post-334325","1":"product","2":"type-product","3":"status-publish","4":"has-post-thumbnail","6":"pwb-brand-zatvaraci-noz-crkt-delilahs-p-e-c-k-5520","7":"product_cat-noze-sk","8":"product_cat-vrhacie-noze","9":"product_tag-b2b-sk","11":"first","12":"outofstock","13":"taxable","14":"shipping-taxable","15":"purchasable","16":"product-type-simple"},"brands":[{"id":3249,"name":"Zatv\u00e1rac\u00ed N\u00f4\u017e CRKT DELILAH'S P.E.C.K. 5520","slug":"zatvaraci-noz-crkt-delilahs-p-e-c-k-5520"}],"_links":{"self":[{"href":"https:\/\/www.moskito.cz\/sk\/wp-json\/wp\/v2\/product\/334325","targetHints":{"allow":["GET"]}}],"collection":[{"href":"https:\/\/www.moskito.cz\/sk\/wp-json\/wp\/v2\/product"}],"about":[{"href":"https:\/\/www.moskito.cz\/sk\/wp-json\/wp\/v2\/types\/product"}],"replies":[{"embeddable":true,"href":"https:\/\/www.moskito.cz\/sk\/wp-json\/wp\/v2\/comments?post=334325"}],"wp:featuredmedia":[{"embeddable":true,"href":"https:\/\/www.moskito.cz\/sk\/wp-json\/wp\/v2\/media\/334281"}],"wp:attachment":[{"href":"https:\/\/www.moskito.cz\/sk\/wp-json\/wp\/v2\/media?parent=334325"}],"wp:term":[{"taxonomy":"pwb-brand","embeddable":true,"href":"https:\/\/www.moskito.cz\/sk\/wp-json\/wp\/v2\/pwb-brand?post=334325"},{"taxonomy":"product_brand","embeddable":true,"href":"https:\/\/www.moskito.cz\/sk\/wp-json\/wp\/v2\/product_brand?post=334325"},{"taxonomy":"product_cat","embeddable":true,"href":"https:\/\/www.moskito.cz\/sk\/wp-json\/wp\/v2\/product_cat?post=334325"},{"taxonomy":"product_tag","embeddable":true,"href":"https:\/\/www.moskito.cz\/sk\/wp-json\/wp\/v2\/product_tag?post=334325"}],"curies":[{"name":"wp","href":"https:\/\/api.w.org\/{rel}","templated":true}]}}