{"id":334413,"date":"2021-09-22T22:25:23","date_gmt":"2024-04-18T13:34:05","guid":{"rendered":"https:\/\/www.moskito.cz\/produkt\/zatvaraci-noz-adv-tactical-barlow-slipjoint-n690\/"},"modified":"2025-05-07T11:11:58","modified_gmt":"2025-05-07T10:11:58","slug":"zatvaraci-noz-adv-tactical-barlow-slipjoint-n690","status":"publish","type":"product","link":"https:\/\/www.moskito.cz\/sk\/produkt\/zatvaraci-noz-adv-tactical-barlow-slipjoint-n690\/","title":{"rendered":"Zatv\u00e1rac\u00ed N\u00f4\u017e ADV Tactical Barlow Slipjoint N690"},"content":{"rendered":"<p>Zatv\u00e1rac\u00ed N\u00f4\u017e <strong>ADV Tactical<\/strong> Barlow Slipjoint N690.<\/p>\n<p>Barlow je n\u00f4\u017e so sklzn\u00fdm spojom od Andre De Villiers s ve\u013emi d\u00fdkovit\u00fdm profilom. \u0160t\u00edhla \u010depe\u013e sp\u00fa\u0161te m\u00e1 dlh\u00fd klinec pre \u013eahk\u00e9 otv\u00e1ranie a polovi\u010dn\u00fd doraz pre bezprobl\u00e9mov\u00e9 zatv\u00e1ranie. Je to pekn\u00e1 d\u013a\u017eka troch palcov, ktor\u00e1 je v mnoh\u00fdch lokalit\u00e1ch maxim\u00e1lna povolen\u00e1 pre zamykacie aj neuzamykacie no\u017ee, \u010do ukazuje, \u017ee ADV presne vie, \u010do rob\u00ed. Rukov\u00e4\u0165 m\u00e1 hladk\u00fd tvar slzy s roz\u0161\u00edrenou oblas\u0165ou ochrany prstov ved\u00facou k ostrie, v\u010faka \u010domu je tento n\u00f4\u017e ve\u013emi \u013eahko indexovate\u013en\u00fd. Je vyroben\u00e1 z vystu\u017eenej nerezovej ocele s r\u00f4znymi materi\u00e1lmi stupnice a mosadznou vlo\u017ekou a kol\u00edkmi. P\u00f4sob\u00ed skalopevne a v\u010faka kont\u00farovaniu sa \u013eahko vk\u013azne dovn\u00fatra a von z vrecka. M\u00f4\u017eete dokonca zabudn\u00fa\u0165, \u017ee sa jedn\u00e1 o slipjoint, preto\u017ee sa po\u010das pou\u017e\u00edvania c\u00edti tak pevn\u00fd a nevyzer\u00e1 ako va\u0161a typick\u00e1 neuzamykate\u013en\u00e1 zlo\u017eka.<\/p>\n<p>\u0160pecifik\u00e1cia<br \/>\nD\u013a\u017eka \u010depele: 7.5 cm<br \/>\nCelkov\u00e1 d\u013a\u017eka: 17 cm<br \/>\nMateri\u00e1l \u010depele: N690 nerezov\u00e1 oce\u013e<br \/>\n\u0160t\u00fdl \u010depele: Drop Point<br \/>\nBlade Grind: ploch\u00fd<br \/>\nPovrchov\u00e1 \u00faprava \u010depele: sat\u00e9n<br \/>\nMateri\u00e1l rukov\u00e4te: zosilnen\u00e1 nerezov\u00e1 oce\u013e so stupnicami ebenov\u00e9ho dreva<br \/>\nMateri\u00e1l vlo\u017eky: nerezov\u00e1 oce\u013e<br \/>\nmechanizmus zamykania: Slipjoint, Half-Stop<br \/>\nZostava \u010dapu: Podlo\u017eky<br \/>\nVreckov\u00fd klip: \u017diadny<br \/>\nMateri\u00e1l p\u00fazdra: Nylonov\u00e9 p\u00fazdro<br \/>\nHmotnos\u0165: 2,9 oz.<br \/>\nDizajn\u00e9r: Andre De Villiers<br \/>\nMosadzn\u00fd \u0161t\u00edt a kol\u00edky<br \/>\nVyroben\u00e9 v Ju\u017enej Afrike<\/p>\n<p>Barlow je slender slipjoint z Andre De Villiers s ve\u013emi dagger-esque profil. The slim drop point blade m\u00e1 dlh\u00fd klinec nick pre jemn\u00e9 otvorenie a polovica-stop safety pre close-up. Je to pekn\u00e9 tri-inch length, ktor\u00fd je maximum allowable v mnoh\u00fdch lokalit\u00e1ch pre boty locking a non-locking blades, show ADV knows exactly what he&#8217;s doing. Handle je hladk\u00e1 teardrop tvaru s flared finger guard z\u00f3ny leading to blade, ktor\u00e9 rob\u00ed t\u00fato n\u00f4\u017e ve\u013emi easy to index. Je vyroben\u00fd z bolstered steinless steel s r\u00f4znymi r\u00fa\u010dkami stupnice materi\u00e1lov a mosazn\u00e9 \u0161t\u00edty inlay a kol\u00edky. Je to skaly rock-solid a oto\u010denie allows it to slide in and out of pocket with ease. M\u00f4\u017eete ma\u0165 e\u0161te forget this is slipjoint as it just feels so sol\u00eddn\u00fdm pou\u017eit\u00edm a doesn&#8217;t look ako v\u00e1\u0161 typick\u00fd non-locking folder. The ADV Barlow je impozantn\u00e9 v\u0161etko okolo n\u00f4\u017e a to skuto\u010dne je to v\u0161etko.<\/p>\n<p>Specifications<br \/>\nBlade Length: 3,00&#8243;<br \/>\nCutting Edge: 2.75&#8243;<br \/>\nClosed Length: 3.80&#8243;<br \/>\nOverall Length: 6.80&#8243;<br \/>\nBlade Material: N690 Stainless Steel<br \/>\nBlade Thickness: 0.134&#8243;<br \/>\nBlade Style: Drop Point<br \/>\nBlade Grind: Flat<br \/>\nBlade Finish: Satin<br \/>\nHandle Material: Bolstered Stainless Steel with Ebony Wood Scales<br \/>\nHandle Thickness: 0.51&#8243;<br \/>\nLiner Material: Stainless Steel<br \/>\nLocking Mechanism: Slipjoint, Half-Stop<br \/>\nPivot Assembly: Washers<br \/>\nPocket Clip: None<br \/>\nSheath Material: Nylon Pouch<br \/>\nWeight: 2.9 oz.<br \/>\nDizajn\u00e9r: Andre De Villiers<br \/>\nBrass Shield and Pins<br \/>\nMade in South Africa<\/p>\n","protected":false},"excerpt":{"rendered":"<p>Andre de Villiers , zakladate\u013e ADV Tactical z Ju\u017enej Afriky je v\u00fdrobca no\u017eov na pln\u00fd \u00fav\u00e4zok od roku 1990.<\/p>\n<p><strong>Tento n\u00f4\u017e je Barlow<\/strong> <strong>, jeden mus\u00ed by\u0165 tvoj!<\/strong><\/p>\n","protected":false},"featured_media":205772,"comment_status":"open","ping_status":"closed","template":"","meta":[],"pwb-brand":[3244],"product_brand":[],"product_cat":[3186,3233],"product_tag":[],"class_list":{"0":"post-334413","1":"product","2":"type-product","3":"status-publish","4":"has-post-thumbnail","6":"pwb-brand-zatvaraci-noz-andre-de-villiers-tanto-s35vn-satin-tanto-blade-acid-rain-frag-milled-titanium","7":"product_cat-noze-sk","8":"product_cat-zatvaracie-noze","10":"first","11":"outofstock","12":"taxable","13":"shipping-taxable","14":"purchasable","15":"product-type-simple"},"brands":[{"id":3244,"name":"Zatv\u00e1rac\u00ed N\u00f4\u017e Andre De Villiers Tanto S35VN Satin Tanto Blade Acid Rain Frag Milled Titanium","slug":"zatvaraci-noz-andre-de-villiers-tanto-s35vn-satin-tanto-blade-acid-rain-frag-milled-titanium"}],"_links":{"self":[{"href":"https:\/\/www.moskito.cz\/sk\/wp-json\/wp\/v2\/product\/334413","targetHints":{"allow":["GET"]}}],"collection":[{"href":"https:\/\/www.moskito.cz\/sk\/wp-json\/wp\/v2\/product"}],"about":[{"href":"https:\/\/www.moskito.cz\/sk\/wp-json\/wp\/v2\/types\/product"}],"replies":[{"embeddable":true,"href":"https:\/\/www.moskito.cz\/sk\/wp-json\/wp\/v2\/comments?post=334413"}],"wp:featuredmedia":[{"embeddable":true,"href":"https:\/\/www.moskito.cz\/sk\/wp-json\/wp\/v2\/media\/205772"}],"wp:attachment":[{"href":"https:\/\/www.moskito.cz\/sk\/wp-json\/wp\/v2\/media?parent=334413"}],"wp:term":[{"taxonomy":"pwb-brand","embeddable":true,"href":"https:\/\/www.moskito.cz\/sk\/wp-json\/wp\/v2\/pwb-brand?post=334413"},{"taxonomy":"product_brand","embeddable":true,"href":"https:\/\/www.moskito.cz\/sk\/wp-json\/wp\/v2\/product_brand?post=334413"},{"taxonomy":"product_cat","embeddable":true,"href":"https:\/\/www.moskito.cz\/sk\/wp-json\/wp\/v2\/product_cat?post=334413"},{"taxonomy":"product_tag","embeddable":true,"href":"https:\/\/www.moskito.cz\/sk\/wp-json\/wp\/v2\/product_tag?post=334413"}],"curies":[{"name":"wp","href":"https:\/\/api.w.org\/{rel}","templated":true}]}}