{"id":334822,"date":"2024-04-18T17:13:41","date_gmt":"2024-04-18T16:17:38","guid":{"rendered":"https:\/\/www.moskito.cz\/produkt\/zatvaraci-noz-crkt-lck-3801k\/"},"modified":"2025-05-07T11:12:09","modified_gmt":"2025-05-07T10:12:09","slug":"zatvaraci-noz-crkt-lck-3801k","status":"publish","type":"product","link":"https:\/\/www.moskito.cz\/sk\/produkt\/zatvaraci-noz-crkt-lck-3801k\/","title":{"rendered":"Zatv\u00e1rac\u00ed N\u00f4\u017e CRKT LCK 3801K"},"content":{"rendered":"<p>Zatv\u00e1rac\u00ed N\u00f4\u017e <strong>CRKT<\/strong> LCK 3801K.<\/p>\n<p>Zatv\u00e1rac\u00ed n\u00f4\u017e LCK + Matthewa Lercha sa vracia s vylep\u0161en\u00fdmi materi\u00e1lmi a svie\u017eim, celo\u010diernym vzh\u013eadom. Za\u010d\u00edna to oce\u013eovou \u010depe\u013eou S35VN potiahnutou nitridom tit\u00e1nu, ktor\u00e1 sa m\u00f4\u017ee pochv\u00e1li\u0165 vylep\u0161enou h\u00fa\u017eevnatos\u0165ou, v\u00fdnimo\u010dnou odolnos\u0165ou proti opotrebovaniu a ostr\u00fdm britom. Presu\u0148te sa na rukov\u00e4\u0165 a n\u00e1jdete mramorovan\u00e9 uhl\u00edkov\u00e9 vl\u00e1kno pre siln\u00fd, ale \u013eahk\u00fd pocit, nehovoriac o n\u00e1padnom vzh\u013eade, ktor\u00fd zd\u00f4raz\u0148uje u\u017e aj tak elegantn\u00fd a elegantn\u00fd dizajn.<br \/>\nPr\u00e9miov\u00e9 materi\u00e1ly: Oce\u013e \u010depele S35VN poskytuje vynikaj\u00faci rezn\u00fd v\u00fdkon<br \/>\nHladk\u00e9 otv\u00e1ranie : \u010cap guli\u010dkov\u00e9ho lo\u017eiska IKBS\u2122 plynulo rozmiestni \u010depe\u013e<br \/>\nR\u00fdchle otv\u00e1ranie: Flipper r\u00fdchlo rozvinie \u010depe\u013e<br \/>\nHigh Tech : Rukov\u00e4\u0165 z uhl\u00edkov\u00fdch vl\u00e1kien je pevn\u00e1 a \u013eahk\u00e1<br \/>\nJednoduch\u00e9 zatv\u00e1ranie: Z\u00e1mok vlo\u017eky je mo\u017en\u00e9 \u013eahko zavrie\u0165 jednou rukou<br \/>\nN\u00edzky profil : Hlbok\u00e1 spona na nosenie je n\u00edzko vo vrecku<\/p>\n<p>\u010cepe\u013e z ocele S35VN<br \/>\nBlade Edge Plain<br \/>\nPovrchov\u00e1 \u00faprava \u010depele nitrid tit\u00e1nu<br \/>\nD\u013a\u017eka \u010depele: 8.51 cm<br \/>\nHr\u00fabka \u010depele: 0.32 cm<br \/>\nCelkov\u00e1 d\u013a\u017eka: 9.05 cm<br \/>\nD\u013a\u017eka v zatvorenom stave 4,15&#8243; (105,44 mm)<br \/>\nHmotnos\u0165 2,50 oz. (70,87 g)<br \/>\nIN\u00dd<br \/>\nMateri\u00e1l rukov\u00e4te uhl\u00edkov\u00e9 vl\u00e1kno<br \/>\n\u0160t\u00fdlov\u00fd zatv\u00e1rac\u00ed n\u00f4\u017e s Liner Lock<\/p>\n<p><iframe title=\"LCK + Liner Lock | Matthew Lerch Design\" width=\"800\" height=\"450\" src=\"https:\/\/www.youtube.com\/embed\/XfOytQ7a7ws?feature=oembed\" frameborder=\"0\" allow=\"accelerometer; autoplay; clipboard-write; encrypted-media; gyroscope; picture-in-picture; web-share\" referrerpolicy=\"strict-origin-when-cross-origin\" allowfullscreen><\/iframe><\/p>\n<p>&nbsp;<\/p>\n","protected":false},"excerpt":{"rendered":"<p>N\u00c1VRH\u00c1R<br \/>\nMatej Lerch<br \/>\nSussex, Wisconsin<br \/>\n\u010co sa stane, ke\u010f skr\u00ed\u017eite umenie a mechaniku? Z\u00edskate nie\u010do, \u010do vyzer\u00e1 ako Matthew Lerch. Spo\u010diatku sa vyu\u010dil ako klenotn\u00edk\/hodin\u00e1r, potom post\u00fapil do v\u00fdroby a v\u00fdroby n\u00e1strojov. Teraz m\u00e1 na svojom konte nieko\u013eko patentov na inov\u00e1cie, ako je Fire Safe\u00ae, a z\u00edskal nieko\u013eko prest\u00ed\u017enych ocenen\u00ed, vr\u00e1tane ceny Buster Warenski. Matt pova\u017euje no\u017ee za funk\u010dn\u00e9 umenie, ako dokazuje jeho design Endorser\u2122 ocenen\u00fd Moxie\u2122 a Blade Show.<\/p>\n<p>Doprava zadarmo.<\/p>\n","protected":false},"featured_media":334772,"comment_status":"open","ping_status":"closed","template":"","meta":[],"pwb-brand":[3249],"product_brand":[],"product_cat":[3186,3233],"product_tag":[3668],"class_list":{"0":"post-334822","1":"product","2":"type-product","3":"status-publish","4":"has-post-thumbnail","6":"pwb-brand-zatvaraci-noz-crkt-delilahs-p-e-c-k-5520","7":"product_cat-noze-sk","8":"product_cat-zatvaracie-noze","9":"product_tag-b2b-sk","11":"first","12":"outofstock","13":"taxable","14":"shipping-taxable","15":"purchasable","16":"product-type-simple"},"brands":[{"id":3249,"name":"Zatv\u00e1rac\u00ed N\u00f4\u017e CRKT DELILAH'S P.E.C.K. 5520","slug":"zatvaraci-noz-crkt-delilahs-p-e-c-k-5520"}],"_links":{"self":[{"href":"https:\/\/www.moskito.cz\/sk\/wp-json\/wp\/v2\/product\/334822","targetHints":{"allow":["GET"]}}],"collection":[{"href":"https:\/\/www.moskito.cz\/sk\/wp-json\/wp\/v2\/product"}],"about":[{"href":"https:\/\/www.moskito.cz\/sk\/wp-json\/wp\/v2\/types\/product"}],"replies":[{"embeddable":true,"href":"https:\/\/www.moskito.cz\/sk\/wp-json\/wp\/v2\/comments?post=334822"}],"wp:featuredmedia":[{"embeddable":true,"href":"https:\/\/www.moskito.cz\/sk\/wp-json\/wp\/v2\/media\/334772"}],"wp:attachment":[{"href":"https:\/\/www.moskito.cz\/sk\/wp-json\/wp\/v2\/media?parent=334822"}],"wp:term":[{"taxonomy":"pwb-brand","embeddable":true,"href":"https:\/\/www.moskito.cz\/sk\/wp-json\/wp\/v2\/pwb-brand?post=334822"},{"taxonomy":"product_brand","embeddable":true,"href":"https:\/\/www.moskito.cz\/sk\/wp-json\/wp\/v2\/product_brand?post=334822"},{"taxonomy":"product_cat","embeddable":true,"href":"https:\/\/www.moskito.cz\/sk\/wp-json\/wp\/v2\/product_cat?post=334822"},{"taxonomy":"product_tag","embeddable":true,"href":"https:\/\/www.moskito.cz\/sk\/wp-json\/wp\/v2\/product_tag?post=334822"}],"curies":[{"name":"wp","href":"https:\/\/api.w.org\/{rel}","templated":true}]}}