{"id":334992,"date":"2024-04-18T18:58:10","date_gmt":"2024-04-18T18:00:45","guid":{"rendered":"https:\/\/www.moskito.cz\/produkt\/multitool-crkt-keychain-knife-9704\/"},"modified":"2025-12-01T04:26:03","modified_gmt":"2025-12-01T03:26:03","slug":"multitool-crkt-keychain-knife-9704","status":"publish","type":"product","link":"https:\/\/www.moskito.cz\/sk\/produkt\/multitool-crkt-keychain-knife-9704\/","title":{"rendered":"Multitool CRKT Keychain Knife 9704"},"content":{"rendered":"<p>Multitool <strong>CRKT<\/strong> Keychain Knife 9704.<\/p>\n<p>Pokia\u013e m\u00e1 niekto celkom jedine\u010dn\u00fd poh\u013ead na pripravenos\u0165, potom je to dizajn\u00e9r Tom Stokes. Ako strojn\u00fd in\u017einier je dobre vybaven\u00fd na to, aby prehodnotil a predstavil si n\u00e1stroje, ktor\u00e9 sa stan\u00fa kritick\u00fdmi pre svorku survivalistov. N\u00e1stroj na \u00fadr\u017ebu no\u017ea \u2013 vybaven\u00fd dvoma br\u00faskami a dvoma ve\u013ekos\u0165ami TORX \u2013 je jedn\u00fdm z t\u00fdchto n\u00e1strojov.<br \/>\nTorx &#8211; T6 a T8<br \/>\nField Sharpener : Ostri\u010dka z karbidu volfr\u00e1mu s keramick\u00fdm honovac\u00edm britom<br \/>\nPraktick\u00e9 : Otv\u00e1ra\u010d na f\u013ea\u0161e pre v\u00e1\u0161 ob\u013e\u00faben\u00fd n\u00e1poj<br \/>\nPloch\u00fd skrutkova\u010d<br \/>\nPrenosn\u00fd n\u00e1stroj : Vezmite si so sebou tento k\u013e\u00fa\u010denka<\/p>\n<p>Celkov\u00e1 d\u013a\u017eka: 6.86 cm<br \/>\nHmotnos\u0165 2,20 oz. (62,37 g)<br \/>\nMateri\u00e1l rukov\u00e4te Nylon vystu\u017een\u00fd sklom<br \/>\n\u0160t\u00fdlov\u00fd doplnok<\/p>\n","protected":false},"excerpt":{"rendered":"<p>N\u00c1VRH\u00c1R<br \/>\nTom Stokes<br \/>\nWilliamsburg, Virg\u00ednia<br \/>\nKedyko\u013evek Tom za\u010duje niekoho hovori\u0165: \u201eNa v\u00fdrobu no\u017ea nie je potrebn\u00fd raketov\u00fd vedec,\u201c r\u00fdchlo ich oprav\u00ed. Koniec koncov, preto\u017ee sa v leteckom priemysle pohybuje viac ako 25 rokov, prin\u00e1\u0161a jedine\u010dn\u00fd poh\u013ead na na\u0161e n\u00e1stroje pomocou softv\u00e9ru CAD a technol\u00f3gie r\u00fdchleho prototypovania. V\u00fdsledkom s\u00fa multifunk\u010dn\u00e9 n\u00e1stroje, ktor\u00e9 s\u00fa vz\u00e1cnou kombin\u00e1ciou umeleckej formy a funkcie, ako je CRKT\u00ae Tool, Iota, Paracord Survival Bracelets a u\u017eito\u010dn\u00e9 doplnky k n\u00e1ramkom na pre\u017eitie.<\/p>\n","protected":false},"featured_media":334945,"comment_status":"open","ping_status":"closed","template":"","meta":[],"pwb-brand":[3249],"product_brand":[],"product_cat":[3342],"product_tag":[3668],"class_list":{"0":"post-334992","1":"product","2":"type-product","3":"status-publish","4":"has-post-thumbnail","6":"pwb-brand-zatvaraci-noz-crkt-delilahs-p-e-c-k-5520","7":"product_cat-multi-tool-sk","8":"product_tag-b2b-sk","10":"first","11":"instock","12":"taxable","13":"shipping-taxable","14":"purchasable","15":"product-type-simple"},"brands":[{"id":3249,"name":"Zatv\u00e1rac\u00ed N\u00f4\u017e CRKT DELILAH'S P.E.C.K. 5520","slug":"zatvaraci-noz-crkt-delilahs-p-e-c-k-5520"}],"_links":{"self":[{"href":"https:\/\/www.moskito.cz\/sk\/wp-json\/wp\/v2\/product\/334992","targetHints":{"allow":["GET"]}}],"collection":[{"href":"https:\/\/www.moskito.cz\/sk\/wp-json\/wp\/v2\/product"}],"about":[{"href":"https:\/\/www.moskito.cz\/sk\/wp-json\/wp\/v2\/types\/product"}],"replies":[{"embeddable":true,"href":"https:\/\/www.moskito.cz\/sk\/wp-json\/wp\/v2\/comments?post=334992"}],"wp:featuredmedia":[{"embeddable":true,"href":"https:\/\/www.moskito.cz\/sk\/wp-json\/wp\/v2\/media\/334945"}],"wp:attachment":[{"href":"https:\/\/www.moskito.cz\/sk\/wp-json\/wp\/v2\/media?parent=334992"}],"wp:term":[{"taxonomy":"pwb-brand","embeddable":true,"href":"https:\/\/www.moskito.cz\/sk\/wp-json\/wp\/v2\/pwb-brand?post=334992"},{"taxonomy":"product_brand","embeddable":true,"href":"https:\/\/www.moskito.cz\/sk\/wp-json\/wp\/v2\/product_brand?post=334992"},{"taxonomy":"product_cat","embeddable":true,"href":"https:\/\/www.moskito.cz\/sk\/wp-json\/wp\/v2\/product_cat?post=334992"},{"taxonomy":"product_tag","embeddable":true,"href":"https:\/\/www.moskito.cz\/sk\/wp-json\/wp\/v2\/product_tag?post=334992"}],"curies":[{"name":"wp","href":"https:\/\/api.w.org\/{rel}","templated":true}]}}