{"id":335059,"date":"2024-04-18T19:17:53","date_gmt":"2024-04-18T18:22:41","guid":{"rendered":"https:\/\/www.moskito.cz\/produkt\/zatvaraci-noz-crkt-walker-limited-edition-4014\/"},"modified":"2025-05-07T11:12:13","modified_gmt":"2025-05-07T10:12:13","slug":"zatvaraci-noz-crkt-walker-limited-edition-4014","status":"publish","type":"product","link":"https:\/\/www.moskito.cz\/sk\/produkt\/zatvaraci-noz-crkt-walker-limited-edition-4014\/","title":{"rendered":"Zatv\u00e1rac\u00ed N\u00f4\u017e CRKT Walker Limited Edition 4014"},"content":{"rendered":"<p>Zatv\u00e1rac\u00ed N\u00f4\u017e <strong>CRKT<\/strong> Walker Limited Edition 4014.<\/p>\n<p>\u0160\u0165astie praje odv\u00e1\u017enym.<\/p>\n<p>Od uzn\u00e1van\u00e9ho z\u00e1kazkov\u00e9ho v\u00fdrobcu no\u017eov Michaela Walkera prich\u00e1dza Fortuitous\u2122, dvojica sklada\u010diek s obmedzen\u00fdm po\u010dtom vyroben\u00fdch v Taliansku v spolupr\u00e1ci s Lionsteel\u00ae. Tento model je vybaven\u00fd \u010depe\u013eou z ocele MagnaCut, ktor\u00e1 zais\u0165uje v\u00fdnimo\u010dn\u00e9 zachovanie ostria, a tit\u00e1novou rukov\u00e4\u0165ou pre \u013eahk\u00fa pevnos\u0165. Dokon\u010den\u00e9 v rozkvete umeleck\u00fdch detailov, ktor\u00e9 evokuj\u00fa Michaelove vlastn\u00e9 n\u00e1vrhy. Tak kr\u00e1sne, ako je to vz\u00e1cne.<br \/>\nNajlep\u0161\u00ed v\u00fdkon vo svojej triede: MagnaCut poskytuje nekompromisn\u00fd v\u00fdkon v h\u00fa\u017eevnatosti, odolnosti proti opotrebeniu a odolnosti proti kor\u00f3zii<br \/>\nHladk\u00e9 otv\u00e1ranie : \u010cap guli\u010dkov\u00e9ho lo\u017eiska IKBS\u2122 plynulo rozmiestni \u010depe\u013e<br \/>\nR\u00fdchle otv\u00e1ranie: Flipper r\u00fdchlo rozvinie \u010depe\u013e<br \/>\nPevn\u00e1 a \u013eahk\u00e1: Tit\u00e1nov\u00e1 rukov\u00e4\u0165 kombinuje pevnos\u0165 s minim\u00e1lnou hmotnos\u0165ou<br \/>\nN\u00edzky profil: hlbok\u00e1 spona na pren\u00e1\u0161anie sa zmest\u00ed hlboko do vrecka.<\/p>\n<p>\u010cepe\u013e oce\u013e MagnaCut<br \/>\nBlade Edge Plain<br \/>\nPovrchov\u00e1 \u00faprava \u010depele Stonewash<br \/>\nD\u013a\u017eka \u010depele: 8.91 cm<br \/>\nHr\u00fabka \u010depele: 0,34 cm<br \/>\nCelkov\u00e1 d\u013a\u017eka: 20.71 cm<br \/>\nZatvoren\u00e1 d\u013a\u017eka: 11.89 cm<br \/>\nHmotnos\u0165 3,70 oz. (104,89 g)<\/p>\n<p><iframe title=\"CRKT Fortuitous | Michael Walker Design\" width=\"800\" height=\"450\" src=\"https:\/\/www.youtube.com\/embed\/t2nwvKVT7GU?feature=oembed\" frameborder=\"0\" allow=\"accelerometer; autoplay; clipboard-write; encrypted-media; gyroscope; picture-in-picture; web-share\" referrerpolicy=\"strict-origin-when-cross-origin\" allowfullscreen><\/iframe><\/p>\n<p>&nbsp;<\/p>\n","protected":false},"excerpt":{"rendered":"<p>N\u00c1VRH\u00c1R<br \/>\nMichael Walker<br \/>\nTaos, Nov\u00e9 Mexiko<br \/>\nMichael Walker, ktor\u00fd bol v roku 2004 uveden\u00fd do siene sl\u00e1vy \u010dasopisu Blade a prip\u00edsan\u00fd za vyn\u00e1lez viac ako 20 no\u017eov\u00fdch mechanizmov, vr\u00e1tane modern\u00e9ho z\u00e1mku vlo\u017eky, je silou vo svete ultra \u0161pi\u010dkov\u00fdch z\u00e1kazkov\u00fdch no\u017eov. Za\u010d\u00ednal ako \u0161perk\u00e1r, nesk\u00f4r v sebe objavil hlbok\u00fa v\u00e1\u0161e\u0148 pre zatv\u00e1racie no\u017ee, ke\u010f ho pri\u0165ahovalo spojenie stroj\u00e1rstva, priemyseln\u00e9ho dizajnu a umeleck\u00e9ho vyjadrenia. Jeho n\u00e1padn\u00e9 tvary a prepracovan\u00e9 vzory s\u00fa okam\u017eite rozpoznate\u013en\u00e9 a po desa\u0165ro\u010diach v odbore zost\u00e1va jedn\u00fdm z najuzn\u00e1vanej\u0161\u00edch mien v no\u017eiarstve.<\/p>\n","protected":false},"featured_media":335002,"comment_status":"open","ping_status":"closed","template":"","meta":[],"pwb-brand":[3249],"product_brand":[],"product_cat":[3186,3233],"product_tag":[3668],"class_list":{"0":"post-335059","1":"product","2":"type-product","3":"status-publish","4":"has-post-thumbnail","6":"pwb-brand-zatvaraci-noz-crkt-delilahs-p-e-c-k-5520","7":"product_cat-noze-sk","8":"product_cat-zatvaracie-noze","9":"product_tag-b2b-sk","11":"first","12":"instock","13":"taxable","14":"shipping-taxable","15":"purchasable","16":"product-type-simple"},"brands":[{"id":3249,"name":"Zatv\u00e1rac\u00ed N\u00f4\u017e CRKT DELILAH'S P.E.C.K. 5520","slug":"zatvaraci-noz-crkt-delilahs-p-e-c-k-5520"}],"_links":{"self":[{"href":"https:\/\/www.moskito.cz\/sk\/wp-json\/wp\/v2\/product\/335059","targetHints":{"allow":["GET"]}}],"collection":[{"href":"https:\/\/www.moskito.cz\/sk\/wp-json\/wp\/v2\/product"}],"about":[{"href":"https:\/\/www.moskito.cz\/sk\/wp-json\/wp\/v2\/types\/product"}],"replies":[{"embeddable":true,"href":"https:\/\/www.moskito.cz\/sk\/wp-json\/wp\/v2\/comments?post=335059"}],"wp:featuredmedia":[{"embeddable":true,"href":"https:\/\/www.moskito.cz\/sk\/wp-json\/wp\/v2\/media\/335002"}],"wp:attachment":[{"href":"https:\/\/www.moskito.cz\/sk\/wp-json\/wp\/v2\/media?parent=335059"}],"wp:term":[{"taxonomy":"pwb-brand","embeddable":true,"href":"https:\/\/www.moskito.cz\/sk\/wp-json\/wp\/v2\/pwb-brand?post=335059"},{"taxonomy":"product_brand","embeddable":true,"href":"https:\/\/www.moskito.cz\/sk\/wp-json\/wp\/v2\/product_brand?post=335059"},{"taxonomy":"product_cat","embeddable":true,"href":"https:\/\/www.moskito.cz\/sk\/wp-json\/wp\/v2\/product_cat?post=335059"},{"taxonomy":"product_tag","embeddable":true,"href":"https:\/\/www.moskito.cz\/sk\/wp-json\/wp\/v2\/product_tag?post=335059"}],"curies":[{"name":"wp","href":"https:\/\/api.w.org\/{rel}","templated":true}]}}