{"id":335123,"date":"2024-04-18T19:38:46","date_gmt":"2024-04-18T18:41:22","guid":{"rendered":"https:\/\/www.moskito.cz\/produkt\/damaskovy-zatvaraci-noz-crkt-walker-limited-edition-pursue-4011\/"},"modified":"2025-05-07T11:12:14","modified_gmt":"2025-05-07T10:12:14","slug":"damaskovy-zatvaraci-noz-crkt-walker-limited-edition-pursue-4011","status":"publish","type":"product","link":"https:\/\/www.moskito.cz\/sk\/produkt\/damaskovy-zatvaraci-noz-crkt-walker-limited-edition-pursue-4011\/","title":{"rendered":"Dama\u0161kov\u00fd Zatv\u00e1rac\u00ed N\u00f4\u017e CRKT Walker Limited Edition Pursue 4011"},"content":{"rendered":"<p>Dama\u0161kov\u00fd Zatv\u00e1rac\u00ed N\u00f4\u017e <strong>CRKT<\/strong> Walker Limited Edition Pursue 4011.<\/p>\n<p>Pursue je jedn\u00fdm z dvoch obmedzen\u00fdch no\u017eov CRKT\u00ae navrhnut\u00fdch vizion\u00e1rskym z\u00e1kazkov\u00fdm no\u017eiarom Michaelom Walkerom. In\u0161pirovan\u00e9 jedn\u00fdm z p\u00f4vodn\u00fdch Michaelov\u00fdch zvykov na \u010depe\u013e zipsu a vyzna\u010duje sa jedine\u010dn\u00fdm tvarom rukov\u00e4te s nadmerne ve\u013ek\u00fdm \u010dapom, ktor\u00fd sa zu\u017euje dole k tenk\u00e9mu koncu, aby pohodlne padol do ruky.<\/p>\n<p>Pursue je k dispoz\u00edcii v dvoch farebn\u00fdch variantoch, pri\u010dom tento model m\u00e1 \u010depe\u013e Super Dense Twist \u2122 Damasteel \u00ae a modr\u00fa rukov\u00e4\u0165 Fat Carbon Dark Matter. Obaja maj\u00fa perle\u0165ov\u00fd \u010dap. \u013dahk\u00e1 zlo\u017eka sa \u013eahko otv\u00e1ra a zatv\u00e1ra jednou rukou v\u010faka lo\u017eisk\u00e1m IKBS\u2122 a z\u00e1mku vlo\u017eky, jedn\u00e9mu z mnoh\u00fdch Michaelov\u00fdch transforma\u010dn\u00fdch vyn\u00e1lezov, ktor\u00e9 prijali no\u017eiari po celom svete.<\/p>\n<p>Blade Steel Damask<br \/>\nBlade Edge Plain<br \/>\nPovrchov\u00e1 \u00faprava \u010depele Acid Etch<br \/>\nD\u013a\u017eka \u010depele: 7.99 cm<br \/>\nHr\u00fabka \u010depele: 035 cm<br \/>\nCelkov\u00e1 d\u013a\u017eka: 19.52 cm<br \/>\nD\u013a\u017eka v zatvorenom stave: 11.55 cm<br \/>\nHmotnos\u0165 3,80 oz. (107,73 g)<\/p>\n<p><iframe title=\"CRKT Pursue 4011 | Michael Walker Design\" width=\"800\" height=\"450\" src=\"https:\/\/www.youtube.com\/embed\/XhZwG9us1KM?feature=oembed\" frameborder=\"0\" allow=\"accelerometer; autoplay; clipboard-write; encrypted-media; gyroscope; picture-in-picture; web-share\" referrerpolicy=\"strict-origin-when-cross-origin\" allowfullscreen><\/iframe><\/p>\n<p>&nbsp;<\/p>\n<p>&nbsp;<\/p>\n","protected":false},"excerpt":{"rendered":"<p>N\u00c1VRH\u00c1R<br \/>\nMichael Walker<br \/>\nTaos, Nov\u00e9 Mexiko<br \/>\nMichael Walker, ktor\u00fd bol v roku 2004 uveden\u00fd do siene sl\u00e1vy \u010dasopisu Blade a prip\u00edsan\u00fd za vyn\u00e1lez viac ako 20 no\u017eov\u00fdch mechanizmov, vr\u00e1tane modern\u00e9ho z\u00e1mku vlo\u017eky, je silou vo svete ultra \u0161pi\u010dkov\u00fdch z\u00e1kazkov\u00fdch no\u017eov. Za\u010d\u00ednal ako \u0161perk\u00e1r, nesk\u00f4r v sebe objavil hlbok\u00fa v\u00e1\u0161e\u0148 pre zatv\u00e1racie no\u017ee, ke\u010f ho pri\u0165ahovalo spojenie stroj\u00e1rstva, priemyseln\u00e9ho dizajnu a umeleck\u00e9ho vyjadrenia. Jeho n\u00e1padn\u00e9 tvary a prepracovan\u00e9 vzory s\u00fa okam\u017eite rozpoznate\u013en\u00e9 a po desa\u0165ro\u010diach v odbore zost\u00e1va jedn\u00fdm z najuzn\u00e1vanej\u0161\u00edch mien v no\u017eiarstve.<\/p>\n<p>Doprava zadarmo.<\/p>\n","protected":false},"featured_media":335066,"comment_status":"open","ping_status":"closed","template":"","meta":[],"pwb-brand":[3249],"product_brand":[],"product_cat":[3424,3186],"product_tag":[3668],"class_list":{"0":"post-335123","1":"product","2":"type-product","3":"status-publish","4":"has-post-thumbnail","6":"pwb-brand-zatvaraci-noz-crkt-delilahs-p-e-c-k-5520","7":"product_cat-damascenske-noze-sk","8":"product_cat-noze-sk","9":"product_tag-b2b-sk","11":"first","12":"instock","13":"taxable","14":"shipping-taxable","15":"purchasable","16":"product-type-simple"},"brands":[{"id":3249,"name":"Zatv\u00e1rac\u00ed N\u00f4\u017e CRKT DELILAH'S P.E.C.K. 5520","slug":"zatvaraci-noz-crkt-delilahs-p-e-c-k-5520"}],"_links":{"self":[{"href":"https:\/\/www.moskito.cz\/sk\/wp-json\/wp\/v2\/product\/335123","targetHints":{"allow":["GET"]}}],"collection":[{"href":"https:\/\/www.moskito.cz\/sk\/wp-json\/wp\/v2\/product"}],"about":[{"href":"https:\/\/www.moskito.cz\/sk\/wp-json\/wp\/v2\/types\/product"}],"replies":[{"embeddable":true,"href":"https:\/\/www.moskito.cz\/sk\/wp-json\/wp\/v2\/comments?post=335123"}],"wp:featuredmedia":[{"embeddable":true,"href":"https:\/\/www.moskito.cz\/sk\/wp-json\/wp\/v2\/media\/335066"}],"wp:attachment":[{"href":"https:\/\/www.moskito.cz\/sk\/wp-json\/wp\/v2\/media?parent=335123"}],"wp:term":[{"taxonomy":"pwb-brand","embeddable":true,"href":"https:\/\/www.moskito.cz\/sk\/wp-json\/wp\/v2\/pwb-brand?post=335123"},{"taxonomy":"product_brand","embeddable":true,"href":"https:\/\/www.moskito.cz\/sk\/wp-json\/wp\/v2\/product_brand?post=335123"},{"taxonomy":"product_cat","embeddable":true,"href":"https:\/\/www.moskito.cz\/sk\/wp-json\/wp\/v2\/product_cat?post=335123"},{"taxonomy":"product_tag","embeddable":true,"href":"https:\/\/www.moskito.cz\/sk\/wp-json\/wp\/v2\/product_tag?post=335123"}],"curies":[{"name":"wp","href":"https:\/\/api.w.org\/{rel}","templated":true}]}}