{"id":335256,"date":"2022-11-03T22:21:44","date_gmt":"2022-11-03T21:21:44","guid":{"rendered":"https:\/\/www.moskito.cz\/produkt\/pevny-noz-cold-steel-mini-japanese-reinforced-point\/"},"modified":"2025-05-07T11:12:16","modified_gmt":"2025-05-07T10:12:16","slug":"pevny-noz-cold-steel-mini-japanese-reinforced-point","status":"publish","type":"product","link":"https:\/\/www.moskito.cz\/sk\/produkt\/pevny-noz-cold-steel-mini-japanese-reinforced-point\/","title":{"rendered":"Pevn\u00fd N\u00f4\u017e Cold Steel MINI JAPANESE REINFORCED POINT"},"content":{"rendered":"<p>Pevn\u00fd N\u00f4\u017e <strong>Cold Steel<\/strong> MINI JAPANES REINFORCED POINT.<\/p>\n<p>Kyoto je mal\u00fd n\u00f4\u017e s pevnou \u010depe\u013eou a hladk\u00fdm ostr\u00edm. Oba tvary \u010depele kyotsk\u00fdch no\u017eov s\u00fa \u0161tylizovan\u00e9 do tvaru japonsk\u00fdch me\u010dov. Robustne stavan\u00e9 \u010depele maj\u00fa full tang kon\u0161trukciu, teda s\u00fa pretiahnut\u00e9 po celej d\u013a\u017eke rukov\u00e4te. Medzi \u010depe\u013eou a rukov\u00e4\u0165ou z Kray-Ex\u2122 je ochrana ruky z nerez ocele. T\u00e1to z\u00e1\u0161tita pripom\u00edna tradi\u010dn\u00fa cubu japonsk\u00e9ho me\u010da. Spolo\u010dne potom s tvarovanou rukov\u00e4\u0165ou dod\u00e1va no\u017eu jedine\u010dn\u00fa podobu. \u010cepe\u013e no\u017ea je vyroben\u00e1 z nerezovej ocele 8Cr13MoV ktor\u00e1 po tepelnom spracovan\u00ed vykazuje tvrdos\u0165 57-58 Rockwell. Subt\u00edlne a pohodln\u00e9 puzdro je vhodn\u00e9 na skryt\u00e9 nosenie no\u017ea v zavesen\u00ed na krku za pomoci bezpe\u010dnostnej retiazky. D\u00e1 sa ve\u013emi dobre schova\u0165 pod oble\u010den\u00edm a nesp\u00f4sobuje nepr\u00edjemn\u00e9 pocity pri dlhom nosen\u00ed. Puzdro sa d\u00e1 osadi\u0165 \u00fachytom C-Clip od Cold Steel\u00ae (SACLB), tak\u017ee je mo\u017en\u00e9 n\u00f4\u017e nosi\u0165 aj na opasku.<\/p>\n<p>PARAMETRE PRODUKTU<br \/>\nOce\u013e: 8Cr13MoV Stainless Steel<br \/>\nHmotnos\u0165: 93 g<br \/>\nMateri\u00e1l puzdra: Secure-Ex\u00ae Sheath<br \/>\nFarba: \u010cierna\/Strieborn\u00e1<br \/>\nMateri\u00e1l rukov\u00e4te: Long Kray-Ex\u2122<br \/>\nHr\u00fabka \u010depele: 3 mm<br \/>\nCelkov\u00e1 ve\u013ekos\u0165: 171 mm<br \/>\nD\u013a\u017eka rukov\u00e4te: 91 mm<br \/>\nD\u013a\u017eka \u010depele: 80 mm<\/p>\n","protected":false},"excerpt":{"rendered":"<p><strong>Kyoto je mal\u00fd n\u00f4\u017e s pevnou \u010depe\u013eou a hladk\u00fdm ostr\u00edm.<\/strong><\/p>\n","protected":false},"featured_media":229368,"comment_status":"open","ping_status":"closed","template":"","meta":[],"pwb-brand":[3598],"product_brand":[],"product_cat":[3187,3186],"product_tag":[],"class_list":{"0":"post-335256","1":"product","2":"type-product","3":"status-publish","4":"has-post-thumbnail","6":"pwb-brand-cold-steel-sk","7":"product_cat-pevne-noze-sk","8":"product_cat-noze-sk","10":"first","11":"instock","12":"taxable","13":"shipping-taxable","14":"purchasable","15":"product-type-simple"},"brands":[{"id":3598,"name":"Cold Steel","slug":"cold-steel-sk"}],"_links":{"self":[{"href":"https:\/\/www.moskito.cz\/sk\/wp-json\/wp\/v2\/product\/335256","targetHints":{"allow":["GET"]}}],"collection":[{"href":"https:\/\/www.moskito.cz\/sk\/wp-json\/wp\/v2\/product"}],"about":[{"href":"https:\/\/www.moskito.cz\/sk\/wp-json\/wp\/v2\/types\/product"}],"replies":[{"embeddable":true,"href":"https:\/\/www.moskito.cz\/sk\/wp-json\/wp\/v2\/comments?post=335256"}],"wp:featuredmedia":[{"embeddable":true,"href":"https:\/\/www.moskito.cz\/sk\/wp-json\/wp\/v2\/media\/229368"}],"wp:attachment":[{"href":"https:\/\/www.moskito.cz\/sk\/wp-json\/wp\/v2\/media?parent=335256"}],"wp:term":[{"taxonomy":"pwb-brand","embeddable":true,"href":"https:\/\/www.moskito.cz\/sk\/wp-json\/wp\/v2\/pwb-brand?post=335256"},{"taxonomy":"product_brand","embeddable":true,"href":"https:\/\/www.moskito.cz\/sk\/wp-json\/wp\/v2\/product_brand?post=335256"},{"taxonomy":"product_cat","embeddable":true,"href":"https:\/\/www.moskito.cz\/sk\/wp-json\/wp\/v2\/product_cat?post=335256"},{"taxonomy":"product_tag","embeddable":true,"href":"https:\/\/www.moskito.cz\/sk\/wp-json\/wp\/v2\/product_tag?post=335256"}],"curies":[{"name":"wp","href":"https:\/\/api.w.org\/{rel}","templated":true}]}}