{"id":335281,"date":"2022-10-31T22:01:07","date_gmt":"2022-10-31T21:01:07","guid":{"rendered":"https:\/\/www.moskito.cz\/produkt\/zatvaraci-noz-cold-steel-rajah-ii-aus10a\/"},"modified":"2024-04-19T08:36:30","modified_gmt":"2024-04-19T07:36:30","slug":"zatvaraci-noz-cold-steel-rajah-ii-aus10a","status":"publish","type":"product","link":"https:\/\/www.moskito.cz\/sk\/produkt\/zatvaraci-noz-cold-steel-rajah-ii-aus10a\/","title":{"rendered":"Zatv\u00e1rac\u00ed N\u00f4\u017e Cold Steel RAJAH II (AUS10A)"},"content":{"rendered":"<p>Zatv\u00e1rac\u00ed N\u00f4\u017e <strong>Cold Steel<\/strong> RAJAH II (AUS10A).<\/p>\n<p>Dobr\u00fd Kukri je vynikaj\u00faci viac\u00fa\u010delov\u00fd n\u00e1stroj, ktor\u00fd je schopn\u00fd reza\u0165, kosi\u0165, kr\u00e1ja\u0165 a striha\u0165 aj tie najtvrd\u0161ie materi\u00e1ly. Rad Cold Steel Rajah, navrhnut\u00fd z\u00e1kazkov\u00fdm v\u00fdrobcom no\u017eov Andrewom Demkom, sa uk\u00e1zal ako ob\u013e\u00faben\u00fd medzi fan\u00fa\u0161ikmi aj okam\u017eit\u00e1 klasika! Dostupn\u00e1 v dvoch ve\u013ekostiach a ich jedine\u010dn\u00fd tvar \u010depele predstavuje tenk\u00e9, ploch\u00e9 br\u00fasen\u00e9 hrany pod prav\u00fdm uhlom, tak\u017ee sa prirodzene zahryzn\u00fa hlboko. , Tak\u017ee rezy t\u00fdmto sp\u00f4sobom prevy\u0161uj\u00fa in\u00e9 no\u017ee rovnakej ve\u013ekosti a hmotnosti. Rukov\u00e4\u0165 Rajah tie\u017e zdie\u013ea podobn\u00e9 estetick\u00e9 l\u00ednie a dizajnov\u00e9 nuansy ako tradi\u010dn\u00e9 Kukris, s pridan\u00edm strategicky umiestnen\u00fdch kriviek pre optim\u00e1lne uchopenie a kontrolu. S\u00e9riu Rajah sme tie\u017e vybavili na\u0161\u00edm svetovo presl\u00e1ven\u00fdm uzamykac\u00edm mechanizmom Tri-Ad, ktor\u00fd sa op\u00e4\u0165 osved\u010dil a op\u00e4\u0165 by\u0165 \u00fa\u017easne pevn\u00fd a odoln\u00fd proti n\u00e1razom.<\/p>\n<p>PARAMETRE PRODUKTU<br \/>\nHr\u00fabka \u010depele: 4,8 mm<br \/>\nFarba: \u010cierna\/Strieborn\u00e1<br \/>\nMateri\u00e1l rukov\u00e4te: Long Griv-Ex\u2122<br \/>\nHmotnos\u0165: 379,88 g<br \/>\nOce\u013e: Japanese AUS 10A Stainless with Stone Wash Finish<br \/>\nMateri\u00e1l puzdra: Stainless Pocket \/ Belt Clip<br \/>\nDruh poistky: Tri-Ad Lock<br \/>\nD\u013a\u017eka rukov\u00e4te: 203 mm<br \/>\nCelkov\u00e1 ve\u013ekos\u0165: 355 mm<br \/>\nD\u013a\u017eka \u010depele: 152 mm<\/p>\n","protected":false},"excerpt":{"rendered":"<p><strong>Kukri<\/strong> je vynikaj\u00faci viac\u00fa\u010delov\u00fd n\u00e1stroj.<\/p>\n","protected":false},"featured_media":229030,"comment_status":"open","ping_status":"closed","template":"","meta":[],"pwb-brand":[3598],"product_brand":[],"product_cat":[3233,3186],"product_tag":[],"class_list":{"0":"post-335281","1":"product","2":"type-product","3":"status-publish","4":"has-post-thumbnail","6":"pwb-brand-cold-steel-sk","7":"product_cat-zatvaracie-noze","8":"product_cat-noze-sk","10":"first","11":"instock","12":"taxable","13":"shipping-taxable","14":"purchasable","15":"product-type-simple"},"brands":[{"id":3598,"name":"Cold Steel","slug":"cold-steel-sk"}],"_links":{"self":[{"href":"https:\/\/www.moskito.cz\/sk\/wp-json\/wp\/v2\/product\/335281","targetHints":{"allow":["GET"]}}],"collection":[{"href":"https:\/\/www.moskito.cz\/sk\/wp-json\/wp\/v2\/product"}],"about":[{"href":"https:\/\/www.moskito.cz\/sk\/wp-json\/wp\/v2\/types\/product"}],"replies":[{"embeddable":true,"href":"https:\/\/www.moskito.cz\/sk\/wp-json\/wp\/v2\/comments?post=335281"}],"wp:featuredmedia":[{"embeddable":true,"href":"https:\/\/www.moskito.cz\/sk\/wp-json\/wp\/v2\/media\/229030"}],"wp:attachment":[{"href":"https:\/\/www.moskito.cz\/sk\/wp-json\/wp\/v2\/media?parent=335281"}],"wp:term":[{"taxonomy":"pwb-brand","embeddable":true,"href":"https:\/\/www.moskito.cz\/sk\/wp-json\/wp\/v2\/pwb-brand?post=335281"},{"taxonomy":"product_brand","embeddable":true,"href":"https:\/\/www.moskito.cz\/sk\/wp-json\/wp\/v2\/product_brand?post=335281"},{"taxonomy":"product_cat","embeddable":true,"href":"https:\/\/www.moskito.cz\/sk\/wp-json\/wp\/v2\/product_cat?post=335281"},{"taxonomy":"product_tag","embeddable":true,"href":"https:\/\/www.moskito.cz\/sk\/wp-json\/wp\/v2\/product_tag?post=335281"}],"curies":[{"name":"wp","href":"https:\/\/api.w.org\/{rel}","templated":true}]}}