{"id":335316,"date":"2019-03-18T12:12:26","date_gmt":"2019-03-18T11:12:26","guid":{"rendered":"https:\/\/www.moskito.cz\/produkt\/pevny-noz-cold-steel-super-edge-cs42ss\/"},"modified":"2025-07-11T07:48:20","modified_gmt":"2025-07-11T06:48:20","slug":"pevny-noz-cold-steel-super-edge-cs42ss","status":"publish","type":"product","link":"https:\/\/www.moskito.cz\/sk\/produkt\/pevny-noz-cold-steel-super-edge-cs42ss\/","title":{"rendered":"Pevn\u00fd N\u00f4\u017e Cold Steel Super Edge CS42SS"},"content":{"rendered":"<p>Pevn\u00fd N\u00f4\u017e Cold Steel Super Edge CS42SS.<\/p>\n<p>Super Edge je extr\u00e9mne mal\u00fd a \u013eahk\u00fd n\u00f4\u017e so z\u00fabkovan\u00fdm ostr\u00edm. Je ur\u010den\u00fd na ka\u017edodenn\u00e9 nosenie a tak aby V\u00e1m \u010do najmenej prek\u00e1\u017eal. Vhodn\u00fd na rezanie najr\u00f4znej\u0161\u00edch materi\u00e1lov l\u00e1n, dr\u00f4tov, gumov\u00fdch tesnen\u00ed. V\u010faka jednostranne nabr\u00fasen\u00e9mu ostrie dok\u00e1\u017eete, aj pri jeho ve\u013ekosti, vyvin\u00fa\u0165 palcom na chrb\u00e1t \u010depele dostato\u010dn\u00fd tlak pri rezan\u00ed. \u010cepe\u013e no\u017ea je vyroben\u00e1 z japonskej ocele AUS 8A. Ide o pevn\u00fd n\u00f4\u017e a je dod\u00e1van\u00fd s puzdrom.<\/p>\n<div class=\"vc-commoditydetail_parameters\">\n<div class=\"detaillist-row\">\n<div class=\"detaillist-row-name\">Farba : \u010cierna\/Strieborn\u00e1<\/div>\n<\/div>\n<div class=\"detaillist-row\">\n<div class=\"detaillist-row-name\">Celkov\u00e1 ve\u013ekos\u0165: 109 mm<\/div>\n<\/div>\n<div class=\"detaillist-row\">\n<div class=\"detaillist-row-name\">D\u013a\u017eka \u010depele: 50 mm<\/div>\n<\/div>\n<div class=\"detaillist-row\">\n<div class=\"detaillist-row-name\">Oce\u013e : Japanese AUS 8A Stainless<\/div>\n<\/div>\n<div class=\"detaillist-row\">\n<div class=\"detaillist-row-name\">Materi\u00e1l rukov\u00e4te :Long Kray-Ex\u2122<\/div>\n<\/div>\n<div class=\"detaillist-row\">\n<div class=\"detaillist-row-name\">Hr\u00fabka \u010depele: 2 mm<\/div>\n<\/div>\n<div class=\"detaillist-row\">\n<div class=\"detaillist-row-name\">Hmotnos\u0165 : 22,67 g<\/div>\n<\/div>\n<div class=\"detaillist-row\">\n<div class=\"detaillist-row-name\">D\u013a\u017eka rukov\u00e4te: 58 mm<\/div>\n<\/div>\n<div class=\"detaillist-row\">\n<div class=\"detaillist-row-name\">Materi\u00e1l puzdra : Secure-Ex\u00ae Sheath<\/div>\n<div><\/div>\n<\/div>\n<\/div>\n","protected":false},"excerpt":{"rendered":"<p>Super Edge od firmy COLD STEEL je pevn\u00fd n\u00f4\u017e so z\u00fabkovan\u00fdm ostr\u00edm a je to mal\u00fd pracant. Vhodn\u00fd no\u017e\u00edk na EDC. Je mo\u017en\u00e9 pripn\u00fa\u0165 na k\u013e\u00fa\u010denku alebo zips bundy.<\/p>\n","protected":false},"featured_media":163063,"comment_status":"open","ping_status":"closed","template":"","meta":[],"pwb-brand":[3598],"product_brand":[],"product_cat":[3187,3186],"product_tag":[],"class_list":{"0":"post-335316","1":"product","2":"type-product","3":"status-publish","4":"has-post-thumbnail","6":"pwb-brand-cold-steel-sk","7":"product_cat-pevne-noze-sk","8":"product_cat-noze-sk","10":"first","11":"outofstock","12":"taxable","13":"shipping-taxable","14":"purchasable","15":"product-type-simple"},"brands":[{"id":3598,"name":"Cold Steel","slug":"cold-steel-sk"}],"_links":{"self":[{"href":"https:\/\/www.moskito.cz\/sk\/wp-json\/wp\/v2\/product\/335316","targetHints":{"allow":["GET"]}}],"collection":[{"href":"https:\/\/www.moskito.cz\/sk\/wp-json\/wp\/v2\/product"}],"about":[{"href":"https:\/\/www.moskito.cz\/sk\/wp-json\/wp\/v2\/types\/product"}],"replies":[{"embeddable":true,"href":"https:\/\/www.moskito.cz\/sk\/wp-json\/wp\/v2\/comments?post=335316"}],"wp:featuredmedia":[{"embeddable":true,"href":"https:\/\/www.moskito.cz\/sk\/wp-json\/wp\/v2\/media\/163063"}],"wp:attachment":[{"href":"https:\/\/www.moskito.cz\/sk\/wp-json\/wp\/v2\/media?parent=335316"}],"wp:term":[{"taxonomy":"pwb-brand","embeddable":true,"href":"https:\/\/www.moskito.cz\/sk\/wp-json\/wp\/v2\/pwb-brand?post=335316"},{"taxonomy":"product_brand","embeddable":true,"href":"https:\/\/www.moskito.cz\/sk\/wp-json\/wp\/v2\/product_brand?post=335316"},{"taxonomy":"product_cat","embeddable":true,"href":"https:\/\/www.moskito.cz\/sk\/wp-json\/wp\/v2\/product_cat?post=335316"},{"taxonomy":"product_tag","embeddable":true,"href":"https:\/\/www.moskito.cz\/sk\/wp-json\/wp\/v2\/product_tag?post=335316"}],"curies":[{"name":"wp","href":"https:\/\/api.w.org\/{rel}","templated":true}]}}