{"id":335317,"date":"2022-11-01T21:45:31","date_gmt":"2024-04-19T07:50:02","guid":{"rendered":"https:\/\/www.moskito.cz\/produkt\/pevny-noz-cold-steel-tokyo-spike\/"},"modified":"2025-05-07T11:12:19","modified_gmt":"2025-05-07T10:12:19","slug":"pevny-noz-cold-steel-tokyo-spike","status":"publish","type":"product","link":"https:\/\/www.moskito.cz\/sk\/produkt\/pevny-noz-cold-steel-tokyo-spike\/","title":{"rendered":"Pevn\u00fd N\u00f4\u017e Cold Steel TOKYO SPIKE"},"content":{"rendered":"<p>Pevn\u00fd N\u00f4\u017e <strong>Cold Steel<\/strong> TOKYO SPIKE.<\/p>\n<p>Na\u0161e kr\u010dn\u00e9 no\u017ee radu Spike s\u00fa tenk\u00e9, \u013eahk\u00e9 a super pevn\u00e9. Ich britva ostr\u00e9, nulovo br\u00fasen\u00e9 \u010depele s\u00fa doplnen\u00e9 silne vr\u00fabkovan\u00fdmi, text\u00farovan\u00fdmi stupnicami rukov\u00e4te, ktor\u00e9 pon\u00fakaj\u00fa pohodln\u00e9 a bezpe\u010dn\u00e9 uchopenie. Ergonomick\u00e9 rukov\u00e4te Spike maj\u00fa integr\u00e1lne quillons, ktor\u00e9 poskytuj\u00fa bezpe\u010dn\u00fa zar\u00e1\u017eku pre ukazov\u00e1k a palec, zatia\u013e \u010do hlboko tvarovan\u00fd a tvarovan\u00fd Griv-Ex poskytuje vynikaj\u00facu pozit\u00edvnu trakciu, aj ke\u010f s\u00fa va\u0161e ruky studen\u00e9, mokr\u00e9 a klzk\u00e9. Dostupn\u00e9 v \u0161tyroch charakteristick\u00fdch tvaroch \u010depel\u00ed (Bowie, Drop Point, Tokyo a Tanto point) pon\u00fakaj\u00fa v\u0161etku pevnos\u0165 jednodielnej pevnej oce\u013eovej kon\u0161trukcie a pritom s\u00fa dostato\u010dne \u013eahk\u00e9, aby ich bolo mo\u017en\u00e9 nosi\u0165 cel\u00fd de\u0148 bez \u00fanavy. Ka\u017ed\u00fd Spike je dod\u00e1van\u00fd s puzdrom Secure-Ex, ktor\u00e9 poskytuje vynikaj\u00facu retenciu a bezpe\u010dnos\u0165.<\/p>\n<p>PARAMETRE PRODUKTU<br \/>\nOce\u013e: German 4116 Stainless Cryo Quenched<br \/>\nHmotnos\u0165: 65,2 g<br \/>\nHr\u00fabka \u010depele: 3 mm<br \/>\nCelkov\u00e1 ve\u013ekos\u0165: 203 mm<br \/>\nMateri\u00e1l rukov\u00e4te: Long G-10Styled Griv-Ex\u2122<br \/>\nD\u013a\u017eka \u010depele: 101 mm<br \/>\nFarba: \u010cierna\/Strieborn\u00e1<br \/>\nMateri\u00e1l puzdra: Secure-Ex\u00ae Sheath<br \/>\nD\u013a\u017eka rukov\u00e4te: 101 mm<\/p>\n","protected":false},"excerpt":{"rendered":"<p>Tokyo Spike od firmy COLD STEEL je mal\u00fd pevn\u00fd n\u00f4\u017e s hladk\u00fdm ostr\u00edm.<\/p>\n","protected":false},"featured_media":229182,"comment_status":"open","ping_status":"closed","template":"","meta":[],"pwb-brand":[3598],"product_brand":[],"product_cat":[3186,3187],"product_tag":[3668],"class_list":{"0":"post-335317","1":"product","2":"type-product","3":"status-publish","4":"has-post-thumbnail","6":"pwb-brand-cold-steel-sk","7":"product_cat-noze-sk","8":"product_cat-pevne-noze-sk","9":"product_tag-b2b-sk","11":"first","12":"instock","13":"taxable","14":"shipping-taxable","15":"purchasable","16":"product-type-simple"},"brands":[{"id":3598,"name":"Cold Steel","slug":"cold-steel-sk"}],"_links":{"self":[{"href":"https:\/\/www.moskito.cz\/sk\/wp-json\/wp\/v2\/product\/335317","targetHints":{"allow":["GET"]}}],"collection":[{"href":"https:\/\/www.moskito.cz\/sk\/wp-json\/wp\/v2\/product"}],"about":[{"href":"https:\/\/www.moskito.cz\/sk\/wp-json\/wp\/v2\/types\/product"}],"replies":[{"embeddable":true,"href":"https:\/\/www.moskito.cz\/sk\/wp-json\/wp\/v2\/comments?post=335317"}],"wp:featuredmedia":[{"embeddable":true,"href":"https:\/\/www.moskito.cz\/sk\/wp-json\/wp\/v2\/media\/229182"}],"wp:attachment":[{"href":"https:\/\/www.moskito.cz\/sk\/wp-json\/wp\/v2\/media?parent=335317"}],"wp:term":[{"taxonomy":"pwb-brand","embeddable":true,"href":"https:\/\/www.moskito.cz\/sk\/wp-json\/wp\/v2\/pwb-brand?post=335317"},{"taxonomy":"product_brand","embeddable":true,"href":"https:\/\/www.moskito.cz\/sk\/wp-json\/wp\/v2\/product_brand?post=335317"},{"taxonomy":"product_cat","embeddable":true,"href":"https:\/\/www.moskito.cz\/sk\/wp-json\/wp\/v2\/product_cat?post=335317"},{"taxonomy":"product_tag","embeddable":true,"href":"https:\/\/www.moskito.cz\/sk\/wp-json\/wp\/v2\/product_tag?post=335317"}],"curies":[{"name":"wp","href":"https:\/\/api.w.org\/{rel}","templated":true}]}}