{"id":335341,"date":"2022-11-01T18:53:44","date_gmt":"2024-04-19T07:54:01","guid":{"rendered":"https:\/\/www.moskito.cz\/produkt\/zatvaraci-noz-cold-steel-ti-lite-kris-blade\/"},"modified":"2025-05-07T11:12:24","modified_gmt":"2025-05-07T10:12:24","slug":"zatvaraci-noz-cold-steel-ti-lite-kris-blade","status":"publish","type":"product","link":"https:\/\/www.moskito.cz\/sk\/produkt\/zatvaraci-noz-cold-steel-ti-lite-kris-blade\/","title":{"rendered":"Zatv\u00e1rac\u00ed N\u00f4\u017e Cold Steel TI-LITE KRIS BLADE"},"content":{"rendered":"<p>Zatv\u00e1rac\u00ed N\u00f4\u017e <strong>Cold Steel<\/strong> TI-LITE KRIS BLADE.<\/p>\n<p>\u010cepele\/zatv\u00e1racie no\u017ee Cold Steel\u00ae Ti-Lite\u00ae evokuj\u00fa uhladen\u00fa r\u00fdchlos\u0165 a rebelsk\u00e9 l\u00ednie klasickej vystre\u013eovacej \u010depele z 50. rokov. Ti-Lite\u00ae (navrhnut\u00fd zosnul\u00fdm skvel\u00fdm Philom Boguszewskim), \u010dasto napodob\u0148ovan\u00fd, ale nikdy sa nevyrovnan\u00fd, je majstrovsk\u00fdm dielom v\u00fdkonu a \u0161t\u00fdlu. Ti-Lites\u00ae s\u00fa vybaven\u00e9 na\u0161imi z\u00e1mkami s listov\u00fdmi pru\u017einami z nerezovej ocele (v na\u0161ich testoch sa uk\u00e1zalo, \u017ee udr\u017e\u00ed viac ako 145 libier). Pre \u013eahk\u00e9 pren\u00e1\u0161anie s\u00fa Ti-Lites\u00ae vybaven\u00e9 malou, ale nen\u00e1padnou oce\u013eovou vreckovou sponou a je mo\u017en\u00e9 ju r\u00fdchlo otvori\u0165 pomocou palcov\u00fdch cvo\u010dkov alebo zacvaknut\u00edm quillonu za okraj vrecka, ke\u010f vy\u0165ahujete n\u00f4\u017e. Kris Ti-Lite\u00ae. Fan\u00fa\u0161ikovia no\u017eov radu Ti-Lite bud\u00fa ur\u010dite nad\u0161en\u00ed pr\u00edchodom na\u0161ich nov\u00fdch \u010depel\u00ed v \u0161t\u00fdle Kris. K dispoz\u00edcii so \u0161tyrmi alebo \u0161es\u0165palcov\u00fdmi \u010depe\u013eami s hladk\u00fdm britom a \u0161es\u0165palcovou vr\u00fabkovanou verziou.<\/p>\n<p>PARAMETRE PRODUKTU<br \/>\nD\u013a\u017eka rukov\u00e4te: 120 mm<br \/>\nHmotnos\u0165: 105 g<br \/>\nHr\u00fabka \u010depele: 3 mm<br \/>\nMateri\u00e1l puzdra: oce\u013eov\u00fd vreckov\u00fd klip<br \/>\nD\u013a\u017eka \u010depele: 101 mm<br \/>\nDruh poistky: linerlock<br \/>\nMateri\u00e1l rukov\u00e4te: Long Zy-Ex<br \/>\nCelkov\u00e1 ve\u013ekos\u0165: 222 mm<br \/>\nOce\u013e: Japanese AUS 10A Stainless<br \/>\nFarba: Hned\u00e1<\/p>\n","protected":false},"excerpt":{"rendered":"<p>Ti-Lite Kris vych\u00e1dza z najtypickej\u0161\u00edch zbran\u00ed juhov\u00fdchodnej \u00c1zie (Malajzia, Filip\u00edny, Indon\u00e9zia).<\/p>\n","protected":false},"featured_media":229134,"comment_status":"open","ping_status":"closed","template":"","meta":[],"pwb-brand":[3598],"product_brand":[],"product_cat":[3186,3233],"product_tag":[],"class_list":{"0":"post-335341","1":"product","2":"type-product","3":"status-publish","4":"has-post-thumbnail","6":"pwb-brand-cold-steel-sk","7":"product_cat-noze-sk","8":"product_cat-zatvaracie-noze","10":"first","11":"instock","12":"taxable","13":"shipping-taxable","14":"purchasable","15":"product-type-simple"},"brands":[{"id":3598,"name":"Cold Steel","slug":"cold-steel-sk"}],"_links":{"self":[{"href":"https:\/\/www.moskito.cz\/sk\/wp-json\/wp\/v2\/product\/335341","targetHints":{"allow":["GET"]}}],"collection":[{"href":"https:\/\/www.moskito.cz\/sk\/wp-json\/wp\/v2\/product"}],"about":[{"href":"https:\/\/www.moskito.cz\/sk\/wp-json\/wp\/v2\/types\/product"}],"replies":[{"embeddable":true,"href":"https:\/\/www.moskito.cz\/sk\/wp-json\/wp\/v2\/comments?post=335341"}],"wp:featuredmedia":[{"embeddable":true,"href":"https:\/\/www.moskito.cz\/sk\/wp-json\/wp\/v2\/media\/229134"}],"wp:attachment":[{"href":"https:\/\/www.moskito.cz\/sk\/wp-json\/wp\/v2\/media?parent=335341"}],"wp:term":[{"taxonomy":"pwb-brand","embeddable":true,"href":"https:\/\/www.moskito.cz\/sk\/wp-json\/wp\/v2\/pwb-brand?post=335341"},{"taxonomy":"product_brand","embeddable":true,"href":"https:\/\/www.moskito.cz\/sk\/wp-json\/wp\/v2\/product_brand?post=335341"},{"taxonomy":"product_cat","embeddable":true,"href":"https:\/\/www.moskito.cz\/sk\/wp-json\/wp\/v2\/product_cat?post=335341"},{"taxonomy":"product_tag","embeddable":true,"href":"https:\/\/www.moskito.cz\/sk\/wp-json\/wp\/v2\/product_tag?post=335341"}],"curies":[{"name":"wp","href":"https:\/\/api.w.org\/{rel}","templated":true}]}}