{"id":335363,"date":"2022-11-02T19:42:32","date_gmt":"2024-04-19T08:03:02","guid":{"rendered":"https:\/\/www.moskito.cz\/produkt\/zatvaraci-noz-cold-steel-extra-large-drop-point-voyager\/"},"modified":"2025-05-07T11:12:25","modified_gmt":"2025-05-07T10:12:25","slug":"zatvaraci-noz-cold-steel-extra-large-drop-point-voyager","status":"publish","type":"product","link":"https:\/\/www.moskito.cz\/sk\/produkt\/zatvaraci-noz-cold-steel-extra-large-drop-point-voyager\/","title":{"rendered":"Zatv\u00e1rac\u00ed N\u00f4\u017e Cold Steel Extra Large Drop Point Voyager"},"content":{"rendered":"<p>Zatv\u00e1rac\u00ed N\u00f4\u017e <strong>Cold Steel<\/strong> Extra Large Drop Point Voyager.<\/p>\n<p>V\u00e4\u010d\u0161ina vyzn\u00e1va\u010dov outdooru a pobytu v pr\u00edrode chce od svojho no\u017ea dve veci. Jednoducho ho pripevni\u0165 na oble\u010denie alebo v\u00fdstroj a aby bol schopn\u00fd dobre vykon\u00e1va\u0165 pr\u00e1ce pri t\u00e1boren\u00ed. Preto novo prin\u00e1\u0161ame do rady Voyager \u010depe\u013e Drop Point, ktor\u00e1 sa uk\u00e1zala ako ve\u013emi univerz\u00e1lna a je ide\u00e1lna predov\u0161etk\u00fdm pre loveck\u00e9 a outdoorov\u00e9 no\u017ee. Tento tvar \u010depele, ktor\u00fd m\u00e1 v\u00fdraznej\u0161ie zakrivenie ostria bl\u00edzko \u0161pi\u010dky sa uk\u00e1zal ako lep\u0161\u00ed pre v\u0161etky kr\u00e1jacie a rezn\u00e9 \u010dinnosti a u\u013eah\u010duje aj pr\u00e1cu pri s\u0165ahovan\u00ed zveriny. 4 mm hrub\u00e1 \u010depe\u013e je vyroben\u00e1 z ocele AUS 10A. T\u00e1to martenzitick\u00e1, nerezov\u00e1 oce\u013e m\u00e1 ve\u013emi dobr\u00e9 pevnostn\u00e9 vlastnosti a je veden\u00e1 predov\u0161etk\u00fdm ako materi\u00e1l na rezn\u00e9 n\u00e1stroje. Oproti AUS 8A lep\u0161ie dr\u017e\u00ed ostrie a je odolnej\u0161ia proti oteru. Oce\u013e bola n\u00e1sledne tepelne spracovan\u00e1 pre dokonal\u00fa rovnov\u00e1hu medzi dr\u017ean\u00edm ostrie a jednoduch\u00fdm op\u00e4tovn\u00fdm br\u00fasen\u00edm. Povrchov\u00e1 \u00faprava Stonewashing zabra\u0148uje \u013eahk\u00e9mu po\u0161kriabaniu a rob\u00ed n\u00f4\u017e odolnej\u0161\u00edm proti kor\u00f3zii. Rukov\u00e4\u0165 s v\u00fdrazn\u00fdm rastrovan\u00edm je vyroben\u00e1 vysokotlakov\u00fdm vstrekovan\u00edm z materi\u00e1lu Griv-Ex\u2122, ktor\u00fd je s\u00e1m o sebe dostato\u010dne pevn\u00fd. \u0160trukt\u00fara povrchu rukov\u00e4te br\u00e1ni nechcen\u00e9mu vyk\u013aznutiu no\u017ea pri pr\u00e1ci vo vlhkom prostred\u00ed. N\u00f4\u017e je osaden\u00fd obojstrann\u00fdm \u0161tipcom na otv\u00e1ranie a aj tento rad no\u017eov je vybaven\u00fd unik\u00e1tnym patentom Cold Steel Tri-Ad Lock. Poistka zabra\u0148uje samo\u010dinn\u00e9mu alebo nechcen\u00e9mu zatvoreniu no\u017ea aj po prirodzenom opotrebovan\u00ed v priebehu \u010dasu. V balen\u00ed dostanete aj klips na nosenie na \u013eavej strane.<\/p>\n<p>PARAMETRE PRODUKTU<br \/>\nHmotnos\u0165: 227 g<br \/>\nFarba: \u010cierna<br \/>\nMateri\u00e1l puzdra: oce\u013eov\u00fd vreckov\u00fd klip<br \/>\nD\u013a\u017eka \u010depele: 140 mm<br \/>\nDruh poistky: Tri-Ad Lock<br \/>\nCelkov\u00e1 ve\u013ekos\u0165: 311 mm<br \/>\nHr\u00fabka \u010depele: 4 mm<br \/>\nD\u013a\u017eka rukov\u00e4te: 171 mm<br \/>\nOce\u013e: AUS 10A so Stone Washed Finish<br \/>\nMateri\u00e1l rukov\u00e4te: Long Griv-Ex<\/p>\n","protected":false},"excerpt":{"rendered":"<p>Zatv\u00e1rac\u00ed n\u00f4\u017e s hladk\u00fdm ostr\u00edm. Tvar \u010depele Drop Point sa uk\u00e1zala ako ve\u013emi univerz\u00e1lna a je ide\u00e1lna predov\u0161etk\u00fdm pre loveck\u00e9 a outdoorov\u00e9 no\u017ee.<\/p>\n","protected":false},"featured_media":229242,"comment_status":"open","ping_status":"closed","template":"","meta":[],"pwb-brand":[3598],"product_brand":[],"product_cat":[3186,3233],"product_tag":[],"class_list":{"0":"post-335363","1":"product","2":"type-product","3":"status-publish","4":"has-post-thumbnail","6":"pwb-brand-cold-steel-sk","7":"product_cat-noze-sk","8":"product_cat-zatvaracie-noze","10":"first","11":"outofstock","12":"taxable","13":"shipping-taxable","14":"purchasable","15":"product-type-simple"},"brands":[{"id":3598,"name":"Cold Steel","slug":"cold-steel-sk"}],"_links":{"self":[{"href":"https:\/\/www.moskito.cz\/sk\/wp-json\/wp\/v2\/product\/335363","targetHints":{"allow":["GET"]}}],"collection":[{"href":"https:\/\/www.moskito.cz\/sk\/wp-json\/wp\/v2\/product"}],"about":[{"href":"https:\/\/www.moskito.cz\/sk\/wp-json\/wp\/v2\/types\/product"}],"replies":[{"embeddable":true,"href":"https:\/\/www.moskito.cz\/sk\/wp-json\/wp\/v2\/comments?post=335363"}],"wp:featuredmedia":[{"embeddable":true,"href":"https:\/\/www.moskito.cz\/sk\/wp-json\/wp\/v2\/media\/229242"}],"wp:attachment":[{"href":"https:\/\/www.moskito.cz\/sk\/wp-json\/wp\/v2\/media?parent=335363"}],"wp:term":[{"taxonomy":"pwb-brand","embeddable":true,"href":"https:\/\/www.moskito.cz\/sk\/wp-json\/wp\/v2\/pwb-brand?post=335363"},{"taxonomy":"product_brand","embeddable":true,"href":"https:\/\/www.moskito.cz\/sk\/wp-json\/wp\/v2\/product_brand?post=335363"},{"taxonomy":"product_cat","embeddable":true,"href":"https:\/\/www.moskito.cz\/sk\/wp-json\/wp\/v2\/product_cat?post=335363"},{"taxonomy":"product_tag","embeddable":true,"href":"https:\/\/www.moskito.cz\/sk\/wp-json\/wp\/v2\/product_tag?post=335363"}],"curies":[{"name":"wp","href":"https:\/\/api.w.org\/{rel}","templated":true}]}}