{"id":335371,"date":"2022-11-05T21:48:58","date_gmt":"2022-11-05T20:48:58","guid":{"rendered":"https:\/\/www.moskito.cz\/produkt\/pevny-noz-cold-steel-pendleton-lite-hunter\/"},"modified":"2025-05-07T11:12:26","modified_gmt":"2025-05-07T10:12:26","slug":"pevny-noz-cold-steel-pendleton-lite-hunter","status":"publish","type":"product","link":"https:\/\/www.moskito.cz\/sk\/produkt\/pevny-noz-cold-steel-pendleton-lite-hunter\/","title":{"rendered":"Pevn\u00fd N\u00f4\u017e Cold Steel PENDLETON LITE HUNTER"},"content":{"rendered":"<p>Pevn\u00fd N\u00f4\u017e <strong>Cold Steel<\/strong> PENDLETON LITE HUNTER.<\/p>\n<p>V priebehu rokov sa na\u0161e Pendleton Hunters stali nesmierne popul\u00e1rnymi a mnoho \u013eud\u00ed n\u00e1s po\u017eiadalo o cenovo dostupnej\u0161ie Pendleton, ktor\u00fd pojme rozpo\u010det takmer ka\u017ed\u00e9ho. Vzh\u013eadovo sa Pendleton Lite Hunter silne podob\u00e1 klasick\u00e9mu funk\u010dn\u00e9mu dizajnu Lloyds, s praktickou \u010depe\u013eou s padac\u00edm hrotom, skromn\u00fdm ochrann\u00fdm krytom, vyh\u013abenou oblas\u0165ou podhlavn\u00edka a roz\u0161\u00edren\u00fdm zado\u010dkom, ktor\u00fd napom\u00e1ha udr\u017eaniu v klzk\u00fdch a nepriazniv\u00fdch podmienkach. Jedin\u00fdmi z\u00e1sadn\u00fdmi zmenami bolo prijatie nemeckej nerezovej ocele 4116 chladenej mrazom a pou\u017eitie vysoko odoln\u00e9ho polypropyl\u00e9nu pre rukov\u00e4\u0165. Ak h\u013ead\u00e1te spo\u013eahliv\u00fd a oce\u0148ovan\u00fd po\u013eovn\u00fd\/\u00fa\u017eitkov\u00fd n\u00f4\u017e, ktor\u00fd v\u00e1m bude dobre sl\u00fa\u017ei\u0165 po mnoho rokov \u2013 potom by ste len \u0165a\u017eko porazili Pendleton Lite Hunter.<br \/>\nPARAMETRE PRODUKTU<br \/>\nD\u013a\u017eka rukov\u00e4te: 123 mm<br \/>\nMateri\u00e1l puzdra: Secure-Ex\u00ae Sheath<br \/>\nFarba: \u010cierna\/Strieborn\u00e1<br \/>\nMateri\u00e1l rukov\u00e4te: Long High Impact Polypropylene<br \/>\nD\u013a\u017eka \u010depele: 92 mm<br \/>\nOce\u013e: German 4116 Stainless Cryo Quenched<br \/>\nHr\u00fabka \u010depele: 3 mm<br \/>\nHmotnos\u0165: 76,54 g<br \/>\nCelkov\u00e1 ve\u013ekos\u0165: 215 mm<\/p>\n","protected":false},"excerpt":{"rendered":"<p>Pendleton Lite Hunter zna\u010dky Cold Steel je pevn\u00fd n\u00f4\u017e s hladkou \u010depe\u013eou.<\/p>\n","protected":false},"featured_media":229538,"comment_status":"open","ping_status":"closed","template":"","meta":[],"pwb-brand":[3598],"product_brand":[],"product_cat":[3187,3186],"product_tag":[],"class_list":{"0":"post-335371","1":"product","2":"type-product","3":"status-publish","4":"has-post-thumbnail","6":"pwb-brand-cold-steel-sk","7":"product_cat-pevne-noze-sk","8":"product_cat-noze-sk","10":"first","11":"instock","12":"taxable","13":"shipping-taxable","14":"purchasable","15":"product-type-simple"},"brands":[{"id":3598,"name":"Cold Steel","slug":"cold-steel-sk"}],"_links":{"self":[{"href":"https:\/\/www.moskito.cz\/sk\/wp-json\/wp\/v2\/product\/335371","targetHints":{"allow":["GET"]}}],"collection":[{"href":"https:\/\/www.moskito.cz\/sk\/wp-json\/wp\/v2\/product"}],"about":[{"href":"https:\/\/www.moskito.cz\/sk\/wp-json\/wp\/v2\/types\/product"}],"replies":[{"embeddable":true,"href":"https:\/\/www.moskito.cz\/sk\/wp-json\/wp\/v2\/comments?post=335371"}],"wp:featuredmedia":[{"embeddable":true,"href":"https:\/\/www.moskito.cz\/sk\/wp-json\/wp\/v2\/media\/229538"}],"wp:attachment":[{"href":"https:\/\/www.moskito.cz\/sk\/wp-json\/wp\/v2\/media?parent=335371"}],"wp:term":[{"taxonomy":"pwb-brand","embeddable":true,"href":"https:\/\/www.moskito.cz\/sk\/wp-json\/wp\/v2\/pwb-brand?post=335371"},{"taxonomy":"product_brand","embeddable":true,"href":"https:\/\/www.moskito.cz\/sk\/wp-json\/wp\/v2\/product_brand?post=335371"},{"taxonomy":"product_cat","embeddable":true,"href":"https:\/\/www.moskito.cz\/sk\/wp-json\/wp\/v2\/product_cat?post=335371"},{"taxonomy":"product_tag","embeddable":true,"href":"https:\/\/www.moskito.cz\/sk\/wp-json\/wp\/v2\/product_tag?post=335371"}],"curies":[{"name":"wp","href":"https:\/\/api.w.org\/{rel}","templated":true}]}}